{"id":1570,"date":"2024-03-14T13:59:10","date_gmt":"2024-03-14T13:59:10","guid":{"rendered":"https:\/\/abero.fi\/it-palvelut\/"},"modified":"2025-03-20T06:53:29","modified_gmt":"2025-03-20T06:53:29","slug":"it-palvelut","status":"publish","type":"page","link":"https:\/\/abero.fi\/fi\/it-palvelut\/","title":{"rendered":"IT-palvelut"},"content":{"rendered":"\t\t<div data-elementor-type=\"wp-page\" data-elementor-id=\"1570\" class=\"elementor elementor-1570 elementor-345\" data-elementor-post-type=\"page\">\n\t\t\t\t<main class=\"elementor-element elementor-element-fc0e7fc e-flex e-con-boxed e-con e-parent\" data-id=\"fc0e7fc\" data-element_type=\"container\" data-e-type=\"container\">\n\t\t\t\t\t<div class=\"e-con-inner\">\n\t\t<div class=\"elementor-element elementor-element-fe9eaac e-con-full e-flex e-con e-child\" data-id=\"fe9eaac\" data-element_type=\"container\" data-e-type=\"container\">\n\t\t\t\t<div class=\"elementor-element elementor-element-6797c4c elementor-widget elementor-widget-heading\" data-id=\"6797c4c\" data-element_type=\"widget\" data-e-type=\"widget\" data-widget_type=\"heading.default\">\n\t\t\t\t\t<h1 class=\"elementor-heading-title elementor-size-default\">IT-palvelut<\/h1>\t\t\t\t<\/div>\n\t\t\t\t<\/div>\n\t\t<div class=\"elementor-element elementor-element-2e2fa76 e-con-full e-flex e-con e-child\" data-id=\"2e2fa76\" data-element_type=\"container\" data-e-type=\"container\">\n\t\t\t\t<div class=\"elementor-element elementor-element-5a0dfa2 elementor-widget elementor-widget-heading\" data-id=\"5a0dfa2\" data-element_type=\"widget\" data-e-type=\"widget\" data-widget_type=\"heading.default\">\n\t\t\t\t\t<h3 class=\"elementor-heading-title elementor-size-default\">Paranna liiketoiminnan tehokkuutta Aberon skaalautuvilla IT-palveluilla<\/h3>\t\t\t\t<\/div>\n\t\t\t\t<\/div>\n\t\t\t\t\t<\/div>\n\t\t\t\t<\/main>\n\t\t<div class=\"elementor-element elementor-element-447801d e-flex e-con-boxed e-con e-parent\" data-id=\"447801d\" data-element_type=\"container\" data-e-type=\"container\">\n\t\t\t\t\t<div class=\"e-con-inner\">\n\t\t<div class=\"elementor-element elementor-element-d63200c e-con-full e-flex e-con e-child\" data-id=\"d63200c\" data-element_type=\"container\" data-e-type=\"container\">\n\t\t\t\t<div class=\"elementor-element elementor-element-7877ffd elementor-widget elementor-widget-image\" data-id=\"7877ffd\" data-element_type=\"widget\" data-e-type=\"widget\" data-widget_type=\"image.default\">\n\t\t\t\t\t\t\t\t\t\t\t\t\t\t\t<img fetchpriority=\"high\" decoding=\"async\" width=\"800\" height=\"332\" src=\"https:\/\/abero.fi\/wp-content\/uploads\/2024\/03\/Abero_AboutUs-Harri.webp\" class=\"attachment-large size-large wp-image-1471\" alt=\"\" srcset=\"https:\/\/abero.fi\/wp-content\/uploads\/2024\/03\/Abero_AboutUs-Harri.webp 913w, https:\/\/abero.fi\/wp-content\/uploads\/2024\/03\/Abero_AboutUs-Harri-300x125.webp 300w, https:\/\/abero.fi\/wp-content\/uploads\/2024\/03\/Abero_AboutUs-Harri-768x319.webp 768w\" sizes=\"(max-width: 800px) 100vw, 800px\">\t\t\t\t\t\t\t\t\t\t\t\t\t\t\t<\/div>\n\t\t\t\t<\/div>\n\t\t<div class=\"elementor-element elementor-element-3105033 e-con-full e-flex e-con e-child\" data-id=\"3105033\" data-element_type=\"container\" data-e-type=\"container\">\n\t\t\t\t<div class=\"elementor-element elementor-element-ca61730 elementor-widget elementor-widget-text-editor\" data-id=\"ca61730\" data-element_type=\"widget\" data-e-type=\"widget\" data-widget_type=\"text-editor.default\">\n\t\t\t\t\t\t\t\t\t<p>Aberon tavoitteena on tukea liiketoimintaasi tarjoamalla monipuolisia IT-palveluita, jotka sujuvoittavat teknologian k\u00e4ytt\u00f6\u00e4 yrityksess\u00e4si. Pyrimme tehokkuuteen, luotettavuuteen ja joustavuuteen, varmistaen, ett\u00e4 teknologia-alustasi tukee liiketoimintasi p\u00e4\u00e4m\u00e4\u00e4ri\u00e4. <\/p>\n\t\t\t\t\t\t\t\t<\/div>\n\t\t\t\t<div class=\"elementor-element elementor-element-375ecd9 elementor-widget elementor-widget-button\" data-id=\"375ecd9\" data-element_type=\"widget\" data-e-type=\"widget\" data-widget_type=\"button.default\">\n\t\t\t\t\t\t\t\t\t\t<a class=\"elementor-button elementor-button-link elementor-size-sm\" href=\"#services\">\n\t\t\t\t\t\t<span class=\"elementor-button-content-wrapper\">\n\t\t\t\t\t\t<span class=\"elementor-button-icon\">\n\t\t\t\t<svg aria-hidden=\"true\" class=\"e-font-icon-svg e-fas-angle-right\" viewBox=\"0 0 256 512\" xmlns=\"http:\/\/www.w3.org\/2000\/svg\"><path d=\"M224.3 273l-136 136c-9.4 9.4-24.6 9.4-33.9 0l-22.6-22.6c-9.4-9.4-9.4-24.6 0-33.9l96.4-96.4-96.4-96.4c-9.4-9.4-9.4-24.6 0-33.9L54.3 103c9.4-9.4 24.6-9.4 33.9 0l136 136c9.5 9.4 9.5 24.6.1 34z\"><\/path><\/svg>\t\t\t<\/span>\n\t\t\t\t\t\t\t\t\t<span class=\"elementor-button-text\">Tutustu palveluihimme<\/span>\n\t\t\t\t\t<\/span>\n\t\t\t\t\t<\/a>\n\t\t\t\t\t\t\t\t<\/div>\n\t\t\t\t<\/div>\n\t\t\t\t\t<\/div>\n\t\t\t\t<\/div>\n\t\t<div class=\"elementor-element elementor-element-a46f4b4 e-flex e-con-boxed e-con e-parent\" data-id=\"a46f4b4\" data-element_type=\"container\" data-e-type=\"container\">\n\t\t\t\t\t<div class=\"e-con-inner\">\n\t\t\t\t<div class=\"elementor-element elementor-element-5c046d9 elementor-widget elementor-widget-menu-anchor\" data-id=\"5c046d9\" data-element_type=\"widget\" data-e-type=\"widget\" data-widget_type=\"menu-anchor.default\">\n\t\t\t\t\t\t\t<div class=\"elementor-menu-anchor\" id=\"services\"><\/div>\n\t\t\t\t\t\t<\/div>\n\t\t\t\t\t<\/div>\n\t\t\t\t<\/div>\n\t\t<div class=\"elementor-element elementor-element-6cfbe7e e-flex e-con-boxed e-con e-parent\" data-id=\"6cfbe7e\" data-element_type=\"container\" data-e-type=\"container\" data-settings=\"{&quot;background_background&quot;:&quot;classic&quot;}\">\n\t\t\t\t\t<div class=\"e-con-inner\">\n\t\t<div class=\"elementor-element elementor-element-d0fec11 e-con-full e-flex e-con e-child\" data-id=\"d0fec11\" data-element_type=\"container\" data-e-type=\"container\">\n\t\t\t\t<div class=\"elementor-element elementor-element-55c59bd elementor-position-top elementor-widget elementor-widget-image-box\" data-id=\"55c59bd\" data-element_type=\"widget\" data-e-type=\"widget\" data-widget_type=\"image-box.default\">\n\t\t\t\t\t<div class=\"elementor-image-box-wrapper\"><figure class=\"elementor-image-box-img\"><img decoding=\"async\" width=\"24\" height=\"24\" src=\"https:\/\/abero.fi\/wp-content\/uploads\/2024\/03\/Abero_Lifecycle-Services.svg\" class=\"attachment-large size-large wp-image-1473\" alt=\"\"><\/figure><div class=\"elementor-image-box-content\"><h2 class=\"elementor-image-box-title\">Elinkaaripalvelut<\/h2><p class=\"elementor-image-box-description\">Huolehdimme IT-varojesi hallinnasta niiden hankinnasta k\u00e4yt\u00f6st\u00e4poistoon saakka. Tavoitteenamme on pit\u00e4\u00e4 j\u00e4rjestelm\u00e4si ajantasaisina ja toimivina, mik\u00e4 helpottaa tiimisi ty\u00f6skentely\u00e4.<\/p><\/div><\/div>\t\t\t\t<\/div>\n\t\t\t\t<\/div>\n\t\t<div class=\"elementor-element elementor-element-820a466 e-con-full e-flex e-con e-child\" data-id=\"820a466\" data-element_type=\"container\" data-e-type=\"container\">\n\t\t\t\t<div class=\"elementor-element elementor-element-193d801 elementor-position-top elementor-widget elementor-widget-image-box\" data-id=\"193d801\" data-element_type=\"widget\" data-e-type=\"widget\" data-widget_type=\"image-box.default\">\n\t\t\t\t\t<div class=\"elementor-image-box-wrapper\"><figure class=\"elementor-image-box-img\"><img decoding=\"async\" width=\"24\" height=\"24\" src=\"https:\/\/abero.fi\/wp-content\/uploads\/2024\/03\/Abero_Support.svg\" class=\"attachment-large size-large wp-image-1475\" alt=\"\"><\/figure><div class=\"elementor-image-box-content\"><h2 class=\"elementor-image-box-title\">Tukipalvelut<\/h2><p class=\"elementor-image-box-description\">Olemme t\u00e4\u00e4ll\u00e4 auttamassa, kun kohtaat IT-haasteita. Pyrimme v\u00e4hent\u00e4m\u00e4\u00e4n k\u00e4ytt\u00f6katkoksia ja varmistamaan, ett\u00e4 toimintasi jatkuu h\u00e4iri\u00f6tt\u00e4.<\/p><\/div><\/div>\t\t\t\t<\/div>\n\t\t\t\t<\/div>\n\t\t\t\t\t<\/div>\n\t\t\t\t<\/div>\n\t\t<div class=\"elementor-element elementor-element-26cd089 e-flex e-con-boxed e-con e-parent\" data-id=\"26cd089\" data-element_type=\"container\" data-e-type=\"container\" data-settings=\"{&quot;background_background&quot;:&quot;classic&quot;}\">\n\t\t\t\t\t<div class=\"e-con-inner\">\n\t\t<div class=\"elementor-element elementor-element-d4cbe4c e-con-full e-flex e-con e-child\" data-id=\"d4cbe4c\" data-element_type=\"container\" data-e-type=\"container\">\n\t\t\t\t<div class=\"elementor-element elementor-element-46319d6 elementor-position-top elementor-widget elementor-widget-image-box\" data-id=\"46319d6\" data-element_type=\"widget\" data-e-type=\"widget\" data-widget_type=\"image-box.default\">\n\t\t\t\t\t<div class=\"elementor-image-box-wrapper\"><figure class=\"elementor-image-box-img\"><img loading=\"lazy\" decoding=\"async\" width=\"24\" height=\"24\" src=\"https:\/\/abero.fi\/wp-content\/uploads\/2024\/03\/Abero_Licenses.svg\" class=\"attachment-large size-large wp-image-1477\" alt=\"\"><\/figure><div class=\"elementor-image-box-content\"><h2 class=\"elementor-image-box-title\">Lisenssien hallinta<\/h2><p class=\"elementor-image-box-description\">Hallitsemme ohjelmistolisenssej\u00e4si tarkoituksena varmistaa niiden lainmukaisuus ja tehostaa investointiesi arvoa. Tarjoamme tarpeelliset lisenssit ilman turhia mutkia.<\/p><\/div><\/div>\t\t\t\t<\/div>\n\t\t\t\t<\/div>\n\t\t<div class=\"elementor-element elementor-element-044f492 e-con-full e-flex e-con e-child\" data-id=\"044f492\" data-element_type=\"container\" data-e-type=\"container\">\n\t\t\t\t<div class=\"elementor-element elementor-element-f314736 elementor-position-top elementor-widget elementor-widget-image-box\" data-id=\"f314736\" data-element_type=\"widget\" data-e-type=\"widget\" data-widget_type=\"image-box.default\">\n\t\t\t\t\t<div class=\"elementor-image-box-wrapper\"><figure class=\"elementor-image-box-img\"><img loading=\"lazy\" decoding=\"async\" width=\"24\" height=\"24\" src=\"https:\/\/abero.fi\/wp-content\/uploads\/2024\/03\/Abero_Hardware.svg\" class=\"attachment-large size-large wp-image-1479\" alt=\"\"><\/figure><div class=\"elementor-image-box-content\"><h2 class=\"elementor-image-box-title\">Laitteistot<\/h2><p class=\"elementor-image-box-description\">R\u00e4\u00e4t\u00e4l\u00f6imme laitteistoratkaisut vastaamaan liiketoimintasi vaatimuksia alkaen valinnasta aina asennukseen ja yll\u00e4pitoon.<\/p><\/div><\/div>\t\t\t\t<\/div>\n\t\t\t\t<\/div>\n\t\t\t\t\t<\/div>\n\t\t\t\t<\/div>\n\t\t<div class=\"elementor-element elementor-element-f5e2ef1 e-flex e-con-boxed e-con e-parent\" data-id=\"f5e2ef1\" data-element_type=\"container\" data-e-type=\"container\" data-settings=\"{&quot;background_background&quot;:&quot;classic&quot;}\">\n\t\t\t\t\t<div class=\"e-con-inner\">\n\t\t<div class=\"elementor-element elementor-element-d04d629 e-con-full e-flex e-con e-child\" data-id=\"d04d629\" data-element_type=\"container\" data-e-type=\"container\">\n\t\t\t\t<div class=\"elementor-element elementor-element-30795e2 elementor-position-top elementor-widget elementor-widget-image-box\" data-id=\"30795e2\" data-element_type=\"widget\" data-e-type=\"widget\" data-widget_type=\"image-box.default\">\n\t\t\t\t\t<div class=\"elementor-image-box-wrapper\"><figure class=\"elementor-image-box-img\"><img loading=\"lazy\" decoding=\"async\" width=\"24\" height=\"24\" src=\"https:\/\/abero.fi\/wp-content\/uploads\/2024\/03\/Abero_Cloud-Computing.svg\" class=\"attachment-large size-large wp-image-1481\" alt=\"\"><\/figure><div class=\"elementor-image-box-content\"><h2 class=\"elementor-image-box-title\">Pilvipalvelut<\/h2><p class=\"elementor-image-box-description\">Pilviratkaisumme tarjoavat joustoa ja turvaa, ja ne on kehitetty tehostamaan yrityksesi toimintaa sek\u00e4 s\u00e4\u00e4st\u00e4m\u00e4\u00e4n kustannuksissa.<\/p><\/div><\/div>\t\t\t\t<\/div>\n\t\t\t\t<\/div>\n\t\t<div class=\"elementor-element elementor-element-148e2fe e-con-full e-flex e-con e-child\" data-id=\"148e2fe\" data-element_type=\"container\" data-e-type=\"container\">\n\t\t\t\t<div class=\"elementor-element elementor-element-8cbc2b5 elementor-position-top elementor-widget elementor-widget-image-box\" data-id=\"8cbc2b5\" data-element_type=\"widget\" data-e-type=\"widget\" data-widget_type=\"image-box.default\">\n\t\t\t\t\t<div class=\"elementor-image-box-wrapper\"><figure class=\"elementor-image-box-img\"><img decoding=\"async\" src=\"https:\/\/abero.fi\/wp-content\/uploads\/2024\/03\/Abero_Microsoft-1.svg\" title=\"Abero_Microsoft\" alt=\"Abero_Microsoft\" loading=\"lazy\" \/><\/figure><div class=\"elementor-image-box-content\"><h2 class=\"elementor-image-box-title\">Microsoft Modern Workplace<\/h2><p class=\"elementor-image-box-description\">K\u00e4ytt\u00f6\u00f6nottamalla uusimmat Microsoft-teknologiat voit parantaa tiimisi yhteisty\u00f6t\u00e4, tuottavuutta ja turvallisuutta.<\/p><\/div><\/div>\t\t\t\t<\/div>\n\t\t\t\t<\/div>\n\t\t\t\t\t<\/div>\n\t\t\t\t<\/div>\n\t\t<div class=\"elementor-element elementor-element-9de1e2f e-flex e-con-boxed e-con e-parent\" data-id=\"9de1e2f\" data-element_type=\"container\" data-e-type=\"container\" data-settings=\"{&quot;background_background&quot;:&quot;classic&quot;}\">\n\t\t\t\t\t<div class=\"e-con-inner\">\n\t\t\t\t<div class=\"elementor-element elementor-element-67b00fa elementor-widget elementor-widget-image\" data-id=\"67b00fa\" data-element_type=\"widget\" data-e-type=\"widget\" data-widget_type=\"image.default\">\n\t\t\t\t\t\t\t\t\t\t\t\t\t\t\t<img loading=\"lazy\" decoding=\"async\" width=\"185\" height=\"3\" src=\"https:\/\/abero.fi\/wp-content\/uploads\/2024\/03\/Abero_Line.svg\" class=\"attachment-large size-large wp-image-1443\" alt=\"\">\t\t\t\t\t\t\t\t\t\t\t\t\t\t\t<\/div>\n\t\t\t\t<div class=\"elementor-element elementor-element-78504cc elementor-widget elementor-widget-heading\" data-id=\"78504cc\" data-element_type=\"widget\" data-e-type=\"widget\" data-widget_type=\"heading.default\">\n\t\t\t\t\t<h2 class=\"elementor-heading-title elementor-size-default\">Infrastruktuuri<\/h2>\t\t\t\t<\/div>\n\t\t\t\t<div class=\"elementor-element elementor-element-bffb4ea elementor-widget elementor-widget-text-editor\" data-id=\"bffb4ea\" data-element_type=\"widget\" data-e-type=\"widget\" data-widget_type=\"text-editor.default\">\n\t\t\t\t\t\t\t\t\t<p>Rakennamme lujaan infrastruktuuriin perustuvia IT-palveluita, jotka tukevat yrityksesi kasvua ja kehityst\u00e4.<\/p>\n\t\t\t\t\t\t\t\t<\/div>\n\t\t\t\t\t<\/div>\n\t\t\t\t<\/div>\n\t\t<div class=\"elementor-element elementor-element-65546b8 e-flex e-con-boxed e-con e-parent\" data-id=\"65546b8\" data-element_type=\"container\" data-e-type=\"container\">\n\t\t\t\t\t<div class=\"e-con-inner\">\n\t\t<div class=\"elementor-element elementor-element-6a35326 e-con-full e-flex e-con e-child\" data-id=\"6a35326\" data-element_type=\"container\" data-e-type=\"container\">\n\t\t\t\t<div class=\"elementor-element elementor-element-a4f5ef5 elementor-position-top elementor-widget elementor-widget-image-box\" data-id=\"a4f5ef5\" data-element_type=\"widget\" data-e-type=\"widget\" data-widget_type=\"image-box.default\">\n\t\t\t\t\t<div class=\"elementor-image-box-wrapper\"><figure class=\"elementor-image-box-img\"><img loading=\"lazy\" decoding=\"async\" width=\"24\" height=\"24\" src=\"https:\/\/abero.fi\/wp-content\/uploads\/2024\/03\/Abero_routers-Switching-Wifi.svg\" class=\"attachment-large size-large wp-image-1487\" alt=\"\"><\/figure><div class=\"elementor-image-box-content\"><h3 class=\"elementor-image-box-title\">Verkkoratkaisut<\/h3><p class=\"elementor-image-box-description\">Takaamme yhteyksiesi luotettavuuden ja turvallisuuden optimoimalla verkkosi toimintaa.<\/p><\/div><\/div>\t\t\t\t<\/div>\n\t\t\t\t<\/div>\n\t\t<div class=\"elementor-element elementor-element-7e57816 e-con-full e-flex e-con e-child\" data-id=\"7e57816\" data-element_type=\"container\" data-e-type=\"container\">\n\t\t\t\t<div class=\"elementor-element elementor-element-67c9a77 elementor-position-top elementor-widget elementor-widget-image-box\" data-id=\"67c9a77\" data-element_type=\"widget\" data-e-type=\"widget\" data-widget_type=\"image-box.default\">\n\t\t\t\t\t<div class=\"elementor-image-box-wrapper\"><figure class=\"elementor-image-box-img\"><img decoding=\"async\" src=\"https:\/\/abero.fi\/wp-content\/uploads\/2024\/03\/Abero_Servers-StorageDevices.svg\" title=\"Abero_Servers-StorageDevices\" alt=\"Abero_Servers-StorageDevices\" loading=\"lazy\" \/><\/figure><div class=\"elementor-image-box-content\"><h3 class=\"elementor-image-box-title\">Palvelimet ja tallennus<\/h3><p class=\"elementor-image-box-description\">Tarjoamme skaalautuvia ja turvallisia ratkaisuja yrityksesi tiedonhallintaan.<\/p><\/div><\/div>\t\t\t\t<\/div>\n\t\t\t\t<\/div>\n\t\t\t\t\t<\/div>\n\t\t\t\t<\/div>\n\t\t<div class=\"elementor-element elementor-element-b6f80cd e-flex e-con-boxed e-con e-parent\" data-id=\"b6f80cd\" data-element_type=\"container\" data-e-type=\"container\">\n\t\t\t\t\t<div class=\"e-con-inner\">\n\t\t<div class=\"elementor-element elementor-element-9882038 e-con-full e-flex e-con e-child\" data-id=\"9882038\" data-element_type=\"container\" data-e-type=\"container\">\n\t\t\t\t<div class=\"elementor-element elementor-element-fd3deda elementor-position-top elementor-widget elementor-widget-image-box\" data-id=\"fd3deda\" data-element_type=\"widget\" data-e-type=\"widget\" data-widget_type=\"image-box.default\">\n\t\t\t\t\t<div class=\"elementor-image-box-wrapper\"><figure class=\"elementor-image-box-img\"><img loading=\"lazy\" decoding=\"async\" width=\"24\" height=\"24\" src=\"https:\/\/abero.fi\/wp-content\/uploads\/2024\/03\/Abero_Cabling-Connectivity.svg\" class=\"attachment-large size-large wp-image-1491\" alt=\"\"><\/figure><div class=\"elementor-image-box-content\"><h3 class=\"elementor-image-box-title\">Kaapelointi ja yhteydet<\/h3><p class=\"elementor-image-box-description\">Huolehdimme, ett\u00e4 IT-infrastruktuurisi on saumattomasti integroitu ja suorituskykyinen.<\/p><\/div><\/div>\t\t\t\t<\/div>\n\t\t\t\t<\/div>\n\t\t<div class=\"elementor-element elementor-element-f1fad72 e-con-full e-flex e-con e-child\" data-id=\"f1fad72\" data-element_type=\"container\" data-e-type=\"container\">\n\t\t\t\t<div class=\"elementor-element elementor-element-28026c4 elementor-position-top elementor-widget elementor-widget-image-box\" data-id=\"28026c4\" data-element_type=\"widget\" data-e-type=\"widget\" data-widget_type=\"image-box.default\">\n\t\t\t\t\t<div class=\"elementor-image-box-wrapper\"><figure class=\"elementor-image-box-img\"><img decoding=\"async\" src=\"https:\/\/abero.fi\/wp-content\/uploads\/2024\/03\/Abero_Backup-DisasterRecovery.svg\" title=\"Abero_Backup-DisasterRecovery\" alt=\"Abero_Backup-DisasterRecovery\" loading=\"lazy\" \/><\/figure><div class=\"elementor-image-box-content\"><h3 class=\"elementor-image-box-title\">Varmuuskopiointi ja tietojen palautus<\/h3><p class=\"elementor-image-box-description\">Turvaamme kriittiset tietosi ja varmistamme liiketoimintasi jatkuvuuden mahdollisissa h\u00e4iri\u00f6tilanteissa.<\/p><\/div><\/div>\t\t\t\t<\/div>\n\t\t\t\t<\/div>\n\t\t\t\t\t<\/div>\n\t\t\t\t<\/div>\n\t\t<main class=\"elementor-element elementor-element-74858de e-flex e-con-boxed e-con e-parent\" data-id=\"74858de\" data-element_type=\"container\" data-e-type=\"container\">\n\t\t\t\t\t<div class=\"e-con-inner\">\n\t\t<div class=\"elementor-element elementor-element-c4fa77f e-con-full e-flex e-con e-child\" data-id=\"c4fa77f\" data-element_type=\"container\" data-e-type=\"container\">\n\t\t\t\t<div class=\"elementor-element elementor-element-559dd9e elementor-widget elementor-widget-image\" data-id=\"559dd9e\" data-element_type=\"widget\" data-e-type=\"widget\" data-widget_type=\"image.default\">\n\t\t\t\t\t\t\t\t\t\t\t\t\t\t\t<img loading=\"lazy\" decoding=\"async\" width=\"800\" height=\"193\" src=\"https:\/\/abero.fi\/wp-content\/uploads\/2024\/03\/Abero_Full-Logo_Horizontal_Black.svg\" class=\"attachment-large size-large wp-image-1495\" alt=\"\">\t\t\t\t\t\t\t\t\t\t\t\t\t\t\t<\/div>\n\t\t\t\t<div class=\"elementor-element elementor-element-42ffa7f elementor-widget elementor-widget-text-editor\" data-id=\"42ffa7f\" data-element_type=\"widget\" data-e-type=\"widget\" data-widget_type=\"text-editor.default\">\n\t\t\t\t\t\t\t\t\t<p>Teknologialla on keskeinen rooli yrityksesi menestyksess\u00e4. Meid\u00e4n teht\u00e4v\u00e4mme on yksinkertaistaa sen k\u00e4ytt\u00f6\u00e4, jotta voit keskitty\u00e4 olennaiseen &#8211; yrityksesi ydinliiketoimintaan. We\u2019re here to make technology work for you, simplifying complex processes and allowing you to focus on your core business activities <\/p>\n\t\t\t\t\t\t\t\t<\/div>\n\t\t<div class=\"elementor-element elementor-element-8ec8968 e-con-full e-flex e-con e-child\" data-id=\"8ec8968\" data-element_type=\"container\" data-e-type=\"container\">\n\t\t\t\t<div class=\"elementor-element elementor-element-607a3e2 elementor-widget__width-auto elementor-widget elementor-widget-button\" data-id=\"607a3e2\" data-element_type=\"widget\" data-e-type=\"widget\" data-widget_type=\"button.default\">\n\t\t\t\t\t\t\t\t\t\t<a class=\"elementor-button elementor-button-link elementor-size-sm\" href=\"https:\/\/abero.fi\/fi\/ota-yhteytta\/\">\n\t\t\t\t\t\t<span class=\"elementor-button-content-wrapper\">\n\t\t\t\t\t\t\t\t\t<span class=\"elementor-button-text\">Ota yhteytt\u00e4<\/span>\n\t\t\t\t\t<\/span>\n\t\t\t\t\t<\/a>\n\t\t\t\t\t\t\t\t<\/div>\n\t\t\t\t<div class=\"elementor-element elementor-element-2f312b8 elementor-widget elementor-widget-button\" data-id=\"2f312b8\" data-element_type=\"widget\" data-e-type=\"widget\" data-widget_type=\"button.default\">\n\t\t\t\t\t\t\t\t\t\t<a class=\"elementor-button elementor-button-link elementor-size-sm\" href=\"https:\/\/shop.abero.fi\/\" target=\"_blank\">\n\t\t\t\t\t\t<span class=\"elementor-button-content-wrapper\">\n\t\t\t\t\t\t<span class=\"elementor-button-icon\">\n\t\t\t\t<svg aria-hidden=\"true\" class=\"e-font-icon-svg e-fas-angle-right\" viewBox=\"0 0 256 512\" xmlns=\"http:\/\/www.w3.org\/2000\/svg\"><path d=\"M224.3 273l-136 136c-9.4 9.4-24.6 9.4-33.9 0l-22.6-22.6c-9.4-9.4-9.4-24.6 0-33.9l96.4-96.4-96.4-96.4c-9.4-9.4-9.4-24.6 0-33.9L54.3 103c9.4-9.4 24.6-9.4 33.9 0l136 136c9.5 9.4 9.5 24.6.1 34z\"><\/path><\/svg>\t\t\t<\/span>\n\t\t\t\t\t\t\t\t\t<span class=\"elementor-button-text\">Verkkokauppa<\/span>\n\t\t\t\t\t<\/span>\n\t\t\t\t\t<\/a>\n\t\t\t\t\t\t\t\t<\/div>\n\t\t\t\t<\/div>\n\t\t\t\t<\/div>\n\t\t\t\t\t<\/div>\n\t\t\t\t<\/main>\n\t\t\t\t<\/div>\n\t\t","protected":false},"excerpt":{"rendered":"<p>IT-palvelut Paranna liiketoiminnan tehokkuutta Aberon skaalautuvilla IT-palveluilla Aberon tavoitteena on tukea liiketoimintaasi tarjoamalla monipuolisia IT-palveluita, jotka sujuvoittavat teknologian k\u00e4ytt\u00f6\u00e4 yrityksess\u00e4si. Pyrimme tehokkuuteen, luotettavuuteen ja joustavuuteen, varmistaen, ett\u00e4 teknologia-alustasi tukee liiketoimintasi p\u00e4\u00e4m\u00e4\u00e4ri\u00e4. Tutustu palveluihimme Elinkaaripalvelut Huolehdimme IT-varojesi hallinnasta niiden hankinnasta k\u00e4yt\u00f6st\u00e4poistoon saakka. Tavoitteenamme on pit\u00e4\u00e4 j\u00e4rjestelm\u00e4si ajantasaisina ja toimivina, mik\u00e4 helpottaa tiimisi ty\u00f6skentely\u00e4. Tukipalvelut Olemme t\u00e4\u00e4ll\u00e4 [&hellip;]<\/p>\n","protected":false},"author":2,"featured_media":0,"parent":0,"menu_order":0,"comment_status":"closed","ping_status":"closed","template":"","meta":{"_acf_changed":false,"content-type":"","footnotes":""},"class_list":["post-1570","page","type-page","status-publish","hentry"],"acf":[],"_links":{"self":[{"href":"https:\/\/abero.fi\/fi\/wp-json\/wp\/v2\/pages\/1570","targetHints":{"allow":["GET"]}}],"collection":[{"href":"https:\/\/abero.fi\/fi\/wp-json\/wp\/v2\/pages"}],"about":[{"href":"https:\/\/abero.fi\/fi\/wp-json\/wp\/v2\/types\/page"}],"author":[{"embeddable":true,"href":"https:\/\/abero.fi\/fi\/wp-json\/wp\/v2\/users\/2"}],"replies":[{"embeddable":true,"href":"https:\/\/abero.fi\/fi\/wp-json\/wp\/v2\/comments?post=1570"}],"version-history":[{"count":13,"href":"https:\/\/abero.fi\/fi\/wp-json\/wp\/v2\/pages\/1570\/revisions"}],"predecessor-version":[{"id":2686,"href":"https:\/\/abero.fi\/fi\/wp-json\/wp\/v2\/pages\/1570\/revisions\/2686"}],"wp:attachment":[{"href":"https:\/\/abero.fi\/fi\/wp-json\/wp\/v2\/media?parent=1570"}],"curies":[{"name":"wp","href":"https:\/\/api.w.org\/{rel}","templated":true}]}}