{"id":1574,"date":"2024-03-18T09:19:01","date_gmt":"2024-03-18T09:19:01","guid":{"rendered":"https:\/\/abero.fi\/it-konsultointi\/"},"modified":"2024-05-16T07:53:54","modified_gmt":"2024-05-16T07:53:54","slug":"it-konsultointi","status":"publish","type":"page","link":"https:\/\/abero.fi\/fi\/it-konsultointi\/","title":{"rendered":"IT-konsultointi"},"content":{"rendered":"\t\t<div data-elementor-type=\"wp-page\" data-elementor-id=\"1574\" class=\"elementor elementor-1574 elementor-462\" data-elementor-post-type=\"page\">\n\t\t\t\t<main class=\"elementor-element elementor-element-ecbb28d e-flex e-con-boxed e-con e-parent\" data-id=\"ecbb28d\" data-element_type=\"container\" data-e-type=\"container\">\n\t\t\t\t\t<div class=\"e-con-inner\">\n\t\t<div class=\"elementor-element elementor-element-aac237d e-con-full e-flex e-con e-child\" data-id=\"aac237d\" data-element_type=\"container\" data-e-type=\"container\">\n\t\t\t\t<div class=\"elementor-element elementor-element-5c3ab23 elementor-widget elementor-widget-heading\" data-id=\"5c3ab23\" data-element_type=\"widget\" data-e-type=\"widget\" data-widget_type=\"heading.default\">\n\t\t\t\t\t<h1 class=\"elementor-heading-title elementor-size-default\">IT-konsultointi<\/h1>\t\t\t\t<\/div>\n\t\t\t\t<\/div>\n\t\t<div class=\"elementor-element elementor-element-b643168 e-con-full e-flex e-con e-child\" data-id=\"b643168\" data-element_type=\"container\" data-e-type=\"container\">\n\t\t\t\t<div class=\"elementor-element elementor-element-d3d07c7 elementor-widget elementor-widget-heading\" data-id=\"d3d07c7\" data-element_type=\"widget\" data-e-type=\"widget\" data-widget_type=\"heading.default\">\n\t\t\t\t\t<h3 class=\"elementor-heading-title elementor-size-default\">Paranna liiketoiminnan tehokkuutta Aberon skaalautuvalla IT-konsultoinnilla<\/h3>\t\t\t\t<\/div>\n\t\t\t\t<\/div>\n\t\t\t\t\t<\/div>\n\t\t\t\t<\/main>\n\t\t<div class=\"elementor-element elementor-element-85125de e-flex e-con-boxed e-con e-parent\" data-id=\"85125de\" data-element_type=\"container\" data-e-type=\"container\">\n\t\t\t\t\t<div class=\"e-con-inner\">\n\t\t<div class=\"elementor-element elementor-element-bd40273 e-con-full e-flex e-con e-child\" data-id=\"bd40273\" data-element_type=\"container\" data-e-type=\"container\">\n\t\t\t\t<div class=\"elementor-element elementor-element-5b5f64c elementor-widget elementor-widget-image\" data-id=\"5b5f64c\" data-element_type=\"widget\" data-e-type=\"widget\" data-widget_type=\"image.default\">\n\t\t\t\t\t\t\t\t\t\t\t\t\t\t\t<img fetchpriority=\"high\" decoding=\"async\" width=\"800\" height=\"332\" src=\"https:\/\/abero.fi\/wp-content\/uploads\/2024\/03\/Abero_ITConsulting-RickardMaria.webp\" class=\"attachment-large size-large wp-image-1497\" alt=\"\" srcset=\"https:\/\/abero.fi\/wp-content\/uploads\/2024\/03\/Abero_ITConsulting-RickardMaria.webp 913w, https:\/\/abero.fi\/wp-content\/uploads\/2024\/03\/Abero_ITConsulting-RickardMaria-300x125.webp 300w, https:\/\/abero.fi\/wp-content\/uploads\/2024\/03\/Abero_ITConsulting-RickardMaria-768x319.webp 768w\" sizes=\"(max-width: 800px) 100vw, 800px\">\t\t\t\t\t\t\t\t\t\t\t\t\t\t\t<\/div>\n\t\t\t\t<\/div>\n\t\t<div class=\"elementor-element elementor-element-d2371c6 e-con-full e-flex e-con e-child\" data-id=\"d2371c6\" data-element_type=\"container\" data-e-type=\"container\">\n\t\t\t\t<div class=\"elementor-element elementor-element-cec13a8 elementor-widget elementor-widget-text-editor\" data-id=\"cec13a8\" data-element_type=\"widget\" data-e-type=\"widget\" data-widget_type=\"text-editor.default\">\n\t\t\t\t\t\t\t\t\t<p>Aberossa keskitymme tarjoamaan IT-konsultointipalveluita, jotka tekev\u00e4t teknologiainfrastruktuuristasi selke\u00e4mm\u00e4n ja tehokkaamman. Ymm\u00e4rr\u00e4mme, ett\u00e4 oikein toteutetut teknologiaratkaisut ovat avainasemassa yrityksesi menestyksess\u00e4. <\/p>\n\t\t\t\t\t\t\t\t<\/div>\n\t\t\t\t<div class=\"elementor-element elementor-element-0401ce3 elementor-widget elementor-widget-button\" data-id=\"0401ce3\" data-element_type=\"widget\" data-e-type=\"widget\" data-widget_type=\"button.default\">\n\t\t\t\t\t\t\t\t\t\t<a class=\"elementor-button elementor-button-link elementor-size-sm\" href=\"#ITConsulting\">\n\t\t\t\t\t\t<span class=\"elementor-button-content-wrapper\">\n\t\t\t\t\t\t<span class=\"elementor-button-icon\">\n\t\t\t\t<svg aria-hidden=\"true\" class=\"e-font-icon-svg e-fas-angle-right\" viewBox=\"0 0 256 512\" xmlns=\"http:\/\/www.w3.org\/2000\/svg\"><path d=\"M224.3 273l-136 136c-9.4 9.4-24.6 9.4-33.9 0l-22.6-22.6c-9.4-9.4-9.4-24.6 0-33.9l96.4-96.4-96.4-96.4c-9.4-9.4-9.4-24.6 0-33.9L54.3 103c9.4-9.4 24.6-9.4 33.9 0l136 136c9.5 9.4 9.5 24.6.1 34z\"><\/path><\/svg>\t\t\t<\/span>\n\t\t\t\t\t\t\t\t\t<span class=\"elementor-button-text\">N\u00e4in voimme auttaa sinua<\/span>\n\t\t\t\t\t<\/span>\n\t\t\t\t\t<\/a>\n\t\t\t\t\t\t\t\t<\/div>\n\t\t\t\t<\/div>\n\t\t\t\t\t<\/div>\n\t\t\t\t<\/div>\n\t\t<div class=\"elementor-element elementor-element-5927734 e-flex e-con-boxed e-con e-parent\" data-id=\"5927734\" data-element_type=\"container\" data-e-type=\"container\">\n\t\t\t\t\t<div class=\"e-con-inner\">\n\t\t\t\t<div class=\"elementor-element elementor-element-ba71573 elementor-widget elementor-widget-menu-anchor\" data-id=\"ba71573\" data-element_type=\"widget\" data-e-type=\"widget\" data-widget_type=\"menu-anchor.default\">\n\t\t\t\t\t\t\t<div class=\"elementor-menu-anchor\" id=\"ITConsulting\"><\/div>\n\t\t\t\t\t\t<\/div>\n\t\t\t\t\t<\/div>\n\t\t\t\t<\/div>\n\t\t<div class=\"elementor-element elementor-element-6d9ffc5 e-flex e-con-boxed e-con e-parent\" data-id=\"6d9ffc5\" data-element_type=\"container\" data-e-type=\"container\" data-settings=\"{&quot;background_background&quot;:&quot;classic&quot;}\">\n\t\t\t\t\t<div class=\"e-con-inner\">\n\t\t<div class=\"elementor-element elementor-element-d469c2e e-con-full e-flex e-con e-child\" data-id=\"d469c2e\" data-element_type=\"container\" data-e-type=\"container\">\n\t\t\t\t<div class=\"elementor-element elementor-element-816d267 elementor-position-top elementor-widget elementor-widget-image-box\" data-id=\"816d267\" data-element_type=\"widget\" data-e-type=\"widget\" data-widget_type=\"image-box.default\">\n\t\t\t\t\t<div class=\"elementor-image-box-wrapper\"><figure class=\"elementor-image-box-img\"><img decoding=\"async\" width=\"24\" height=\"24\" src=\"https:\/\/abero.fi\/wp-content\/uploads\/2024\/03\/Abero_CyberSecurity.svg\" class=\"attachment-large size-large wp-image-1499\" alt=\"\"><\/figure><div class=\"elementor-image-box-content\"><h2 class=\"elementor-image-box-title\">Kyberturvallisuus<\/h2><p class=\"elementor-image-box-description\">Digitaalisen ymp\u00e4rist\u00f6si suojaaminen on meill\u00e4 etusijalla. Kyberturvallisuuskonsultointimme auttavat turvaamaan tietosi ja digitaaliset varasi, tarjoten sinulle mielenrauhaa muuttuvassa uhkakuvassa. <\/p><\/div><\/div>\t\t\t\t<\/div>\n\t\t\t\t<\/div>\n\t\t<div class=\"elementor-element elementor-element-b0894fc e-con-full e-flex e-con e-child\" data-id=\"b0894fc\" data-element_type=\"container\" data-e-type=\"container\">\n\t\t\t\t<div class=\"elementor-element elementor-element-0475446 elementor-position-top elementor-widget elementor-widget-image-box\" data-id=\"0475446\" data-element_type=\"widget\" data-e-type=\"widget\" data-widget_type=\"image-box.default\">\n\t\t\t\t\t<div class=\"elementor-image-box-wrapper\"><figure class=\"elementor-image-box-img\"><img decoding=\"async\" width=\"24\" height=\"24\" src=\"https:\/\/abero.fi\/wp-content\/uploads\/2024\/03\/Abero_NetworkInfrastructure.svg\" class=\"attachment-large size-large wp-image-1501\" alt=\"\"><\/figure><div class=\"elementor-image-box-content\"><h2 class=\"elementor-image-box-title\">Verkkoinfrastruktuuri<\/h2><p class=\"elementor-image-box-description\">Osaamisemme kattaa kest\u00e4vien verkkoinfrastruktuurien suunnittelun ja toteutuksen, jotka vastaavat liiketoimintasi tarpeita. T\u00e4m\u00e4 takaa sujuvat toiminnot ja tilaa kasvulle.<\/p><\/div><\/div>\t\t\t\t<\/div>\n\t\t\t\t<\/div>\n\t\t\t\t\t<\/div>\n\t\t\t\t<\/div>\n\t\t<div class=\"elementor-element elementor-element-68bb4eb e-flex e-con-boxed e-con e-parent\" data-id=\"68bb4eb\" data-element_type=\"container\" data-e-type=\"container\" data-settings=\"{&quot;background_background&quot;:&quot;classic&quot;}\">\n\t\t\t\t\t<div class=\"e-con-inner\">\n\t\t<div class=\"elementor-element elementor-element-e48625c e-con-full e-flex e-con e-child\" data-id=\"e48625c\" data-element_type=\"container\" data-e-type=\"container\">\n\t\t\t\t<div class=\"elementor-element elementor-element-47c02f9 elementor-position-top elementor-widget elementor-widget-image-box\" data-id=\"47c02f9\" data-element_type=\"widget\" data-e-type=\"widget\" data-widget_type=\"image-box.default\">\n\t\t\t\t\t<div class=\"elementor-image-box-wrapper\"><figure class=\"elementor-image-box-img\"><img loading=\"lazy\" decoding=\"async\" width=\"24\" height=\"24\" src=\"https:\/\/abero.fi\/wp-content\/uploads\/2024\/03\/Abero_DeviceManagement.svg\" class=\"attachment-large size-large wp-image-1503\" alt=\"\"><\/figure><div class=\"elementor-image-box-content\"><h2 class=\"elementor-image-box-title\">Laitteiden hallintasuunnittelu<\/h2><p class=\"elementor-image-box-description\">Tehokas laitteiden hallinta on keskeist\u00e4 toiminnan tehokkuudelle. R\u00e4\u00e4t\u00e4l\u00f6imme ratkaisuja laitteidesi hallintaan ja turvallisuuteen, mik\u00e4 tehostaa prosesseja ja parantaa tuottavuutta. <\/p><\/div><\/div>\t\t\t\t<\/div>\n\t\t\t\t<\/div>\n\t\t\t\t\t<\/div>\n\t\t\t\t<\/div>\n\t\t<div class=\"elementor-element elementor-element-f041127 e-flex e-con-boxed e-con e-parent\" data-id=\"f041127\" data-element_type=\"container\" data-e-type=\"container\" data-settings=\"{&quot;background_background&quot;:&quot;classic&quot;}\">\n\t\t\t\t\t<div class=\"e-con-inner\">\n\t\t\t\t<div class=\"elementor-element elementor-element-cb280d5 elementor-widget elementor-widget-image\" data-id=\"cb280d5\" data-element_type=\"widget\" data-e-type=\"widget\" data-widget_type=\"image.default\">\n\t\t\t\t\t\t\t\t\t\t\t\t\t\t\t<img loading=\"lazy\" decoding=\"async\" width=\"185\" height=\"3\" src=\"https:\/\/abero.fi\/wp-content\/uploads\/2024\/03\/Abero_Line.svg\" class=\"attachment-large size-large wp-image-1443\" alt=\"\">\t\t\t\t\t\t\t\t\t\t\t\t\t\t\t<\/div>\n\t\t\t\t<div class=\"elementor-element elementor-element-0c2abc6 elementor-widget elementor-widget-heading\" data-id=\"0c2abc6\" data-element_type=\"widget\" data-e-type=\"widget\" data-widget_type=\"heading.default\">\n\t\t\t\t\t<h2 class=\"elementor-heading-title elementor-size-default\">Koulutus<\/h2>\t\t\t\t<\/div>\n\t\t\t\t<div class=\"elementor-element elementor-element-5886213 elementor-widget elementor-widget-text-editor\" data-id=\"5886213\" data-element_type=\"widget\" data-e-type=\"widget\" data-widget_type=\"text-editor.default\">\n\t\t\t\t\t\t\t\t\t<p>Vahvistamme tiimisi osaamista kouluttamalla heit\u00e4 keskeisill\u00e4 IT-alueilla:<\/p>\n\t\t\t\t\t\t\t\t<\/div>\n\t\t\t\t\t<\/div>\n\t\t\t\t<\/div>\n\t\t<div class=\"elementor-element elementor-element-999a95a e-flex e-con-boxed e-con e-parent\" data-id=\"999a95a\" data-element_type=\"container\" data-e-type=\"container\">\n\t\t\t\t\t<div class=\"e-con-inner\">\n\t\t<div class=\"elementor-element elementor-element-edc26e2 e-con-full e-flex e-con e-child\" data-id=\"edc26e2\" data-element_type=\"container\" data-e-type=\"container\">\n\t\t\t\t<div class=\"elementor-element elementor-element-83f72de elementor-position-top elementor-widget elementor-widget-image-box\" data-id=\"83f72de\" data-element_type=\"widget\" data-e-type=\"widget\" data-widget_type=\"image-box.default\">\n\t\t\t\t\t<div class=\"elementor-image-box-wrapper\"><figure class=\"elementor-image-box-img\"><img loading=\"lazy\" decoding=\"async\" width=\"24\" height=\"24\" src=\"https:\/\/abero.fi\/wp-content\/uploads\/2024\/03\/Abero_Consulting.svg\" class=\"attachment-medium size-medium wp-image-1505\" alt=\"\"><\/figure><div class=\"elementor-image-box-content\"><h3 class=\"elementor-image-box-title\">Konsultointi<\/h3><p class=\"elementor-image-box-description\">Tarjoamme n\u00e4kemyksi\u00e4 IT-alan parhaista k\u00e4yt\u00e4nn\u00f6ist\u00e4 ja strategioista, joilla voit tehostaa toimintaasi.<\/p><\/div><\/div>\t\t\t\t<\/div>\n\t\t\t\t<\/div>\n\t\t<div class=\"elementor-element elementor-element-e8a1110 e-con-full e-flex e-con e-child\" data-id=\"e8a1110\" data-element_type=\"container\" data-e-type=\"container\">\n\t\t\t\t<div class=\"elementor-element elementor-element-6e71be0 elementor-position-top elementor-widget elementor-widget-image-box\" data-id=\"6e71be0\" data-element_type=\"widget\" data-e-type=\"widget\" data-widget_type=\"image-box.default\">\n\t\t\t\t\t<div class=\"elementor-image-box-wrapper\"><figure class=\"elementor-image-box-img\"><img loading=\"lazy\" decoding=\"async\" width=\"24\" height=\"24\" src=\"https:\/\/abero.fi\/wp-content\/uploads\/2024\/03\/Abero_Environments.svg\" class=\"attachment-medium size-medium wp-image-1507\" alt=\"\"><\/figure><div class=\"elementor-image-box-content\"><h3 class=\"elementor-image-box-title\">Ymp\u00e4rist\u00f6t<\/h3><p class=\"elementor-image-box-description\">Opastamme, miten voit parantaa IT-ymp\u00e4rist\u00f6jesi tehokkuutta ja turvallisuutta.<\/p><\/div><\/div>\t\t\t\t<\/div>\n\t\t\t\t<\/div>\n\t\t\t\t\t<\/div>\n\t\t\t\t<\/div>\n\t\t<div class=\"elementor-element elementor-element-a88e0d1 e-flex e-con-boxed e-con e-parent\" data-id=\"a88e0d1\" data-element_type=\"container\" data-e-type=\"container\">\n\t\t\t\t\t<div class=\"e-con-inner\">\n\t\t<div class=\"elementor-element elementor-element-74c7a54 e-con-full e-flex e-con e-child\" data-id=\"74c7a54\" data-element_type=\"container\" data-e-type=\"container\">\n\t\t\t\t<div class=\"elementor-element elementor-element-0bc049a elementor-position-top elementor-widget elementor-widget-image-box\" data-id=\"0bc049a\" data-element_type=\"widget\" data-e-type=\"widget\" data-widget_type=\"image-box.default\">\n\t\t\t\t\t<div class=\"elementor-image-box-wrapper\"><figure class=\"elementor-image-box-img\"><img loading=\"lazy\" decoding=\"async\" width=\"24\" height=\"24\" src=\"https:\/\/abero.fi\/wp-content\/uploads\/2024\/03\/Abero_Licenses-1.svg\" class=\"attachment-large size-large wp-image-1509\" alt=\"\"><\/figure><div class=\"elementor-image-box-content\"><h3 class=\"elementor-image-box-title\">Lisenssit<\/h3><p class=\"elementor-image-box-description\">Autamme ymm\u00e4rt\u00e4m\u00e4\u00e4n ohjelmistolisenssien hallinnan yksityiskohdat, jotta voit noudattaa s\u00e4\u00e4nn\u00f6ksi\u00e4 ja maksimoida investointiesi arvon.<\/p><\/div><\/div>\t\t\t\t<\/div>\n\t\t\t\t<\/div>\n\t\t<div class=\"elementor-element elementor-element-6f0f662 e-con-full e-flex e-con e-child\" data-id=\"6f0f662\" data-element_type=\"container\" data-e-type=\"container\">\n\t\t\t\t<div class=\"elementor-element elementor-element-d403b76 elementor-position-top elementor-widget elementor-widget-image-box\" data-id=\"d403b76\" data-element_type=\"widget\" data-e-type=\"widget\" data-widget_type=\"image-box.default\">\n\t\t\t\t\t<div class=\"elementor-image-box-wrapper\"><figure class=\"elementor-image-box-img\"><img loading=\"lazy\" decoding=\"async\" width=\"24\" height=\"24\" src=\"https:\/\/abero.fi\/wp-content\/uploads\/2024\/03\/Abero_SocServices.svg\" class=\"attachment-medium size-medium wp-image-1511\" alt=\"\"><\/figure><div class=\"elementor-image-box-content\"><h3 class=\"elementor-image-box-title\">SOC-palvelut<\/h3><p class=\"elementor-image-box-description\">Koulutamme tiimisi k\u00e4ytt\u00e4m\u00e4\u00e4n Security Operations Center (SOC) -toimintoja, mik\u00e4 parantaa turvallisuusasemaasi.<\/p><\/div><\/div>\t\t\t\t<\/div>\n\t\t\t\t<\/div>\n\t\t\t\t\t<\/div>\n\t\t\t\t<\/div>\n\t\t<main class=\"elementor-element elementor-element-f23028b e-flex e-con-boxed e-con e-parent\" data-id=\"f23028b\" data-element_type=\"container\" data-e-type=\"container\">\n\t\t\t\t\t<div class=\"e-con-inner\">\n\t\t<div class=\"elementor-element elementor-element-4840108 e-con-full e-flex e-con e-child\" data-id=\"4840108\" data-element_type=\"container\" data-e-type=\"container\">\n\t\t<div class=\"elementor-element elementor-element-eb9f5d7 e-grid e-con-full e-con e-child\" data-id=\"eb9f5d7\" data-element_type=\"container\" data-e-type=\"container\">\n\t\t\t\t<div class=\"elementor-element elementor-element-c49032b elementor-widget elementor-widget-image\" data-id=\"c49032b\" data-element_type=\"widget\" data-e-type=\"widget\" data-widget_type=\"image.default\">\n\t\t\t\t\t\t\t\t\t\t\t\t\t\t\t<img loading=\"lazy\" decoding=\"async\" width=\"800\" height=\"534\" src=\"https:\/\/abero.fi\/wp-content\/uploads\/2024\/03\/Abero_RobertEmma.webp\" class=\"attachment-large size-large wp-image-1513\" alt=\"\" srcset=\"https:\/\/abero.fi\/wp-content\/uploads\/2024\/03\/Abero_RobertEmma.webp 1000w, https:\/\/abero.fi\/wp-content\/uploads\/2024\/03\/Abero_RobertEmma-300x200.webp 300w, https:\/\/abero.fi\/wp-content\/uploads\/2024\/03\/Abero_RobertEmma-768x512.webp 768w\" sizes=\"(max-width: 800px) 100vw, 800px\">\t\t\t\t\t\t\t\t\t\t\t\t\t\t\t<\/div>\n\t\t\t\t<div class=\"elementor-element elementor-element-6bfe089 elementor-widget elementor-widget-image\" data-id=\"6bfe089\" data-element_type=\"widget\" data-e-type=\"widget\" data-widget_type=\"image.default\">\n\t\t\t\t\t\t\t\t\t\t\t\t\t\t\t<img loading=\"lazy\" decoding=\"async\" width=\"800\" height=\"534\" src=\"https:\/\/abero.fi\/wp-content\/uploads\/2024\/03\/Abero_A.webp\" class=\"attachment-large size-large wp-image-1457\" alt=\"\" srcset=\"https:\/\/abero.fi\/wp-content\/uploads\/2024\/03\/Abero_A.webp 1000w, https:\/\/abero.fi\/wp-content\/uploads\/2024\/03\/Abero_A-300x200.webp 300w, https:\/\/abero.fi\/wp-content\/uploads\/2024\/03\/Abero_A-768x512.webp 768w\" sizes=\"(max-width: 800px) 100vw, 800px\">\t\t\t\t\t\t\t\t\t\t\t\t\t\t\t<\/div>\n\t\t\t\t<div class=\"elementor-element elementor-element-42e493d elementor-widget elementor-widget-image\" data-id=\"42e493d\" data-element_type=\"widget\" data-e-type=\"widget\" data-widget_type=\"image.default\">\n\t\t\t\t\t\t\t\t\t\t\t\t\t\t\t<img loading=\"lazy\" decoding=\"async\" width=\"800\" height=\"534\" src=\"https:\/\/abero.fi\/wp-content\/uploads\/2024\/03\/Abero_Logo.webp\" class=\"attachment-large size-large wp-image-1459\" alt=\"\" srcset=\"https:\/\/abero.fi\/wp-content\/uploads\/2024\/03\/Abero_Logo.webp 1000w, https:\/\/abero.fi\/wp-content\/uploads\/2024\/03\/Abero_Logo-300x200.webp 300w, https:\/\/abero.fi\/wp-content\/uploads\/2024\/03\/Abero_Logo-768x512.webp 768w\" sizes=\"(max-width: 800px) 100vw, 800px\">\t\t\t\t\t\t\t\t\t\t\t\t\t\t\t<\/div>\n\t\t\t\t<div class=\"elementor-element elementor-element-debda1e elementor-widget elementor-widget-image\" data-id=\"debda1e\" data-element_type=\"widget\" data-e-type=\"widget\" data-widget_type=\"image.default\">\n\t\t\t\t\t\t\t\t\t\t\t\t\t\t\t<img loading=\"lazy\" decoding=\"async\" width=\"800\" height=\"534\" src=\"https:\/\/abero.fi\/wp-content\/uploads\/2024\/03\/Abero_Harri-Maria_2.webp\" class=\"attachment-large size-large wp-image-1515\" alt=\"\" srcset=\"https:\/\/abero.fi\/wp-content\/uploads\/2024\/03\/Abero_Harri-Maria_2.webp 1000w, https:\/\/abero.fi\/wp-content\/uploads\/2024\/03\/Abero_Harri-Maria_2-300x200.webp 300w, https:\/\/abero.fi\/wp-content\/uploads\/2024\/03\/Abero_Harri-Maria_2-768x512.webp 768w\" sizes=\"(max-width: 800px) 100vw, 800px\">\t\t\t\t\t\t\t\t\t\t\t\t\t\t\t<\/div>\n\t\t\t\t<\/div>\n\t\t\t\t<\/div>\n\t\t<div class=\"elementor-element elementor-element-30a064f e-con-full e-flex e-con e-child\" data-id=\"30a064f\" data-element_type=\"container\" data-e-type=\"container\">\n\t\t\t\t<div class=\"elementor-element elementor-element-233a61c elementor-widget elementor-widget-text-editor\" data-id=\"233a61c\" data-element_type=\"widget\" data-e-type=\"widget\" data-widget_type=\"text-editor.default\">\n\t\t\t\t\t\t\t\t\t<p>Kasvun kumppanisi<\/p>\n\t\t\t\t\t\t\t\t<\/div>\n\t\t\t\t<div class=\"elementor-element elementor-element-14556c0 elementor-widget elementor-widget-heading\" data-id=\"14556c0\" data-element_type=\"widget\" data-e-type=\"widget\" data-widget_type=\"heading.default\">\n\t\t\t\t\t<h2 class=\"elementor-heading-title elementor-size-default\">Henkil\u00f6kohtainen l\u00e4hestymistapamme<\/h2>\t\t\t\t<\/div>\n\t\t\t\t<div class=\"elementor-element elementor-element-1bd3485 elementor-widget elementor-widget-text-editor\" data-id=\"1bd3485\" data-element_type=\"widget\" data-e-type=\"widget\" data-widget_type=\"text-editor.default\">\n\t\t\t\t\t\t\t\t\t<p>Ty\u00f6skentelemme l\u00e4heisesti kanssasi l\u00f6yt\u00e4\u00e4ksemme juuri sinun tarpeisiisi sopivat laitteisto- ja ohjelmistoratkaisut. Olipa kyseess\u00e4 kokoustilojen p\u00e4ivitys uusimmilla AV-j\u00e4rjestelmill\u00e4, tehokkaamman verkon rakentaminen tai hallintoj\u00e4rjestelmien virtaviivaistaminen, kohdennamme kullekin projektille ansaitsemaansa huomiota. <\/p>\n<p>Koulutus on palveluidemme kulmakivi. J\u00e4rjest\u00e4mme kattavia koulutusistuntoja ymp\u00e4ri Eurooppaa, kattaen kaiken Office365:n k\u00e4ytt\u00f6\u00f6notosta web-hallintaan ja mobiililaitteiden k\u00e4ytt\u00f6\u00f6n. <\/p>\n<p>Niille, jotka haluavat syvent\u00e4\u00e4 teknologiaosaamistaan, asiantuntijatiimimme on valmis opastamaan l\u00e4pi erityisteemojen, olipa kyse sitten teknologian integroimisesta uusiin ty\u00f6tapoihin tai tehokkaiden luokkahuoneratkaisujen suunnittelusta koulutuslaitoksille.<\/p>\n\t\t\t\t\t\t\t\t<\/div>\n\t\t\t\t<\/div>\n\t\t\t\t\t<\/div>\n\t\t\t\t<\/main>\n\t\t<main class=\"elementor-element elementor-element-7f0a866 e-flex e-con-boxed e-con e-parent\" data-id=\"7f0a866\" data-element_type=\"container\" data-e-type=\"container\">\n\t\t\t\t\t<div class=\"e-con-inner\">\n\t\t<div class=\"elementor-element elementor-element-48cf016 e-con-full e-flex e-con e-child\" data-id=\"48cf016\" data-element_type=\"container\" data-e-type=\"container\">\n\t\t\t\t<div class=\"elementor-element elementor-element-56385f5 elementor-widget elementor-widget-text-editor\" data-id=\"56385f5\" data-element_type=\"widget\" data-e-type=\"widget\" data-widget_type=\"text-editor.default\">\n\t\t\t\t\t\t\t\t\t<p>Aberossa pyrimme luomaan ymp\u00e4rist\u00f6j\u00e4, joissa teknologia tukee tehokkuutta ja innovaatiota. Olemme valmiita kumppaniksesi digitaalisella matkallasi, tarjoten tarvittavat v\u00e4lineet ja tiedon jokaiseen askeleeseesi. <\/p>\n\t\t\t\t\t\t\t\t<\/div>\n\t\t\t\t<div class=\"elementor-element elementor-element-0e39301 elementor-widget__width-auto elementor-widget elementor-widget-button\" data-id=\"0e39301\" data-element_type=\"widget\" data-e-type=\"widget\" data-widget_type=\"button.default\">\n\t\t\t\t\t\t\t\t\t\t<a class=\"elementor-button elementor-button-link elementor-size-sm\" href=\"https:\/\/abero.fi\/fi\/ota-yhteytta\/\">\n\t\t\t\t\t\t<span class=\"elementor-button-content-wrapper\">\n\t\t\t\t\t\t\t\t\t<span class=\"elementor-button-text\">Ota yhteytt\u00e4<\/span>\n\t\t\t\t\t<\/span>\n\t\t\t\t\t<\/a>\n\t\t\t\t\t\t\t\t<\/div>\n\t\t\t\t<\/div>\n\t\t<div class=\"elementor-element elementor-element-17f81de e-con-full e-flex e-con e-child\" data-id=\"17f81de\" data-element_type=\"container\" data-e-type=\"container\">\n\t\t\t\t<div class=\"elementor-element elementor-element-2378e4c elementor-widget elementor-widget-image\" data-id=\"2378e4c\" data-element_type=\"widget\" data-e-type=\"widget\" data-widget_type=\"image.default\">\n\t\t\t\t\t\t\t\t\t\t\t\t\t\t\t<img loading=\"lazy\" decoding=\"async\" width=\"800\" height=\"453\" src=\"https:\/\/abero.fi\/wp-content\/uploads\/2024\/03\/Abero_ITConsulting-robertToni.webp\" class=\"attachment-large size-large wp-image-1517\" alt=\"\" srcset=\"https:\/\/abero.fi\/wp-content\/uploads\/2024\/03\/Abero_ITConsulting-robertToni.webp 913w, https:\/\/abero.fi\/wp-content\/uploads\/2024\/03\/Abero_ITConsulting-robertToni-300x170.webp 300w, https:\/\/abero.fi\/wp-content\/uploads\/2024\/03\/Abero_ITConsulting-robertToni-768x435.webp 768w\" sizes=\"(max-width: 800px) 100vw, 800px\">\t\t\t\t\t\t\t\t\t\t\t\t\t\t\t<\/div>\n\t\t\t\t<\/div>\n\t\t\t\t\t<\/div>\n\t\t\t\t<\/main>\n\t\t\t\t<\/div>\n\t\t","protected":false},"excerpt":{"rendered":"<p>IT-konsultointi Paranna liiketoiminnan tehokkuutta Aberon skaalautuvalla IT-konsultoinnilla Aberossa keskitymme tarjoamaan IT-konsultointipalveluita, jotka tekev\u00e4t teknologiainfrastruktuuristasi selke\u00e4mm\u00e4n ja tehokkaamman. Ymm\u00e4rr\u00e4mme, ett\u00e4 oikein toteutetut teknologiaratkaisut ovat avainasemassa yrityksesi menestyksess\u00e4. N\u00e4in voimme auttaa sinua Kyberturvallisuus Digitaalisen ymp\u00e4rist\u00f6si suojaaminen on meill\u00e4 etusijalla. Kyberturvallisuuskonsultointimme auttavat turvaamaan tietosi ja digitaaliset varasi, tarjoten sinulle mielenrauhaa muuttuvassa uhkakuvassa. Verkkoinfrastruktuuri Osaamisemme kattaa kest\u00e4vien verkkoinfrastruktuurien suunnittelun [&hellip;]<\/p>\n","protected":false},"author":2,"featured_media":0,"parent":0,"menu_order":0,"comment_status":"closed","ping_status":"closed","template":"","meta":{"_acf_changed":false,"footnotes":""},"class_list":["post-1574","page","type-page","status-publish","hentry"],"acf":[],"_links":{"self":[{"href":"https:\/\/abero.fi\/fi\/wp-json\/wp\/v2\/pages\/1574","targetHints":{"allow":["GET"]}}],"collection":[{"href":"https:\/\/abero.fi\/fi\/wp-json\/wp\/v2\/pages"}],"about":[{"href":"https:\/\/abero.fi\/fi\/wp-json\/wp\/v2\/types\/page"}],"author":[{"embeddable":true,"href":"https:\/\/abero.fi\/fi\/wp-json\/wp\/v2\/users\/2"}],"replies":[{"embeddable":true,"href":"https:\/\/abero.fi\/fi\/wp-json\/wp\/v2\/comments?post=1574"}],"version-history":[{"count":13,"href":"https:\/\/abero.fi\/fi\/wp-json\/wp\/v2\/pages\/1574\/revisions"}],"predecessor-version":[{"id":2053,"href":"https:\/\/abero.fi\/fi\/wp-json\/wp\/v2\/pages\/1574\/revisions\/2053"}],"wp:attachment":[{"href":"https:\/\/abero.fi\/fi\/wp-json\/wp\/v2\/media?parent=1574"}],"curies":[{"name":"wp","href":"https:\/\/api.w.org\/{rel}","templated":true}]}}