{"id":1582,"date":"2024-03-18T11:04:12","date_gmt":"2024-03-18T11:04:12","guid":{"rendered":"https:\/\/abero.fi\/audio-ja-videopalvelut\/"},"modified":"2025-09-25T08:35:05","modified_gmt":"2025-09-25T08:35:05","slug":"audio-ja-videopalvelut","status":"publish","type":"page","link":"https:\/\/abero.fi\/fi\/audio-ja-videopalvelut\/","title":{"rendered":"Audio- ja videopalvelut"},"content":{"rendered":"\t\t<div data-elementor-type=\"wp-page\" data-elementor-id=\"1582\" class=\"elementor elementor-1582 elementor-514\" data-elementor-post-type=\"page\">\n\t\t\t\t<main class=\"elementor-element elementor-element-8ad6453 e-flex e-con-boxed e-con e-parent\" data-id=\"8ad6453\" data-element_type=\"container\" data-e-type=\"container\">\n\t\t\t\t\t<div class=\"e-con-inner\">\n\t\t<div class=\"elementor-element elementor-element-d5564c5 e-con-full e-flex e-con e-child\" data-id=\"d5564c5\" data-element_type=\"container\" data-e-type=\"container\">\n\t\t\t\t<div class=\"elementor-element elementor-element-25bd10f elementor-widget elementor-widget-heading\" data-id=\"25bd10f\" data-element_type=\"widget\" data-e-type=\"widget\" data-widget_type=\"heading.default\">\n\t\t\t\t\t<h1 class=\"elementor-heading-title elementor-size-default\">Audio- ja videopalvelut<\/h1>\t\t\t\t<\/div>\n\t\t\t\t<\/div>\n\t\t<div class=\"elementor-element elementor-element-45067f6 e-con-full e-flex e-con e-child\" data-id=\"45067f6\" data-element_type=\"container\" data-e-type=\"container\">\n\t\t\t\t<div class=\"elementor-element elementor-element-4e9f295 elementor-widget elementor-widget-text-editor\" data-id=\"4e9f295\" data-element_type=\"widget\" data-e-type=\"widget\" data-widget_type=\"text-editor.default\">\n\t\t\t\t\t\t\t\t\t<p>Tehosta liiketoiminnan yhteisty\u00f6t\u00e4 Aberon selkeill\u00e4 \u00e4\u00e4ni- ja videosovelluksilla.<\/p>\t\t\t\t\t\t\t\t<\/div>\n\t\t\t\t<\/div>\n\t\t\t\t\t<\/div>\n\t\t\t\t<\/main>\n\t\t<div class=\"elementor-element elementor-element-3433787 e-flex e-con-boxed e-con e-parent\" data-id=\"3433787\" data-element_type=\"container\" data-e-type=\"container\">\n\t\t\t\t\t<div class=\"e-con-inner\">\n\t\t<div class=\"elementor-element elementor-element-4f01c91 e-con-full e-flex e-con e-child\" data-id=\"4f01c91\" data-element_type=\"container\" data-e-type=\"container\">\n\t\t\t\t<div class=\"elementor-element elementor-element-0e632ae elementor-widget elementor-widget-image\" data-id=\"0e632ae\" data-element_type=\"widget\" data-e-type=\"widget\" data-widget_type=\"image.default\">\n\t\t\t\t\t\t\t\t\t\t\t\t\t\t\t<img fetchpriority=\"high\" decoding=\"async\" width=\"800\" height=\"332\" src=\"https:\/\/abero.fi\/wp-content\/uploads\/2024\/03\/Abero_AudioandVideoServices-MariaMikael.webp\" class=\"attachment-large size-large wp-image-1519\" alt=\"\" srcset=\"https:\/\/abero.fi\/wp-content\/uploads\/2024\/03\/Abero_AudioandVideoServices-MariaMikael.webp 913w, https:\/\/abero.fi\/wp-content\/uploads\/2024\/03\/Abero_AudioandVideoServices-MariaMikael-300x125.webp 300w, https:\/\/abero.fi\/wp-content\/uploads\/2024\/03\/Abero_AudioandVideoServices-MariaMikael-768x319.webp 768w\" sizes=\"(max-width: 800px) 100vw, 800px\">\t\t\t\t\t\t\t\t\t\t\t\t\t\t\t<\/div>\n\t\t\t\t<\/div>\n\t\t<div class=\"elementor-element elementor-element-7c6ebe7 e-con-full e-flex e-con e-child\" data-id=\"7c6ebe7\" data-element_type=\"container\" data-e-type=\"container\">\n\t\t\t\t<div class=\"elementor-element elementor-element-e7c7032 elementor-widget elementor-widget-text-editor\" data-id=\"e7c7032\" data-element_type=\"widget\" data-e-type=\"widget\" data-widget_type=\"text-editor.default\">\n\t\t\t\t\t\t\t\t\t<p>Liiketoiminnan nopeassa tahdissa selke\u00e4 ja tehokas viestint\u00e4 on ensiarvoisen t\u00e4rke\u00e4\u00e4. Me Aberolla keskitymme tarjoamaan selkeit\u00e4 \u00e4\u00e4ni- ja videopalveluita, jotka on r\u00e4\u00e4t\u00e4l\u00f6ity vastaamaan tarkasti tarpeitasi ja tuottamaan teknisesti korkealaatuisia esityksi\u00e4. <\/p>\t\t\t\t\t\t\t\t<\/div>\n\t\t\t\t<div class=\"elementor-element elementor-element-ada1ac6 elementor-mobile-align-left elementor-widget elementor-widget-button\" data-id=\"ada1ac6\" data-element_type=\"widget\" data-e-type=\"widget\" data-widget_type=\"button.default\">\n\t\t\t\t\t\t\t\t\t\t<a class=\"elementor-button elementor-button-link elementor-size-sm\" href=\"#support\">\n\t\t\t\t\t\t<span class=\"elementor-button-content-wrapper\">\n\t\t\t\t\t\t<span class=\"elementor-button-icon\">\n\t\t\t\t<svg aria-hidden=\"true\" class=\"e-font-icon-svg e-fas-angle-right\" viewBox=\"0 0 256 512\" xmlns=\"http:\/\/www.w3.org\/2000\/svg\"><path d=\"M224.3 273l-136 136c-9.4 9.4-24.6 9.4-33.9 0l-22.6-22.6c-9.4-9.4-9.4-24.6 0-33.9l96.4-96.4-96.4-96.4c-9.4-9.4-9.4-24.6 0-33.9L54.3 103c9.4-9.4 24.6-9.4 33.9 0l136 136c9.5 9.4 9.5 24.6.1 34z\"><\/path><\/svg>\t\t\t<\/span>\n\t\t\t\t\t\t\t\t\t<span class=\"elementor-button-text\">Tutustu AV-ratkaisuihimme<\/span>\n\t\t\t\t\t<\/span>\n\t\t\t\t\t<\/a>\n\t\t\t\t\t\t\t\t<\/div>\n\t\t\t\t<\/div>\n\t\t\t\t\t<\/div>\n\t\t\t\t<\/div>\n\t\t<div class=\"elementor-element elementor-element-235718d e-flex e-con-boxed e-con e-parent\" data-id=\"235718d\" data-element_type=\"container\" data-e-type=\"container\">\n\t\t\t\t\t<div class=\"e-con-inner\">\n\t\t\t\t<div class=\"elementor-element elementor-element-df4dd07 elementor-widget elementor-widget-menu-anchor\" data-id=\"df4dd07\" data-element_type=\"widget\" data-e-type=\"widget\" data-widget_type=\"menu-anchor.default\">\n\t\t\t\t\t\t\t<div class=\"elementor-menu-anchor\" id=\"support\"><\/div>\n\t\t\t\t\t\t<\/div>\n\t\t\t\t\t<\/div>\n\t\t\t\t<\/div>\n\t\t<div class=\"elementor-element elementor-element-cddfa69 e-flex e-con-boxed e-con e-parent\" data-id=\"cddfa69\" data-element_type=\"container\" data-e-type=\"container\" data-settings=\"{&quot;background_background&quot;:&quot;classic&quot;}\">\n\t\t\t\t\t<div class=\"e-con-inner\">\n\t\t<div class=\"elementor-element elementor-element-cbff7b1 e-con-full e-flex e-con e-child\" data-id=\"cbff7b1\" data-element_type=\"container\" data-e-type=\"container\">\n\t\t\t\t<div class=\"elementor-element elementor-element-07ac320 elementor-position-top elementor-widget elementor-widget-image-box\" data-id=\"07ac320\" data-element_type=\"widget\" data-e-type=\"widget\" data-widget_type=\"image-box.default\">\n\t\t\t\t\t<div class=\"elementor-image-box-wrapper\"><figure class=\"elementor-image-box-img\"><img decoding=\"async\" width=\"24\" height=\"24\" src=\"https:\/\/abero.fi\/wp-content\/uploads\/2024\/03\/Abero_Consulting.svg\" class=\"attachment-large size-large wp-image-1505\" alt=\"\"><\/figure><div class=\"elementor-image-box-content\"><h2 class=\"elementor-image-box-title\">Konsultointi<\/h2><p class=\"elementor-image-box-description\">L\u00e4ht\u00f6kohtanamme on ymm\u00e4rt\u00e4\u00e4 tarpeesi. Pyrimme tarjoamaan j\u00e4rkevi\u00e4 ratkaisuja liiketoimintaasi varten, opastaen sinua \u00e4\u00e4ni- ja videoteknologian viimeisimmiss\u00e4 kehityksiss\u00e4 l\u00f6yt\u00e4\u00e4ksemme parhaiten soveltuvat vaihtoehdot. <\/p><\/div><\/div>\t\t\t\t<\/div>\n\t\t\t\t<\/div>\n\t\t<div class=\"elementor-element elementor-element-ab54ccc e-con-full e-flex e-con e-child\" data-id=\"ab54ccc\" data-element_type=\"container\" data-e-type=\"container\">\n\t\t\t\t<div class=\"elementor-element elementor-element-f68758b elementor-position-top elementor-widget elementor-widget-image-box\" data-id=\"f68758b\" data-element_type=\"widget\" data-e-type=\"widget\" data-widget_type=\"image-box.default\">\n\t\t\t\t\t<div class=\"elementor-image-box-wrapper\"><figure class=\"elementor-image-box-img\"><img decoding=\"async\" width=\"24\" height=\"24\" src=\"https:\/\/abero.fi\/wp-content\/uploads\/2024\/03\/Abero_Installations.svg\" class=\"attachment-large size-large wp-image-1521\" alt=\"\"><\/figure><div class=\"elementor-image-box-content\"><h2 class=\"elementor-image-box-title\">Asennuspalvelut<\/h2><p class=\"elementor-image-box-description\">Huolehdimme asennuksista ammattitaidolla, varmistaen, ett\u00e4 \u00e4\u00e4ni- ja videolaitteistosi asennetaan oikein ja toimivat saumattomasti tilassasi, olipa kyseess\u00e4 sitten pieni kokoushuone tai laaja auditorio.<\/p><\/div><\/div>\t\t\t\t<\/div>\n\t\t\t\t<\/div>\n\t\t\t\t\t<\/div>\n\t\t\t\t<\/div>\n\t\t<div class=\"elementor-element elementor-element-df7587a e-flex e-con-boxed e-con e-parent\" data-id=\"df7587a\" data-element_type=\"container\" data-e-type=\"container\" data-settings=\"{&quot;background_background&quot;:&quot;classic&quot;}\">\n\t\t\t\t\t<div class=\"e-con-inner\">\n\t\t<div class=\"elementor-element elementor-element-fdd13ad e-con-full e-flex e-con e-child\" data-id=\"fdd13ad\" data-element_type=\"container\" data-e-type=\"container\">\n\t\t\t\t<div class=\"elementor-element elementor-element-2547aa0 elementor-position-top elementor-widget elementor-widget-image-box\" data-id=\"2547aa0\" data-element_type=\"widget\" data-e-type=\"widget\" data-widget_type=\"image-box.default\">\n\t\t\t\t\t<div class=\"elementor-image-box-wrapper\"><figure class=\"elementor-image-box-img\"><img loading=\"lazy\" decoding=\"async\" width=\"24\" height=\"24\" src=\"https:\/\/abero.fi\/wp-content\/uploads\/2024\/03\/Abero_SystemDesign.svg\" class=\"attachment-large size-large wp-image-1523\" alt=\"\"><\/figure><div class=\"elementor-image-box-content\"><h2 class=\"elementor-image-box-title\">J\u00e4rjestelm\u00e4suunnittelu<\/h2><p class=\"elementor-image-box-description\">Suunnittelemme k\u00e4ytt\u00e4j\u00e4yst\u00e4v\u00e4llisi\u00e4 j\u00e4rjestelmi\u00e4, jotka ovat valmiita tulevaisuuden tarpeisiin. Mietimme tilaasi, tarpeitasi ja ty\u00f6skentelytapaasi, jotta voimme luoda \u00e4\u00e4ni- ja videoratkaisut, jotka todella tekev\u00e4t eron viestinn\u00e4ss\u00e4si. <\/p><\/div><\/div>\t\t\t\t<\/div>\n\t\t\t\t<\/div>\n\t\t<div class=\"elementor-element elementor-element-1c55978 e-con-full e-flex e-con e-child\" data-id=\"1c55978\" data-element_type=\"container\" data-e-type=\"container\">\n\t\t\t\t<div class=\"elementor-element elementor-element-4f27bce elementor-position-top elementor-widget elementor-widget-image-box\" data-id=\"4f27bce\" data-element_type=\"widget\" data-e-type=\"widget\" data-widget_type=\"image-box.default\">\n\t\t\t\t\t<div class=\"elementor-image-box-wrapper\"><figure class=\"elementor-image-box-img\"><img loading=\"lazy\" decoding=\"async\" width=\"24\" height=\"24\" src=\"https:\/\/abero.fi\/wp-content\/uploads\/2024\/03\/Abero_ProcurementStrategy.svg\" class=\"attachment-large size-large wp-image-1525\" alt=\"\"><\/figure><div class=\"elementor-image-box-content\"><h2 class=\"elementor-image-box-title\">Hankintastrategia<\/h2><p class=\"elementor-image-box-description\">Teknologian valinta voi tuntua haastavalta. Me teemme valinnasta helpompaa, opastamalla sinua eri vaihtoehtojen parissa l\u00f6yt\u00e4\u00e4ksemme laadukkaita ja kustannustehokkaita ratkaisuja, jotka vastaavat tavoitteitasi ja budjettiasi. <\/p><\/div><\/div>\t\t\t\t<\/div>\n\t\t\t\t<\/div>\n\t\t\t\t\t<\/div>\n\t\t\t\t<\/div>\n\t\t<div class=\"elementor-element elementor-element-8588a83 e-flex e-con-boxed e-con e-parent\" data-id=\"8588a83\" data-element_type=\"container\" data-e-type=\"container\" data-settings=\"{&quot;background_background&quot;:&quot;classic&quot;}\">\n\t\t\t\t\t<div class=\"e-con-inner\">\n\t\t<div class=\"elementor-element elementor-element-52c0f5b e-con-full e-flex e-con e-child\" data-id=\"52c0f5b\" data-element_type=\"container\" data-e-type=\"container\">\n\t\t\t\t<div class=\"elementor-element elementor-element-a0cb961 elementor-position-top elementor-widget elementor-widget-image-box\" data-id=\"a0cb961\" data-element_type=\"widget\" data-e-type=\"widget\" data-widget_type=\"image-box.default\">\n\t\t\t\t\t<div class=\"elementor-image-box-wrapper\"><figure class=\"elementor-image-box-img\"><img loading=\"lazy\" decoding=\"async\" width=\"24\" height=\"24\" src=\"https:\/\/abero.fi\/wp-content\/uploads\/2024\/03\/Abero_ConsultingReferences.svg\" class=\"attachment-large size-large wp-image-1527\" alt=\"\"><\/figure><div class=\"elementor-image-box-content\"><h2 class=\"elementor-image-box-title\">Referenssit<\/h2><p class=\"elementor-image-box-description\">Olemme ylpeit\u00e4 ty\u00f6st\u00e4mme ja niist\u00e4 yrityksist\u00e4, joita olemme auttaneet. Mik\u00e4li haluat n\u00e4hd\u00e4 esimerkkej\u00e4 viestinn\u00e4n parannuksistamme, kerromme mielell\u00e4mme onnistumistarinoitamme. <\/p><\/div><\/div>\t\t\t\t<\/div>\n\t\t\t\t<\/div>\n\t\t<div class=\"elementor-element elementor-element-a0c509d e-con-full e-flex e-con e-child\" data-id=\"a0c509d\" data-element_type=\"container\" data-e-type=\"container\">\n\t\t<div class=\"elementor-element elementor-element-48ef0bb e-con-full e-flex e-con e-child\" data-id=\"48ef0bb\" data-element_type=\"container\" data-e-type=\"container\">\n\t\t\t\t<div class=\"elementor-element elementor-element-c67feb2 elementor-position-top elementor-widget elementor-widget-image-box\" data-id=\"c67feb2\" data-element_type=\"widget\" data-e-type=\"widget\" data-widget_type=\"image-box.default\">\n\t\t\t\t\t<div class=\"elementor-image-box-wrapper\"><figure class=\"elementor-image-box-img\"><img loading=\"lazy\" decoding=\"async\" width=\"1\" height=\"1\" src=\"https:\/\/abero.fi\/wp-content\/uploads\/2025\/09\/iDiD-noslogan-RGB.svg\" class=\"attachment-large size-large wp-image-2794\" alt=\"\"><\/figure><div class=\"elementor-image-box-content\"><h2 class=\"elementor-image-box-title\">Digital signage<\/h2><p class=\"elementor-image-box-description\">iDiD on kotimainen, helppok\u00e4ytt\u00f6inen infon\u00e4ytt\u00f6palvelu kaikenkokoisille organisaatioille. Sen avulla viestit vaivattomasti ja n\u00e4kyv\u00e4sti. Skaalautuvaan palveluun sis\u00e4ltyv\u00e4t maksuttomat koulutukset ja palveleva tuki takaavat onnistumisesi.  <\/p><\/div><\/div>\t\t\t\t<\/div>\n\t\t\t\t<\/div>\n\t\t<div class=\"elementor-element elementor-element-bce7428 e-con-full e-flex e-con e-child\" data-id=\"bce7428\" data-element_type=\"container\" data-e-type=\"container\">\n\t\t\t\t<div class=\"elementor-element elementor-element-ae04971 elementor-mobile-align-left elementor-widget elementor-widget-button\" data-id=\"ae04971\" data-element_type=\"widget\" data-e-type=\"widget\" data-widget_type=\"button.default\">\n\t\t\t\t\t\t\t\t\t\t<a class=\"elementor-button elementor-button-link elementor-size-sm\" href=\"https:\/\/abero.fi\/fi\/idid\/\">\n\t\t\t\t\t\t<span class=\"elementor-button-content-wrapper\">\n\t\t\t\t\t\t<span class=\"elementor-button-icon\">\n\t\t\t\t<svg aria-hidden=\"true\" class=\"e-font-icon-svg e-fas-angle-right\" viewBox=\"0 0 256 512\" xmlns=\"http:\/\/www.w3.org\/2000\/svg\"><path d=\"M224.3 273l-136 136c-9.4 9.4-24.6 9.4-33.9 0l-22.6-22.6c-9.4-9.4-9.4-24.6 0-33.9l96.4-96.4-96.4-96.4c-9.4-9.4-9.4-24.6 0-33.9L54.3 103c9.4-9.4 24.6-9.4 33.9 0l136 136c9.5 9.4 9.5 24.6.1 34z\"><\/path><\/svg>\t\t\t<\/span>\n\t\t\t\t\t\t\t\t\t<span class=\"elementor-button-text\">Lue lis\u00e4\u00e4<\/span>\n\t\t\t\t\t<\/span>\n\t\t\t\t\t<\/a>\n\t\t\t\t\t\t\t\t<\/div>\n\t\t\t\t<\/div>\n\t\t\t\t<\/div>\n\t\t\t\t\t<\/div>\n\t\t\t\t<\/div>\n\t\t<main class=\"elementor-element elementor-element-61d7dae e-flex e-con-boxed e-con e-parent\" data-id=\"61d7dae\" data-element_type=\"container\" data-e-type=\"container\">\n\t\t\t\t\t<div class=\"e-con-inner\">\n\t\t<div class=\"elementor-element elementor-element-cebf6c9 e-con-full e-flex e-con e-child\" data-id=\"cebf6c9\" data-element_type=\"container\" data-e-type=\"container\">\n\t\t<div class=\"elementor-element elementor-element-3a10752 e-grid e-con-boxed e-con e-child\" data-id=\"3a10752\" data-element_type=\"container\" data-e-type=\"container\">\n\t\t\t\t\t<div class=\"e-con-inner\">\n\t\t\t\t<div class=\"elementor-element elementor-element-3b1e539 elementor-widget elementor-widget-image\" data-id=\"3b1e539\" data-element_type=\"widget\" data-e-type=\"widget\" data-widget_type=\"image.default\">\n\t\t\t\t\t\t\t\t\t\t\t\t\t\t\t<img loading=\"lazy\" decoding=\"async\" width=\"800\" height=\"534\" src=\"https:\/\/abero.fi\/wp-content\/uploads\/2024\/03\/Abero_AudioandVideoServices-HarriMariaBen-2.webp\" class=\"attachment-large size-large wp-image-1533\" alt=\"\" srcset=\"https:\/\/abero.fi\/wp-content\/uploads\/2024\/03\/Abero_AudioandVideoServices-HarriMariaBen-2.webp 1000w, https:\/\/abero.fi\/wp-content\/uploads\/2024\/03\/Abero_AudioandVideoServices-HarriMariaBen-2-300x200.webp 300w, https:\/\/abero.fi\/wp-content\/uploads\/2024\/03\/Abero_AudioandVideoServices-HarriMariaBen-2-768x512.webp 768w\" sizes=\"(max-width: 800px) 100vw, 800px\">\t\t\t\t\t\t\t\t\t\t\t\t\t\t\t<\/div>\n\t\t\t\t<div class=\"elementor-element elementor-element-fde307f elementor-widget elementor-widget-image\" data-id=\"fde307f\" data-element_type=\"widget\" data-e-type=\"widget\" data-widget_type=\"image.default\">\n\t\t\t\t\t\t\t\t\t\t\t\t\t\t\t<img loading=\"lazy\" decoding=\"async\" width=\"800\" height=\"534\" src=\"https:\/\/abero.fi\/wp-content\/uploads\/2024\/03\/Abero_A.webp\" class=\"attachment-large size-large wp-image-1457\" alt=\"\" srcset=\"https:\/\/abero.fi\/wp-content\/uploads\/2024\/03\/Abero_A.webp 1000w, https:\/\/abero.fi\/wp-content\/uploads\/2024\/03\/Abero_A-300x200.webp 300w, https:\/\/abero.fi\/wp-content\/uploads\/2024\/03\/Abero_A-768x512.webp 768w\" sizes=\"(max-width: 800px) 100vw, 800px\">\t\t\t\t\t\t\t\t\t\t\t\t\t\t\t<\/div>\n\t\t\t\t<div class=\"elementor-element elementor-element-19c74fb elementor-widget elementor-widget-image\" data-id=\"19c74fb\" data-element_type=\"widget\" data-e-type=\"widget\" data-widget_type=\"image.default\">\n\t\t\t\t\t\t\t\t\t\t\t\t\t\t\t<img loading=\"lazy\" decoding=\"async\" width=\"800\" height=\"534\" src=\"https:\/\/abero.fi\/wp-content\/uploads\/2024\/03\/Abero_Logo.webp\" class=\"attachment-large size-large wp-image-1459\" alt=\"\" srcset=\"https:\/\/abero.fi\/wp-content\/uploads\/2024\/03\/Abero_Logo.webp 1000w, https:\/\/abero.fi\/wp-content\/uploads\/2024\/03\/Abero_Logo-300x200.webp 300w, https:\/\/abero.fi\/wp-content\/uploads\/2024\/03\/Abero_Logo-768x512.webp 768w\" sizes=\"(max-width: 800px) 100vw, 800px\">\t\t\t\t\t\t\t\t\t\t\t\t\t\t\t<\/div>\n\t\t\t\t<div class=\"elementor-element elementor-element-e0325e0 elementor-widget elementor-widget-image\" data-id=\"e0325e0\" data-element_type=\"widget\" data-e-type=\"widget\" data-widget_type=\"image.default\">\n\t\t\t\t\t\t\t\t\t\t\t\t\t\t\t<img loading=\"lazy\" decoding=\"async\" width=\"800\" height=\"534\" src=\"https:\/\/abero.fi\/wp-content\/uploads\/2024\/03\/Abero_AudioandVideoServices-PetterEmma.webp\" class=\"attachment-large size-large wp-image-1535\" alt=\"\" srcset=\"https:\/\/abero.fi\/wp-content\/uploads\/2024\/03\/Abero_AudioandVideoServices-PetterEmma.webp 1000w, https:\/\/abero.fi\/wp-content\/uploads\/2024\/03\/Abero_AudioandVideoServices-PetterEmma-300x200.webp 300w, https:\/\/abero.fi\/wp-content\/uploads\/2024\/03\/Abero_AudioandVideoServices-PetterEmma-768x512.webp 768w\" sizes=\"(max-width: 800px) 100vw, 800px\">\t\t\t\t\t\t\t\t\t\t\t\t\t\t\t<\/div>\n\t\t\t\t\t<\/div>\n\t\t\t\t<\/div>\n\t\t\t\t<\/div>\n\t\t<div class=\"elementor-element elementor-element-5e24a74 e-con-full e-flex e-con e-child\" data-id=\"5e24a74\" data-element_type=\"container\" data-e-type=\"container\">\n\t\t\t\t<div class=\"elementor-element elementor-element-6a18e0a elementor-widget elementor-widget-text-editor\" data-id=\"6a18e0a\" data-element_type=\"widget\" data-e-type=\"widget\" data-widget_type=\"text-editor.default\">\n\t\t\t\t\t\t\t\t\t<p>Me uskomme, ett\u00e4 teknologian tulee palvella ihmisi\u00e4. Olipa kyseess\u00e4 j\u00e4rjestelm\u00e4si p\u00e4ivitys tai uuden ratkaisun luominen tyhj\u00e4st\u00e4, \u00e4\u00e4ni- ja videopalvelumme on suunniteltu tekem\u00e4\u00e4n viestinn\u00e4st\u00e4si vaivatonta ja luotettavaa. <\/p><p>L\u00f6ydet\u00e4\u00e4n yhdess\u00e4 teille sopivat \u00e4\u00e4ni- ja videoratkaisut. Aberon kanssa voit odottaa kumppanuutta, joka keskittyy k\u00e4yt\u00e4nn\u00f6llisiin ratkaisuihin ja suoraan neuvontaan.<\/p>\t\t\t\t\t\t\t\t<\/div>\n\t\t<div class=\"elementor-element elementor-element-2e6b263 e-con-full e-flex e-con e-child\" data-id=\"2e6b263\" data-element_type=\"container\" data-e-type=\"container\">\n\t\t\t\t<div class=\"elementor-element elementor-element-4c92670 elementor-widget__width-auto elementor-widget elementor-widget-button\" data-id=\"4c92670\" data-element_type=\"widget\" data-e-type=\"widget\" data-widget_type=\"button.default\">\n\t\t\t\t\t\t\t\t\t\t<a class=\"elementor-button elementor-button-link elementor-size-sm\" href=\"https:\/\/abero.fi\/fi\/ota-yhteytta\/\">\n\t\t\t\t\t\t<span class=\"elementor-button-content-wrapper\">\n\t\t\t\t\t\t\t\t\t<span class=\"elementor-button-text\">Ota yhteytt\u00e4<\/span>\n\t\t\t\t\t<\/span>\n\t\t\t\t\t<\/a>\n\t\t\t\t\t\t\t\t<\/div>\n\t\t\t\t<div class=\"elementor-element elementor-element-9bbf25f elementor-widget elementor-widget-button\" data-id=\"9bbf25f\" data-element_type=\"widget\" data-e-type=\"widget\" data-widget_type=\"button.default\">\n\t\t\t\t\t\t\t\t\t\t<a class=\"elementor-button elementor-button-link elementor-size-sm\" href=\"https:\/\/shop.abero.fi\/\" target=\"_blank\">\n\t\t\t\t\t\t<span class=\"elementor-button-content-wrapper\">\n\t\t\t\t\t\t<span class=\"elementor-button-icon\">\n\t\t\t\t<svg aria-hidden=\"true\" class=\"e-font-icon-svg e-fas-angle-right\" viewBox=\"0 0 256 512\" xmlns=\"http:\/\/www.w3.org\/2000\/svg\"><path d=\"M224.3 273l-136 136c-9.4 9.4-24.6 9.4-33.9 0l-22.6-22.6c-9.4-9.4-9.4-24.6 0-33.9l96.4-96.4-96.4-96.4c-9.4-9.4-9.4-24.6 0-33.9L54.3 103c9.4-9.4 24.6-9.4 33.9 0l136 136c9.5 9.4 9.5 24.6.1 34z\"><\/path><\/svg>\t\t\t<\/span>\n\t\t\t\t\t\t\t\t\t<span class=\"elementor-button-text\">Verkkokauppa<\/span>\n\t\t\t\t\t<\/span>\n\t\t\t\t\t<\/a>\n\t\t\t\t\t\t\t\t<\/div>\n\t\t\t\t<\/div>\n\t\t\t\t<\/div>\n\t\t\t\t\t<\/div>\n\t\t\t\t<\/main>\n\t\t\t\t<\/div>\n\t\t","protected":false},"excerpt":{"rendered":"<p>Audio- ja videopalvelut Tehosta liiketoiminnan yhteisty\u00f6t\u00e4 Aberon selkeill\u00e4 \u00e4\u00e4ni- ja videosovelluksilla. Liiketoiminnan nopeassa tahdissa selke\u00e4 ja tehokas viestint\u00e4 on ensiarvoisen t\u00e4rke\u00e4\u00e4. Me Aberolla keskitymme tarjoamaan selkeit\u00e4 \u00e4\u00e4ni- ja videopalveluita, jotka on r\u00e4\u00e4t\u00e4l\u00f6ity vastaamaan tarkasti tarpeitasi ja tuottamaan teknisesti korkealaatuisia esityksi\u00e4. Tutustu AV-ratkaisuihimme Konsultointi L\u00e4ht\u00f6kohtanamme on ymm\u00e4rt\u00e4\u00e4 tarpeesi. Pyrimme tarjoamaan j\u00e4rkevi\u00e4 ratkaisuja liiketoimintaasi varten, opastaen sinua [&hellip;]<\/p>\n","protected":false},"author":2,"featured_media":0,"parent":0,"menu_order":0,"comment_status":"closed","ping_status":"closed","template":"","meta":{"_acf_changed":false,"content-type":"","footnotes":""},"class_list":["post-1582","page","type-page","status-publish","hentry"],"acf":[],"_links":{"self":[{"href":"https:\/\/abero.fi\/fi\/wp-json\/wp\/v2\/pages\/1582","targetHints":{"allow":["GET"]}}],"collection":[{"href":"https:\/\/abero.fi\/fi\/wp-json\/wp\/v2\/pages"}],"about":[{"href":"https:\/\/abero.fi\/fi\/wp-json\/wp\/v2\/types\/page"}],"author":[{"embeddable":true,"href":"https:\/\/abero.fi\/fi\/wp-json\/wp\/v2\/users\/2"}],"replies":[{"embeddable":true,"href":"https:\/\/abero.fi\/fi\/wp-json\/wp\/v2\/comments?post=1582"}],"version-history":[{"count":20,"href":"https:\/\/abero.fi\/fi\/wp-json\/wp\/v2\/pages\/1582\/revisions"}],"predecessor-version":[{"id":2871,"href":"https:\/\/abero.fi\/fi\/wp-json\/wp\/v2\/pages\/1582\/revisions\/2871"}],"wp:attachment":[{"href":"https:\/\/abero.fi\/fi\/wp-json\/wp\/v2\/media?parent=1582"}],"curies":[{"name":"wp","href":"https:\/\/api.w.org\/{rel}","templated":true}]}}