{"id":1599,"date":"2024-01-08T12:04:19","date_gmt":"2024-01-08T12:04:19","guid":{"rendered":"https:\/\/abero.fi\/tietosuoja\/"},"modified":"2024-04-04T08:51:04","modified_gmt":"2024-04-04T08:51:04","slug":"tietosuoja","status":"publish","type":"page","link":"https:\/\/abero.fi\/fi\/tietosuoja\/","title":{"rendered":"Tietosuoja"},"content":{"rendered":"\t\t<div data-elementor-type=\"wp-page\" data-elementor-id=\"1599\" class=\"elementor elementor-1599 elementor-3\" data-elementor-post-type=\"page\">\n\t\t\t\t<main class=\"elementor-element elementor-element-9a5c53d e-flex e-con-boxed e-con e-parent\" data-id=\"9a5c53d\" data-element_type=\"container\" data-e-type=\"container\">\n\t\t\t\t\t<div class=\"e-con-inner\">\n\t\t<div class=\"elementor-element elementor-element-52940fd e-con-full e-flex e-con e-child\" data-id=\"52940fd\" data-element_type=\"container\" data-e-type=\"container\">\n\t\t\t\t<div class=\"elementor-element elementor-element-aaa432c elementor-widget elementor-widget-heading\" data-id=\"aaa432c\" data-element_type=\"widget\" data-e-type=\"widget\" data-widget_type=\"heading.default\">\n\t\t\t\t\t<h1 class=\"elementor-heading-title elementor-size-default\">Tietosuoja<\/h1>\t\t\t\t<\/div>\n\t\t\t\t<\/div>\n\t\t\t\t\t<\/div>\n\t\t\t\t<\/main>\n\t\t<div class=\"elementor-element elementor-element-69fd004f e-flex e-con-boxed e-con e-parent\" data-id=\"69fd004f\" data-element_type=\"container\" data-e-type=\"container\">\n\t\t\t\t\t<div class=\"e-con-inner\">\n\t\t\t\t<div class=\"elementor-element elementor-element-2f21b605 elementor-widget elementor-widget-text-editor\" data-id=\"2f21b605\" data-element_type=\"widget\" data-e-type=\"widget\" data-widget_type=\"text-editor.default\">\n\t\t\t\t\t\t\t\t\t\n<p><b>1. Mit\u00e4 tietosuojamme kattaa<\/b><\/p>\n<p>Vastuussa tiedoistanne on Abero Technologies (Gerbyntie 16, 65230 Vaasa \/ 2902316-9) -t\u00e4st\u00e4 eteenp\u00e4in viitatessa kyseiseen yhti\u00f6\u00f6n, k\u00e4yt\u00f6ss\u00e4 lyhenteet: Abero.<\/p>\n<p>Yksityisyys- sek\u00e4 ev\u00e4stek\u00e4yt\u00e4nt\u00f6mme l\u00f6ytyv\u00e4t selitettyin\u00e4 alla. Selvityksest\u00e4 k\u00e4y ilmi mit\u00e4 tietoja ker\u00e4\u00e4mme, mist\u00e4 syyst\u00e4 tietoja ker\u00e4t\u00e4\u00e4n sek\u00e4 kenell\u00e4 on p\u00e4\u00e4sy ker\u00e4ttyihin tietoihin. Selit\u00e4mme my\u00f6s asiakkaan oikeudet sek\u00e4 vaihtoehdot koskien Abero:n ker\u00e4\u00e4mi\u00e4 henkil\u00f6kohtaisia tietoja. <\/p>\n<p>Abero:n kotisivuilta l\u00f6ytyy linkkej\u00e4 kolmansien osapuolien kotisivuille jotka eiv\u00e4t ole hallinnassamme. Koska emme hallinnoi kyseisi\u00e4 sivustoja, pid\u00e4 huoli ett\u00e4 olet lukenut kolmansien osapuolten ilmoittamat yksityisyysk\u00e4yt\u00e4nn\u00f6t. <\/p>\n<p> <\/p>\n<p><b>2. Abero:n ker\u00e4\u00e4m\u00e4 tieto<\/b><\/p>\n<p>Ohessa selvitys siit\u00e4, mit\u00e4 tietoja ker\u00e4\u00e4mme k\u00e4ytt\u00e4ess\u00e4si palvelujamme. Kun rekister\u00f6idyt asiakkaaksi tai teet tilauksen kauttamme: <\/p>\n<ul>\n<li>Henkil\u00f6kohtaiset tiedot kuten: nimi, osoite, s\u00e4hk\u00f6postiosoite, puhelinnumero sek\u00e4 jossain tapauksissa sosiaaliturvatunnus sek\u00e4\/tai ALV-tunnisteet<\/li>\n<li>Tilin kirjautumistiedot<\/li>\n<li>IP osoite tilausta tehdess\u00e4<\/li>\n<li>Passin numero Euroopan Unionin ulkopuolelta tulevissa tilauksissa<\/li>\n<\/ul>\n<p><b><br>3. Henkil\u00f6kohtaisten tietojen k\u00e4ytt\u00f6<\/b><\/p>\n<p><strong>K\u00e4yt\u00e4mme henkil\u00f6kohtaisia tietojasi:<\/strong><\/p>\n<ul>\n<li>Tilauksesi k\u00e4sittelyss\u00e4, toimituksessa sek\u00e4 tilauksen tilan ilmoittamisessa<\/li>\n<li>Varmistaaksemme ett\u00e4 saamme teihin yhteyden jos jotain odottamatonta tapahtuu tilauksenne suhteen<\/li>\n<li>Myynninj\u00e4lkeisiin tapahtumiin kuten: takuuasiat, palautukset sek\u00e4 muut asiakaspalveluun liittyv\u00e4t toimenpiteet<\/li>\n<li>Helpottaaksemme asiakkaan myynninj\u00e4lkeisten muutosten sek\u00e4 lis\u00e4yksien tekemist\u00e4<\/li>\n<li>Mahdollistaaksemme asiakkaalle p\u00e4\u00e4syn tilaushistoriaansa asiakastilin kautta<\/li>\n<li>Hallitaksemme kilpailuja, tarjouksia sek\u00e4 uutiskirjeit\u00e4 joihin asiakas haluaa osallistua<\/li>\n<li>Valtion instansseille luovutettaviin dokumentteihin, kuten verovirasto, sek\u00e4 oikeudellisissa kysymyksiss\u00e4.<\/li>\n<li>Varmistaaksemme ett\u00e4 saamme sinuun yhteyden tapauksissa jossa viranomainen p\u00e4\u00e4tt\u00e4\u00e4 turvallisuussyist\u00e4 vet\u00e4\u00e4 tuotteen pois markkinoilta<\/li>\n<li>Vahvistaaksemme asiakkaan luottokelpoisuuden<\/li>\n<li>V\u00e4ltt\u00e4\u00e4ksemme ja ehk\u00e4ist\u00e4ksemme petoksia sek\u00e4 muita laittomia toimia<\/li>\n<\/ul>\n<p>Yll\u00e4 mainittujen lis\u00e4ksi, k\u00e4yt\u00e4mme henkil\u00f6kohtaisia tietoja perehty\u00e4ksemme asiakask\u00e4ytt\u00e4ytymiseen. Pyrimme t\u00e4m\u00e4n avulla parantamaan palvelujamme esimerkiksi verkkomarkkinoinnissa sek\u00e4 asiakasta kiinnostavien tuotteiden l\u00f6yt\u00e4misess\u00e4.<\/p>\n<p> <\/p>\n<p><b>4. Henkil\u00f6kohtaisten tietojen jakaminen<\/b><\/p>\n<p>Tietojen jakaminen <b>Abero:n<br><\/b> sis\u00e4ll\u00e4 Henkil\u00f6kohtaiset tiedot ovat saatavilla Abero organisaation ty\u00f6ntekij\u00f6ille mukaanlukien Abero sek\u00e4 Multitronic OY. Ty\u00f6ntekij\u00e4mme ty\u00f6skentelev\u00e4t useassa tapauksessa molemmissa yll\u00e4mainituissa organisaatioissa, istuen saman ty\u00f6p\u00f6yd\u00e4n \u00e4\u00e4ress\u00e4, jakaen samat valtuudet.<\/p>\n<p> <\/p>\n<p><b>Tietojen luovuttaminen palveluntarjoajille<\/b><br>Henkil\u00f6kohtaiset tiedot ovat saatavilla Multitronic Pro organisaation ty\u00f6ntekij\u00f6ille mukaanlukien Multitronic Pro sek\u00e4 Multitronic OY. Ty\u00f6ntekij\u00e4mme ty\u00f6skentelev\u00e4t useassa tapauksessa molemmissa yll\u00e4mainituissa organisaatioissa, istuen saman ty\u00f6p\u00f6yd\u00e4n \u00e4\u00e4ress\u00e4, jakaen samat valtuudet.  <\/p>\n<p> <\/p>\n<p><b>Tietojen luovuttaminen palveluntarjoajille<\/b><br>Mahdollistaaksemme palvelujemme toimivuuden, luovutamme tietoja palveluntarjoajillemme. Esimerkiksi logistiikka yritykset, maksualustat, asennus- sek\u00e4 luottoa tarjoavat yritykset. Luovutamme ainoastaan tietoja jotka mahdollistavat palveluntuottajien toiminnan.  <\/p>\n<p> <\/p>\n<p><b>Kotisivujen analytiikka<\/b><br>Parantaaksemme sek\u00e4 optimoidaksemme kotisivujemme k\u00e4ytt\u00e4j\u00e4kokemuksen, k\u00e4yt\u00e4mme ns. Seuranta teknologiaa. Aberok\u00e4ytt\u00e4\u00e4 kyseist\u00e4 teknologiaa n\u00e4hd\u00e4kseen mit\u00e4 tuotteita sek\u00e4 sivuja asiakas on tarkastellut parantaakseen tarjoamamme sis\u00e4ll\u00f6n sek\u00e4 tuotteiden laatua. Abero k\u00e4ytt\u00e4\u00e4 n\u00e4ihin k\u00e4ytt\u00f6tarkoituksiin p\u00e4\u00e4osin kahta palveluntarjoajaa: Google Analytics sek\u00e4 Facebook.  <\/p>\n<p> <\/p>\n<p><b>Google Analytics<\/b><br>Multitronic kotisivut k\u00e4ytt\u00e4v\u00e4t Google Inc. Google (Universal) Analytic palvelua. Google Analytics lukee tiettyj\u00e4 tekstitiedostoja (ev\u00e4steit\u00e4) asiakkaan tietokoneelta. Abero ei luovuta eik\u00e4 saa haltuunsa mit\u00e4\u00e4n asiakkaan tietoja, kuten nime\u00e4 tai yhteystietoja, Google Anslytics:in kautta. Asiakkaan sijainti m\u00e4\u00e4ritell\u00e4\u00e4n suurpiirteisesti IP-osoitteen avulla. Google analytics:in avulla ker\u00e4tty tieto on salattu. Paremman markkinointianalyysin mahdollistamiseksi Google Analytics varastoi ev\u00e4stetiedot 38 kuukauden ajan.     <\/p>\n<p>Est\u00e4\u00e4kseen ev\u00e4stepohjaisen informaation ker\u00e4\u00e4misen, asiakas voi asentaa koneelleen selainliit\u00e4nn\u00e4isen. N\u00e4in tehdess\u00e4\u00e4n asiakas kuitenkin ev\u00e4\u00e4 itselt\u00e4\u00e4n sek\u00e4 Abero sivustojen ett\u00e4 muiden Google Analytics:ia k\u00e4ytt\u00e4vien sivustojen k\u00e4yt\u00f6n. L\u00f6yd\u00e4t liit\u00e4nn\u00e4isen t\u00e4st\u00e4 <a href=\"https:\/\/tools.google.com\/dlpage\/gaoptout?hl=en\" target=\"_blank\" rel=\"noopener\">linkist\u00e4<\/a>.  <\/p>\n<p> <\/p>\n<p><b>Markkinointi ja mainostaminen<\/b><\/p>\n<ul>\n<li>Google lis\u00e4palvelut- <span style=\"color: #339966;\"><a style=\"color: #339966;\" href=\"https:\/\/business.safety.google\/compliance\/#?modal_active=none\" target=\"_blank\" rel=\"noopener\">tietotoimintak\u00e4yt\u00e4nn\u00f6t<\/a><\/span><\/li>\n<li>Facebook lis\u00e4palvelut <span style=\"color: #339966;\"><a style=\"color: #339966;\" href=\"https:\/\/www.facebook.com\/privacy\/explanation\" target=\"_blank\" rel=\"noopener\">tietotoimintak\u00e4yt\u00e4nn\u00f6t<\/a><\/span><\/li>\n<\/ul>\n<p><b>Uutiskirje<\/b><\/p>\n<ul>\n<li>Mailchimp <span style=\"color: #339966;\"><a style=\"color: #339966;\" href=\"https:\/\/mailchimp.com\/about\/security\/\" target=\"_blank\" rel=\"noopener\">tietotoimintak\u00e4yt\u00e4nn\u00f6t<\/a><\/span><\/li>\n<\/ul>\n<p>Huomioi ett\u00e4 voit p\u00e4\u00e4tt\u00e4\u00e4 s\u00e4hk\u00f6postipalvelumme milloin vain joko klikkaamalla linkki\u00e4 s\u00e4hk\u00f6postissa tai ottamalla yhteytt\u00e4 asiakaspalveluumme ja pyyt\u00e4m\u00e4ll\u00e4 heit\u00e4 poistamaan sinut postituslistalta.<\/p>\n<p> <\/p>\n<p><strong>Tietojen luovuttaminen muille organisaatioille<\/strong><br>Saatamme luovuttaa tietojasi toiselle organisaatiolle poikkeuksellisissa tapauksissa, esimerkiksi jos:<\/p>\n<ul>\n<li>se on tarpeellista lain nojalla tai virannomainen vaatii sit\u00e4<\/li>\n<li>se on tarpeellista varmistaaksemme lailliset oikeutemme sek\u00e4 minimoidaksemme luottoriskimme<\/li>\n<\/ul>\n<p><b><br>5. Henkil\u00f6kohtaisten tietojesi suojaaminen<\/b><\/p>\n<p>Kaikki henkil\u00f6kohtaiset tiedot ovat varastoituna omilla servereill\u00e4mme sek\u00e4 varmuuskopioj\u00e4rjestelmiss\u00e4. K\u00e4yt\u00e4mme salausta sek\u00e4 palomuuria minimoidaksemme henkil\u00f6kohtaisten tietojen vuodot. Servereille sek\u00e4 varmuuskopioj\u00e4rjestelmiin on rajattu fyysinen p\u00e4\u00e4sy. Kaikki asiakkaiden koneilta siirrett\u00e4v\u00e4 tieto siirret\u00e4\u00e4n HTTPS:n kautta joten tieto salataan sinun laitteesi ja meid\u00e4n servereiden v\u00e4liss\u00e4.   <\/p>\n<p>Pyyd\u00e4mme pankkitilitietojasi vain maksaaksemme tilillesi hyvityksen. Abero ei koskaan s\u00e4ilyt\u00e4 mit\u00e4\u00e4n maksukortti- tai pankkisi tunnuslukutietoja. Palveluntarjoajat ovat vastuussa kyseisten tietojen ker\u00e4\u00e4misest\u00e4. Teemme kaikkemme est\u00e4\u00e4ksemme henkil\u00f6kohtaisten tietojen vuotamisen siirt\u00e4ess\u00e4 tietoja internetin v\u00e4lityksell\u00e4.   <\/p>\n<p>Jotkut k\u00e4ytt\u00e4m\u00e4mme palveluntarjoajat voivat siirt\u00e4\u00e4 sek\u00e4 s\u00e4ilytt\u00e4\u00e4 henkil\u00f6kohtaisia tietoja Euroopan Talousalueen ulkopuolella.<\/p>\n<p> <\/p>\n<p><b>6. Ajanjakso kuinka kauan henkil\u00f6kohtaisia tietoja s\u00e4ilytet\u00e4\u00e4n sek\u00e4 henkil\u00f6kohtaisten tietojen h\u00e4vitt\u00e4minen<\/b><\/p>\n<p>S\u00e4ilyt\u00e4mme henkil\u00f6kohtaisia tietoja kunnes pyyd\u00e4t niiden poistamista. Suosittelemme kymment\u00e4 (10) vuotta johtuen monien myymiemme tuotteiden pitkist\u00e4 takuuajoista. Tietojen s\u00e4ilytt\u00e4minen on my\u00f6s t\u00e4rke\u00e4\u00e4 tapauksissa joissa tuote joudutaan vet\u00e4m\u00e4\u00e4n markkinoilta turvallisuussyist\u00e4 jolloin meid\u00e4n on saatava yhteys asiakkaaseen mahdollisimman nopeasti. Asiakkaiden tavoittaminen nopeasti on meille t\u00e4rke\u00e4\u00e4 ehk\u00e4ist\u00e4ksemme viallisten tuotteiden mahdollisesti aihettamat vaaratilanteet tai vammat.  <\/p>\n<p>My\u00f6s teknologia, laki sek\u00e4 s\u00e4\u00e4d\u00f6kset voivat est\u00e4\u00e4 meit\u00e4 poistamasta henkil\u00f6kohtaisia tietojasi. Poistamme tietosi pyynn\u00f6st\u00e4si. <\/p>\n<p> <\/p>\n<p><b>7. Oikeutesi p\u00e4\u00e4syyn meill\u00e4 oleviin tietoihin sinusta<\/b><\/p>\n<p>Sinulla on oikeus p\u00e4\u00e4syyn tietoihisi jotka meill\u00e4 on sinusta. Helpoimmin p\u00e4\u00e4set k\u00e4siksi tietoihisi kirjautumalla k\u00e4ytt\u00e4j\u00e4tilillesi. Ole yst\u00e4v\u00e4llinen ja korjaa virheelliset kohdat jos havaitset virheit\u00e4 tiedoissasi. Sinulla on oikeus siirr\u00e4tt\u00e4\u00e4 henkil\u00f6kohtaiset tietosi valitsemallesi kolmannelle osapuolelle. Voimme pyynn\u00f6st\u00e4si rajoittaa henkil\u00f6kohtaisten tietojesi k\u00e4ytt\u00f6\u00e4 jos niit\u00e4 on k\u00e4ytetty laittomasti, ne eiv\u00e4t ole ajan tasalla, ne ovat virheellisi\u00e4 tai jos tietojasi ollaan poistamassa.    <\/p>\n<p>Voit my\u00f6s ottaa yhteytt\u00e4 asiakaspalveluumme saadaksesi yhteenvedon hallussamme olevista tiedoistasi ja pyytt\u00e4\u00e4 siirtoa. Saatamme pyyt\u00e4\u00e4 sinua todistamaan henkil\u00f6llisyytesi sek\u00e4 kysy\u00e4 yksityiskohtia liikesuhteestamme varmistaaksemme ett\u00e4 kyseess\u00e4 on oikea henkil\u00f6. Valtuuttamasi henkil\u00f6 voi my\u00f6s pyyt\u00e4\u00e4 tietojasi. Vastaanotettuamme sek\u00e4 hyv\u00e4ksytty\u00e4mme pyynt\u00f6si henkil\u00f6kohtaisista tiedoista, olemme normaaleissa olosuhteissa yhteydess\u00e4 teihin 20 ty\u00f6p\u00e4iv\u00e4n kuluessa. Arvioimme jokaisen hakemuksen erikseen varmistaaksemme ettei hakemus ole ristiriidassa mm viranomaisten s\u00e4\u00e4t\u00e4mien lakien sek\u00e4 s\u00e4\u00e4d\u00f6sten kanssa.    <\/p>\n<p> <\/p>\n<p><b>8. Ev\u00e4steiden k\u00e4ytt\u00e4minen<\/b><\/p>\n<p>K\u00e4yt\u00e4mme ev\u00e4steit\u00e4 toimiaksemme tehokkaasti, hallitaksemme tilauksia, parantaaksemme palveluamme sek\u00e4 tarkkailleksemme asakask\u00e4ytt\u00e4ytymist\u00e4. Ev\u00e4ste on pieni tiedosto joka sijaitsee selaimellasi. Ev\u00e4steet joita k\u00e4yt\u00e4mme ovat joko jatkuva tai istuntokohtainen. Jatkuva ev\u00e4ste on tallennettuna verkkoselaimellasi kunnes poistat sen. Istuntokohtainen ev\u00e4ste pysyy tallennettuna kunnes p\u00e4\u00e4t\u00e4t istuntosi Abero:in kotisivuilla.    <\/p>\n<p> <\/p>\n<p><b>9. Tietok\u00e4ynt\u00e4nt\u00f6jen muuttaminen<\/b><\/p>\n<p>Abero pid\u00e4tt\u00e4\u00e4 oikeudet muuttaa tietok\u00e4yt\u00e4nt\u00f6j\u00e4\u00e4n. Muutokset ilmoitetaan tietoturvak\u00e4yt\u00e4nt\u00f6-sivullamme (olet kyseisell\u00e4 sivulla juuri nyt) v\u00e4hint\u00e4\u00e4n kolme (3) p\u00e4iv\u00e4\u00e4 ennen toimeenpanoa. Abero noudattaa aina EU:n ohjes\u00e4\u00e4nt\u00f6\u00e4 2016\/679 \u2013 Yleinen Tietosuoja-asetus. T\u00e4ydellisen sopimuksen l\u00f6yd\u00e4t <a href=\"https:\/\/eur-lex.europa.eu\/legal-content\/EN\/TXT\/PDF\/?uri=CELEX:32016R0679\" target=\"_blank\" rel=\"noopener\">t\u00e4st\u00e4<\/a>.   <\/p>\n<p>Jos sinulla on kysymyksi\u00e4 koskien tietosuojan k\u00e4yt\u00f6nt\u00f6j\u00e4mme, ota yhteytt\u00e4 s\u00e4hk\u00f6postitse: <span style=\"color: #339966;\"><a style=\"color: #339966;\" href=\"mailto:support@abero.fi\">support@abero.fi<\/a><\/span><\/p>\n\t\t\t\t\t\t\t\t<\/div>\n\t\t\t\t\t<\/div>\n\t\t\t\t<\/div>\n\t\t\t\t<\/div>\n\t\t","protected":false},"excerpt":{"rendered":"<p>Tietosuoja 1. Mit\u00e4 tietosuojamme kattaa Vastuussa tiedoistanne on Abero Technologies (Gerbyntie 16, 65230 Vaasa \/ 2902316-9) -t\u00e4st\u00e4 eteenp\u00e4in viitatessa kyseiseen yhti\u00f6\u00f6n, k\u00e4yt\u00f6ss\u00e4 lyhenteet: Abero. Yksityisyys- sek\u00e4 ev\u00e4stek\u00e4yt\u00e4nt\u00f6mme l\u00f6ytyv\u00e4t selitettyin\u00e4 alla. Selvityksest\u00e4 k\u00e4y ilmi mit\u00e4 tietoja ker\u00e4\u00e4mme, mist\u00e4 syyst\u00e4 tietoja ker\u00e4t\u00e4\u00e4n sek\u00e4 kenell\u00e4 on p\u00e4\u00e4sy ker\u00e4ttyihin tietoihin. Selit\u00e4mme my\u00f6s asiakkaan oikeudet sek\u00e4 vaihtoehdot koskien Abero:n ker\u00e4\u00e4mi\u00e4 [&hellip;]<\/p>\n","protected":false},"author":1,"featured_media":0,"parent":0,"menu_order":0,"comment_status":"closed","ping_status":"open","template":"","meta":{"_acf_changed":false,"footnotes":""},"class_list":["post-1599","page","type-page","status-publish","hentry"],"acf":[],"_links":{"self":[{"href":"https:\/\/abero.fi\/fi\/wp-json\/wp\/v2\/pages\/1599","targetHints":{"allow":["GET"]}}],"collection":[{"href":"https:\/\/abero.fi\/fi\/wp-json\/wp\/v2\/pages"}],"about":[{"href":"https:\/\/abero.fi\/fi\/wp-json\/wp\/v2\/types\/page"}],"author":[{"embeddable":true,"href":"https:\/\/abero.fi\/fi\/wp-json\/wp\/v2\/users\/1"}],"replies":[{"embeddable":true,"href":"https:\/\/abero.fi\/fi\/wp-json\/wp\/v2\/comments?post=1599"}],"version-history":[{"count":9,"href":"https:\/\/abero.fi\/fi\/wp-json\/wp\/v2\/pages\/1599\/revisions"}],"predecessor-version":[{"id":1609,"href":"https:\/\/abero.fi\/fi\/wp-json\/wp\/v2\/pages\/1599\/revisions\/1609"}],"wp:attachment":[{"href":"https:\/\/abero.fi\/fi\/wp-json\/wp\/v2\/media?parent=1599"}],"curies":[{"name":"wp","href":"https:\/\/api.w.org\/{rel}","templated":true}]}}