{"id":2160,"date":"2024-08-12T09:46:51","date_gmt":"2024-08-12T09:46:51","guid":{"rendered":"https:\/\/abero.fi\/?page_id=2160"},"modified":"2024-08-13T07:15:37","modified_gmt":"2024-08-13T07:15:37","slug":"intune","status":"publish","type":"page","link":"https:\/\/abero.fi\/fi\/intune\/","title":{"rendered":"Intune"},"content":{"rendered":"\t\t<div data-elementor-type=\"wp-page\" data-elementor-id=\"2160\" class=\"elementor elementor-2160\" data-elementor-post-type=\"page\">\n\t\t\t\t<div class=\"elementor-element elementor-element-5abde98 e-flex e-con-boxed e-con e-parent\" data-id=\"5abde98\" data-element_type=\"container\" data-e-type=\"container\" data-settings=\"{&quot;background_background&quot;:&quot;classic&quot;}\">\n\t\t\t\t\t<div class=\"e-con-inner\">\n\t\t<div class=\"elementor-element elementor-element-9f7093d e-con-full e-flex e-con e-child\" data-id=\"9f7093d\" data-element_type=\"container\" data-e-type=\"container\">\n\t\t\t\t<div class=\"elementor-element elementor-element-c9940d4 elementor-widget elementor-widget-heading\" data-id=\"c9940d4\" data-element_type=\"widget\" data-e-type=\"widget\" data-widget_type=\"heading.default\">\n\t\t\t\t\t<h2 class=\"elementor-heading-title elementor-size-default\">Hallinnoi Maceja\nIntunella<\/h2>\t\t\t\t<\/div>\n\t\t\t\t<div class=\"elementor-element elementor-element-3c2d678 elementor-widget elementor-widget-text-editor\" data-id=\"3c2d678\" data-element_type=\"widget\" data-e-type=\"widget\" data-widget_type=\"text-editor.default\">\n\t\t\t\t\t\t\t\t\t<p>Hy\u00f6dynn\u00e4 nykyist\u00e4 hallintaj\u00e4rjestelm\u00e4\u00e4si ja lis\u00e4\u00e4 MacBookit helposti mukaan.<\/p><p>Haluatko kuulla lis\u00e4\u00e4?<\/p>\t\t\t\t\t\t\t\t<\/div>\n\t\t\t\t<div class=\"elementor-element elementor-element-c5397aa elementor-widget elementor-widget-button\" data-id=\"c5397aa\" data-element_type=\"widget\" data-e-type=\"widget\" data-widget_type=\"button.default\">\n\t\t\t\t\t\t\t\t\t\t<a class=\"elementor-button elementor-button-link elementor-size-sm\" href=\"#intune\">\n\t\t\t\t\t\t<span class=\"elementor-button-content-wrapper\">\n\t\t\t\t\t\t<span class=\"elementor-button-icon\">\n\t\t\t\t<svg aria-hidden=\"true\" class=\"e-font-icon-svg e-fas-chevron-right\" viewBox=\"0 0 320 512\" xmlns=\"http:\/\/www.w3.org\/2000\/svg\"><path d=\"M285.476 272.971L91.132 467.314c-9.373 9.373-24.569 9.373-33.941 0l-22.667-22.667c-9.357-9.357-9.375-24.522-.04-33.901L188.505 256 34.484 101.255c-9.335-9.379-9.317-24.544.04-33.901l22.667-22.667c9.373-9.373 24.569-9.373 33.941 0L285.475 239.03c9.373 9.372 9.373 24.568.001 33.941z\"><\/path><\/svg>\t\t\t<\/span>\n\t\t\t\t\t\t\t\t\t<span class=\"elementor-button-text\">Varaa maksuton yhden tunnin konsultaatio<\/span>\n\t\t\t\t\t<\/span>\n\t\t\t\t\t<\/a>\n\t\t\t\t\t\t\t\t<\/div>\n\t\t\t\t<\/div>\n\t\t<div class=\"elementor-element elementor-element-5603d12 e-con-full e-flex e-con e-child\" data-id=\"5603d12\" data-element_type=\"container\" data-e-type=\"container\">\n\t\t<div class=\"elementor-element elementor-element-c27bae8 e-flex e-con-boxed e-con e-child\" data-id=\"c27bae8\" data-element_type=\"container\" data-e-type=\"container\">\n\t\t\t\t\t<div class=\"e-con-inner\">\n\t\t<div class=\"elementor-element elementor-element-73e4e8c e-flex e-con-boxed e-con e-child\" data-id=\"73e4e8c\" data-element_type=\"container\" data-e-type=\"container\">\n\t\t\t\t\t<div class=\"e-con-inner\">\n\t\t\t\t<div class=\"elementor-element elementor-element-ea7c46a elementor-widget elementor-widget-image\" data-id=\"ea7c46a\" data-element_type=\"widget\" data-e-type=\"widget\" data-widget_type=\"image.default\">\n\t\t\t\t\t\t\t\t\t\t\t\t\t\t\t<img fetchpriority=\"high\" decoding=\"async\" width=\"800\" height=\"514\" src=\"https:\/\/abero.fi\/wp-content\/uploads\/2024\/08\/Abero_Intune-1024x658.webp\" class=\"attachment-large size-large wp-image-2180\" alt=\"Abero_Intune\" srcset=\"https:\/\/abero.fi\/wp-content\/uploads\/2024\/08\/Abero_Intune-1024x658.webp 1024w, https:\/\/abero.fi\/wp-content\/uploads\/2024\/08\/Abero_Intune-300x193.webp 300w, https:\/\/abero.fi\/wp-content\/uploads\/2024\/08\/Abero_Intune-768x493.webp 768w, https:\/\/abero.fi\/wp-content\/uploads\/2024\/08\/Abero_Intune-1536x987.webp 1536w, https:\/\/abero.fi\/wp-content\/uploads\/2024\/08\/Abero_Intune.webp 2000w\" sizes=\"(max-width: 800px) 100vw, 800px\" \/>\t\t\t\t\t\t\t\t\t\t\t\t\t\t\t<\/div>\n\t\t\t\t\t<\/div>\n\t\t\t\t<\/div>\n\t\t\t\t\t<\/div>\n\t\t\t\t<\/div>\n\t\t\t\t<\/div>\n\t\t\t\t\t<\/div>\n\t\t\t\t<\/div>\n\t\t<div class=\"elementor-element elementor-element-69e0c2c e-flex e-con-boxed e-con e-parent\" data-id=\"69e0c2c\" data-element_type=\"container\" data-e-type=\"container\" data-settings=\"{&quot;background_background&quot;:&quot;classic&quot;}\">\n\t\t\t\t\t<div class=\"e-con-inner\">\n\t\t\t\t<div class=\"elementor-element elementor-element-739c35e elementor-widget elementor-widget-image\" data-id=\"739c35e\" data-element_type=\"widget\" data-e-type=\"widget\" data-widget_type=\"image.default\">\n\t\t\t\t\t\t\t\t\t\t\t\t\t\t\t<img decoding=\"async\" width=\"185\" height=\"3\" src=\"https:\/\/abero.fi\/wp-content\/uploads\/2024\/08\/line_intune.svg\" class=\"attachment-large size-large wp-image-2190\" alt=\"\">\t\t\t\t\t\t\t\t\t\t\t\t\t\t\t<\/div>\n\t\t\t\t<div class=\"elementor-element elementor-element-a35cbc1 elementor-widget elementor-widget-heading\" data-id=\"a35cbc1\" data-element_type=\"widget\" data-e-type=\"widget\" data-widget_type=\"heading.default\">\n\t\t\t\t\t<h3 class=\"elementor-heading-title elementor-size-default\">Miksi valita Intune MacBookien hallintaan?<\/h3>\t\t\t\t<\/div>\n\t\t\t\t\t<\/div>\n\t\t\t\t<\/div>\n\t\t<div class=\"elementor-element elementor-element-a78a585 e-flex e-con-boxed e-con e-parent\" data-id=\"a78a585\" data-element_type=\"container\" data-e-type=\"container\" data-settings=\"{&quot;background_background&quot;:&quot;classic&quot;}\">\n\t\t\t\t\t<div class=\"e-con-inner\">\n\t\t<div class=\"elementor-element elementor-element-76085d6 e-con-full e-flex e-con e-child\" data-id=\"76085d6\" data-element_type=\"container\" data-e-type=\"container\">\n\t\t\t\t<div class=\"elementor-element elementor-element-c0ffd42 elementor-position-top elementor-widget elementor-widget-image-box\" data-id=\"c0ffd42\" data-element_type=\"widget\" data-e-type=\"widget\" data-widget_type=\"image-box.default\">\n\t\t\t\t\t<div class=\"elementor-image-box-wrapper\"><figure class=\"elementor-image-box-img\"><img decoding=\"async\" width=\"24\" height=\"24\" src=\"https:\/\/abero.fi\/wp-content\/uploads\/2024\/08\/check_24dp_3474CE_FILL0_wght400_GRAD0_opsz24.svg\" class=\"attachment-2048x2048 size-2048x2048 wp-image-2193\" alt=\"\"><\/figure><div class=\"elementor-image-box-content\"><h3 class=\"elementor-image-box-title\">Yhten\u00e4inen hallinta<\/h3><p class=\"elementor-image-box-description\">K\u00e4yt\u00e4 samaa j\u00e4rjestelm\u00e4\u00e4 Windows- ja Mac-laitteiden hallintaan.<\/p><\/div><\/div>\t\t\t\t<\/div>\n\t\t\t\t<\/div>\n\t\t<div class=\"elementor-element elementor-element-031aca9 e-con-full e-flex e-con e-child\" data-id=\"031aca9\" data-element_type=\"container\" data-e-type=\"container\">\n\t\t\t\t<div class=\"elementor-element elementor-element-381f047 elementor-position-top elementor-widget elementor-widget-image-box\" data-id=\"381f047\" data-element_type=\"widget\" data-e-type=\"widget\" data-widget_type=\"image-box.default\">\n\t\t\t\t\t<div class=\"elementor-image-box-wrapper\"><figure class=\"elementor-image-box-img\"><img decoding=\"async\" width=\"24\" height=\"24\" src=\"https:\/\/abero.fi\/wp-content\/uploads\/2024\/08\/check_24dp_3474CE_FILL0_wght400_GRAD0_opsz24.svg\" class=\"attachment-2048x2048 size-2048x2048 wp-image-2193\" alt=\"\"><\/figure><div class=\"elementor-image-box-content\"><h3 class=\"elementor-image-box-title\">Turvallisuus<\/h3><p class=\"elementor-image-box-description\">Varmista tietoturva ja noudatat yrityksesi tietosuojak\u00e4yt\u00e4nt\u00f6j\u00e4.<\/p><\/div><\/div>\t\t\t\t<\/div>\n\t\t\t\t<\/div>\n\t\t\t\t\t<\/div>\n\t\t\t\t<\/div>\n\t\t<div class=\"elementor-element elementor-element-8f25a2c e-flex e-con-boxed e-con e-parent\" data-id=\"8f25a2c\" data-element_type=\"container\" data-e-type=\"container\" data-settings=\"{&quot;background_background&quot;:&quot;classic&quot;}\">\n\t\t\t\t\t<div class=\"e-con-inner\">\n\t\t<div class=\"elementor-element elementor-element-78d1d04 e-con-full e-flex e-con e-child\" data-id=\"78d1d04\" data-element_type=\"container\" data-e-type=\"container\">\n\t\t\t\t<div class=\"elementor-element elementor-element-b65f8c8 elementor-position-top elementor-widget elementor-widget-image-box\" data-id=\"b65f8c8\" data-element_type=\"widget\" data-e-type=\"widget\" data-widget_type=\"image-box.default\">\n\t\t\t\t\t<div class=\"elementor-image-box-wrapper\"><figure class=\"elementor-image-box-img\"><img decoding=\"async\" width=\"24\" height=\"24\" src=\"https:\/\/abero.fi\/wp-content\/uploads\/2024\/08\/check_24dp_3474CE_FILL0_wght400_GRAD0_opsz24.svg\" class=\"attachment-2048x2048 size-2048x2048 wp-image-2193\" alt=\"\"><\/figure><div class=\"elementor-image-box-content\"><h3 class=\"elementor-image-box-title\">Tehokkuus<\/h3><p class=\"elementor-image-box-description\">S\u00e4\u00e4st\u00e4 aikaa ja resursseja keskitetyn hallinnan ansiosta.<\/p><\/div><\/div>\t\t\t\t<\/div>\n\t\t\t\t<\/div>\n\t\t<div class=\"elementor-element elementor-element-7621857 e-con-full e-flex e-con e-child\" data-id=\"7621857\" data-element_type=\"container\" data-e-type=\"container\">\n\t\t\t\t<div class=\"elementor-element elementor-element-f0a8966 elementor-position-top elementor-widget elementor-widget-image-box\" data-id=\"f0a8966\" data-element_type=\"widget\" data-e-type=\"widget\" data-widget_type=\"image-box.default\">\n\t\t\t\t\t<div class=\"elementor-image-box-wrapper\"><figure class=\"elementor-image-box-img\"><img decoding=\"async\" width=\"24\" height=\"24\" src=\"https:\/\/abero.fi\/wp-content\/uploads\/2024\/08\/check_24dp_3474CE_FILL0_wght400_GRAD0_opsz24.svg\" class=\"attachment-2048x2048 size-2048x2048 wp-image-2193\" alt=\"\"><\/figure><div class=\"elementor-image-box-content\"><h3 class=\"elementor-image-box-title\">K\u00e4ytt\u00e4j\u00e4yst\u00e4v\u00e4llisyys<\/h3><p class=\"elementor-image-box-description\">Tarjoa ty\u00f6ntekij\u00f6illesi saumaton ja turvallinen ty\u00f6skentelykokemus.<\/p><\/div><\/div>\t\t\t\t<\/div>\n\t\t\t\t<\/div>\n\t\t\t\t\t<\/div>\n\t\t\t\t<\/div>\n\t\t<div class=\"elementor-element elementor-element-f4e315b e-flex e-con-boxed e-con e-parent\" data-id=\"f4e315b\" data-element_type=\"container\" data-e-type=\"container\">\n\t\t\t\t\t<div class=\"e-con-inner\">\n\t\t<div class=\"elementor-element elementor-element-b7f3110 e-con-full e-flex e-con e-child\" data-id=\"b7f3110\" data-element_type=\"container\" data-e-type=\"container\">\n\t\t\t\t<div class=\"elementor-element elementor-element-ba05ee4 elementor-widget elementor-widget-image\" data-id=\"ba05ee4\" data-element_type=\"widget\" data-e-type=\"widget\" data-widget_type=\"image.default\">\n\t\t\t\t\t\t\t\t\t\t\t\t\t\t\t<img decoding=\"async\" width=\"185\" height=\"3\" src=\"https:\/\/abero.fi\/wp-content\/uploads\/2024\/08\/line_intune.svg\" class=\"attachment-large size-large wp-image-2190\" alt=\"\">\t\t\t\t\t\t\t\t\t\t\t\t\t\t\t<\/div>\n\t\t\t\t<div class=\"elementor-element elementor-element-cd44946 elementor-widget elementor-widget-heading\" data-id=\"cd44946\" data-element_type=\"widget\" data-e-type=\"widget\" data-widget_type=\"heading.default\">\n\t\t\t\t\t<h3 class=\"elementor-heading-title elementor-size-default\">Katso alla oleva video ja opi lis\u00e4\u00e4,\nmiten Intune voi tehostaa MacBookien\nhallintaa yrityksess\u00e4si.\n<\/h3>\t\t\t\t<\/div>\n\t\t\t\t<\/div>\n\t\t\t\t\t<\/div>\n\t\t\t\t<\/div>\n\t\t<div class=\"elementor-element elementor-element-86b1fca e-flex e-con-boxed e-con e-parent\" data-id=\"86b1fca\" data-element_type=\"container\" data-e-type=\"container\">\n\t\t\t\t\t<div class=\"e-con-inner\">\n\t\t\t\t<div class=\"elementor-element elementor-element-d608158 elementor-widget elementor-widget-video\" data-id=\"d608158\" data-element_type=\"widget\" data-e-type=\"widget\" data-settings=\"{&quot;youtube_url&quot;:&quot;https:\\\/\\\/www.youtube.com\\\/watch?v=wj1kXp_Rew0&quot;,&quot;yt_privacy&quot;:&quot;yes&quot;,&quot;lazy_load&quot;:&quot;yes&quot;,&quot;video_type&quot;:&quot;youtube&quot;,&quot;controls&quot;:&quot;yes&quot;}\" data-widget_type=\"video.default\">\n\t\t\t\t\t\t\t<div class=\"elementor-wrapper elementor-open-inline\">\n\t\t\t<div class=\"elementor-video\"><\/div>\t\t<\/div>\n\t\t\t\t\t\t<\/div>\n\t\t\t\t\t<\/div>\n\t\t\t\t<\/div>\n\t\t<main class=\"elementor-element elementor-element-5080538 e-flex e-con-boxed e-con e-parent\" data-id=\"5080538\" data-element_type=\"container\" data-e-type=\"container\">\n\t\t\t\t\t<div class=\"e-con-inner\">\n\t\t<div class=\"elementor-element elementor-element-c04215d e-con-full e-flex e-con e-child\" data-id=\"c04215d\" data-element_type=\"container\" data-e-type=\"container\">\n\t\t\t\t<div class=\"elementor-element elementor-element-af13007 elementor-widget elementor-widget-heading\" data-id=\"af13007\" data-element_type=\"widget\" data-e-type=\"widget\" data-widget_type=\"heading.default\">\n\t\t\t\t\t<h2 class=\"elementor-heading-title elementor-size-default\">Varaa maksuton yhden tunnin konsultaatio<\/h2>\t\t\t\t<\/div>\n\t\t\t\t<div class=\"elementor-element elementor-element-03c9fcd elementor-widget elementor-widget-text-editor\" data-id=\"03c9fcd\" data-element_type=\"widget\" data-e-type=\"widget\" data-widget_type=\"text-editor.default\">\n\t\t\t\t\t\t\t\t\t<p>Haluatko kuulla lis\u00e4\u00e4? Tarjoamme nyt yrityksille maksuttoman yhden tunnin konsultaatioajan, jossa asiantuntijamme kertovat, miten voit hy\u00f6dynt\u00e4\u00e4 Intunea parhaalla mahdollisella tavalla.<\/p><p>T\u00e4yt\u00e4 alla oleva lomake ja varaa oma aikasi jo t\u00e4n\u00e4\u00e4n!<\/p>\t\t\t\t\t\t\t\t<\/div>\n\t\t\t\t<div class=\"elementor-element elementor-element-c98b9d9 elementor-widget elementor-widget-button\" data-id=\"c98b9d9\" data-element_type=\"widget\" data-e-type=\"widget\" data-widget_type=\"button.default\">\n\t\t\t\t\t\t\t\t\t\t<a class=\"elementor-button elementor-button-link elementor-size-sm\" href=\"#intune\">\n\t\t\t\t\t\t<span class=\"elementor-button-content-wrapper\">\n\t\t\t\t\t\t<span class=\"elementor-button-icon\">\n\t\t\t\t<svg aria-hidden=\"true\" class=\"e-font-icon-svg e-fas-chevron-right\" viewBox=\"0 0 320 512\" xmlns=\"http:\/\/www.w3.org\/2000\/svg\"><path d=\"M285.476 272.971L91.132 467.314c-9.373 9.373-24.569 9.373-33.941 0l-22.667-22.667c-9.357-9.357-9.375-24.522-.04-33.901L188.505 256 34.484 101.255c-9.335-9.379-9.317-24.544.04-33.901l22.667-22.667c9.373-9.373 24.569-9.373 33.941 0L285.475 239.03c9.373 9.372 9.373 24.568.001 33.941z\"><\/path><\/svg>\t\t\t<\/span>\n\t\t\t\t\t\t\t\t\t<span class=\"elementor-button-text\">Varaa maksuton yhden tunnin konsultaatio<\/span>\n\t\t\t\t\t<\/span>\n\t\t\t\t\t<\/a>\n\t\t\t\t\t\t\t\t<\/div>\n\t\t\t\t<\/div>\n\t\t<div class=\"elementor-element elementor-element-23c9371 e-con-full e-flex e-con e-child\" data-id=\"23c9371\" data-element_type=\"container\" data-e-type=\"container\">\n\t\t\t\t<div class=\"elementor-element elementor-element-d79c4de elementor-widget elementor-widget-image\" data-id=\"d79c4de\" data-element_type=\"widget\" data-e-type=\"widget\" data-widget_type=\"image.default\">\n\t\t\t\t\t\t\t\t\t\t\t\t\t\t\t<img loading=\"lazy\" decoding=\"async\" width=\"800\" height=\"800\" src=\"https:\/\/abero.fi\/wp-content\/uploads\/2024\/08\/Abero_InTune-Emma-Konsultaatio.webp\" class=\"attachment-large size-large wp-image-2247\" alt=\"Abero_InTune-Emma-Konsultaatio\" srcset=\"https:\/\/abero.fi\/wp-content\/uploads\/2024\/08\/Abero_InTune-Emma-Konsultaatio.webp 1000w, https:\/\/abero.fi\/wp-content\/uploads\/2024\/08\/Abero_InTune-Emma-Konsultaatio-300x300.webp 300w, https:\/\/abero.fi\/wp-content\/uploads\/2024\/08\/Abero_InTune-Emma-Konsultaatio-150x150.webp 150w, https:\/\/abero.fi\/wp-content\/uploads\/2024\/08\/Abero_InTune-Emma-Konsultaatio-768x768.webp 768w\" sizes=\"(max-width: 800px) 100vw, 800px\" \/>\t\t\t\t\t\t\t\t\t\t\t\t\t\t\t<\/div>\n\t\t\t\t<\/div>\n\t\t\t\t\t<\/div>\n\t\t\t\t<\/main>\n\t\t<div class=\"elementor-element elementor-element-0e7d57b e-flex e-con-boxed e-con e-parent\" data-id=\"0e7d57b\" data-element_type=\"container\" data-e-type=\"container\">\n\t\t\t\t\t<div class=\"e-con-inner\">\n\t\t\t\t<div class=\"elementor-element elementor-element-4325865 elementor-widget elementor-widget-menu-anchor\" data-id=\"4325865\" data-element_type=\"widget\" data-e-type=\"widget\" data-widget_type=\"menu-anchor.default\">\n\t\t\t\t\t\t\t<div class=\"elementor-menu-anchor\" id=\"intune\"><\/div>\n\t\t\t\t\t\t<\/div>\n\t\t\t\t\t<\/div>\n\t\t\t\t<\/div>\n\t\t<div class=\"elementor-element elementor-element-fc54d82 e-flex e-con-boxed e-con e-parent\" data-id=\"fc54d82\" data-element_type=\"container\" data-e-type=\"container\">\n\t\t\t\t\t<div class=\"e-con-inner\">\n\t\t\t\t<div class=\"elementor-element elementor-element-fd87996 elementor-widget elementor-widget-html\" data-id=\"fd87996\" data-element_type=\"widget\" data-e-type=\"widget\" data-widget_type=\"html.default\">\n\t\t\t\t\t\n<script charset=\"utf-8\" type=\"text\/javascript\" src=\"\/\/js-eu1.hsforms.net\/forms\/embed\/v2.js\"><\/script>\n<script>\n  hbspt.forms.create({\n    region: \"eu1\",\n    portalId: \"27243426\",\n    formId: \"37eb1dc7-760d-4476-a1f5-5c8f36103f6a\"\n  });\n<\/script>\t\t\t\t<\/div>\n\t\t\t\t\t<\/div>\n\t\t\t\t<\/div>\n\t\t\t\t<\/div>\n\t\t","protected":false},"excerpt":{"rendered":"<p>Hallinnoi Maceja Intunella Hy\u00f6dynn\u00e4 nykyist\u00e4 hallintaj\u00e4rjestelm\u00e4\u00e4si ja lis\u00e4\u00e4 MacBookit helposti mukaan. Haluatko kuulla lis\u00e4\u00e4? Varaa maksuton yhden tunnin konsultaatio Miksi valita Intune MacBookien hallintaan? Yhten\u00e4inen hallinta K\u00e4yt\u00e4 samaa j\u00e4rjestelm\u00e4\u00e4 Windows- ja Mac-laitteiden hallintaan. Turvallisuus Varmista tietoturva ja noudatat yrityksesi tietosuojak\u00e4yt\u00e4nt\u00f6j\u00e4. Tehokkuus S\u00e4\u00e4st\u00e4 aikaa ja resursseja keskitetyn hallinnan ansiosta. K\u00e4ytt\u00e4j\u00e4yst\u00e4v\u00e4llisyys Tarjoa ty\u00f6ntekij\u00f6illesi saumaton ja turvallinen ty\u00f6skentelykokemus. [&hellip;]<\/p>\n","protected":false},"author":2,"featured_media":0,"parent":0,"menu_order":0,"comment_status":"closed","ping_status":"closed","template":"","meta":{"_acf_changed":false,"footnotes":""},"class_list":["post-2160","page","type-page","status-publish","hentry"],"acf":[],"_links":{"self":[{"href":"https:\/\/abero.fi\/fi\/wp-json\/wp\/v2\/pages\/2160","targetHints":{"allow":["GET"]}}],"collection":[{"href":"https:\/\/abero.fi\/fi\/wp-json\/wp\/v2\/pages"}],"about":[{"href":"https:\/\/abero.fi\/fi\/wp-json\/wp\/v2\/types\/page"}],"author":[{"embeddable":true,"href":"https:\/\/abero.fi\/fi\/wp-json\/wp\/v2\/users\/2"}],"replies":[{"embeddable":true,"href":"https:\/\/abero.fi\/fi\/wp-json\/wp\/v2\/comments?post=2160"}],"version-history":[{"count":87,"href":"https:\/\/abero.fi\/fi\/wp-json\/wp\/v2\/pages\/2160\/revisions"}],"predecessor-version":[{"id":2283,"href":"https:\/\/abero.fi\/fi\/wp-json\/wp\/v2\/pages\/2160\/revisions\/2283"}],"wp:attachment":[{"href":"https:\/\/abero.fi\/fi\/wp-json\/wp\/v2\/media?parent=2160"}],"curies":[{"name":"wp","href":"https:\/\/api.w.org\/{rel}","templated":true}]}}