{"id":2554,"date":"2024-11-11T12:38:46","date_gmt":"2024-11-11T12:38:46","guid":{"rendered":"https:\/\/abero.fi\/hyokkaava-tietoturva\/"},"modified":"2024-11-13T11:30:48","modified_gmt":"2024-11-13T11:30:48","slug":"hyokkaava-tietoturva","status":"publish","type":"page","link":"https:\/\/abero.fi\/fi\/hyokkaava-tietoturva\/","title":{"rendered":"Hy\u00f6kk\u00e4\u00e4v\u00e4 tietoturva"},"content":{"rendered":"\t\t<div data-elementor-type=\"wp-page\" data-elementor-id=\"2554\" class=\"elementor elementor-2554 elementor-2454\" data-elementor-post-type=\"page\">\n\t\t\t\t<main class=\"elementor-element elementor-element-aa71ac1 e-flex e-con-boxed e-con e-parent\" data-id=\"aa71ac1\" data-element_type=\"container\" data-e-type=\"container\">\n\t\t\t\t\t<div class=\"e-con-inner\">\n\t\t<div class=\"elementor-element elementor-element-53d6a8d e-con-full e-flex e-con e-child\" data-id=\"53d6a8d\" data-element_type=\"container\" data-e-type=\"container\">\n\t\t\t\t<div class=\"elementor-element elementor-element-9bd748c elementor-widget elementor-widget-image\" data-id=\"9bd748c\" data-element_type=\"widget\" data-e-type=\"widget\" data-widget_type=\"image.default\">\n\t\t\t\t\t\t\t\t\t\t\t\t\t\t\t<img fetchpriority=\"high\" decoding=\"async\" width=\"705\" height=\"94\" src=\"https:\/\/abero.fi\/wp-content\/uploads\/2024\/11\/Abero-Infosec_Logo-Horizontal_Black.svg\" class=\"attachment-large size-large wp-image-2373\" alt=\"Abero-Infosec_Logo-Horizontal_Black\" \/>\t\t\t\t\t\t\t\t\t\t\t\t\t\t\t<\/div>\n\t\t\t\t<\/div>\n\t\t<div class=\"elementor-element elementor-element-39af07e e-con-full e-flex e-con e-child\" data-id=\"39af07e\" data-element_type=\"container\" data-e-type=\"container\">\n\t\t\t\t<div class=\"elementor-element elementor-element-2cb235e elementor-position-left elementor-vertical-align-top elementor-widget elementor-widget-image-box\" data-id=\"2cb235e\" data-element_type=\"widget\" data-e-type=\"widget\" data-widget_type=\"image-box.default\">\n\t\t\t\t\t<div class=\"elementor-image-box-wrapper\"><figure class=\"elementor-image-box-img\"><img decoding=\"async\" width=\"91\" height=\"95\" src=\"https:\/\/abero.fi\/wp-content\/uploads\/2024\/11\/OffensiveSecurity.svg\" class=\"attachment-large size-large wp-image-2393\" alt=\"OffensiveSecurity\" \/><\/figure><div class=\"elementor-image-box-content\"><h2 class=\"elementor-image-box-title\">Hy\u00f6kk\u00e4\u00e4v\u00e4 tietoturva<\/h2><p class=\"elementor-image-box-description\">Maailmanluokan tunkeutumispalvelut, jotka keskittyv\u00e4t tarjoamaan enemm\u00e4n\nkuin pelkk\u00e4\u00e4 vaatimustenmukaisuuden arvoa.<\/p><\/div><\/div>\t\t\t\t<\/div>\n\t\t\t\t<\/div>\n\t\t\t\t\t<\/div>\n\t\t\t\t<\/main>\n\t\t<div class=\"elementor-element elementor-element-12a3533 e-flex e-con-boxed e-con e-parent\" data-id=\"12a3533\" data-element_type=\"container\" data-e-type=\"container\" data-settings=\"{&quot;background_background&quot;:&quot;classic&quot;}\">\n\t\t\t\t\t<div class=\"e-con-inner\">\n\t\t<div class=\"elementor-element elementor-element-b3e637c e-con-full e-flex e-con e-child\" data-id=\"b3e637c\" data-element_type=\"container\" data-e-type=\"container\">\n\t\t\t\t<div class=\"elementor-element elementor-element-5174bb5 elementor-widget elementor-widget-image\" data-id=\"5174bb5\" data-element_type=\"widget\" data-e-type=\"widget\" data-widget_type=\"image.default\">\n\t\t\t\t\t\t\t\t\t\t\t\t\t\t\t<img decoding=\"async\" width=\"1\" height=\"1\" src=\"https:\/\/abero.fi\/wp-content\/uploads\/2024\/11\/square.svg\" class=\"attachment-large size-large wp-image-2464\" alt=\"\">\t\t\t\t\t\t\t\t\t\t\t\t\t\t\t<\/div>\n\t\t\t\t<div class=\"elementor-element elementor-element-6b47f9a elementor-widget elementor-widget-heading\" data-id=\"6b47f9a\" data-element_type=\"widget\" data-e-type=\"widget\" data-widget_type=\"heading.default\">\n\t\t\t\t\t<h2 class=\"elementor-heading-title elementor-size-default\">Palvelut<\/h2>\t\t\t\t<\/div>\n\t\t\t\t<div class=\"elementor-element elementor-element-3e3cc20 elementor-widget elementor-widget-text-editor\" data-id=\"3e3cc20\" data-element_type=\"widget\" data-e-type=\"widget\" data-widget_type=\"text-editor.default\">\n\t\t\t\t\t\t\t\t\t<p>Abero Infosecin hy\u00f6kk\u00e4\u00e4v\u00e4n tietoturvan palvelut on suunniteltu k\u00e4sittelem\u00e4\u00e4n todellisia tietoturvahaasteita ja varmistamaan vaatimustenmukaisuus alan s\u00e4\u00e4d\u00f6sten kanssa. Suorittamalla perusteellisia arviointeja, kuten tunkeutumistestausta ja red teaming -simulointeja, Abero Infosec auttaa organisaatioita tunnistamaan ja lievent\u00e4m\u00e4\u00e4n haavoittuvuuksia niiden IT-infrastruktuurissa. <\/p>\n<p>He tarjoavat erikoistuneita palveluja, kuten sovellusten tunkeutumistestausta ja fyysist\u00e4 tunkeutumistestausta kattaakseen sek\u00e4 digitaalisen ett\u00e4 fyysisen turvallisuuden osa-alueet. Lis\u00e4ksi Abero Infosec tarjoaa phishing- ja sosiaalisen manipuloinnin simulointeja vahvistaakseen puolustuksia inhimillisiin hy\u00f6kk\u00e4yksiin vastaan sek\u00e4 turvallisuuskoulutusta kehitt\u00e4jille edist\u00e4\u00e4kseen turvallisten koodausk\u00e4yt\u00e4nt\u00f6jen omaksumista. <\/p>\n\t\t\t\t\t\t\t\t<\/div>\n\t\t\t\t<\/div>\n\t\t<div class=\"elementor-element elementor-element-b35951c e-con-full e-flex e-con e-child\" data-id=\"b35951c\" data-element_type=\"container\" data-e-type=\"container\">\n\t\t\t\t<div class=\"elementor-element elementor-element-e367f4d elementor-widget elementor-widget-toggle\" data-id=\"e367f4d\" data-element_type=\"widget\" data-e-type=\"widget\" data-widget_type=\"toggle.default\">\n\t\t\t\t\t\t\t<div class=\"elementor-toggle\">\n\t\t\t\t\t\t\t<div class=\"elementor-toggle-item\">\n\t\t\t\t\t<h4 id=\"elementor-tab-title-2381\" class=\"elementor-tab-title\" data-tab=\"1\" role=\"button\" aria-controls=\"elementor-tab-content-2381\" aria-expanded=\"false\">\n\t\t\t\t\t\t\t\t\t\t\t\t<span class=\"elementor-toggle-icon elementor-toggle-icon-right\" aria-hidden=\"true\">\n\t\t\t\t\t\t\t\t\t\t\t\t\t\t\t<span class=\"elementor-toggle-icon-closed\"><svg class=\"e-font-icon-svg e-fas-angle-down\" viewBox=\"0 0 320 512\" xmlns=\"http:\/\/www.w3.org\/2000\/svg\"><path d=\"M143 352.3L7 216.3c-9.4-9.4-9.4-24.6 0-33.9l22.6-22.6c9.4-9.4 24.6-9.4 33.9 0l96.4 96.4 96.4-96.4c9.4-9.4 24.6-9.4 33.9 0l22.6 22.6c9.4 9.4 9.4 24.6 0 33.9l-136 136c-9.2 9.4-24.4 9.4-33.8 0z\"><\/path><\/svg><\/span>\n\t\t\t\t\t\t\t\t<span class=\"elementor-toggle-icon-opened\"><svg class=\"elementor-toggle-icon-opened e-font-icon-svg e-fas-angle-up\" viewBox=\"0 0 320 512\" xmlns=\"http:\/\/www.w3.org\/2000\/svg\"><path d=\"M177 159.7l136 136c9.4 9.4 9.4 24.6 0 33.9l-22.6 22.6c-9.4 9.4-24.6 9.4-33.9 0L160 255.9l-96.4 96.4c-9.4 9.4-24.6 9.4-33.9 0L7 329.7c-9.4-9.4-9.4-24.6 0-33.9l136-136c9.4-9.5 24.6-9.5 34-.1z\"><\/path><\/svg><\/span>\n\t\t\t\t\t\t\t\t\t\t\t\t\t<\/span>\n\t\t\t\t\t\t\t\t\t\t\t\t<a class=\"elementor-toggle-title\" tabindex=\"0\">Tunkeutumistestaus<\/a>\n\t\t\t\t\t<\/h4>\n\n\t\t\t\t\t<div id=\"elementor-tab-content-2381\" class=\"elementor-tab-content elementor-clearfix\" data-tab=\"1\" role=\"region\" aria-labelledby=\"elementor-tab-title-2381\"><p>Tunkeutumistestaus ja haavoittuvuuksien arviointi yrityksiss\u00e4 ovat yh\u00e4 yleisempi\u00e4, kun yritykset tulevat yh\u00e4 riippuvaisemmiksi IT-j\u00e4rjestelmist\u00e4 ja niihin tallennettavista arkaluonteisista tiedoista. Yritysten on ehk\u00e4 noudatettava kansainv\u00e4lisi\u00e4 standardeja ja vaatimuksia, jotka edellytt\u00e4v\u00e4t s\u00e4\u00e4nn\u00f6llist\u00e4 testausta. T\u00e4m\u00e4 voi sis\u00e4lt\u00e4\u00e4 standardeja, kuten PCI-tietoturvastandardi, jonka mukaan yritysten on suoritettava testausta, kuten tunkeutumistestausta, p\u00e4tevien tahojen toimesta.  <\/p>\n<\/div>\n\t\t\t\t<\/div>\n\t\t\t\t\t\t\t<div class=\"elementor-toggle-item\">\n\t\t\t\t\t<h4 id=\"elementor-tab-title-2382\" class=\"elementor-tab-title\" data-tab=\"2\" role=\"button\" aria-controls=\"elementor-tab-content-2382\" aria-expanded=\"false\">\n\t\t\t\t\t\t\t\t\t\t\t\t<span class=\"elementor-toggle-icon elementor-toggle-icon-right\" aria-hidden=\"true\">\n\t\t\t\t\t\t\t\t\t\t\t\t\t\t\t<span class=\"elementor-toggle-icon-closed\"><svg class=\"e-font-icon-svg e-fas-angle-down\" viewBox=\"0 0 320 512\" xmlns=\"http:\/\/www.w3.org\/2000\/svg\"><path d=\"M143 352.3L7 216.3c-9.4-9.4-9.4-24.6 0-33.9l22.6-22.6c9.4-9.4 24.6-9.4 33.9 0l96.4 96.4 96.4-96.4c9.4-9.4 24.6-9.4 33.9 0l22.6 22.6c9.4 9.4 9.4 24.6 0 33.9l-136 136c-9.2 9.4-24.4 9.4-33.8 0z\"><\/path><\/svg><\/span>\n\t\t\t\t\t\t\t\t<span class=\"elementor-toggle-icon-opened\"><svg class=\"elementor-toggle-icon-opened e-font-icon-svg e-fas-angle-up\" viewBox=\"0 0 320 512\" xmlns=\"http:\/\/www.w3.org\/2000\/svg\"><path d=\"M177 159.7l136 136c9.4 9.4 9.4 24.6 0 33.9l-22.6 22.6c-9.4 9.4-24.6 9.4-33.9 0L160 255.9l-96.4 96.4c-9.4 9.4-24.6 9.4-33.9 0L7 329.7c-9.4-9.4-9.4-24.6 0-33.9l136-136c9.4-9.5 24.6-9.5 34-.1z\"><\/path><\/svg><\/span>\n\t\t\t\t\t\t\t\t\t\t\t\t\t<\/span>\n\t\t\t\t\t\t\t\t\t\t\t\t<a class=\"elementor-toggle-title\" tabindex=\"0\">Sovellusten tunkeutumistestaus<\/a>\n\t\t\t\t\t<\/h4>\n\n\t\t\t\t\t<div id=\"elementor-tab-content-2382\" class=\"elementor-tab-content elementor-clearfix\" data-tab=\"2\" role=\"region\" aria-labelledby=\"elementor-tab-title-2382\"><p>Voimme auttaa tunnistamaan riskit ja haavoittuvuudet koodissasi sek\u00e4 nostamaan turvallisuustason ennen k\u00e4ytt\u00f6\u00f6nottoa.<\/p>\n<\/div>\n\t\t\t\t<\/div>\n\t\t\t\t\t\t\t<div class=\"elementor-toggle-item\">\n\t\t\t\t\t<h4 id=\"elementor-tab-title-2383\" class=\"elementor-tab-title\" data-tab=\"3\" role=\"button\" aria-controls=\"elementor-tab-content-2383\" aria-expanded=\"false\">\n\t\t\t\t\t\t\t\t\t\t\t\t<span class=\"elementor-toggle-icon elementor-toggle-icon-right\" aria-hidden=\"true\">\n\t\t\t\t\t\t\t\t\t\t\t\t\t\t\t<span class=\"elementor-toggle-icon-closed\"><svg class=\"e-font-icon-svg e-fas-angle-down\" viewBox=\"0 0 320 512\" xmlns=\"http:\/\/www.w3.org\/2000\/svg\"><path d=\"M143 352.3L7 216.3c-9.4-9.4-9.4-24.6 0-33.9l22.6-22.6c9.4-9.4 24.6-9.4 33.9 0l96.4 96.4 96.4-96.4c9.4-9.4 24.6-9.4 33.9 0l22.6 22.6c9.4 9.4 9.4 24.6 0 33.9l-136 136c-9.2 9.4-24.4 9.4-33.8 0z\"><\/path><\/svg><\/span>\n\t\t\t\t\t\t\t\t<span class=\"elementor-toggle-icon-opened\"><svg class=\"elementor-toggle-icon-opened e-font-icon-svg e-fas-angle-up\" viewBox=\"0 0 320 512\" xmlns=\"http:\/\/www.w3.org\/2000\/svg\"><path d=\"M177 159.7l136 136c9.4 9.4 9.4 24.6 0 33.9l-22.6 22.6c-9.4 9.4-24.6 9.4-33.9 0L160 255.9l-96.4 96.4c-9.4 9.4-24.6 9.4-33.9 0L7 329.7c-9.4-9.4-9.4-24.6 0-33.9l136-136c9.4-9.5 24.6-9.5 34-.1z\"><\/path><\/svg><\/span>\n\t\t\t\t\t\t\t\t\t\t\t\t\t<\/span>\n\t\t\t\t\t\t\t\t\t\t\t\t<a class=\"elementor-toggle-title\" tabindex=\"0\">Red Teaming<\/a>\n\t\t\t\t\t<\/h4>\n\n\t\t\t\t\t<div id=\"elementor-tab-content-2383\" class=\"elementor-tab-content elementor-clearfix\" data-tab=\"3\" role=\"region\" aria-labelledby=\"elementor-tab-title-2383\"><p>Vastatakseen &#8221;tavallisen pen-testauksen&#8221; puutteisiin, k\u00e4yt\u00e4mme omaa ainutlaatuista metodologiamme, jota kutsumme Tavoitteellisesti Suunnitelluksi Hy\u00f6kk\u00e4ykseksi (Goal Oriented Attack). L\u00e4hestymme asiakkaitamme tavalla, joka j\u00e4ljittelee huomattavasti tarkemmin todellisen haitallisen hy\u00f6kk\u00e4\u00e4j\u00e4n k\u00e4ytt\u00e4m\u00e4\u00e4 prosessia. Jokainen yhteisty\u00f6 on ainutlaatuinen, ja r\u00e4\u00e4t\u00e4l\u00f6imme jokaisen projektin asiakkaan ja heid\u00e4n tarpeidensa mukaan.  <\/p>\n<\/div>\n\t\t\t\t<\/div>\n\t\t\t\t\t\t\t<div class=\"elementor-toggle-item\">\n\t\t\t\t\t<h4 id=\"elementor-tab-title-2384\" class=\"elementor-tab-title\" data-tab=\"4\" role=\"button\" aria-controls=\"elementor-tab-content-2384\" aria-expanded=\"false\">\n\t\t\t\t\t\t\t\t\t\t\t\t<span class=\"elementor-toggle-icon elementor-toggle-icon-right\" aria-hidden=\"true\">\n\t\t\t\t\t\t\t\t\t\t\t\t\t\t\t<span class=\"elementor-toggle-icon-closed\"><svg class=\"e-font-icon-svg e-fas-angle-down\" viewBox=\"0 0 320 512\" xmlns=\"http:\/\/www.w3.org\/2000\/svg\"><path d=\"M143 352.3L7 216.3c-9.4-9.4-9.4-24.6 0-33.9l22.6-22.6c9.4-9.4 24.6-9.4 33.9 0l96.4 96.4 96.4-96.4c9.4-9.4 24.6-9.4 33.9 0l22.6 22.6c9.4 9.4 9.4 24.6 0 33.9l-136 136c-9.2 9.4-24.4 9.4-33.8 0z\"><\/path><\/svg><\/span>\n\t\t\t\t\t\t\t\t<span class=\"elementor-toggle-icon-opened\"><svg class=\"elementor-toggle-icon-opened e-font-icon-svg e-fas-angle-up\" viewBox=\"0 0 320 512\" xmlns=\"http:\/\/www.w3.org\/2000\/svg\"><path d=\"M177 159.7l136 136c9.4 9.4 9.4 24.6 0 33.9l-22.6 22.6c-9.4 9.4-24.6 9.4-33.9 0L160 255.9l-96.4 96.4c-9.4 9.4-24.6 9.4-33.9 0L7 329.7c-9.4-9.4-9.4-24.6 0-33.9l136-136c9.4-9.5 24.6-9.5 34-.1z\"><\/path><\/svg><\/span>\n\t\t\t\t\t\t\t\t\t\t\t\t\t<\/span>\n\t\t\t\t\t\t\t\t\t\t\t\t<a class=\"elementor-toggle-title\" tabindex=\"0\">Tietoturvakoulutus kehitt\u00e4jille<\/a>\n\t\t\t\t\t<\/h4>\n\n\t\t\t\t\t<div id=\"elementor-tab-content-2384\" class=\"elementor-tab-content elementor-clearfix\" data-tab=\"4\" role=\"region\" aria-labelledby=\"elementor-tab-title-2384\"><p>Ainutlaatuinen koulutusalusta ja k\u00e4yt\u00e4nn\u00f6n koulutus, joka on r\u00e4\u00e4t\u00e4l\u00f6ity kehitt\u00e4jille antaen heille todellisen maailmankuvan haavoittuvan koodin kirjoittamisen vaikutuksista.<\/p>\n<\/div>\n\t\t\t\t<\/div>\n\t\t\t\t\t\t\t<div class=\"elementor-toggle-item\">\n\t\t\t\t\t<h4 id=\"elementor-tab-title-2385\" class=\"elementor-tab-title\" data-tab=\"5\" role=\"button\" aria-controls=\"elementor-tab-content-2385\" aria-expanded=\"false\">\n\t\t\t\t\t\t\t\t\t\t\t\t<span class=\"elementor-toggle-icon elementor-toggle-icon-right\" aria-hidden=\"true\">\n\t\t\t\t\t\t\t\t\t\t\t\t\t\t\t<span class=\"elementor-toggle-icon-closed\"><svg class=\"e-font-icon-svg e-fas-angle-down\" viewBox=\"0 0 320 512\" xmlns=\"http:\/\/www.w3.org\/2000\/svg\"><path d=\"M143 352.3L7 216.3c-9.4-9.4-9.4-24.6 0-33.9l22.6-22.6c9.4-9.4 24.6-9.4 33.9 0l96.4 96.4 96.4-96.4c9.4-9.4 24.6-9.4 33.9 0l22.6 22.6c9.4 9.4 9.4 24.6 0 33.9l-136 136c-9.2 9.4-24.4 9.4-33.8 0z\"><\/path><\/svg><\/span>\n\t\t\t\t\t\t\t\t<span class=\"elementor-toggle-icon-opened\"><svg class=\"elementor-toggle-icon-opened e-font-icon-svg e-fas-angle-up\" viewBox=\"0 0 320 512\" xmlns=\"http:\/\/www.w3.org\/2000\/svg\"><path d=\"M177 159.7l136 136c9.4 9.4 9.4 24.6 0 33.9l-22.6 22.6c-9.4 9.4-24.6 9.4-33.9 0L160 255.9l-96.4 96.4c-9.4 9.4-24.6 9.4-33.9 0L7 329.7c-9.4-9.4-9.4-24.6 0-33.9l136-136c9.4-9.5 24.6-9.5 34-.1z\"><\/path><\/svg><\/span>\n\t\t\t\t\t\t\t\t\t\t\t\t\t<\/span>\n\t\t\t\t\t\t\t\t\t\t\t\t<a class=\"elementor-toggle-title\" tabindex=\"0\">Phishing ja sosiaalinen manipulointi<\/a>\n\t\t\t\t\t<\/h4>\n\n\t\t\t\t\t<div id=\"elementor-tab-content-2385\" class=\"elementor-tab-content elementor-clearfix\" data-tab=\"5\" role=\"region\" aria-labelledby=\"elementor-tab-title-2385\"><p>Vahvista organisaatiosi kest\u00e4vyytt\u00e4 sosiaalisen manipuloinnin hy\u00f6kk\u00e4yksille Sosiaalisen Manipuloinnin Arviointipalveluillamme. Syv\u00e4llisen analyysin ja kohdennettujen suositusten avulla autamme suojaamaan arkaluonteiset tietosi ja henkil\u00f6st\u00f6si manipuloinnilta ja luvattomalta p\u00e4\u00e4sylt\u00e4. <\/p>\n<\/div>\n\t\t\t\t<\/div>\n\t\t\t\t\t\t\t<div class=\"elementor-toggle-item\">\n\t\t\t\t\t<h4 id=\"elementor-tab-title-2386\" class=\"elementor-tab-title\" data-tab=\"6\" role=\"button\" aria-controls=\"elementor-tab-content-2386\" aria-expanded=\"false\">\n\t\t\t\t\t\t\t\t\t\t\t\t<span class=\"elementor-toggle-icon elementor-toggle-icon-right\" aria-hidden=\"true\">\n\t\t\t\t\t\t\t\t\t\t\t\t\t\t\t<span class=\"elementor-toggle-icon-closed\"><svg class=\"e-font-icon-svg e-fas-angle-down\" viewBox=\"0 0 320 512\" xmlns=\"http:\/\/www.w3.org\/2000\/svg\"><path d=\"M143 352.3L7 216.3c-9.4-9.4-9.4-24.6 0-33.9l22.6-22.6c9.4-9.4 24.6-9.4 33.9 0l96.4 96.4 96.4-96.4c9.4-9.4 24.6-9.4 33.9 0l22.6 22.6c9.4 9.4 9.4 24.6 0 33.9l-136 136c-9.2 9.4-24.4 9.4-33.8 0z\"><\/path><\/svg><\/span>\n\t\t\t\t\t\t\t\t<span class=\"elementor-toggle-icon-opened\"><svg class=\"elementor-toggle-icon-opened e-font-icon-svg e-fas-angle-up\" viewBox=\"0 0 320 512\" xmlns=\"http:\/\/www.w3.org\/2000\/svg\"><path d=\"M177 159.7l136 136c9.4 9.4 9.4 24.6 0 33.9l-22.6 22.6c-9.4 9.4-24.6 9.4-33.9 0L160 255.9l-96.4 96.4c-9.4 9.4-24.6 9.4-33.9 0L7 329.7c-9.4-9.4-9.4-24.6 0-33.9l136-136c9.4-9.5 24.6-9.5 34-.1z\"><\/path><\/svg><\/span>\n\t\t\t\t\t\t\t\t\t\t\t\t\t<\/span>\n\t\t\t\t\t\t\t\t\t\t\t\t<a class=\"elementor-toggle-title\" tabindex=\"0\">Fyysinen tunkeutumistestaus<\/a>\n\t\t\t\t\t<\/h4>\n\n\t\t\t\t\t<div id=\"elementor-tab-content-2386\" class=\"elementor-tab-content elementor-clearfix\" data-tab=\"6\" role=\"region\" aria-labelledby=\"elementor-tab-title-2386\"><p>Tunnista haavoittuvuudet fyysisess\u00e4 turvallisuudessasi Fyysisen Tunkeutumistestauksen palveluillamme. Asiantunteva tiimimme k\u00e4ytt\u00e4\u00e4 todellisia taktiikoita arvioidakseen ja vahvistaakseen puolustuksiasi. Perusteellisen testauksen ja k\u00e4yt\u00e4nn\u00f6nl\u00e4heisten n\u00e4kemyksien avulla autamme suojaamaan omaisuutesi luvattomalta p\u00e4\u00e4sylt\u00e4.  <\/p>\n<\/div>\n\t\t\t\t<\/div>\n\t\t\t\t\t\t\t\t<\/div>\n\t\t\t\t\t\t<\/div>\n\t\t\t\t<\/div>\n\t\t\t\t\t<\/div>\n\t\t\t\t<\/div>\n\t\t<div class=\"elementor-element elementor-element-f95771c e-flex e-con-boxed e-con e-parent\" data-id=\"f95771c\" data-element_type=\"container\" data-e-type=\"container\">\n\t\t\t\t\t<div class=\"e-con-inner\">\n\t\t<div class=\"elementor-element elementor-element-a3b10db e-con-full e-flex e-con e-child\" data-id=\"a3b10db\" data-element_type=\"container\" data-e-type=\"container\">\n\t\t\t\t<div class=\"elementor-element elementor-element-18e0948 elementor-widget elementor-widget-image\" data-id=\"18e0948\" data-element_type=\"widget\" data-e-type=\"widget\" data-widget_type=\"image.default\">\n\t\t\t\t\t\t\t\t\t\t\t\t\t\t\t<img loading=\"lazy\" decoding=\"async\" width=\"185\" height=\"3\" src=\"https:\/\/abero.fi\/wp-content\/uploads\/2024\/03\/Abero_Line.svg\" class=\"attachment-large size-large wp-image-1443\" alt=\"\">\t\t\t\t\t\t\t\t\t\t\t\t\t\t\t<\/div>\n\t\t\t\t<div class=\"elementor-element elementor-element-07f1af9 elementor-widget elementor-widget-heading\" data-id=\"07f1af9\" data-element_type=\"widget\" data-e-type=\"widget\" data-widget_type=\"heading.default\">\n\t\t\t\t\t<h2 class=\"elementor-heading-title elementor-size-default\">Tee yhteisty\u00f6t\u00e4 kanssamme<\/h2>\t\t\t\t<\/div>\n\t\t\t\t<div class=\"elementor-element elementor-element-ceda91a elementor-widget elementor-widget-text-editor\" data-id=\"ceda91a\" data-element_type=\"widget\" data-e-type=\"widget\" data-widget_type=\"text-editor.default\">\n\t\t\t\t\t\t\t\t\t<p>Ota yhteytt\u00e4, niin kerromme lis\u00e4\u00e4 palveluistamme.<\/p>\n\t\t\t\t\t\t\t\t<\/div>\n\t\t\t\t<\/div>\n\t\t\t\t\t<\/div>\n\t\t\t\t<\/div>\n\t\t<div class=\"elementor-element elementor-element-cb56c80 e-flex e-con-boxed e-con e-parent\" data-id=\"cb56c80\" data-element_type=\"container\" data-e-type=\"container\">\n\t\t\t\t\t<div class=\"e-con-inner\">\n\t\t\t\t<div class=\"elementor-element elementor-element-8c3a20d elementor-widget elementor-widget-html\" data-id=\"8c3a20d\" data-element_type=\"widget\" data-e-type=\"widget\" data-widget_type=\"html.default\">\n\t\t\t\t\t<script charset=\"utf-8\" type=\"text\/javascript\" src=\"\/\/js-eu1.hsforms.net\/forms\/embed\/v2.js\"><\/script><script>hbspt.forms.create({\n    region: \"eu1\",\n    portalId: \"27243426\",\n    formId: \"ec79db4b-a2e2-4df1-b461-36162f0d1033\"\n  });\n<\/script>\t\t\t\t<\/div>\n\t\t\t\t\t<\/div>\n\t\t\t\t<\/div>\n\t\t\t\t<\/div>\n\t\t","protected":false},"excerpt":{"rendered":"<p>Hy\u00f6kk\u00e4\u00e4v\u00e4 tietoturva Maailmanluokan tunkeutumispalvelut, jotka keskittyv\u00e4t tarjoamaan enemm\u00e4n kuin pelkk\u00e4\u00e4 vaatimustenmukaisuuden arvoa. Palvelut Abero Infosecin hy\u00f6kk\u00e4\u00e4v\u00e4n tietoturvan palvelut on suunniteltu k\u00e4sittelem\u00e4\u00e4n todellisia tietoturvahaasteita ja varmistamaan vaatimustenmukaisuus alan s\u00e4\u00e4d\u00f6sten kanssa. Suorittamalla perusteellisia arviointeja, kuten tunkeutumistestausta ja red teaming -simulointeja, Abero Infosec auttaa organisaatioita tunnistamaan ja lievent\u00e4m\u00e4\u00e4n haavoittuvuuksia niiden IT-infrastruktuurissa. He tarjoavat erikoistuneita palveluja, kuten sovellusten tunkeutumistestausta [&hellip;]<\/p>\n","protected":false},"author":2,"featured_media":0,"parent":0,"menu_order":0,"comment_status":"closed","ping_status":"closed","template":"","meta":{"_acf_changed":false,"content-type":"","footnotes":""},"class_list":["post-2554","page","type-page","status-publish","hentry"],"acf":[],"_links":{"self":[{"href":"https:\/\/abero.fi\/fi\/wp-json\/wp\/v2\/pages\/2554","targetHints":{"allow":["GET"]}}],"collection":[{"href":"https:\/\/abero.fi\/fi\/wp-json\/wp\/v2\/pages"}],"about":[{"href":"https:\/\/abero.fi\/fi\/wp-json\/wp\/v2\/types\/page"}],"author":[{"embeddable":true,"href":"https:\/\/abero.fi\/fi\/wp-json\/wp\/v2\/users\/2"}],"replies":[{"embeddable":true,"href":"https:\/\/abero.fi\/fi\/wp-json\/wp\/v2\/comments?post=2554"}],"version-history":[{"count":4,"href":"https:\/\/abero.fi\/fi\/wp-json\/wp\/v2\/pages\/2554\/revisions"}],"predecessor-version":[{"id":2607,"href":"https:\/\/abero.fi\/fi\/wp-json\/wp\/v2\/pages\/2554\/revisions\/2607"}],"wp:attachment":[{"href":"https:\/\/abero.fi\/fi\/wp-json\/wp\/v2\/media?parent=2554"}],"curies":[{"name":"wp","href":"https:\/\/api.w.org\/{rel}","templated":true}]}}