{"id":2855,"date":"2025-09-23T10:43:03","date_gmt":"2025-09-23T10:43:03","guid":{"rendered":"https:\/\/abero.fi\/idid\/"},"modified":"2026-02-03T10:13:18","modified_gmt":"2026-02-03T10:13:18","slug":"idid","status":"publish","type":"page","link":"https:\/\/abero.fi\/fi\/idid\/","title":{"rendered":"iDiD"},"content":{"rendered":"\t\t<div data-elementor-type=\"wp-page\" data-elementor-id=\"2855\" class=\"elementor elementor-2855 elementor-2796\" data-elementor-post-type=\"page\">\n\t\t\t\t<main class=\"elementor-element elementor-element-544c6a7 e-flex e-con-boxed e-con e-parent\" data-id=\"544c6a7\" data-element_type=\"container\" data-e-type=\"container\">\n\t\t\t\t\t<div class=\"e-con-inner\">\n\t\t<div class=\"elementor-element elementor-element-ab9aa9b e-con-full e-flex e-con e-child\" data-id=\"ab9aa9b\" data-element_type=\"container\" data-e-type=\"container\">\n\t\t\t\t<div class=\"elementor-element elementor-element-682cf72 elementor-widget elementor-widget-heading\" data-id=\"682cf72\" data-element_type=\"widget\" data-e-type=\"widget\" data-widget_type=\"heading.default\">\n\t\t\t\t\t<h1 class=\"elementor-heading-title elementor-size-default\">Digital signage<\/h1>\t\t\t\t<\/div>\n\t\t\t\t<\/div>\n\t\t<div class=\"elementor-element elementor-element-9d5b3cb e-con-full e-flex e-con e-child\" data-id=\"9d5b3cb\" data-element_type=\"container\" data-e-type=\"container\">\n\t\t\t\t<div class=\"elementor-element elementor-element-09be1df elementor-widget elementor-widget-heading\" data-id=\"09be1df\" data-element_type=\"widget\" data-e-type=\"widget\" data-widget_type=\"heading.default\">\n\t\t\t\t\t<h3 class=\"elementor-heading-title elementor-size-default\">Kotimainen ratkaisu digitaaliseen viestint\u00e4\u00e4n<\/h3>\t\t\t\t<\/div>\n\t\t\t\t<\/div>\n\t\t\t\t\t<\/div>\n\t\t\t\t<\/main>\n\t\t<section class=\"elementor-element elementor-element-154ca7e e-flex e-con-boxed e-con e-parent\" data-id=\"154ca7e\" data-element_type=\"container\" data-e-type=\"container\">\n\t\t\t\t\t<div class=\"e-con-inner\">\n\t\t<div class=\"elementor-element elementor-element-4a5d0d4 e-con-full e-flex e-con e-child\" data-id=\"4a5d0d4\" data-element_type=\"container\" data-e-type=\"container\">\n\t\t\t\t<div class=\"elementor-element elementor-element-a70947f elementor-widget elementor-widget-image\" data-id=\"a70947f\" data-element_type=\"widget\" data-e-type=\"widget\" data-widget_type=\"image.default\">\n\t\t\t\t\t\t\t\t\t\t\t\t\t\t\t<img fetchpriority=\"high\" decoding=\"async\" width=\"800\" height=\"332\" src=\"https:\/\/abero.fi\/wp-content\/uploads\/2025\/09\/Abero_iDiD-hero.webp\" class=\"attachment-large size-large wp-image-2798\" alt=\"\" srcset=\"https:\/\/abero.fi\/wp-content\/uploads\/2025\/09\/Abero_iDiD-hero.webp 913w, https:\/\/abero.fi\/wp-content\/uploads\/2025\/09\/Abero_iDiD-hero-300x125.webp 300w, https:\/\/abero.fi\/wp-content\/uploads\/2025\/09\/Abero_iDiD-hero-768x319.webp 768w\" sizes=\"(max-width: 800px) 100vw, 800px\">\t\t\t\t\t\t\t\t\t\t\t\t\t\t\t<\/div>\n\t\t\t\t<\/div>\n\t\t<div class=\"elementor-element elementor-element-d972a46 e-con-full e-flex e-con e-child\" data-id=\"d972a46\" data-element_type=\"container\" data-e-type=\"container\">\n\t\t\t\t<div class=\"elementor-element elementor-element-44c5b67 elementor-widget elementor-widget-text-editor\" data-id=\"44c5b67\" data-element_type=\"widget\" data-e-type=\"widget\" data-widget_type=\"text-editor.default\">\n\t\t\t\t\t\t\t\t\t<p>iDiD on suomalainen infon\u00e4ytt\u00f6palvelu, joka tekee viestinn\u00e4st\u00e4 nopeaa, selke\u00e4\u00e4 ja vaivatonta. Palvelu sopii yht\u00e4 hyvin toimistoihin, asiakastiloihin, oppilaitoksiin, myym\u00e4l\u00f6ihin kuin tuotantoymp\u00e4rist\u00f6ihin. iDiDilla viestisi n\u00e4kyy visuaalisesti ja ajantasaisesti organisaation koosta riippumatta.  <\/p>\t\t\t\t\t\t\t\t<\/div>\n\t\t\t\t<div class=\"elementor-element elementor-element-25b9ada elementor-widget elementor-widget-button\" data-id=\"25b9ada\" data-element_type=\"widget\" data-e-type=\"widget\" data-widget_type=\"button.default\">\n\t\t\t\t\t\t\t\t\t\t<a class=\"elementor-button elementor-button-link elementor-size-sm\" href=\"#idid\">\n\t\t\t\t\t\t<span class=\"elementor-button-content-wrapper\">\n\t\t\t\t\t\t<span class=\"elementor-button-icon\">\n\t\t\t\t<svg aria-hidden=\"true\" class=\"e-font-icon-svg e-fas-angle-right\" viewBox=\"0 0 256 512\" xmlns=\"http:\/\/www.w3.org\/2000\/svg\"><path d=\"M224.3 273l-136 136c-9.4 9.4-24.6 9.4-33.9 0l-22.6-22.6c-9.4-9.4-9.4-24.6 0-33.9l96.4-96.4-96.4-96.4c-9.4-9.4-9.4-24.6 0-33.9L54.3 103c9.4-9.4 24.6-9.4 33.9 0l136 136c9.5 9.4 9.5 24.6.1 34z\"><\/path><\/svg>\t\t\t<\/span>\n\t\t\t\t\t\t\t\t\t<span class=\"elementor-button-text\">Mik\u00e4 on iDiD?<\/span>\n\t\t\t\t\t<\/span>\n\t\t\t\t\t<\/a>\n\t\t\t\t\t\t\t\t<\/div>\n\t\t\t\t<\/div>\n\t\t\t\t\t<\/div>\n\t\t\t\t<\/section>\n\t\t<div class=\"elementor-element elementor-element-b4d3627 e-flex e-con-boxed e-con e-parent\" data-id=\"b4d3627\" data-element_type=\"container\" data-e-type=\"container\" data-settings=\"{&quot;background_background&quot;:&quot;classic&quot;}\">\n\t\t\t\t\t<div class=\"e-con-inner\">\n\t\t\t\t<div class=\"elementor-element elementor-element-ab8630c elementor-widget elementor-widget-menu-anchor\" data-id=\"ab8630c\" data-element_type=\"widget\" data-e-type=\"widget\" data-widget_type=\"menu-anchor.default\">\n\t\t\t\t\t\t\t<div class=\"elementor-menu-anchor\" id=\"idid\"><\/div>\n\t\t\t\t\t\t<\/div>\n\t\t\t\t\t<\/div>\n\t\t\t\t<\/div>\n\t\t<section class=\"elementor-element elementor-element-ad6d1bf e-flex e-con-boxed e-con e-parent\" data-id=\"ad6d1bf\" data-element_type=\"container\" data-e-type=\"container\" data-settings=\"{&quot;background_background&quot;:&quot;classic&quot;}\">\n\t\t\t\t\t<div class=\"e-con-inner\">\n\t\t<div class=\"elementor-element elementor-element-0f38e8b e-con-full e-flex e-con e-child\" data-id=\"0f38e8b\" data-element_type=\"container\" data-e-type=\"container\">\n\t\t\t\t<div class=\"elementor-element elementor-element-c935f37 elementor-widget elementor-widget-text-editor\" data-id=\"c935f37\" data-element_type=\"widget\" data-e-type=\"widget\" data-widget_type=\"text-editor.default\">\n\t\t\t\t\t\t\t\t\t<p>Viesti selke\u00e4sti ja tehokkaasti infon\u00e4ytt\u00f6jen avulla<\/p>\t\t\t\t\t\t\t\t<\/div>\n\t\t\t\t<div class=\"elementor-element elementor-element-013e594 elementor-widget elementor-widget-heading\" data-id=\"013e594\" data-element_type=\"widget\" data-e-type=\"widget\" data-widget_type=\"heading.default\">\n\t\t\t\t\t<h2 class=\"elementor-heading-title elementor-size-default\">Mik\u00e4 on iDiD?<\/h2>\t\t\t\t<\/div>\n\t\t\t\t<div class=\"elementor-element elementor-element-9e6da03 elementor-widget elementor-widget-text-editor\" data-id=\"9e6da03\" data-element_type=\"widget\" data-e-type=\"widget\" data-widget_type=\"text-editor.default\">\n\t\t\t\t\t\t\t\t\t<p>iDiD on helppok\u00e4ytt\u00f6inen ty\u00f6kalu digitaalisten n\u00e4ytt\u00f6jen sis\u00e4ll\u00f6nhallintaan. Sis\u00e4lt\u00f6jen luominen, muokkaaminen ja ajastaminen onnistuvat selaimella miss\u00e4 ja milloin vain. Palvelua hy\u00f6dynt\u00e4\u00e4 suuri joukko erikokoisia yrityksi\u00e4 ja yli puolet Suomen kunnista osana p\u00e4ivitt\u00e4ist\u00e4 viestint\u00e4\u00e4ns\u00e4.  <\/p><p>Yrityksiss\u00e4 iDiD tukee erityisesti henkil\u00f6st\u00f6viestint\u00e4\u00e4, p\u00e4ivitt\u00e4isjohtamista ja asiakastiedottamista. Kunnille se tarjoaa k\u00e4yt\u00e4nn\u00f6llisen v\u00e4lineen tavoittaa kuntalaiset esimerkiksi kirjastoissa, kouluissa, oppilaitoksissa ja palvelupisteiss\u00e4. <\/p>\t\t\t\t\t\t\t\t<\/div>\n\t\t\t\t<\/div>\n\t\t<div class=\"elementor-element elementor-element-98f14a9 e-con-full e-flex e-con e-child\" data-id=\"98f14a9\" data-element_type=\"container\" data-e-type=\"container\">\n\t\t\t\t<div class=\"elementor-element elementor-element-949e45b elementor-widget elementor-widget-image\" data-id=\"949e45b\" data-element_type=\"widget\" data-e-type=\"widget\" data-widget_type=\"image.default\">\n\t\t\t\t\t\t\t\t\t\t\t\t\t\t\t<img decoding=\"async\" width=\"800\" height=\"800\" src=\"https:\/\/abero.fi\/wp-content\/uploads\/2025\/09\/Abero_iDiD-1.webp\" class=\"attachment-large size-large wp-image-2808\" alt=\"Picture of digital signage\" srcset=\"https:\/\/abero.fi\/wp-content\/uploads\/2025\/09\/Abero_iDiD-1.webp 1000w, https:\/\/abero.fi\/wp-content\/uploads\/2025\/09\/Abero_iDiD-1-300x300.webp 300w, https:\/\/abero.fi\/wp-content\/uploads\/2025\/09\/Abero_iDiD-1-150x150.webp 150w, https:\/\/abero.fi\/wp-content\/uploads\/2025\/09\/Abero_iDiD-1-768x768.webp 768w\" sizes=\"(max-width: 800px) 100vw, 800px\" \/>\t\t\t\t\t\t\t\t\t\t\t\t\t\t\t<\/div>\n\t\t\t\t<\/div>\n\t\t\t\t\t<\/div>\n\t\t\t\t<\/section>\n\t\t<section class=\"elementor-element elementor-element-14dc573 e-flex e-con-boxed e-con e-parent\" data-id=\"14dc573\" data-element_type=\"container\" data-e-type=\"container\" data-settings=\"{&quot;background_background&quot;:&quot;classic&quot;}\">\n\t\t\t\t\t<div class=\"e-con-inner\">\n\t\t<div class=\"elementor-element elementor-element-da47fc1 e-con-full e-flex e-con e-child\" data-id=\"da47fc1\" data-element_type=\"container\" data-e-type=\"container\">\n\t\t\t\t<div class=\"elementor-element elementor-element-7df7376 elementor-widget elementor-widget-image\" data-id=\"7df7376\" data-element_type=\"widget\" data-e-type=\"widget\" data-widget_type=\"image.default\">\n\t\t\t\t\t\t\t\t\t\t\t\t\t\t\t<img decoding=\"async\" width=\"800\" height=\"332\" src=\"https:\/\/abero.fi\/wp-content\/uploads\/2025\/09\/Abero_iDiD-2.webp\" class=\"attachment-large size-large wp-image-2815\" alt=\"Digital display in modern library\" srcset=\"https:\/\/abero.fi\/wp-content\/uploads\/2025\/09\/Abero_iDiD-2.webp 913w, https:\/\/abero.fi\/wp-content\/uploads\/2025\/09\/Abero_iDiD-2-300x125.webp 300w, https:\/\/abero.fi\/wp-content\/uploads\/2025\/09\/Abero_iDiD-2-768x319.webp 768w\" sizes=\"(max-width: 800px) 100vw, 800px\" \/>\t\t\t\t\t\t\t\t\t\t\t\t\t\t\t<\/div>\n\t\t\t\t<\/div>\n\t\t<div class=\"elementor-element elementor-element-a6cf720 e-flex e-con-boxed e-con e-child\" data-id=\"a6cf720\" data-element_type=\"container\" data-e-type=\"container\">\n\t\t\t\t\t<div class=\"e-con-inner\">\n\t\t\t\t<div class=\"elementor-element elementor-element-3b9f8c3 elementor-widget elementor-widget-heading\" data-id=\"3b9f8c3\" data-element_type=\"widget\" data-e-type=\"widget\" data-widget_type=\"heading.default\">\n\t\t\t\t\t<h2 class=\"elementor-heading-title elementor-size-default\">Miksi valita iDiD?<\/h2>\t\t\t\t<\/div>\n\t\t\t\t<div class=\"elementor-element elementor-element-0086436 elementor-widget elementor-widget-text-editor\" data-id=\"0086436\" data-element_type=\"widget\" data-e-type=\"widget\" data-widget_type=\"text-editor.default\">\n\t\t\t\t\t\t\t\t\t<p>iDiD erottuu muista digital signage -ratkaisuista helppok\u00e4ytt\u00f6isyydell\u00e4\u00e4n, selke\u00e4ll\u00e4 k\u00e4ytt\u00f6liittym\u00e4ll\u00e4\u00e4n ja luotettavalla tuellaan. Sis\u00e4ll\u00f6nhallinta onnistuu ilman erityist\u00e4 teknist\u00e4 osaamista, oli k\u00e4yt\u00f6ss\u00e4 yksitt\u00e4inen n\u00e4ytt\u00f6 tai satoja n\u00e4ytt\u00f6j\u00e4 kattava kokonaisuus useine toimipisteineen. <\/p>\t\t\t\t\t\t\t\t<\/div>\n\t\t\t\t\t<\/div>\n\t\t\t\t<\/div>\n\t\t\t\t\t<\/div>\n\t\t\t\t<\/section>\n\t\t<section class=\"elementor-element elementor-element-33fc788 e-flex e-con-boxed e-con e-parent\" data-id=\"33fc788\" data-element_type=\"container\" data-e-type=\"container\" data-settings=\"{&quot;background_background&quot;:&quot;classic&quot;}\">\n\t\t\t\t\t<div class=\"e-con-inner\">\n\t\t<div class=\"elementor-element elementor-element-966d571 e-con-full e-flex e-con e-child\" data-id=\"966d571\" data-element_type=\"container\" data-e-type=\"container\">\n\t\t\t\t<div class=\"elementor-element elementor-element-0dfc832 elementor-widget elementor-widget-text-editor\" data-id=\"0dfc832\" data-element_type=\"widget\" data-e-type=\"widget\" data-widget_type=\"text-editor.default\">\n\t\t\t\t\t\t\t\t\t<p>Palveluun sis\u00e4ltyv\u00e4t maksuttomat viikoittaiset koulutukset ja nopea ja asiantunteva tuki, joka on aina tavoitettavissa. N\u00e4in varmistat, ett\u00e4 viestint\u00e4 pysyy sujuvana ja organisaatiosi saa jatkuvasti tukea ilman lis\u00e4kustannuksia. <\/p>\t\t\t\t\t\t\t\t<\/div>\n\t\t\t\t<\/div>\n\t\t\t\t\t<\/div>\n\t\t\t\t<\/section>\n\t\t<section class=\"elementor-element elementor-element-e421d60 e-flex e-con-boxed e-con e-parent\" data-id=\"e421d60\" data-element_type=\"container\" data-e-type=\"container\" data-settings=\"{&quot;background_background&quot;:&quot;classic&quot;}\">\n\t\t\t\t\t<div class=\"e-con-inner\">\n\t\t<div class=\"elementor-element elementor-element-b99d44b e-con-full e-flex e-con e-child\" data-id=\"b99d44b\" data-element_type=\"container\" data-e-type=\"container\">\n\t\t\t\t<div class=\"elementor-element elementor-element-d601951 elementor-widget elementor-widget-image\" data-id=\"d601951\" data-element_type=\"widget\" data-e-type=\"widget\" data-widget_type=\"image.default\">\n\t\t\t\t\t\t\t\t\t\t\t\t\t\t\t<img loading=\"lazy\" decoding=\"async\" width=\"800\" height=\"800\" src=\"https:\/\/abero.fi\/wp-content\/uploads\/2025\/09\/Abero_iDiD-3.webp\" class=\"attachment-large size-large wp-image-2825\" alt=\"\" srcset=\"https:\/\/abero.fi\/wp-content\/uploads\/2025\/09\/Abero_iDiD-3.webp 1000w, https:\/\/abero.fi\/wp-content\/uploads\/2025\/09\/Abero_iDiD-3-300x300.webp 300w, https:\/\/abero.fi\/wp-content\/uploads\/2025\/09\/Abero_iDiD-3-150x150.webp 150w, https:\/\/abero.fi\/wp-content\/uploads\/2025\/09\/Abero_iDiD-3-768x768.webp 768w\" sizes=\"(max-width: 800px) 100vw, 800px\">\t\t\t\t\t\t\t\t\t\t\t\t\t\t\t<\/div>\n\t\t\t\t<\/div>\n\t\t<div class=\"elementor-element elementor-element-11ba04f e-flex e-con-boxed e-con e-child\" data-id=\"11ba04f\" data-element_type=\"container\" data-e-type=\"container\">\n\t\t\t\t\t<div class=\"e-con-inner\">\n\t\t\t\t<div class=\"elementor-element elementor-element-385eb5f elementor-widget elementor-widget-heading\" data-id=\"385eb5f\" data-element_type=\"widget\" data-e-type=\"widget\" data-widget_type=\"heading.default\">\n\t\t\t\t\t<h2 class=\"elementor-heading-title elementor-size-default\">Kenelle iDiD sopii?<\/h2>\t\t\t\t<\/div>\n\t\t\t\t<div class=\"elementor-element elementor-element-cc983d9 elementor-widget elementor-widget-text-editor\" data-id=\"cc983d9\" data-element_type=\"widget\" data-e-type=\"widget\" data-widget_type=\"text-editor.default\">\n\t\t\t\t\t\t\t\t\t<p>iDiD on erinomainen valinta kaikenkokoisille organisaatioille, jotka haluavat tehostaa viestint\u00e4\u00e4ns\u00e4. Se palvelee erityisesti: <\/p>\t\t\t\t\t\t\t\t<\/div>\n\t\t\t\t<div class=\"elementor-element elementor-element-857a86e elementor-icon-list--layout-traditional elementor-list-item-link-full_width elementor-widget elementor-widget-icon-list\" data-id=\"857a86e\" data-element_type=\"widget\" data-e-type=\"widget\" data-widget_type=\"icon-list.default\">\n\t\t\t\t\t\t\t<ul class=\"elementor-icon-list-items\">\n\t\t\t\t\t\t\t<li class=\"elementor-icon-list-item\">\n\t\t\t\t\t\t\t\t\t\t\t<span class=\"elementor-icon-list-icon\">\n\t\t\t\t\t\t\t<svg aria-hidden=\"true\" class=\"e-font-icon-svg e-fas-check\" viewBox=\"0 0 512 512\" xmlns=\"http:\/\/www.w3.org\/2000\/svg\"><path d=\"M173.898 439.404l-166.4-166.4c-9.997-9.997-9.997-26.206 0-36.204l36.203-36.204c9.997-9.998 26.207-9.998 36.204 0L192 312.69 432.095 72.596c9.997-9.997 26.207-9.997 36.204 0l36.203 36.204c9.997 9.997 9.997 26.206 0 36.204l-294.4 294.401c-9.998 9.997-26.207 9.997-36.204-.001z\"><\/path><\/svg>\t\t\t\t\t\t<\/span>\n\t\t\t\t\t\t\t\t\t\t<span class=\"elementor-icon-list-text\">Yrityksi\u00e4, jotka haluavat parantaa asiakasviestint\u00e4\u00e4, sis\u00e4ist\u00e4 viestint\u00e4\u00e4 ja p\u00e4ivitt\u00e4isjohtamista<\/span>\n\t\t\t\t\t\t\t\t\t<\/li>\n\t\t\t\t\t\t\t\t<li class=\"elementor-icon-list-item\">\n\t\t\t\t\t\t\t\t\t\t\t<span class=\"elementor-icon-list-icon\">\n\t\t\t\t\t\t\t<svg aria-hidden=\"true\" class=\"e-font-icon-svg e-fas-check\" viewBox=\"0 0 512 512\" xmlns=\"http:\/\/www.w3.org\/2000\/svg\"><path d=\"M173.898 439.404l-166.4-166.4c-9.997-9.997-9.997-26.206 0-36.204l36.203-36.204c9.997-9.998 26.207-9.998 36.204 0L192 312.69 432.095 72.596c9.997-9.997 26.207-9.997 36.204 0l36.203 36.204c9.997 9.997 9.997 26.206 0 36.204l-294.4 294.401c-9.998 9.997-26.207 9.997-36.204-.001z\"><\/path><\/svg>\t\t\t\t\t\t<\/span>\n\t\t\t\t\t\t\t\t\t\t<span class=\"elementor-icon-list-text\">Kuntia ja kaupunkeja, joille ajantasainen tiedottaminen on arjen perusedellytys<\/span>\n\t\t\t\t\t\t\t\t\t<\/li>\n\t\t\t\t\t\t\t\t<li class=\"elementor-icon-list-item\">\n\t\t\t\t\t\t\t\t\t\t\t<span class=\"elementor-icon-list-icon\">\n\t\t\t\t\t\t\t<svg aria-hidden=\"true\" class=\"e-font-icon-svg e-fas-check\" viewBox=\"0 0 512 512\" xmlns=\"http:\/\/www.w3.org\/2000\/svg\"><path d=\"M173.898 439.404l-166.4-166.4c-9.997-9.997-9.997-26.206 0-36.204l36.203-36.204c9.997-9.998 26.207-9.998 36.204 0L192 312.69 432.095 72.596c9.997-9.997 26.207-9.997 36.204 0l36.203 36.204c9.997 9.997 9.997 26.206 0 36.204l-294.4 294.401c-9.998 9.997-26.207 9.997-36.204-.001z\"><\/path><\/svg>\t\t\t\t\t\t<\/span>\n\t\t\t\t\t\t\t\t\t\t<span class=\"elementor-icon-list-text\">Eri toimialojen organisaatioita, jotka arvostavat n\u00e4kyvyytt\u00e4, joustavuutta ja helppok\u00e4ytt\u00f6isyytt\u00e4<\/span>\n\t\t\t\t\t\t\t\t\t<\/li>\n\t\t\t\t\t\t<\/ul>\n\t\t\t\t\t\t<\/div>\n\t\t\t\t\t<\/div>\n\t\t\t\t<\/div>\n\t\t\t\t\t<\/div>\n\t\t\t\t<\/section>\n\t\t<section class=\"elementor-element elementor-element-190aab6 e-flex e-con-boxed e-con e-parent\" data-id=\"190aab6\" data-element_type=\"container\" data-e-type=\"container\">\n\t\t\t\t\t<div class=\"e-con-inner\">\n\t\t<div class=\"elementor-element elementor-element-32ad330 e-con-full e-flex e-con e-child\" data-id=\"32ad330\" data-element_type=\"container\" data-e-type=\"container\">\n\t\t\t\t<div class=\"elementor-element elementor-element-36751e7 elementor-widget elementor-widget-heading\" data-id=\"36751e7\" data-element_type=\"widget\" data-e-type=\"widget\" data-widget_type=\"heading.default\">\n\t\t\t\t\t<h3 class=\"elementor-heading-title elementor-size-default\">Haluatko tiet\u00e4\u00e4 lis\u00e4\u00e4?<\/h3>\t\t\t\t<\/div>\n\t\t\t\t<div class=\"elementor-element elementor-element-9b57612 elementor-widget elementor-widget-text-editor\" data-id=\"9b57612\" data-element_type=\"widget\" data-e-type=\"widget\" data-widget_type=\"text-editor.default\">\n\t\t\t\t\t\t\t\t\t<p>Nykyisess\u00e4 nopeasti muuttuvassa maailmassa digitaaliset infotaulut ovat tehokas ty\u00f6kalu yleis\u00f6si sitouttamiseen, viestinn\u00e4n tehostamiseen ja br\u00e4ndisi nostamiseen. Aberolla yhteisty\u00f6ss\u00e4 iDiD:n kanssa erikoistumme dynaamisten ja helppok\u00e4ytt\u00f6isten digitaalisten infotauluratkaisujen r\u00e4\u00e4t\u00e4l\u00f6intiin juuri sinun tarpeisiisi \u2013 olipa kyseess\u00e4 sitten v\u00e4hitt\u00e4iskauppa, yritysmaailma, koulutus tai julkiset tilat. <\/p><p>Tutustu siihen, kuinka Aberon digitaaliset infotaulut voivat muuttaa tilasi ja vied\u00e4 yleis\u00f6si mukanaan. Ota yhteytt\u00e4 asiantuntijaamme Rickard \u00c5kerlundiin jo t\u00e4n\u00e4\u00e4n ja l\u00f6yd\u00e4 r\u00e4\u00e4t\u00e4l\u00f6idyt ratkaisut yrityksellesi. <\/p>\t\t\t\t\t\t\t\t<\/div>\n\t\t\t\t<div class=\"elementor-element elementor-element-32d44d8 elementor-widget elementor-widget-text-editor\" data-id=\"32d44d8\" data-element_type=\"widget\" data-e-type=\"widget\" data-widget_type=\"text-editor.default\">\n\t\t\t\t\t\t\t\t\t<p>Rickard \u00c5kerlund<\/p>\t\t\t\t\t\t\t\t<\/div>\n\t\t\t\t<div class=\"elementor-element elementor-element-f9bedc0 elementor-widget elementor-widget-text-editor\" data-id=\"f9bedc0\" data-element_type=\"widget\" data-e-type=\"widget\" data-widget_type=\"text-editor.default\">\n\t\t\t\t\t\t\t\t\t<p><em>Technical Sales Specialist<\/em><\/p><p>rickard.akerlund[at]abero.fi<br>+358(0)20 730 5736<\/p>\t\t\t\t\t\t\t\t<\/div>\n\t\t\t\t<\/div>\n\t\t<div class=\"elementor-element elementor-element-ef3dec8 e-con-full e-flex e-con e-child\" data-id=\"ef3dec8\" data-element_type=\"container\" data-e-type=\"container\">\n\t\t\t\t<div class=\"elementor-element elementor-element-e074052 elementor-widget elementor-widget-image\" data-id=\"e074052\" data-element_type=\"widget\" data-e-type=\"widget\" data-widget_type=\"image.default\">\n\t\t\t\t\t\t\t\t\t\t\t\t\t\t\t<img loading=\"lazy\" decoding=\"async\" width=\"683\" height=\"1024\" src=\"https:\/\/abero.fi\/wp-content\/uploads\/2024\/03\/Abero_RickardAkerlund-683x1024.webp\" class=\"attachment-large size-large wp-image-1549\" alt=\"\" srcset=\"https:\/\/abero.fi\/wp-content\/uploads\/2024\/03\/Abero_RickardAkerlund-683x1024.webp 683w, https:\/\/abero.fi\/wp-content\/uploads\/2024\/03\/Abero_RickardAkerlund-200x300.webp 200w, https:\/\/abero.fi\/wp-content\/uploads\/2024\/03\/Abero_RickardAkerlund-768x1151.webp 768w, https:\/\/abero.fi\/wp-content\/uploads\/2024\/03\/Abero_RickardAkerlund.webp 800w\" sizes=\"(max-width: 683px) 100vw, 683px\">\t\t\t\t\t\t\t\t\t\t\t\t\t\t\t<\/div>\n\t\t\t\t<\/div>\n\t\t\t\t\t<\/div>\n\t\t\t\t<\/section>\n\t\t<section class=\"elementor-element elementor-element-44b1759 e-flex e-con-boxed e-con e-parent\" data-id=\"44b1759\" data-element_type=\"container\" data-e-type=\"container\">\n\t\t\t\t\t<div class=\"e-con-inner\">\n\t\t<div class=\"elementor-element elementor-element-e15b4d9 e-con-full e-flex e-con e-child\" data-id=\"e15b4d9\" data-element_type=\"container\" data-e-type=\"container\">\n\t\t\t\t<div class=\"elementor-element elementor-element-866c1e4 elementor-widget elementor-widget-image\" data-id=\"866c1e4\" data-element_type=\"widget\" data-e-type=\"widget\" data-widget_type=\"image.default\">\n\t\t\t\t\t\t\t\t\t\t\t\t\t\t\t<img loading=\"lazy\" decoding=\"async\" width=\"1\" height=\"1\" src=\"https:\/\/abero.fi\/wp-content\/uploads\/2025\/09\/iDiD-noslogan-RGB.svg\" class=\"attachment-large size-large wp-image-2794\" alt=\"\">\t\t\t\t\t\t\t\t\t\t\t\t\t\t\t<\/div>\n\t\t\t\t<div class=\"elementor-element elementor-element-ee8ddd1 elementor-widget elementor-widget-text-editor\" data-id=\"ee8ddd1\" data-element_type=\"widget\" data-e-type=\"widget\" data-widget_type=\"text-editor.default\">\n\t\t\t\t\t\t\t\t\t<p>Haluatko tutustua iDiDiin tarkemmin?<br>Tule demoon! 20 min mittaisen demon avulla p\u00e4\u00e4set nopeasti k\u00e4rryille, miten asiat k\u00e4yt\u00e4nn\u00f6ss\u00e4 pelaavat! <\/p>\t\t\t\t\t\t\t\t<\/div>\n\t\t<div class=\"elementor-element elementor-element-2934428 e-con-full e-flex e-con e-child\" data-id=\"2934428\" data-element_type=\"container\" data-e-type=\"container\">\n\t\t\t\t<div class=\"elementor-element elementor-element-7415ad6 elementor-widget__width-auto elementor-align-center elementor-widget elementor-widget-button\" data-id=\"7415ad6\" data-element_type=\"widget\" data-e-type=\"widget\" data-widget_type=\"button.default\">\n\t\t\t\t\t\t\t\t\t\t<a class=\"elementor-button elementor-button-link elementor-size-sm\" href=\"https:\/\/www.idid.fi\/demo\" target=\"_blank\" rel=\"noopener\">\n\t\t\t\t\t\t<span class=\"elementor-button-content-wrapper\">\n\t\t\t\t\t\t\t\t\t<span class=\"elementor-button-text\">Lis\u00e4\u00e4 iDiDista<\/span>\n\t\t\t\t\t<\/span>\n\t\t\t\t\t<\/a>\n\t\t\t\t\t\t\t\t<\/div>\n\t\t\t\t<\/div>\n\t\t\t\t<\/div>\n\t\t\t\t\t<\/div>\n\t\t\t\t<\/section>\n\t\t\t\t<\/div>\n\t\t","protected":false},"excerpt":{"rendered":"<p>Digital signage Kotimainen ratkaisu digitaaliseen viestint\u00e4\u00e4n iDiD on suomalainen infon\u00e4ytt\u00f6palvelu, joka tekee viestinn\u00e4st\u00e4 nopeaa, selke\u00e4\u00e4 ja vaivatonta. Palvelu sopii yht\u00e4 hyvin toimistoihin, asiakastiloihin, oppilaitoksiin, myym\u00e4l\u00f6ihin kuin tuotantoymp\u00e4rist\u00f6ihin. iDiDilla viestisi n\u00e4kyy visuaalisesti ja ajantasaisesti organisaation koosta riippumatta. Mik\u00e4 on iDiD? Viesti selke\u00e4sti ja tehokkaasti infon\u00e4ytt\u00f6jen avulla Mik\u00e4 on iDiD? iDiD on helppok\u00e4ytt\u00f6inen ty\u00f6kalu digitaalisten n\u00e4ytt\u00f6jen sis\u00e4ll\u00f6nhallintaan. [&hellip;]<\/p>\n","protected":false},"author":2,"featured_media":0,"parent":0,"menu_order":0,"comment_status":"closed","ping_status":"closed","template":"","meta":{"_acf_changed":false,"content-type":"","footnotes":""},"class_list":["post-2855","page","type-page","status-publish","hentry"],"acf":[],"_links":{"self":[{"href":"https:\/\/abero.fi\/fi\/wp-json\/wp\/v2\/pages\/2855","targetHints":{"allow":["GET"]}}],"collection":[{"href":"https:\/\/abero.fi\/fi\/wp-json\/wp\/v2\/pages"}],"about":[{"href":"https:\/\/abero.fi\/fi\/wp-json\/wp\/v2\/types\/page"}],"author":[{"embeddable":true,"href":"https:\/\/abero.fi\/fi\/wp-json\/wp\/v2\/users\/2"}],"replies":[{"embeddable":true,"href":"https:\/\/abero.fi\/fi\/wp-json\/wp\/v2\/comments?post=2855"}],"version-history":[{"count":9,"href":"https:\/\/abero.fi\/fi\/wp-json\/wp\/v2\/pages\/2855\/revisions"}],"predecessor-version":[{"id":2987,"href":"https:\/\/abero.fi\/fi\/wp-json\/wp\/v2\/pages\/2855\/revisions\/2987"}],"wp:attachment":[{"href":"https:\/\/abero.fi\/fi\/wp-json\/wp\/v2\/media?parent=2855"}],"curies":[{"name":"wp","href":"https:\/\/api.w.org\/{rel}","templated":true}]}}