{"id":3022,"date":"2026-02-03T11:04:06","date_gmt":"2026-02-03T11:04:06","guid":{"rendered":"https:\/\/abero.fi\/inrego\/"},"modified":"2026-04-22T07:21:15","modified_gmt":"2026-04-22T07:21:15","slug":"trade-in","status":"publish","type":"page","link":"https:\/\/abero.fi\/fi\/trade-in\/","title":{"rendered":"Abero trade-in"},"content":{"rendered":"\t\t<div data-elementor-type=\"wp-page\" data-elementor-id=\"3022\" class=\"elementor elementor-3022 elementor-2924\" data-elementor-post-type=\"page\">\n\t\t\t\t<main class=\"elementor-element elementor-element-3febdc1 e-flex e-con-boxed e-con e-parent\" data-id=\"3febdc1\" data-element_type=\"container\" data-e-type=\"container\">\n\t\t\t\t\t<div class=\"e-con-inner\">\n\t\t<div class=\"elementor-element elementor-element-519d947 e-con-full e-flex e-con e-child\" data-id=\"519d947\" data-element_type=\"container\" data-e-type=\"container\">\n\t\t\t\t<div class=\"elementor-element elementor-element-adc0414 elementor-widget elementor-widget-heading\" data-id=\"adc0414\" data-element_type=\"widget\" data-e-type=\"widget\" data-widget_type=\"heading.default\">\n\t\t\t\t\t<h1 class=\"elementor-heading-title elementor-size-default\">Abero trade-in<\/h1>\t\t\t\t<\/div>\n\t\t\t\t<\/div>\n\t\t<div class=\"elementor-element elementor-element-d5beecf e-con-full e-flex e-con e-child\" data-id=\"d5beecf\" data-element_type=\"container\" data-e-type=\"container\">\n\t\t\t\t<div class=\"elementor-element elementor-element-8d1742c elementor-widget elementor-widget-heading\" data-id=\"8d1742c\" data-element_type=\"widget\" data-e-type=\"widget\" data-widget_type=\"heading.default\">\n\t\t\t\t\t<h3 class=\"elementor-heading-title elementor-size-default\">Myy yrityksesi k\u00e4ytetyt IT-laitteet helposti ja vastuullisesti.<\/h3>\t\t\t\t<\/div>\n\t\t\t\t<\/div>\n\t\t\t\t\t<\/div>\n\t\t\t\t<\/main>\n\t\t<section class=\"elementor-element elementor-element-53260ad e-flex e-con-boxed e-con e-parent\" data-id=\"53260ad\" data-element_type=\"container\" data-e-type=\"container\">\n\t\t\t\t\t<div class=\"e-con-inner\">\n\t\t<div class=\"elementor-element elementor-element-b5fa44c e-con-full e-flex e-con e-child\" data-id=\"b5fa44c\" data-element_type=\"container\" data-e-type=\"container\">\n\t\t\t\t<div class=\"elementor-element elementor-element-a4d43e8 elementor-widget elementor-widget-image\" data-id=\"a4d43e8\" data-element_type=\"widget\" data-e-type=\"widget\" data-widget_type=\"image.default\">\n\t\t\t\t\t\t\t\t\t\t\t\t\t\t\t<img fetchpriority=\"high\" decoding=\"async\" width=\"800\" height=\"332\" src=\"https:\/\/abero.fi\/wp-content\/uploads\/2026\/02\/Abero_inrego-hero.webp\" class=\"attachment-large size-large wp-image-2939\" alt=\"\" srcset=\"https:\/\/abero.fi\/wp-content\/uploads\/2026\/02\/Abero_inrego-hero.webp 913w, https:\/\/abero.fi\/wp-content\/uploads\/2026\/02\/Abero_inrego-hero-300x125.webp 300w, https:\/\/abero.fi\/wp-content\/uploads\/2026\/02\/Abero_inrego-hero-768x319.webp 768w\" sizes=\"(max-width: 800px) 100vw, 800px\">\t\t\t\t\t\t\t\t\t\t\t\t\t\t\t<\/div>\n\t\t\t\t<\/div>\n\t\t<div class=\"elementor-element elementor-element-4f41fcb e-con-full e-flex e-con e-child\" data-id=\"4f41fcb\" data-element_type=\"container\" data-e-type=\"container\">\n\t\t\t\t<div class=\"elementor-element elementor-element-6192e16 elementor-widget elementor-widget-text-editor\" data-id=\"6192e16\" data-element_type=\"widget\" data-e-type=\"widget\" data-widget_type=\"text-editor.default\">\n\t\t\t\t\t\t\t\t\t<p data-path-to-node=\"1\">Aberon trade-in-palvelu auttaa yrityksi\u00e4 palauttamaan k\u00e4yt\u00f6st\u00e4 poistetun IT-omaisuuden arvon. Ostamme k\u00e4ytettyj\u00e4 tietokoneita, \u00e4lypuhelimia ja muita tietotekniikkalaitteita turvallisesti ja vastuullisesti.<\/p><p data-path-to-node=\"2\">Myy yrityksesi laitteet muutamassa minuutissa lis\u00e4\u00e4m\u00e4ll\u00e4 laitem\u00e4\u00e4r\u00e4t tuoteryhmitt\u00e4in alle \u2013 tai j\u00e4t\u00e4 yhteystietosi, niin otamme yhteytt\u00e4 ja autamme arvioinnissa.<\/p>\t\t\t\t\t\t\t\t<\/div>\n\t\t\t\t<div class=\"elementor-element elementor-element-7445289 elementor-widget elementor-widget-button\" data-id=\"7445289\" data-element_type=\"widget\" data-e-type=\"widget\" data-widget_type=\"button.default\">\n\t\t\t\t\t\t\t\t\t\t<a class=\"elementor-button elementor-button-link elementor-size-sm\" href=\"#form\">\n\t\t\t\t\t\t<span class=\"elementor-button-content-wrapper\">\n\t\t\t\t\t\t<span class=\"elementor-button-icon\">\n\t\t\t\t<svg aria-hidden=\"true\" class=\"e-font-icon-svg e-fas-angle-right\" viewBox=\"0 0 256 512\" xmlns=\"http:\/\/www.w3.org\/2000\/svg\"><path d=\"M224.3 273l-136 136c-9.4 9.4-24.6 9.4-33.9 0l-22.6-22.6c-9.4-9.4-9.4-24.6 0-33.9l96.4-96.4-96.4-96.4c-9.4-9.4-9.4-24.6 0-33.9L54.3 103c9.4-9.4 24.6-9.4 33.9 0l136 136c9.5 9.4 9.5 24.6.1 34z\"><\/path><\/svg>\t\t\t<\/span>\n\t\t\t\t\t\t\t\t\t<span class=\"elementor-button-text\">T\u00e4yt\u00e4 lomake<\/span>\n\t\t\t\t\t<\/span>\n\t\t\t\t\t<\/a>\n\t\t\t\t\t\t\t\t<\/div>\n\t\t\t\t<\/div>\n\t\t\t\t\t<\/div>\n\t\t\t\t<\/section>\n\t\t<section class=\"elementor-element elementor-element-ef7ff07 e-flex e-con-boxed e-con e-parent\" data-id=\"ef7ff07\" data-element_type=\"container\" data-e-type=\"container\" data-settings=\"{&quot;background_background&quot;:&quot;classic&quot;}\">\n\t\t\t\t\t<div class=\"e-con-inner\">\n\t\t<div class=\"elementor-element elementor-element-a5f4966 e-con-full e-flex e-con e-child\" data-id=\"a5f4966\" data-element_type=\"container\" data-e-type=\"container\">\n\t\t\t\t<div class=\"elementor-element elementor-element-fab5de8 elementor-widget elementor-widget-text-editor\" data-id=\"fab5de8\" data-element_type=\"widget\" data-e-type=\"widget\" data-widget_type=\"text-editor.default\">\n\t\t\t\t\t\t\t\t\t<p>Myytk\u00f6 it-laitteita? Me ostamme. <\/p>\t\t\t\t\t\t\t\t<\/div>\n\t\t\t\t<div class=\"elementor-element elementor-element-f81f169 elementor-widget elementor-widget-heading\" data-id=\"f81f169\" data-element_type=\"widget\" data-e-type=\"widget\" data-widget_type=\"heading.default\">\n\t\t\t\t\t<h2 class=\"elementor-heading-title elementor-size-default\">Mik\u00e4 on Aberon trade-in-palvelu?<\/h2>\t\t\t\t<\/div>\n\t\t\t\t<div class=\"elementor-element elementor-element-44b47b5 elementor-widget elementor-widget-text-editor\" data-id=\"44b47b5\" data-element_type=\"widget\" data-e-type=\"widget\" data-widget_type=\"text-editor.default\">\n\t\t\t\t\t\t\t\t\t<p>Abero trade-in k\u00e4ytt\u00e4\u00e4 johtavia kiertotalouden kumppanikanavia, jotka on omistettu tekem\u00e4\u00e4n maailmanlaajuisesta IT-kulutuksesta kest\u00e4v\u00e4mp\u00e4\u00e4. Heid\u00e4n keskeinen teht\u00e4v\u00e4ns\u00e4 on pident\u00e4\u00e4 teknologian elinkaarta ostamalla, kunnostamalla ja j\u00e4lleenmyym\u00e4ll\u00e4 k\u00e4ytettyj\u00e4 IT-laitteita. Priorisoimalla uudelleenk\u00e4yt\u00f6n kierr\u00e4tyksen edelle he auttavat organisaatioita pienent\u00e4m\u00e4\u00e4n hiilijalanj\u00e4lke\u00e4\u00e4n ja saavuttamaan kest\u00e4vyystavoitteensa.  <\/p>\t\t\t\t\t\t\t\t<\/div>\n\t\t\t\t<div class=\"elementor-element elementor-element-3ed245c elementor-icon-list--layout-traditional elementor-list-item-link-full_width elementor-widget elementor-widget-icon-list\" data-id=\"3ed245c\" data-element_type=\"widget\" data-e-type=\"widget\" data-widget_type=\"icon-list.default\">\n\t\t\t\t\t\t\t<ul class=\"elementor-icon-list-items\">\n\t\t\t\t\t\t\t<li class=\"elementor-icon-list-item\">\n\t\t\t\t\t\t\t\t\t\t\t<span class=\"elementor-icon-list-icon\">\n\t\t\t\t\t\t\t<svg aria-hidden=\"true\" class=\"e-font-icon-svg e-fas-check\" viewBox=\"0 0 512 512\" xmlns=\"http:\/\/www.w3.org\/2000\/svg\"><path d=\"M173.898 439.404l-166.4-166.4c-9.997-9.997-9.997-26.206 0-36.204l36.203-36.204c9.997-9.998 26.207-9.998 36.204 0L192 312.69 432.095 72.596c9.997-9.997 26.207-9.997 36.204 0l36.203 36.204c9.997 9.997 9.997 26.206 0 36.204l-294.4 294.401c-9.998 9.997-26.207 9.997-36.204-.001z\"><\/path><\/svg>\t\t\t\t\t\t<\/span>\n\t\t\t\t\t\t\t\t\t\t<span class=\"elementor-icon-list-text\">Turvallinen IT-laitteiden takaisinosto: Abero trade-in ostaa k\u00e4ytettyj\u00e4 tietokoneita, \u00e4lypuhelimia ja oheislaitteita yrityksilt\u00e4 sek\u00e4 julkiselta sektorilta. He hallinnoivat koko prosessin logistiikasta arvostukseen, mik\u00e4 mahdollistaa sen, ett\u00e4 organisaatiot saavat hyvityksen k\u00e4yt\u00f6st\u00e4 poistetusta laitteistostaan. <\/span>\n\t\t\t\t\t\t\t\t\t<\/li>\n\t\t\t\t\t\t\t\t<li class=\"elementor-icon-list-item\">\n\t\t\t\t\t\t\t\t\t\t\t<span class=\"elementor-icon-list-icon\">\n\t\t\t\t\t\t\t<svg aria-hidden=\"true\" class=\"e-font-icon-svg e-fas-check\" viewBox=\"0 0 512 512\" xmlns=\"http:\/\/www.w3.org\/2000\/svg\"><path d=\"M173.898 439.404l-166.4-166.4c-9.997-9.997-9.997-26.206 0-36.204l36.203-36.204c9.997-9.998 26.207-9.998 36.204 0L192 312.69 432.095 72.596c9.997-9.997 26.207-9.997 36.204 0l36.203 36.204c9.997 9.997 9.997 26.206 0 36.204l-294.4 294.401c-9.998 9.997-26.207 9.997-36.204-.001z\"><\/path><\/svg>\t\t\t\t\t\t<\/span>\n\t\t\t\t\t\t\t\t\t\t<span class=\"elementor-icon-list-text\">Sertifioitu tietojen h\u00e4vitt\u00e4minen: Keskeinen osa Abero trade-in -palvelua on t\u00e4ydellisen tietoturvan varmistaminen. He k\u00e4ytt\u00e4v\u00e4t ammattimaisia tiedonh\u00e4vitysmenetelmi\u00e4 (kuten Blancco) arkaluonteisen tiedon pysyv\u00e4\u00e4n pyyhkimiseen, mik\u00e4 tarjoaa asiakkaille virallisen sertifioinnin ja t\u00e4yden j\u00e4ljitett\u00e4vyyden vaatimustenmukaisuuden varmistamiseksi. <\/span>\n\t\t\t\t\t\t\t\t\t<\/li>\n\t\t\t\t\t\t\t\t<li class=\"elementor-icon-list-item\">\n\t\t\t\t\t\t\t\t\t\t\t<span class=\"elementor-icon-list-icon\">\n\t\t\t\t\t\t\t<svg aria-hidden=\"true\" class=\"e-font-icon-svg e-fas-check\" viewBox=\"0 0 512 512\" xmlns=\"http:\/\/www.w3.org\/2000\/svg\"><path d=\"M173.898 439.404l-166.4-166.4c-9.997-9.997-9.997-26.206 0-36.204l36.203-36.204c9.997-9.998 26.207-9.998 36.204 0L192 312.69 432.095 72.596c9.997-9.997 26.207-9.997 36.204 0l36.203 36.204c9.997 9.997 9.997 26.206 0 36.204l-294.4 294.401c-9.998 9.997-26.207 9.997-36.204-.001z\"><\/path><\/svg>\t\t\t\t\t\t<\/span>\n\t\t\t\t\t\t\t\t\t\t<span class=\"elementor-icon-list-text\">Kunnostus ja elinkaaren pident\u00e4minen: \"Refresh\"- ja kiertotalouspalveluidensa kautta Abero trade-in korjaa ja kunnostaa k\u00e4ytetyt laitteet korkeaan standardiin. N\u00e4m\u00e4 laitteet palautetaan sen j\u00e4lkeen markkinoille tai toimitetaan takaisin asiakkaalle, mik\u00e4 v\u00e4hent\u00e4\u00e4 merkitt\u00e4v\u00e4sti hiilidioksidip\u00e4\u00e4st\u00f6j\u00e4 pident\u00e4m\u00e4ll\u00e4 laitteiston k\u00e4ytt\u00f6ik\u00e4\u00e4. <\/span>\n\t\t\t\t\t\t\t\t\t<\/li>\n\t\t\t\t\t\t<\/ul>\n\t\t\t\t\t\t<\/div>\n\t\t\t\t<\/div>\n\t\t<div class=\"elementor-element elementor-element-279941b e-con-full e-flex e-con e-child\" data-id=\"279941b\" data-element_type=\"container\" data-e-type=\"container\">\n\t\t\t\t<div class=\"elementor-element elementor-element-d271998 elementor-widget elementor-widget-image\" data-id=\"d271998\" data-element_type=\"widget\" data-e-type=\"widget\" data-widget_type=\"image.default\">\n\t\t\t\t\t\t\t\t\t\t\t\t\t\t\t<img decoding=\"async\" width=\"800\" height=\"800\" src=\"https:\/\/abero.fi\/wp-content\/uploads\/2026\/02\/Abero_inrego-1.webp\" class=\"attachment-large size-large wp-image-2963\" alt=\"\" srcset=\"https:\/\/abero.fi\/wp-content\/uploads\/2026\/02\/Abero_inrego-1.webp 1000w, https:\/\/abero.fi\/wp-content\/uploads\/2026\/02\/Abero_inrego-1-300x300.webp 300w, https:\/\/abero.fi\/wp-content\/uploads\/2026\/02\/Abero_inrego-1-150x150.webp 150w, https:\/\/abero.fi\/wp-content\/uploads\/2026\/02\/Abero_inrego-1-768x768.webp 768w\" sizes=\"(max-width: 800px) 100vw, 800px\">\t\t\t\t\t\t\t\t\t\t\t\t\t\t\t<\/div>\n\t\t\t\t<\/div>\n\t\t\t\t\t<\/div>\n\t\t\t\t<\/section>\n\t\t<div class=\"elementor-element elementor-element-28e50a6 e-flex e-con-boxed e-con e-parent\" data-id=\"28e50a6\" data-element_type=\"container\" data-e-type=\"container\" data-settings=\"{&quot;background_background&quot;:&quot;classic&quot;}\">\n\t\t\t\t\t<div class=\"e-con-inner\">\n\t\t\t\t<div class=\"elementor-element elementor-element-ea3b3c7 elementor-widget elementor-widget-menu-anchor\" data-id=\"ea3b3c7\" data-element_type=\"widget\" data-e-type=\"widget\" data-widget_type=\"menu-anchor.default\">\n\t\t\t\t\t\t\t<div class=\"elementor-menu-anchor\" id=\"form\"><\/div>\n\t\t\t\t\t\t<\/div>\n\t\t\t\t\t<\/div>\n\t\t\t\t<\/div>\n\t\t<div class=\"elementor-element elementor-element-7bcc293 e-flex e-con-boxed e-con e-parent\" data-id=\"7bcc293\" data-element_type=\"container\" data-e-type=\"container\">\n\t\t\t\t\t<div class=\"e-con-inner\">\n\t\t\t\t<div class=\"elementor-element elementor-element-734b3b6 elementor-widget elementor-widget-shortcode\" data-id=\"734b3b6\" data-element_type=\"widget\" data-e-type=\"widget\" data-widget_type=\"shortcode.default\">\n\t\t\t\t\t\t\t<div class=\"elementor-shortcode\"><iframe src=\"https:\/\/recommerce.inrego.se\/abero-trade-in-eng\" width=\"100%\" height=\"800\" frameborder=\"0\"><\/iframe><\/div>\n\t\t\t\t\t\t<\/div>\n\t\t\t\t\t<\/div>\n\t\t\t\t<\/div>\n\t\t<section class=\"elementor-element elementor-element-a8f5c79 e-flex e-con-boxed e-con e-parent\" data-id=\"a8f5c79\" data-element_type=\"container\" data-e-type=\"container\">\n\t\t\t\t\t<div class=\"e-con-inner\">\n\t\t<div class=\"elementor-element elementor-element-f95f845 e-con-full e-flex e-con e-child\" data-id=\"f95f845\" data-element_type=\"container\" data-e-type=\"container\">\n\t\t\t\t<div class=\"elementor-element elementor-element-9b84495 elementor-widget elementor-widget-heading\" data-id=\"9b84495\" data-element_type=\"widget\" data-e-type=\"widget\" data-widget_type=\"heading.default\">\n\t\t\t\t\t<h3 class=\"elementor-heading-title elementor-size-default\">Oletko valmis antamaan IT-laitteillesi uuden el\u00e4m\u00e4n?<\/h3>\t\t\t\t<\/div>\n\t\t\t\t<div class=\"elementor-element elementor-element-9761819 elementor-widget elementor-widget-text-editor\" data-id=\"9761819\" data-element_type=\"widget\" data-e-type=\"widget\" data-widget_type=\"text-editor.default\">\n\t\t\t\t\t\t\t\t\t<p>Ota yhteytt\u00e4 bj\u00f6rniin, kokeneeseen asiantuntijaamme, l\u00f6yt\u00e4\u00e4ksesi parhaan ratkaisun yrityksellesi. H\u00e4n opastaa sinua henkil\u00f6kohtaisesti koko prosessin l\u00e4pi alkuper\u00e4isest\u00e4 arvonm\u00e4\u00e4rityksest\u00e4 turvalliseen tiedonh\u00e4vitykseen, varmistaen ett\u00e4 siirtym\u00e4nne kiertotalouteen on sujuva ja ammattimainen. <\/p>\t\t\t\t\t\t\t\t<\/div>\n\t\t\t\t<div class=\"elementor-element elementor-element-85b1b0a elementor-widget elementor-widget-text-editor\" data-id=\"85b1b0a\" data-element_type=\"widget\" data-e-type=\"widget\" data-widget_type=\"text-editor.default\">\n\t\t\t\t\t\t\t\t\t<p>Bj\u00f6rn \u00d6vergaard<\/p>\t\t\t\t\t\t\t\t<\/div>\n\t\t\t\t<div class=\"elementor-element elementor-element-06442be elementor-widget elementor-widget-text-editor\" data-id=\"06442be\" data-element_type=\"widget\" data-e-type=\"widget\" data-widget_type=\"text-editor.default\">\n\t\t\t\t\t\t\t\t\t<p>Account Manager &amp; Sales Team Lead<\/p><p>bjorn.overgaard[at]abero.fi<br><a style=\"color: #000000;\" href=\"puh:+358(0)207305737\">+358(0)20 730 5731<\/a><\/p>\t\t\t\t\t\t\t\t<\/div>\n\t\t\t\t<\/div>\n\t\t<div class=\"elementor-element elementor-element-8824ee0 e-con-full e-flex e-con e-child\" data-id=\"8824ee0\" data-element_type=\"container\" data-e-type=\"container\">\n\t\t\t\t<div class=\"elementor-element elementor-element-6f65d02 elementor-widget elementor-widget-image\" data-id=\"6f65d02\" data-element_type=\"widget\" data-e-type=\"widget\" data-widget_type=\"image.default\">\n\t\t\t\t\t\t\t\t\t\t\t\t\t\t\t<img decoding=\"async\" width=\"800\" height=\"683\" src=\"https:\/\/abero.fi\/wp-content\/uploads\/2026\/02\/Abero_inrego-bjorn.webp\" class=\"attachment-large size-large wp-image-3048\" alt=\"\" srcset=\"https:\/\/abero.fi\/wp-content\/uploads\/2026\/02\/Abero_inrego-bjorn.webp 913w, https:\/\/abero.fi\/wp-content\/uploads\/2026\/02\/Abero_inrego-bjorn-300x256.webp 300w, https:\/\/abero.fi\/wp-content\/uploads\/2026\/02\/Abero_inrego-bjorn-768x656.webp 768w\" sizes=\"(max-width: 800px) 100vw, 800px\">\t\t\t\t\t\t\t\t\t\t\t\t\t\t\t<\/div>\n\t\t\t\t<\/div>\n\t\t\t\t\t<\/div>\n\t\t\t\t<\/section>\n\t\t<section class=\"elementor-element elementor-element-b28459a e-flex e-con-boxed e-con e-parent\" data-id=\"b28459a\" data-element_type=\"container\" data-e-type=\"container\">\n\t\t\t\t\t<div class=\"e-con-inner\">\n\t\t<div class=\"elementor-element elementor-element-8f38f55 e-con-full e-flex e-con e-child\" data-id=\"8f38f55\" data-element_type=\"container\" data-e-type=\"container\">\n\t\t\t\t<div class=\"elementor-element elementor-element-0250472 elementor-widget elementor-widget-text-editor\" data-id=\"0250472\" data-element_type=\"widget\" data-e-type=\"widget\" data-widget_type=\"text-editor.default\">\n\t\t\t\t\t\t\t\t\t<p>Learn how we transform used hardware into sustainable assets. find out how our certified process helps your business reduce emissions and secure data through a smarter it lifecycle. <\/p>\t\t\t\t\t\t\t\t<\/div>\n\t\t<div class=\"elementor-element elementor-element-3694f1d e-con-full e-flex e-con e-child\" data-id=\"3694f1d\" data-element_type=\"container\" data-e-type=\"container\">\n\t\t\t\t<div class=\"elementor-element elementor-element-d485cb3 elementor-widget__width-auto elementor-align-center elementor-widget elementor-widget-button\" data-id=\"d485cb3\" data-element_type=\"widget\" data-e-type=\"widget\" data-widget_type=\"button.default\">\n\t\t\t\t\t\t\t\t\t\t<a class=\"elementor-button elementor-button-link elementor-size-sm\" href=\"https:\/\/abero.fi\/fi\/ota-yhteytta\/\" target=\"_blank\">\n\t\t\t\t\t\t<span class=\"elementor-button-content-wrapper\">\n\t\t\t\t\t\t\t\t\t<span class=\"elementor-button-text\">Ota yhteytt\u00e4 saadaksesi lis\u00e4tietoja<\/span>\n\t\t\t\t\t<\/span>\n\t\t\t\t\t<\/a>\n\t\t\t\t\t\t\t\t<\/div>\n\t\t\t\t<\/div>\n\t\t\t\t<\/div>\n\t\t\t\t\t<\/div>\n\t\t\t\t<\/section>\n\t\t\t\t<\/div>\n\t\t","protected":false},"excerpt":{"rendered":"<p>Abero trade-in Myy yrityksesi k\u00e4ytetyt IT-laitteet helposti ja vastuullisesti. Aberon trade-in-palvelu auttaa yrityksi\u00e4 palauttamaan k\u00e4yt\u00f6st\u00e4 poistetun IT-omaisuuden arvon. Ostamme k\u00e4ytettyj\u00e4 tietokoneita, \u00e4lypuhelimia ja muita tietotekniikkalaitteita turvallisesti ja vastuullisesti. Myy yrityksesi laitteet muutamassa minuutissa lis\u00e4\u00e4m\u00e4ll\u00e4 laitem\u00e4\u00e4r\u00e4t tuoteryhmitt\u00e4in alle \u2013 tai j\u00e4t\u00e4 yhteystietosi, niin otamme yhteytt\u00e4 ja autamme arvioinnissa. T\u00e4yt\u00e4 lomake Myytk\u00f6 it-laitteita? Me ostamme. Mik\u00e4 on [&hellip;]<\/p>\n","protected":false},"author":2,"featured_media":0,"parent":0,"menu_order":0,"comment_status":"closed","ping_status":"closed","template":"","meta":{"_acf_changed":false,"footnotes":""},"class_list":["post-3022","page","type-page","status-publish","hentry"],"acf":[],"_links":{"self":[{"href":"https:\/\/abero.fi\/fi\/wp-json\/wp\/v2\/pages\/3022","targetHints":{"allow":["GET"]}}],"collection":[{"href":"https:\/\/abero.fi\/fi\/wp-json\/wp\/v2\/pages"}],"about":[{"href":"https:\/\/abero.fi\/fi\/wp-json\/wp\/v2\/types\/page"}],"author":[{"embeddable":true,"href":"https:\/\/abero.fi\/fi\/wp-json\/wp\/v2\/users\/2"}],"replies":[{"embeddable":true,"href":"https:\/\/abero.fi\/fi\/wp-json\/wp\/v2\/comments?post=3022"}],"version-history":[{"count":7,"href":"https:\/\/abero.fi\/fi\/wp-json\/wp\/v2\/pages\/3022\/revisions"}],"predecessor-version":[{"id":4179,"href":"https:\/\/abero.fi\/fi\/wp-json\/wp\/v2\/pages\/3022\/revisions\/4179"}],"wp:attachment":[{"href":"https:\/\/abero.fi\/fi\/wp-json\/wp\/v2\/media?parent=3022"}],"curies":[{"name":"wp","href":"https:\/\/api.w.org\/{rel}","templated":true}]}}