{"id":1610,"date":"2024-01-08T12:04:19","date_gmt":"2024-01-08T12:04:19","guid":{"rendered":"https:\/\/abero.fi\/dataskyddspolicy\/"},"modified":"2024-04-04T09:10:58","modified_gmt":"2024-04-04T09:10:58","slug":"dataskyddspolicy","status":"publish","type":"page","link":"https:\/\/abero.fi\/sv\/dataskyddspolicy\/","title":{"rendered":"Dataskyddspolicy"},"content":{"rendered":"\t\t<div data-elementor-type=\"wp-page\" data-elementor-id=\"1610\" class=\"elementor elementor-1610 elementor-3\" data-elementor-post-type=\"page\">\n\t\t\t\t<main class=\"elementor-element elementor-element-9a5c53d e-flex e-con-boxed e-con e-parent\" data-id=\"9a5c53d\" data-element_type=\"container\" data-e-type=\"container\">\n\t\t\t\t\t<div class=\"e-con-inner\">\n\t\t<div class=\"elementor-element elementor-element-52940fd e-con-full e-flex e-con e-child\" data-id=\"52940fd\" data-element_type=\"container\" data-e-type=\"container\">\n\t\t\t\t<div class=\"elementor-element elementor-element-aaa432c elementor-widget elementor-widget-heading\" data-id=\"aaa432c\" data-element_type=\"widget\" data-e-type=\"widget\" data-widget_type=\"heading.default\">\n\t\t\t\t\t<h1 class=\"elementor-heading-title elementor-size-default\">Dataskyddspolicy<\/h1>\t\t\t\t<\/div>\n\t\t\t\t<\/div>\n\t\t\t\t\t<\/div>\n\t\t\t\t<\/main>\n\t\t<div class=\"elementor-element elementor-element-69fd004f e-flex e-con-boxed e-con e-parent\" data-id=\"69fd004f\" data-element_type=\"container\" data-e-type=\"container\">\n\t\t\t\t\t<div class=\"e-con-inner\">\n\t\t\t\t<div class=\"elementor-element elementor-element-2f21b605 elementor-widget elementor-widget-text-editor\" data-id=\"2f21b605\" data-element_type=\"widget\" data-e-type=\"widget\" data-widget_type=\"text-editor.default\">\n\t\t\t\t\t\t\t\t\t\n<p><b>1. Vad v\u00e5r dataskyddspolicy t\u00e4cker<\/b><\/p>\n<p>Ansvaret f\u00f6r er data erh\u00e5lls av Abero Technologies (Gerbyv\u00e4gen 16, 65230 Vasa \/ 2902316-9) \u2013 H\u00e4danefter kallad Abero.<\/p>\n<p>Nedan kommer v\u00e5r integritets- och cookiepolicy att f\u00f6rklaras, den inneh\u00e5ller information om vilken information vi samlar in, varf\u00f6r vi samlar in den, och med vem vi delar informationen. Vi kommer ocks\u00e5 att f\u00f6rklara de r\u00e4ttigheter och val som kunden har n\u00e4r det g\u00e4ller personuppgifter som samlas in av Abero. <\/p>\n<p>P\u00e5 Multitronic:s webbplats finns det l\u00e4nkar till webbplatser fr\u00e5n tredje part som \u00e4r utom v\u00e5r kontroll. Se till att du \u00e4ven l\u00e4ser deras integritetspolicyn eftersom v\u00e5r organisation inte kontrollerar dessa. <\/p>\n<p> <\/p>\n<p><b>2. Data som samlas in av Abero<\/b><\/p>\n<p>H\u00e4r beskrivs vilken information vi samlar in n\u00e4r du anv\u00e4nder v\u00e5ra tj\u00e4nster. N\u00e4r du registrerar dig som kund eller g\u00f6r en best\u00e4llning samlar vi in: <\/p>\n<ul>\n<li>Personliga uppgifter s\u00e5som: namn, adress, e-post, telefonnummer och i vissa fall personnummer och\/eller momsnummer<\/li>\n<li>Inloggningsuppgifterf\u00f6r kontot<\/li>\n<li>IP adress n\u00e4r best\u00e4llningen g\u00f6rs<\/li>\n<li>Passnummer f\u00f6r best\u00e4llningar utanf\u00f6r EU<\/li>\n<\/ul>\n<p><b><br>3. Anv\u00e4ndningen av personuppgifter<\/b><\/p>\n<p><strong>Vi anv\u00e4nder personuppgifter f\u00f6r att:<\/strong><\/p>\n<ul>\n<li>Hantera, leverera och informera dig om din best\u00e4llnings tillst\u00e5nd<\/li>\n<li>S\u00e4kerst\u00e4lla att vi kan kontakta dig om n\u00e5got ov\u00e4ntat intr\u00e4ffar med din best\u00e4llning<\/li>\n<li>Hantera kundservicefr\u00e5gor s\u00e5som garantier, \u00e5terbetalningar och andra fr\u00e5gor som r\u00f6r uppf\u00f6ljning<\/li>\n<li>Enklare kunna genomf\u00f6ra kundservice och uppgraderingar som du beg\u00e4r<\/li>\n<li>Ge dig tillg\u00e5ng till best\u00e4llningshistorik p\u00e5 ditt kundkonto<\/li>\n<li>Hantera t\u00e4vlingar, erbjudanden och kampanjer som du v\u00e4ljer att ta del av<\/li>\n<li>Som dokumentation gentemot myndigheter, g\u00e4llande till exempel skattemyndigheter eller juridiska fr\u00e5gor<\/li>\n<li>S\u00e4kerst\u00e4lla att vi kan kontakta dig om myndigheter \u00e5terkallar en produkt av s\u00e4kerhetssk\u00e4l<\/li>\n<li>Fastsl\u00e5 kreditgr\u00e4ns<\/li>\n<li>Undvika och f\u00f6rhindra bedr\u00e4gerier och andra olagliga aktiviteter<\/li>\n<\/ul>\n<p>F\u00f6rutom ovanst\u00e5ende anv\u00e4nder vi personuppgifter f\u00f6r att f\u00f6rst\u00e5 kunders beteende f\u00f6r att f\u00f6rb\u00e4ttra v\u00e5ra tj\u00e4nster p\u00e5 till exempel onlinemarknadsf\u00f6ring eller produkter som kan intressera dig.<\/p>\n<p> <\/p>\n<p><b>4. Delning av personlig information<\/b><\/p>\n<p>Personlig information \u00e4r tillg\u00e4nglig f\u00f6r anst\u00e4llda inom Abero:s organisation, som best\u00e5r av personal inom <b>Abero<br><\/b> och Multitronic Oy. Anst\u00e4llda arbetar ofta inom b\u00e5da dessa organisationer, sitter vid samma skrivbord som personer fr\u00e5n b\u00e4gge organisationer och anv\u00e4nder samma uppgifter som i Multitronic-administrationssystemet. <\/p>\n<p> <\/p>\n<p><b>Delning med leverant\u00f6rer och samarbetspartners<\/b><br>Abero kan dela din personliga information med leverant\u00f6rer och partners. I de flesta av dessa fall g\u00f6rs det f\u00f6r att leverera en tj\u00e4nst \/ produkt, till exempel vid k\u00f6p av programvara, garantif\u00f6rl\u00e4ngning eller produkt \/ garantiregistrering. Vi kan ocks\u00e5 dela din information g\u00e4llande anspr\u00e5k och garantifr\u00e5gor.  <\/p>\n<p> <\/p>\n<p><b>Delning med tj\u00e4nsteleverant\u00f6rer<\/b><br>F\u00f6r att f\u00e5 v\u00e5r tj\u00e4nst att fungera delar vi information med tj\u00e4nsteleverant\u00f6rer. Till exempel logistikf\u00f6retag, betalningsportaler, avbetalnings- och kreditl\u00e4ttnadsf\u00f6retag. Vi delar endast information som \u00e4r n\u00f6dv\u00e4ndig f\u00f6r att tj\u00e4nsteleverant\u00f6rer ska kunna utf\u00f6ra sin tj\u00e4nst.  <\/p>\n<p> <\/p>\n<p><b>Webbsideanalys<\/b><br>F\u00f6r att f\u00f6rb\u00e4ttra och optimera anv\u00e4ndarupplevelsen p\u00e5 v\u00e5r webbplats anv\u00e4nder vi s\u00e5 kallade sp\u00e5rningstekniker. Abero anv\u00e4nder dem f\u00f6r att se vilka sidor och produkter kunder har bes\u00f6kt f\u00f6r att f\u00f6rb\u00e4ttra kvaliteten p\u00e5 inneh\u00e5llet och produkterna vi tillhandah\u00e5ller. F\u00f6r dessa \u00e4ndam\u00e5l anv\u00e4nder Abero tv\u00e5 huvudtj\u00e4nster: Google Analytics och Facebook.  <\/p>\n<p> <\/p>\n<p><b>Google Analytics<\/b><br>Abero:s webbplats anv\u00e4nder Google (Universal) Analytics fr\u00e5n Google Inc. Google Analytics kan l\u00e4sa vissa textfiler (cookies) som finns p\u00e5 klientens dator. Abero delar inte eller f\u00e5r ingen kundinformation, s\u00e5som namn eller kontaktinformation via Google Analytics. Klientens plats best\u00e4ms p\u00e5 ett ungef\u00e4r av IP-adressen du anv\u00e4nder. Uppgifterna som tillhandah\u00e5lls via Google Analytics \u00e4r krypterade. F\u00f6r b\u00e4ttre marknadsanalys lagrar Google Analytics cookieinformation i 38 m\u00e5nader.     <\/p>\n<p>F\u00f6r att f\u00f6rhindra \u00f6verf\u00f6ring av cookie-genererad information kan klienten installera ett webbl\u00e4sarinsticksprogram. Men genom att g\u00f6ra det kommer kunden att v\u00e4lja bort inte bara Abero utan \u00e4ven alla andra webbplatser som anv\u00e4nder Google Analytics. Du kan h\u00e4mta plug-in fr\u00e5n denna <a href=\"https:\/\/tools.google.com\/dlpage\/gaoptout?hl=en\" target=\"_blank\" rel=\"noopener\">l\u00e4nk<\/a>.  <\/p>\n<p> <\/p>\n<p><b>Marknadsf\u00f6ring och reklam<\/b><\/p>\n<ul>\n<li>Google Ad Services \u2013 <span style=\"color: #339966;\"><a style=\"color: #339966;\" href=\"https:\/\/business.safety.google\/compliance\/#?modal_active=none\" target=\"_blank\" rel=\"noopener\">Data Policy<\/a><\/span><\/li>\n<li>FaceBook Ad Services \u2013 <span style=\"color: #339966;\"><a style=\"color: #339966;\" href=\"https:\/\/www.facebook.com\/privacy\/explanation\" target=\"_blank\" rel=\"noopener\">Data Policy<\/a><\/span><\/li>\n<\/ul>\n<p><b>Nyhetsbrev<\/b><\/p>\n<ul>\n<li>Mailchimp \u2013 <span style=\"color: #339966;\"><a style=\"color: #339966;\" href=\"https:\/\/mailchimp.com\/about\/security\/\" target=\"_blank\" rel=\"noopener\">Data Policy<\/a><\/span><\/li>\n<\/ul>\n<p>Observera att du n\u00e4r som helst kan avsluta prenumerationen p\u00e5 v\u00e5r e-posttj\u00e4nst antingen genom att klicka p\u00e5 l\u00e4nken i e-postmeddelandet eller genom att kontakta v\u00e5r kundtj\u00e4nst och be om borttagning fr\u00e5n e-postlistan.<\/p>\n<p> <\/p>\n<p><strong>Delning med andra organisationer<\/strong><br>Vi kan dela dina uppgifter med andra organisationer under exceptionella omst\u00e4ndigheter, till exempel om:<\/p>\n<ul>\n<li>det kr\u00e4vs enligt lag eller av myndighet<\/li>\n<li>beh\u00f6vs f\u00f6r att s\u00e4kerst\u00e4lla v\u00e5ra juridiska r\u00e4ttigheter och minimera v\u00e5r kreditrisk<\/li>\n<\/ul>\n<p><b><br>5. Skydd av dina personuppgifter<\/b><\/p>\n<p>All personlig information lagras p\u00e5 v\u00e5ra egna servrar och s\u00e4kerhetskopieringssystem. Vi anv\u00e4nder kryptering och brandv\u00e4gg f\u00f6r att minimera risken f\u00f6r l\u00e4ckage av personuppgifter. Servrar och s\u00e4kerhetskopieringssystem har begr\u00e4nsad fysisk \u00e5tkomst. All data som \u00f6verf\u00f6rs fr\u00e5n kundenheter \u00f6verf\u00f6rs via HTTPS s\u00e5 att den krypteras mellan din enhet och v\u00e5ra servrar.   <\/p>\n<p>Vi ber endast om ditt bankkontonummer i de fall vi beh\u00f6ver \u00e5terbetala dig. Vi lagrar aldrig n\u00e5gon av dina kreditkorts- eller bankinloggningsuppgifter i Abero:s-system. Tj\u00e4nsteleverant\u00f6rer ansvarar f\u00f6r att samla in dessa uppgifter. Vi g\u00f6r v\u00e5rt yttersta f\u00f6r att s\u00e4kerst\u00e4lla att inga personuppgifter l\u00e4cker ut medan de \u00f6verf\u00f6rs via internet.   <\/p>\n<p>Personuppgifter kan \u00f6verf\u00f6ras och lagras utanf\u00f6r EES (Europeiska ekonomiska samarbetsomr\u00e5det) av v\u00e5ra tj\u00e4nsteleverant\u00f6rer.<\/p>\n<p> <\/p>\n<p><b>6. Tid som personuppgifter lagras och raderas<\/b><\/p>\n<p>Vi lagrar personuppgifter tills du ber att de tas bort. Vi rekommenderar en period p\u00e5 tio \u00e5r eftersom vissa av produkterna vi s\u00e4ljer har garanti f\u00f6r den h\u00e4r perioden och om den produkten beh\u00f6ver \u00e5terkallas av s\u00e4kerhetssk\u00e4l vill vi kunna kontakta dig s\u00e5 fort som m\u00f6jligt. Vi tycker att detta \u00e4r mycket viktigt, s\u00e5 att vi kan sp\u00e5ra vem som har k\u00f6pt produkten f\u00f6r att f\u00f6rhindra skador eller risker.  <\/p>\n<p>Vi kan ocks\u00e5 begr\u00e4nsas av tekniska, juridiska eller myndighetsreglerande sk\u00e4l att radera dina uppgifter. Vi raderar dina personuppgifter p\u00e5 din beg\u00e4ran. <\/p>\n<p> <\/p>\n<p><b>7. Dina r\u00e4ttigheter att f\u00e5 tillg\u00e5ng till din personliga information hos oss<\/b><\/p>\n<p>Du har r\u00e4tt att se vilken personlig information vi har om dig. Det enklaste s\u00e4ttet att se detta \u00e4r att logga in p\u00e5 ditt anv\u00e4ndarkonto. Korrigera eller informera oss om n\u00e5gon personlig information \u00e4r felaktig. Du har r\u00e4tt att f\u00e5 dina personuppgifter \u00f6verf\u00f6rda till en tredje part som du v\u00e4ljer. Du kan p\u00e5 beg\u00e4ran begr\u00e4nsa v\u00e5r anv\u00e4ndning av personuppgifterna om de har anv\u00e4nts olagligt, de inte l\u00e4ngre \u00e4r aktuella, de \u00e4r felaktiga eller under raderingen av data.    <\/p>\n<p>Du kan ocks\u00e5 kontakta v\u00e5r kundtj\u00e4nst f\u00f6r att f\u00e5 en utskrift p\u00e5 vilken information vi har om dig samt beg\u00e4ra en \u00f6verf\u00f6ring. Vi kan be dig stryka din identitet och ge detaljer om ditt f\u00f6rh\u00e5llande till oss f\u00f6r att s\u00e4kerst\u00e4lla att du \u00e4r r\u00e4tt person. N\u00e5gon annan kan ocks\u00e5 p\u00e5 dina v\u00e4gnar be om dina personuppgifter. Fr\u00e5nsett i s\u00e4llsynta fall \u00e5terkommer vi till dig med din personliga information inom 20 arbetsdagar efter att ha mottagit och godk\u00e4nt din beg\u00e4ran. Vi utv\u00e4rderar varje ans\u00f6kan enskilt f\u00f6r att s\u00e4kerst\u00e4lla att den inte bryter mot andra regelverk vi kan ha gentemot till exempel myndigheter.    <\/p>\n<p> <\/p>\n<p><b>8. Anv\u00e4ndningen av cookies<\/b><\/p>\n<p>Vi anv\u00e4nder cookies f\u00f6r att fungera effektivt, f\u00f6r att hantera ink\u00f6p online och f\u00f6r att f\u00f6rb\u00e4ttra v\u00e5r tj\u00e4nst och \u00f6vervaka kundbeteende. En cookie \u00e4r en liten fil som lagras i din webbl\u00e4sare. De cookies vi anv\u00e4nder \u00e4r antingen av ih\u00e5llande typ eller sessionbaserade. En sk. ih\u00e5llande cookie lagras i din webbl\u00e4sare tills du tar bort den. En sessionsbaserad cookie lagras tills du avslutar din session p\u00e5 Abero:s-webbsida.    <\/p>\n<p> <\/p>\n<p><b>9. \u00c4ndring av dataskyddspolicy<\/b><\/p>\n<p>Abero har r\u00e4tt att \u00e4ndra dataskyddspolicy. \u00c4ndringar kommer att publiceras p\u00e5 v\u00e5r sida f\u00f6r dataskyddspolicy (det \u00e4r h\u00e4r du \u00e4r nu) minst tre dagar innan den tr\u00e4der i kraft. Abero f\u00f6ljer alltid EU-f\u00f6rordning 2016\/679 \u2013 Allm\u00e4n dataskyddsf\u00f6rordning (GDPR). Fullst\u00e4ndigt avtal finns <a href=\"https:\/\/eur-lex.europa.eu\/legal-content\/EN\/TXT\/PDF\/?uri=CELEX:32016R0679\" target=\"_blank\" rel=\"noopener\">h\u00e4r<\/a>.   <\/p>\n<p>Om du har fr\u00e5gor ang\u00e5ende v\u00e5r dataskyddspolicy, kontakta oss per <span style=\"color: #339966;\"><a style=\"color: #339966;\" href=\"mailto:support@abero.fi\">epost<\/a><\/span>.<\/p>\n\t\t\t\t\t\t\t\t<\/div>\n\t\t\t\t\t<\/div>\n\t\t\t\t<\/div>\n\t\t\t\t<\/div>\n\t\t","protected":false},"excerpt":{"rendered":"<p>Dataskyddspolicy 1. Vad v\u00e5r dataskyddspolicy t\u00e4cker Ansvaret f\u00f6r er data erh\u00e5lls av Abero Technologies (Gerbyv\u00e4gen 16, 65230 Vasa \/ 2902316-9) \u2013 H\u00e4danefter kallad Abero. Nedan kommer v\u00e5r integritets- och cookiepolicy att f\u00f6rklaras, den inneh\u00e5ller information om vilken information vi samlar in, varf\u00f6r vi samlar in den, och med vem vi delar informationen. Vi kommer ocks\u00e5 [&hellip;]<\/p>\n","protected":false},"author":1,"featured_media":0,"parent":0,"menu_order":0,"comment_status":"closed","ping_status":"open","template":"","meta":{"_acf_changed":false,"footnotes":""},"class_list":["post-1610","page","type-page","status-publish","hentry"],"acf":[],"_links":{"self":[{"href":"https:\/\/abero.fi\/sv\/wp-json\/wp\/v2\/pages\/1610","targetHints":{"allow":["GET"]}}],"collection":[{"href":"https:\/\/abero.fi\/sv\/wp-json\/wp\/v2\/pages"}],"about":[{"href":"https:\/\/abero.fi\/sv\/wp-json\/wp\/v2\/types\/page"}],"author":[{"embeddable":true,"href":"https:\/\/abero.fi\/sv\/wp-json\/wp\/v2\/users\/1"}],"replies":[{"embeddable":true,"href":"https:\/\/abero.fi\/sv\/wp-json\/wp\/v2\/comments?post=1610"}],"version-history":[{"count":10,"href":"https:\/\/abero.fi\/sv\/wp-json\/wp\/v2\/pages\/1610\/revisions"}],"predecessor-version":[{"id":1622,"href":"https:\/\/abero.fi\/sv\/wp-json\/wp\/v2\/pages\/1610\/revisions\/1622"}],"wp:attachment":[{"href":"https:\/\/abero.fi\/sv\/wp-json\/wp\/v2\/media?parent=1610"}],"curies":[{"name":"wp","href":"https:\/\/api.w.org\/{rel}","templated":true}]}}