{"id":1858,"date":"2024-03-26T13:46:43","date_gmt":"2024-03-26T13:46:43","guid":{"rendered":"https:\/\/abero.fi\/nyheter\/"},"modified":"2024-05-16T11:27:36","modified_gmt":"2024-05-16T11:27:36","slug":"nyheter","status":"publish","type":"page","link":"https:\/\/abero.fi\/sv\/nyheter\/","title":{"rendered":"Nyheter"},"content":{"rendered":"\t\t<div data-elementor-type=\"wp-page\" data-elementor-id=\"1858\" class=\"elementor elementor-1858 elementor-1352\" data-elementor-post-type=\"page\">\n\t\t\t\t<main class=\"elementor-element elementor-element-70776669 e-flex e-con-boxed e-con e-parent\" data-id=\"70776669\" data-element_type=\"container\" data-e-type=\"container\">\n\t\t\t\t\t<div class=\"e-con-inner\">\n\t\t<div class=\"elementor-element elementor-element-24b54794 e-con-full e-flex e-con e-child\" data-id=\"24b54794\" data-element_type=\"container\" data-e-type=\"container\">\n\t\t\t\t<div class=\"elementor-element elementor-element-485597ac elementor-widget elementor-widget-heading\" data-id=\"485597ac\" data-element_type=\"widget\" data-e-type=\"widget\" data-widget_type=\"heading.default\">\n\t\t\t\t\t<h1 class=\"elementor-heading-title elementor-size-default\">Nyheter<\/h1>\t\t\t\t<\/div>\n\t\t\t\t<\/div>\n\t\t\t\t\t<\/div>\n\t\t\t\t<\/main>\n\t\t<div class=\"elementor-element elementor-element-6a947e0c e-flex e-con-boxed e-con e-parent\" data-id=\"6a947e0c\" data-element_type=\"container\" data-e-type=\"container\">\n\t\t\t\t\t<div class=\"e-con-inner\">\n\t\t\t\t<div class=\"elementor-element elementor-element-b22416f elementor-grid-2 elementor-posts--align-left elementor-grid-tablet-2 elementor-grid-mobile-1 elementor-posts--thumbnail-top elementor-posts__hover-gradient elementor-widget elementor-widget-posts\" data-id=\"b22416f\" data-element_type=\"widget\" data-e-type=\"widget\" data-settings=\"{&quot;cards_columns&quot;:&quot;2&quot;,&quot;cards_row_gap&quot;:{&quot;unit&quot;:&quot;px&quot;,&quot;size&quot;:37,&quot;sizes&quot;:[]},&quot;cards_columns_tablet&quot;:&quot;2&quot;,&quot;cards_columns_mobile&quot;:&quot;1&quot;,&quot;cards_row_gap_tablet_extra&quot;:{&quot;unit&quot;:&quot;px&quot;,&quot;size&quot;:&quot;&quot;,&quot;sizes&quot;:[]},&quot;cards_row_gap_tablet&quot;:{&quot;unit&quot;:&quot;px&quot;,&quot;size&quot;:&quot;&quot;,&quot;sizes&quot;:[]},&quot;cards_row_gap_mobile_extra&quot;:{&quot;unit&quot;:&quot;px&quot;,&quot;size&quot;:&quot;&quot;,&quot;sizes&quot;:[]},&quot;cards_row_gap_mobile&quot;:{&quot;unit&quot;:&quot;px&quot;,&quot;size&quot;:&quot;&quot;,&quot;sizes&quot;:[]}}\" data-widget_type=\"posts.cards\">\n\t\t\t\t<div class=\"elementor-widget-container\">\n\t\t\t\t\t\t\t<div class=\"elementor-posts-container elementor-posts elementor-posts--skin-cards elementor-grid\" role=\"list\">\n\t\t\t\t<article class=\"elementor-post elementor-grid-item post-3132 post type-post status-publish format-standard has-post-thumbnail hentry category-kundberattelse\" role=\"listitem\">\n\t\t\t<div class=\"elementor-post__card\">\n\t\t\t\t<a class=\"elementor-post__thumbnail__link\" href=\"https:\/\/abero.fi\/sv\/pohjanmaan-siivous-ett-langsiktigt-digitalt-partnerskap\/\" tabindex=\"-1\" target=\"_blank\"><div class=\"elementor-post__thumbnail\"><img fetchpriority=\"high\" decoding=\"async\" width=\"700\" height=\"500\" src=\"https:\/\/abero.fi\/wp-content\/uploads\/2026\/02\/Abero-PohjanmaanSiivous_1.webp\" class=\"attachment-large size-large wp-image-3104\" alt=\"Abero-PohjanmaanSiivous_1\" srcset=\"https:\/\/abero.fi\/wp-content\/uploads\/2026\/02\/Abero-PohjanmaanSiivous_1.webp 700w, https:\/\/abero.fi\/wp-content\/uploads\/2026\/02\/Abero-PohjanmaanSiivous_1-300x214.webp 300w\" sizes=\"(max-width: 700px) 100vw, 700px\" \/><\/div><\/a>\n\t\t\t\t<div class=\"elementor-post__badge\">Kundber\u00e4ttelse<\/div>\n\t\t\t\t<div class=\"elementor-post__text\">\n\t\t\t\t<h3 class=\"elementor-post__title\">\n\t\t\t<a href=\"https:\/\/abero.fi\/sv\/pohjanmaan-siivous-ett-langsiktigt-digitalt-partnerskap\/\" target=&quot;_blank&quot;>\n\t\t\t\tPohjanmaan Siivous \u2013 Ett l\u00e5ngsiktigt digitalt partnerskap\t\t\t<\/a>\n\t\t<\/h3>\n\t\t\t\t<div class=\"elementor-post__excerpt\">\n\t\t\t<p>Om Pohjanmaan Siivous Pohjanmaan Siivous \u00e4r ett professionellt st\u00e4df\u00f6retag verksamt i Vasa, Sein\u00e4joki och Ule\u00e5borg. De erbjuder ett brett utbud av tj\u00e4nster, s\u00e5som: Underh\u00e5lls- och<\/p>\n\t\t<\/div>\n\t\t\t\t\t<div class=\"elementor-post__read-more-wrapper\">\n\t\t\n\t\t<a class=\"elementor-post__read-more\" href=\"https:\/\/abero.fi\/sv\/pohjanmaan-siivous-ett-langsiktigt-digitalt-partnerskap\/\" aria-label=\"L\u00e4s mer om Pohjanmaan Siivous \u2013 Ett l\u00e5ngsiktigt digitalt partnerskap\" tabindex=\"-1\" target=\"_blank\">\n\t\t\tL\u00e4s mer &gt;\t\t<\/a>\n\n\t\t\t\t\t<\/div>\n\t\t\t\t<\/div>\n\t\t\t\t<div class=\"elementor-post__meta-data\">\n\t\t\t\t\t<span class=\"elementor-post-date\">\n\t\t\t12 februari 2026\t\t<\/span>\n\t\t\t\t<\/div>\n\t\t\t\t\t<\/div>\n\t\t<\/article>\n\t\t\t\t<\/div>\n\t\t\n\t\t\t\t\t\t<\/div>\n\t\t\t\t<\/div>\n\t\t\t\t\t<\/div>\n\t\t\t\t<\/div>\n\t\t\t\t<\/div>\n\t\t","protected":false},"excerpt":{"rendered":"<p>Nyheter<\/p>\n","protected":false},"author":2,"featured_media":0,"parent":0,"menu_order":0,"comment_status":"closed","ping_status":"closed","template":"","meta":{"_acf_changed":false,"footnotes":""},"class_list":["post-1858","page","type-page","status-publish","hentry"],"acf":[],"_links":{"self":[{"href":"https:\/\/abero.fi\/sv\/wp-json\/wp\/v2\/pages\/1858","targetHints":{"allow":["GET"]}}],"collection":[{"href":"https:\/\/abero.fi\/sv\/wp-json\/wp\/v2\/pages"}],"about":[{"href":"https:\/\/abero.fi\/sv\/wp-json\/wp\/v2\/types\/page"}],"author":[{"embeddable":true,"href":"https:\/\/abero.fi\/sv\/wp-json\/wp\/v2\/users\/2"}],"replies":[{"embeddable":true,"href":"https:\/\/abero.fi\/sv\/wp-json\/wp\/v2\/comments?post=1858"}],"version-history":[{"count":7,"href":"https:\/\/abero.fi\/sv\/wp-json\/wp\/v2\/pages\/1858\/revisions"}],"predecessor-version":[{"id":2080,"href":"https:\/\/abero.fi\/sv\/wp-json\/wp\/v2\/pages\/1858\/revisions\/2080"}],"wp:attachment":[{"href":"https:\/\/abero.fi\/sv\/wp-json\/wp\/v2\/media?parent=1858"}],"curies":[{"name":"wp","href":"https:\/\/api.w.org\/{rel}","templated":true}]}}