{"id":1912,"date":"2024-03-14T13:59:10","date_gmt":"2024-03-14T13:59:10","guid":{"rendered":"https:\/\/abero.fi\/it-tjanster\/"},"modified":"2025-03-20T06:55:08","modified_gmt":"2025-03-20T06:55:08","slug":"it-tjanster","status":"publish","type":"page","link":"https:\/\/abero.fi\/sv\/it-tjanster\/","title":{"rendered":"IT-tj\u00e4nster"},"content":{"rendered":"\t\t<div data-elementor-type=\"wp-page\" data-elementor-id=\"1912\" class=\"elementor elementor-1912 elementor-345\" data-elementor-post-type=\"page\">\n\t\t\t\t<main class=\"elementor-element elementor-element-fc0e7fc e-flex e-con-boxed e-con e-parent\" data-id=\"fc0e7fc\" data-element_type=\"container\" data-e-type=\"container\">\n\t\t\t\t\t<div class=\"e-con-inner\">\n\t\t<div class=\"elementor-element elementor-element-fe9eaac e-con-full e-flex e-con e-child\" data-id=\"fe9eaac\" data-element_type=\"container\" data-e-type=\"container\">\n\t\t\t\t<div class=\"elementor-element elementor-element-6797c4c elementor-widget elementor-widget-heading\" data-id=\"6797c4c\" data-element_type=\"widget\" data-e-type=\"widget\" data-widget_type=\"heading.default\">\n\t\t\t\t\t<h1 class=\"elementor-heading-title elementor-size-default\">IT-tj\u00e4nster<\/h1>\t\t\t\t<\/div>\n\t\t\t\t<\/div>\n\t\t<div class=\"elementor-element elementor-element-2e2fa76 e-con-full e-flex e-con e-child\" data-id=\"2e2fa76\" data-element_type=\"container\" data-e-type=\"container\">\n\t\t\t\t<div class=\"elementor-element elementor-element-5a0dfa2 elementor-widget elementor-widget-heading\" data-id=\"5a0dfa2\" data-element_type=\"widget\" data-e-type=\"widget\" data-widget_type=\"heading.default\">\n\t\t\t\t\t<h3 class=\"elementor-heading-title elementor-size-default\">\u00d6ka effektiviteten i ditt f\u00f6retag med Aberos skalbara IT-tj\u00e4nster<\/h3>\t\t\t\t<\/div>\n\t\t\t\t<\/div>\n\t\t\t\t\t<\/div>\n\t\t\t\t<\/main>\n\t\t<div class=\"elementor-element elementor-element-447801d e-flex e-con-boxed e-con e-parent\" data-id=\"447801d\" data-element_type=\"container\" data-e-type=\"container\">\n\t\t\t\t\t<div class=\"e-con-inner\">\n\t\t<div class=\"elementor-element elementor-element-d63200c e-con-full e-flex e-con e-child\" data-id=\"d63200c\" data-element_type=\"container\" data-e-type=\"container\">\n\t\t\t\t<div class=\"elementor-element elementor-element-7877ffd elementor-widget elementor-widget-image\" data-id=\"7877ffd\" data-element_type=\"widget\" data-e-type=\"widget\" data-widget_type=\"image.default\">\n\t\t\t\t\t\t\t\t\t\t\t\t\t\t\t<img fetchpriority=\"high\" decoding=\"async\" width=\"800\" height=\"332\" src=\"https:\/\/abero.fi\/wp-content\/uploads\/2024\/03\/Abero_AboutUs-Harri.webp\" class=\"attachment-large size-large wp-image-1472\" alt=\"\" srcset=\"https:\/\/abero.fi\/wp-content\/uploads\/2024\/03\/Abero_AboutUs-Harri.webp 913w, https:\/\/abero.fi\/wp-content\/uploads\/2024\/03\/Abero_AboutUs-Harri-300x125.webp 300w, https:\/\/abero.fi\/wp-content\/uploads\/2024\/03\/Abero_AboutUs-Harri-768x319.webp 768w\" sizes=\"(max-width: 800px) 100vw, 800px\">\t\t\t\t\t\t\t\t\t\t\t\t\t\t\t<\/div>\n\t\t\t\t<\/div>\n\t\t<div class=\"elementor-element elementor-element-3105033 e-con-full e-flex e-con e-child\" data-id=\"3105033\" data-element_type=\"container\" data-e-type=\"container\">\n\t\t\t\t<div class=\"elementor-element elementor-element-ca61730 elementor-widget elementor-widget-text-editor\" data-id=\"ca61730\" data-element_type=\"widget\" data-e-type=\"widget\" data-widget_type=\"text-editor.default\">\n\t\t\t\t\t\t\t\t\t<p>Abero \u00e5tar sig att st\u00f6dja ditt f\u00f6retag genom olika IT-tj\u00e4nster som \u00e4r utformade f\u00f6r att effektivisera dina teknikbehov. V\u00e5rt tillv\u00e4gag\u00e5ngss\u00e4tt fokuserar p\u00e5 effektivitet, tillf\u00f6rlitlighet och skalbarhet f\u00f6r att s\u00e4kerst\u00e4lla att din tekniska infrastruktur \u00f6verensst\u00e4mmer med dina aff\u00e4rsm\u00e5l.<\/p>\n\t\t\t\t\t\t\t\t<\/div>\n\t\t\t\t<div class=\"elementor-element elementor-element-375ecd9 elementor-widget elementor-widget-button\" data-id=\"375ecd9\" data-element_type=\"widget\" data-e-type=\"widget\" data-widget_type=\"button.default\">\n\t\t\t\t\t\t\t\t\t\t<a class=\"elementor-button elementor-button-link elementor-size-sm\" href=\"#services\">\n\t\t\t\t\t\t<span class=\"elementor-button-content-wrapper\">\n\t\t\t\t\t\t<span class=\"elementor-button-icon\">\n\t\t\t\t<svg aria-hidden=\"true\" class=\"e-font-icon-svg e-fas-angle-right\" viewBox=\"0 0 256 512\" xmlns=\"http:\/\/www.w3.org\/2000\/svg\"><path d=\"M224.3 273l-136 136c-9.4 9.4-24.6 9.4-33.9 0l-22.6-22.6c-9.4-9.4-9.4-24.6 0-33.9l96.4-96.4-96.4-96.4c-9.4-9.4-9.4-24.6 0-33.9L54.3 103c9.4-9.4 24.6-9.4 33.9 0l136 136c9.5 9.4 9.5 24.6.1 34z\"><\/path><\/svg>\t\t\t<\/span>\n\t\t\t\t\t\t\t\t\t<span class=\"elementor-button-text\">L\u00e4s mer om v\u00e5ra tj\u00e4nster<\/span>\n\t\t\t\t\t<\/span>\n\t\t\t\t\t<\/a>\n\t\t\t\t\t\t\t\t<\/div>\n\t\t\t\t<\/div>\n\t\t\t\t\t<\/div>\n\t\t\t\t<\/div>\n\t\t<div class=\"elementor-element elementor-element-a46f4b4 e-flex e-con-boxed e-con e-parent\" data-id=\"a46f4b4\" data-element_type=\"container\" data-e-type=\"container\">\n\t\t\t\t\t<div class=\"e-con-inner\">\n\t\t\t\t<div class=\"elementor-element elementor-element-5c046d9 elementor-widget elementor-widget-menu-anchor\" data-id=\"5c046d9\" data-element_type=\"widget\" data-e-type=\"widget\" data-widget_type=\"menu-anchor.default\">\n\t\t\t\t\t\t\t<div class=\"elementor-menu-anchor\" id=\"services\"><\/div>\n\t\t\t\t\t\t<\/div>\n\t\t\t\t\t<\/div>\n\t\t\t\t<\/div>\n\t\t<div class=\"elementor-element elementor-element-6cfbe7e e-flex e-con-boxed e-con e-parent\" data-id=\"6cfbe7e\" data-element_type=\"container\" data-e-type=\"container\" data-settings=\"{&quot;background_background&quot;:&quot;classic&quot;}\">\n\t\t\t\t\t<div class=\"e-con-inner\">\n\t\t<div class=\"elementor-element elementor-element-d0fec11 e-con-full e-flex e-con e-child\" data-id=\"d0fec11\" data-element_type=\"container\" data-e-type=\"container\">\n\t\t\t\t<div class=\"elementor-element elementor-element-55c59bd elementor-position-top elementor-widget elementor-widget-image-box\" data-id=\"55c59bd\" data-element_type=\"widget\" data-e-type=\"widget\" data-widget_type=\"image-box.default\">\n\t\t\t\t\t<div class=\"elementor-image-box-wrapper\"><figure class=\"elementor-image-box-img\"><img decoding=\"async\" width=\"24\" height=\"24\" src=\"https:\/\/abero.fi\/wp-content\/uploads\/2024\/03\/Abero_Lifecycle-Services.svg\" class=\"attachment-large size-large wp-image-1474\" alt=\"\"><\/figure><div class=\"elementor-image-box-content\"><h2 class=\"elementor-image-box-title\">Livscykeltj\u00e4nster<\/h2><p class=\"elementor-image-box-description\">V\u00e5ra livscykeltj\u00e4nster hanterar dina IT-tillg\u00e5ngar fr\u00e5n ink\u00f6p till avveckling och s\u00e4kerst\u00e4ller att de f\u00f6rblir praktiska och aktuella, vilket f\u00f6renklar hanteringsprocessen f\u00f6r ditt team.<\/p><\/div><\/div>\t\t\t\t<\/div>\n\t\t\t\t<\/div>\n\t\t<div class=\"elementor-element elementor-element-820a466 e-con-full e-flex e-con e-child\" data-id=\"820a466\" data-element_type=\"container\" data-e-type=\"container\">\n\t\t\t\t<div class=\"elementor-element elementor-element-193d801 elementor-position-top elementor-widget elementor-widget-image-box\" data-id=\"193d801\" data-element_type=\"widget\" data-e-type=\"widget\" data-widget_type=\"image-box.default\">\n\t\t\t\t\t<div class=\"elementor-image-box-wrapper\"><figure class=\"elementor-image-box-img\"><img decoding=\"async\" width=\"24\" height=\"24\" src=\"https:\/\/abero.fi\/wp-content\/uploads\/2024\/03\/Abero_Support.svg\" class=\"attachment-large size-large wp-image-1476\" alt=\"\"><\/figure><div class=\"elementor-image-box-content\"><h2 class=\"elementor-image-box-title\">Support<\/h2><p class=\"elementor-image-box-description\">V\u00e5ra supporttj\u00e4nster finns h\u00e4r f\u00f6r att l\u00f6sa eventuella IT-utmaningar och syftar till att minimera driftstopp och h\u00e5lla dina verksamheter ig\u00e5ng smidigt.<\/p><\/div><\/div>\t\t\t\t<\/div>\n\t\t\t\t<\/div>\n\t\t\t\t\t<\/div>\n\t\t\t\t<\/div>\n\t\t<div class=\"elementor-element elementor-element-26cd089 e-flex e-con-boxed e-con e-parent\" data-id=\"26cd089\" data-element_type=\"container\" data-e-type=\"container\" data-settings=\"{&quot;background_background&quot;:&quot;classic&quot;}\">\n\t\t\t\t\t<div class=\"e-con-inner\">\n\t\t<div class=\"elementor-element elementor-element-d4cbe4c e-con-full e-flex e-con e-child\" data-id=\"d4cbe4c\" data-element_type=\"container\" data-e-type=\"container\">\n\t\t\t\t<div class=\"elementor-element elementor-element-46319d6 elementor-position-top elementor-widget elementor-widget-image-box\" data-id=\"46319d6\" data-element_type=\"widget\" data-e-type=\"widget\" data-widget_type=\"image-box.default\">\n\t\t\t\t\t<div class=\"elementor-image-box-wrapper\"><figure class=\"elementor-image-box-img\"><img loading=\"lazy\" decoding=\"async\" width=\"24\" height=\"24\" src=\"https:\/\/abero.fi\/wp-content\/uploads\/2024\/03\/Abero_Licenses.svg\" class=\"attachment-large size-large wp-image-1478\" alt=\"\"><\/figure><div class=\"elementor-image-box-content\"><h2 class=\"elementor-image-box-title\">Licenser<\/h2><p class=\"elementor-image-box-description\">Vi hanterar dina programvarulicenser f\u00f6r att s\u00e4kerst\u00e4lla efterlevnad och optimera dina investeringar, och tillhandah\u00e5ller de n\u00f6dv\u00e4ndiga licenserna utan komplikationer.<\/p><\/div><\/div>\t\t\t\t<\/div>\n\t\t\t\t<\/div>\n\t\t<div class=\"elementor-element elementor-element-044f492 e-con-full e-flex e-con e-child\" data-id=\"044f492\" data-element_type=\"container\" data-e-type=\"container\">\n\t\t\t\t<div class=\"elementor-element elementor-element-f314736 elementor-position-top elementor-widget elementor-widget-image-box\" data-id=\"f314736\" data-element_type=\"widget\" data-e-type=\"widget\" data-widget_type=\"image-box.default\">\n\t\t\t\t\t<div class=\"elementor-image-box-wrapper\"><figure class=\"elementor-image-box-img\"><img loading=\"lazy\" decoding=\"async\" width=\"24\" height=\"24\" src=\"https:\/\/abero.fi\/wp-content\/uploads\/2024\/03\/Abero_Hardware.svg\" class=\"attachment-large size-large wp-image-1480\" alt=\"\"><\/figure><div class=\"elementor-image-box-content\"><h2 class=\"elementor-image-box-title\">H\u00e5rdvara<\/h2><p class=\"elementor-image-box-description\">Vi erbjuder skr\u00e4ddarsydda h\u00e5rdvarul\u00f6sningar f\u00f6r att m\u00f6ta dina aff\u00e4rsbehov, vilket omfattar urval, installation och underh\u00e5ll.<\/p><\/div><\/div>\t\t\t\t<\/div>\n\t\t\t\t<\/div>\n\t\t\t\t\t<\/div>\n\t\t\t\t<\/div>\n\t\t<div class=\"elementor-element elementor-element-f5e2ef1 e-flex e-con-boxed e-con e-parent\" data-id=\"f5e2ef1\" data-element_type=\"container\" data-e-type=\"container\" data-settings=\"{&quot;background_background&quot;:&quot;classic&quot;}\">\n\t\t\t\t\t<div class=\"e-con-inner\">\n\t\t<div class=\"elementor-element elementor-element-d04d629 e-con-full e-flex e-con e-child\" data-id=\"d04d629\" data-element_type=\"container\" data-e-type=\"container\">\n\t\t\t\t<div class=\"elementor-element elementor-element-30795e2 elementor-position-top elementor-widget elementor-widget-image-box\" data-id=\"30795e2\" data-element_type=\"widget\" data-e-type=\"widget\" data-widget_type=\"image-box.default\">\n\t\t\t\t\t<div class=\"elementor-image-box-wrapper\"><figure class=\"elementor-image-box-img\"><img loading=\"lazy\" decoding=\"async\" width=\"24\" height=\"24\" src=\"https:\/\/abero.fi\/wp-content\/uploads\/2024\/03\/Abero_Cloud-Computing.svg\" class=\"attachment-large size-large wp-image-1482\" alt=\"\"><\/figure><div class=\"elementor-image-box-content\"><h2 class=\"elementor-image-box-title\">Molntj\u00e4nster<\/h2><p class=\"elementor-image-box-description\">V\u00e5ra molntj\u00e4nster och l\u00f6sningar erbjuder flexibilitet och s\u00e4kerhet, utformade f\u00f6r att f\u00f6rb\u00e4ttra ditt f\u00f6retags smidighet och kostnadseffektivitet.<\/p><\/div><\/div>\t\t\t\t<\/div>\n\t\t\t\t<\/div>\n\t\t<div class=\"elementor-element elementor-element-148e2fe e-con-full e-flex e-con e-child\" data-id=\"148e2fe\" data-element_type=\"container\" data-e-type=\"container\">\n\t\t\t\t<div class=\"elementor-element elementor-element-8cbc2b5 elementor-position-top elementor-widget elementor-widget-image-box\" data-id=\"8cbc2b5\" data-element_type=\"widget\" data-e-type=\"widget\" data-widget_type=\"image-box.default\">\n\t\t\t\t\t<div class=\"elementor-image-box-wrapper\"><figure class=\"elementor-image-box-img\"><img decoding=\"async\" src=\"https:\/\/abero.fi\/wp-content\/uploads\/2024\/03\/Abero_Microsoft-1.svg\" title=\"Abero_Microsoft\" alt=\"Abero_Microsoft\" loading=\"lazy\" \/><\/figure><div class=\"elementor-image-box-content\"><h2 class=\"elementor-image-box-title\">Microsoft Modern Workplace<\/h2><p class=\"elementor-image-box-description\">Implementera de senaste Microsoft-teknologierna f\u00f6r att f\u00f6rb\u00e4ttra din organisations samarbete, produktivitet och s\u00e4kerhet.<\/p><\/div><\/div>\t\t\t\t<\/div>\n\t\t\t\t<\/div>\n\t\t\t\t\t<\/div>\n\t\t\t\t<\/div>\n\t\t<div class=\"elementor-element elementor-element-9de1e2f e-flex e-con-boxed e-con e-parent\" data-id=\"9de1e2f\" data-element_type=\"container\" data-e-type=\"container\" data-settings=\"{&quot;background_background&quot;:&quot;classic&quot;}\">\n\t\t\t\t\t<div class=\"e-con-inner\">\n\t\t\t\t<div class=\"elementor-element elementor-element-67b00fa elementor-widget elementor-widget-image\" data-id=\"67b00fa\" data-element_type=\"widget\" data-e-type=\"widget\" data-widget_type=\"image.default\">\n\t\t\t\t\t\t\t\t\t\t\t\t\t\t\t<img loading=\"lazy\" decoding=\"async\" width=\"185\" height=\"3\" src=\"https:\/\/abero.fi\/wp-content\/uploads\/2024\/03\/Abero_Line.svg\" class=\"attachment-large size-large wp-image-1444\" alt=\"\">\t\t\t\t\t\t\t\t\t\t\t\t\t\t\t<\/div>\n\t\t\t\t<div class=\"elementor-element elementor-element-78504cc elementor-widget elementor-widget-heading\" data-id=\"78504cc\" data-element_type=\"widget\" data-e-type=\"widget\" data-widget_type=\"heading.default\">\n\t\t\t\t\t<h2 class=\"elementor-heading-title elementor-size-default\">Infrastruktur<\/h2>\t\t\t\t<\/div>\n\t\t\t\t<div class=\"elementor-element elementor-element-bffb4ea elementor-widget elementor-widget-text-editor\" data-id=\"bffb4ea\" data-element_type=\"widget\" data-e-type=\"widget\" data-widget_type=\"text-editor.default\">\n\t\t\t\t\t\t\t\t\t<p>Vi tillhandah\u00e5ller infrastrukturtj\u00e4nster som l\u00e4gger en solid grund f\u00f6r dina IT-behov, utformade f\u00f6r att st\u00f6dja och v\u00e4xa med ditt f\u00f6retag.<\/p>\n\t\t\t\t\t\t\t\t<\/div>\n\t\t\t\t\t<\/div>\n\t\t\t\t<\/div>\n\t\t<div class=\"elementor-element elementor-element-65546b8 e-flex e-con-boxed e-con e-parent\" data-id=\"65546b8\" data-element_type=\"container\" data-e-type=\"container\">\n\t\t\t\t\t<div class=\"e-con-inner\">\n\t\t<div class=\"elementor-element elementor-element-6a35326 e-con-full e-flex e-con e-child\" data-id=\"6a35326\" data-element_type=\"container\" data-e-type=\"container\">\n\t\t\t\t<div class=\"elementor-element elementor-element-a4f5ef5 elementor-position-top elementor-widget elementor-widget-image-box\" data-id=\"a4f5ef5\" data-element_type=\"widget\" data-e-type=\"widget\" data-widget_type=\"image-box.default\">\n\t\t\t\t\t<div class=\"elementor-image-box-wrapper\"><figure class=\"elementor-image-box-img\"><img loading=\"lazy\" decoding=\"async\" width=\"24\" height=\"24\" src=\"https:\/\/abero.fi\/wp-content\/uploads\/2024\/03\/Abero_routers-Switching-Wifi.svg\" class=\"attachment-large size-large wp-image-1488\" alt=\"\"><\/figure><div class=\"elementor-image-box-content\"><h3 class=\"elementor-image-box-title\">Router, Switching och WiFi<\/h3><p class=\"elementor-image-box-description\">V\u00e5ra n\u00e4tverkstj\u00e4nster s\u00e4kerst\u00e4ller att din anslutning \u00e4r tillf\u00f6rlitlig och s\u00e4ker, optimerar ditt n\u00e4tverk f\u00f6r prestanda.<\/p><\/div><\/div>\t\t\t\t<\/div>\n\t\t\t\t<\/div>\n\t\t<div class=\"elementor-element elementor-element-7e57816 e-con-full e-flex e-con e-child\" data-id=\"7e57816\" data-element_type=\"container\" data-e-type=\"container\">\n\t\t\t\t<div class=\"elementor-element elementor-element-67c9a77 elementor-position-top elementor-widget elementor-widget-image-box\" data-id=\"67c9a77\" data-element_type=\"widget\" data-e-type=\"widget\" data-widget_type=\"image-box.default\">\n\t\t\t\t\t<div class=\"elementor-image-box-wrapper\"><figure class=\"elementor-image-box-img\"><img decoding=\"async\" src=\"https:\/\/abero.fi\/wp-content\/uploads\/2024\/03\/Abero_Servers-StorageDevices.svg\" title=\"Abero_Servers-StorageDevices\" alt=\"Abero_Servers-StorageDevices\" loading=\"lazy\" \/><\/figure><div class=\"elementor-image-box-content\"><h3 class=\"elementor-image-box-title\">Servrar och lagringsenheter<\/h3><p class=\"elementor-image-box-description\">V\u00e5ra server- och lagringsl\u00f6sningar erbjuder skalbar och s\u00e4ker datahantering f\u00f6r att st\u00f6dja ditt f\u00f6retags datam\u00e4ngder.<\/p><\/div><\/div>\t\t\t\t<\/div>\n\t\t\t\t<\/div>\n\t\t\t\t\t<\/div>\n\t\t\t\t<\/div>\n\t\t<div class=\"elementor-element elementor-element-b6f80cd e-flex e-con-boxed e-con e-parent\" data-id=\"b6f80cd\" data-element_type=\"container\" data-e-type=\"container\">\n\t\t\t\t\t<div class=\"e-con-inner\">\n\t\t<div class=\"elementor-element elementor-element-9882038 e-con-full e-flex e-con e-child\" data-id=\"9882038\" data-element_type=\"container\" data-e-type=\"container\">\n\t\t\t\t<div class=\"elementor-element elementor-element-fd3deda elementor-position-top elementor-widget elementor-widget-image-box\" data-id=\"fd3deda\" data-element_type=\"widget\" data-e-type=\"widget\" data-widget_type=\"image-box.default\">\n\t\t\t\t\t<div class=\"elementor-image-box-wrapper\"><figure class=\"elementor-image-box-img\"><img loading=\"lazy\" decoding=\"async\" width=\"24\" height=\"24\" src=\"https:\/\/abero.fi\/wp-content\/uploads\/2024\/03\/Abero_Cabling-Connectivity.svg\" class=\"attachment-large size-large wp-image-1492\" alt=\"\"><\/figure><div class=\"elementor-image-box-content\"><h3 class=\"elementor-image-box-title\">Kablage och anslutning<\/h3><p class=\"elementor-image-box-description\">Vi s\u00e4kerst\u00e4ller att din IT-infrastruktur \u00e4r integrerad och optimerad f\u00f6r prestanda genom v\u00e5ra kablage- och anslutningstj\u00e4nster.<\/p><\/div><\/div>\t\t\t\t<\/div>\n\t\t\t\t<\/div>\n\t\t<div class=\"elementor-element elementor-element-f1fad72 e-con-full e-flex e-con e-child\" data-id=\"f1fad72\" data-element_type=\"container\" data-e-type=\"container\">\n\t\t\t\t<div class=\"elementor-element elementor-element-28026c4 elementor-position-top elementor-widget elementor-widget-image-box\" data-id=\"28026c4\" data-element_type=\"widget\" data-e-type=\"widget\" data-widget_type=\"image-box.default\">\n\t\t\t\t\t<div class=\"elementor-image-box-wrapper\"><figure class=\"elementor-image-box-img\"><img decoding=\"async\" src=\"https:\/\/abero.fi\/wp-content\/uploads\/2024\/03\/Abero_Backup-DisasterRecovery.svg\" title=\"Abero_Backup-DisasterRecovery\" alt=\"Abero_Backup-DisasterRecovery\" loading=\"lazy\" \/><\/figure><div class=\"elementor-image-box-content\"><h3 class=\"elementor-image-box-title\">Backup och katastrof\u00e5terst\u00e4llning<\/h3><p class=\"elementor-image-box-description\">V\u00e5ra backup- och katastrof\u00e5terst\u00e4llningstj\u00e4nster skyddar dina kritiska data och s\u00e4kerst\u00e4ller att ditt f\u00f6retag kan forts\u00e4tta driva verksamheten efter att en katastrof har intr\u00e4ffat.<\/p><\/div><\/div>\t\t\t\t<\/div>\n\t\t\t\t<\/div>\n\t\t\t\t\t<\/div>\n\t\t\t\t<\/div>\n\t\t<main class=\"elementor-element elementor-element-74858de e-flex e-con-boxed e-con e-parent\" data-id=\"74858de\" data-element_type=\"container\" data-e-type=\"container\">\n\t\t\t\t\t<div class=\"e-con-inner\">\n\t\t<div class=\"elementor-element elementor-element-c4fa77f e-con-full e-flex e-con e-child\" data-id=\"c4fa77f\" data-element_type=\"container\" data-e-type=\"container\">\n\t\t\t\t<div class=\"elementor-element elementor-element-559dd9e elementor-widget elementor-widget-image\" data-id=\"559dd9e\" data-element_type=\"widget\" data-e-type=\"widget\" data-widget_type=\"image.default\">\n\t\t\t\t\t\t\t\t\t\t\t\t\t\t\t<img loading=\"lazy\" decoding=\"async\" width=\"800\" height=\"193\" src=\"https:\/\/abero.fi\/wp-content\/uploads\/2024\/03\/Abero_Full-Logo_Horizontal_Black.svg\" class=\"attachment-large size-large wp-image-1496\" alt=\"\">\t\t\t\t\t\t\t\t\t\t\t\t\t\t\t<\/div>\n\t\t\t\t<div class=\"elementor-element elementor-element-42ffa7f elementor-widget elementor-widget-text-editor\" data-id=\"42ffa7f\" data-element_type=\"widget\" data-e-type=\"widget\" data-widget_type=\"text-editor.default\">\n\t\t\t\t\t\t\t\t\t<p>P\u00e5 Abero f\u00f6rst\u00e5r vi vikten av teknologi f\u00f6r att driva f\u00f6retagets framg\u00e5ng. Vi \u00e4r h\u00e4r f\u00f6r att f\u00e5 tekniken att fungera f\u00f6r dig, f\u00f6renkla komplexa processer och l\u00e5ta dig fokusera p\u00e5 dina k\u00e4rnverksamhetsaktiviteter.<\/p>\n\t\t\t\t\t\t\t\t<\/div>\n\t\t<div class=\"elementor-element elementor-element-8ec8968 e-con-full e-flex e-con e-child\" data-id=\"8ec8968\" data-element_type=\"container\" data-e-type=\"container\">\n\t\t\t\t<div class=\"elementor-element elementor-element-607a3e2 elementor-widget__width-auto elementor-widget elementor-widget-button\" data-id=\"607a3e2\" data-element_type=\"widget\" data-e-type=\"widget\" data-widget_type=\"button.default\">\n\t\t\t\t\t\t\t\t\t\t<a class=\"elementor-button elementor-button-link elementor-size-sm\" href=\"https:\/\/abero.fi\/sv\/ta-kontakt\/\">\n\t\t\t\t\t\t<span class=\"elementor-button-content-wrapper\">\n\t\t\t\t\t\t\t\t\t<span class=\"elementor-button-text\">Ta kontakt<\/span>\n\t\t\t\t\t<\/span>\n\t\t\t\t\t<\/a>\n\t\t\t\t\t\t\t\t<\/div>\n\t\t\t\t<div class=\"elementor-element elementor-element-2f312b8 elementor-widget elementor-widget-button\" data-id=\"2f312b8\" data-element_type=\"widget\" data-e-type=\"widget\" data-widget_type=\"button.default\">\n\t\t\t\t\t\t\t\t\t\t<a class=\"elementor-button elementor-button-link elementor-size-sm\" href=\"https:\/\/shop.abero.fi\/\" target=\"_blank\">\n\t\t\t\t\t\t<span class=\"elementor-button-content-wrapper\">\n\t\t\t\t\t\t<span class=\"elementor-button-icon\">\n\t\t\t\t<svg aria-hidden=\"true\" class=\"e-font-icon-svg e-fas-angle-right\" viewBox=\"0 0 256 512\" xmlns=\"http:\/\/www.w3.org\/2000\/svg\"><path d=\"M224.3 273l-136 136c-9.4 9.4-24.6 9.4-33.9 0l-22.6-22.6c-9.4-9.4-9.4-24.6 0-33.9l96.4-96.4-96.4-96.4c-9.4-9.4-9.4-24.6 0-33.9L54.3 103c9.4-9.4 24.6-9.4 33.9 0l136 136c9.5 9.4 9.5 24.6.1 34z\"><\/path><\/svg>\t\t\t<\/span>\n\t\t\t\t\t\t\t\t\t<span class=\"elementor-button-text\">Webbshop<\/span>\n\t\t\t\t\t<\/span>\n\t\t\t\t\t<\/a>\n\t\t\t\t\t\t\t\t<\/div>\n\t\t\t\t<\/div>\n\t\t\t\t<\/div>\n\t\t\t\t\t<\/div>\n\t\t\t\t<\/main>\n\t\t\t\t<\/div>\n\t\t","protected":false},"excerpt":{"rendered":"<p>IT-tj\u00e4nster \u00d6ka effektiviteten i ditt f\u00f6retag med Aberos skalbara IT-tj\u00e4nster Abero \u00e5tar sig att st\u00f6dja ditt f\u00f6retag genom olika IT-tj\u00e4nster som \u00e4r utformade f\u00f6r att effektivisera dina teknikbehov. V\u00e5rt tillv\u00e4gag\u00e5ngss\u00e4tt fokuserar p\u00e5 effektivitet, tillf\u00f6rlitlighet och skalbarhet f\u00f6r att s\u00e4kerst\u00e4lla att din tekniska infrastruktur \u00f6verensst\u00e4mmer med dina aff\u00e4rsm\u00e5l. L\u00e4s mer om v\u00e5ra tj\u00e4nster Livscykeltj\u00e4nster V\u00e5ra livscykeltj\u00e4nster [&hellip;]<\/p>\n","protected":false},"author":2,"featured_media":0,"parent":0,"menu_order":0,"comment_status":"closed","ping_status":"closed","template":"","meta":{"_acf_changed":false,"footnotes":""},"class_list":["post-1912","page","type-page","status-publish","hentry"],"acf":[],"_links":{"self":[{"href":"https:\/\/abero.fi\/sv\/wp-json\/wp\/v2\/pages\/1912","targetHints":{"allow":["GET"]}}],"collection":[{"href":"https:\/\/abero.fi\/sv\/wp-json\/wp\/v2\/pages"}],"about":[{"href":"https:\/\/abero.fi\/sv\/wp-json\/wp\/v2\/types\/page"}],"author":[{"embeddable":true,"href":"https:\/\/abero.fi\/sv\/wp-json\/wp\/v2\/users\/2"}],"replies":[{"embeddable":true,"href":"https:\/\/abero.fi\/sv\/wp-json\/wp\/v2\/comments?post=1912"}],"version-history":[{"count":12,"href":"https:\/\/abero.fi\/sv\/wp-json\/wp\/v2\/pages\/1912\/revisions"}],"predecessor-version":[{"id":2692,"href":"https:\/\/abero.fi\/sv\/wp-json\/wp\/v2\/pages\/1912\/revisions\/2692"}],"wp:attachment":[{"href":"https:\/\/abero.fi\/sv\/wp-json\/wp\/v2\/media?parent=1912"}],"curies":[{"name":"wp","href":"https:\/\/api.w.org\/{rel}","templated":true}]}}