{"id":1915,"date":"2024-03-18T09:19:01","date_gmt":"2024-03-18T09:19:01","guid":{"rendered":"https:\/\/abero.fi\/it-konsultation\/"},"modified":"2024-05-16T11:20:05","modified_gmt":"2024-05-16T11:20:05","slug":"it-konsultation","status":"publish","type":"page","link":"https:\/\/abero.fi\/sv\/it-konsultation\/","title":{"rendered":"IT-konsultation"},"content":{"rendered":"\t\t<div data-elementor-type=\"wp-page\" data-elementor-id=\"1915\" class=\"elementor elementor-1915 elementor-462\" data-elementor-post-type=\"page\">\n\t\t\t\t<main class=\"elementor-element elementor-element-ecbb28d e-flex e-con-boxed e-con e-parent\" data-id=\"ecbb28d\" data-element_type=\"container\" data-e-type=\"container\">\n\t\t\t\t\t<div class=\"e-con-inner\">\n\t\t<div class=\"elementor-element elementor-element-aac237d e-con-full e-flex e-con e-child\" data-id=\"aac237d\" data-element_type=\"container\" data-e-type=\"container\">\n\t\t\t\t<div class=\"elementor-element elementor-element-5c3ab23 elementor-widget elementor-widget-heading\" data-id=\"5c3ab23\" data-element_type=\"widget\" data-e-type=\"widget\" data-widget_type=\"heading.default\">\n\t\t\t\t\t<h1 class=\"elementor-heading-title elementor-size-default\">IT-konsultation<\/h1>\t\t\t\t<\/div>\n\t\t\t\t<\/div>\n\t\t<div class=\"elementor-element elementor-element-b643168 e-con-full e-flex e-con e-child\" data-id=\"b643168\" data-element_type=\"container\" data-e-type=\"container\">\n\t\t\t\t<div class=\"elementor-element elementor-element-d3d07c7 elementor-widget elementor-widget-heading\" data-id=\"d3d07c7\" data-element_type=\"widget\" data-e-type=\"widget\" data-widget_type=\"heading.default\">\n\t\t\t\t\t<h3 class=\"elementor-heading-title elementor-size-default\">F\u00f6rb\u00e4ttra ditt f\u00f6retags effektivitet med Aberos skalbara IT-konsulttj\u00e4nster.<\/h3>\t\t\t\t<\/div>\n\t\t\t\t<\/div>\n\t\t\t\t\t<\/div>\n\t\t\t\t<\/main>\n\t\t<div class=\"elementor-element elementor-element-85125de e-flex e-con-boxed e-con e-parent\" data-id=\"85125de\" data-element_type=\"container\" data-e-type=\"container\">\n\t\t\t\t\t<div class=\"e-con-inner\">\n\t\t<div class=\"elementor-element elementor-element-bd40273 e-con-full e-flex e-con e-child\" data-id=\"bd40273\" data-element_type=\"container\" data-e-type=\"container\">\n\t\t\t\t<div class=\"elementor-element elementor-element-5b5f64c elementor-widget elementor-widget-image\" data-id=\"5b5f64c\" data-element_type=\"widget\" data-e-type=\"widget\" data-widget_type=\"image.default\">\n\t\t\t\t\t\t\t\t\t\t\t\t\t\t\t<img fetchpriority=\"high\" decoding=\"async\" width=\"800\" height=\"332\" src=\"https:\/\/abero.fi\/wp-content\/uploads\/2024\/03\/Abero_ITConsulting-RickardMaria.webp\" class=\"attachment-large size-large wp-image-1498\" alt=\"\" srcset=\"https:\/\/abero.fi\/wp-content\/uploads\/2024\/03\/Abero_ITConsulting-RickardMaria.webp 913w, https:\/\/abero.fi\/wp-content\/uploads\/2024\/03\/Abero_ITConsulting-RickardMaria-300x125.webp 300w, https:\/\/abero.fi\/wp-content\/uploads\/2024\/03\/Abero_ITConsulting-RickardMaria-768x319.webp 768w\" sizes=\"(max-width: 800px) 100vw, 800px\">\t\t\t\t\t\t\t\t\t\t\t\t\t\t\t<\/div>\n\t\t\t\t<\/div>\n\t\t<div class=\"elementor-element elementor-element-d2371c6 e-con-full e-flex e-con e-child\" data-id=\"d2371c6\" data-element_type=\"container\" data-e-type=\"container\">\n\t\t\t\t<div class=\"elementor-element elementor-element-cec13a8 elementor-widget elementor-widget-text-editor\" data-id=\"cec13a8\" data-element_type=\"widget\" data-e-type=\"widget\" data-widget_type=\"text-editor.default\">\n\t\t\t\t\t\t\t\t\t<p>P\u00e5 Abero \u00e4r vi dedikerade till att erbjuda IT-konsulttj\u00e4nster som ger klarhet och effektivitet till din tekniska infrastruktur. Vi f\u00f6rst\u00e5r betydelsen av v\u00e4limplementerade teknikl\u00f6sningar f\u00f6r din aff\u00e4rs framg\u00e5ng. <\/p>\n\t\t\t\t\t\t\t\t<\/div>\n\t\t\t\t<div class=\"elementor-element elementor-element-0401ce3 elementor-widget elementor-widget-button\" data-id=\"0401ce3\" data-element_type=\"widget\" data-e-type=\"widget\" data-widget_type=\"button.default\">\n\t\t\t\t\t\t\t\t\t\t<a class=\"elementor-button elementor-button-link elementor-size-sm\" href=\"#ITConsulting\">\n\t\t\t\t\t\t<span class=\"elementor-button-content-wrapper\">\n\t\t\t\t\t\t<span class=\"elementor-button-icon\">\n\t\t\t\t<svg aria-hidden=\"true\" class=\"e-font-icon-svg e-fas-angle-right\" viewBox=\"0 0 256 512\" xmlns=\"http:\/\/www.w3.org\/2000\/svg\"><path d=\"M224.3 273l-136 136c-9.4 9.4-24.6 9.4-33.9 0l-22.6-22.6c-9.4-9.4-9.4-24.6 0-33.9l96.4-96.4-96.4-96.4c-9.4-9.4-9.4-24.6 0-33.9L54.3 103c9.4-9.4 24.6-9.4 33.9 0l136 136c9.5 9.4 9.5 24.6.1 34z\"><\/path><\/svg>\t\t\t<\/span>\n\t\t\t\t\t\t\t\t\t<span class=\"elementor-button-text\">H\u00e4r \u00e4r vad vi kan g\u00f6ra f\u00f6r dig.<\/span>\n\t\t\t\t\t<\/span>\n\t\t\t\t\t<\/a>\n\t\t\t\t\t\t\t\t<\/div>\n\t\t\t\t<\/div>\n\t\t\t\t\t<\/div>\n\t\t\t\t<\/div>\n\t\t<div class=\"elementor-element elementor-element-5927734 e-flex e-con-boxed e-con e-parent\" data-id=\"5927734\" data-element_type=\"container\" data-e-type=\"container\">\n\t\t\t\t\t<div class=\"e-con-inner\">\n\t\t\t\t<div class=\"elementor-element elementor-element-ba71573 elementor-widget elementor-widget-menu-anchor\" data-id=\"ba71573\" data-element_type=\"widget\" data-e-type=\"widget\" data-widget_type=\"menu-anchor.default\">\n\t\t\t\t\t\t\t<div class=\"elementor-menu-anchor\" id=\"ITConsulting\"><\/div>\n\t\t\t\t\t\t<\/div>\n\t\t\t\t\t<\/div>\n\t\t\t\t<\/div>\n\t\t<div class=\"elementor-element elementor-element-6d9ffc5 e-flex e-con-boxed e-con e-parent\" data-id=\"6d9ffc5\" data-element_type=\"container\" data-e-type=\"container\" data-settings=\"{&quot;background_background&quot;:&quot;classic&quot;}\">\n\t\t\t\t\t<div class=\"e-con-inner\">\n\t\t<div class=\"elementor-element elementor-element-d469c2e e-con-full e-flex e-con e-child\" data-id=\"d469c2e\" data-element_type=\"container\" data-e-type=\"container\">\n\t\t\t\t<div class=\"elementor-element elementor-element-816d267 elementor-position-top elementor-widget elementor-widget-image-box\" data-id=\"816d267\" data-element_type=\"widget\" data-e-type=\"widget\" data-widget_type=\"image-box.default\">\n\t\t\t\t\t<div class=\"elementor-image-box-wrapper\"><figure class=\"elementor-image-box-img\"><img decoding=\"async\" width=\"24\" height=\"24\" src=\"https:\/\/abero.fi\/wp-content\/uploads\/2024\/03\/Abero_CyberSecurity.svg\" class=\"attachment-large size-large wp-image-1500\" alt=\"\"><\/figure><div class=\"elementor-image-box-content\"><h2 class=\"elementor-image-box-title\">Cybers\u00e4kerhet<\/h2><p class=\"elementor-image-box-description\">Att skydda din digitala milj\u00f6 \u00e4r av yttersta vikt. V\u00e5ra konsulttj\u00e4nster inom cybers\u00e4kerhet \u00e4r utformade f\u00f6r att skydda dina data och digitala tillg\u00e5ngar, vilket ger dig sinnesfrid i en st\u00e4ndigt f\u00f6r\u00e4nderlig hotmilj\u00f6. <\/p><\/div><\/div>\t\t\t\t<\/div>\n\t\t\t\t<\/div>\n\t\t<div class=\"elementor-element elementor-element-b0894fc e-con-full e-flex e-con e-child\" data-id=\"b0894fc\" data-element_type=\"container\" data-e-type=\"container\">\n\t\t\t\t<div class=\"elementor-element elementor-element-0475446 elementor-position-top elementor-widget elementor-widget-image-box\" data-id=\"0475446\" data-element_type=\"widget\" data-e-type=\"widget\" data-widget_type=\"image-box.default\">\n\t\t\t\t\t<div class=\"elementor-image-box-wrapper\"><figure class=\"elementor-image-box-img\"><img decoding=\"async\" width=\"24\" height=\"24\" src=\"https:\/\/abero.fi\/wp-content\/uploads\/2024\/03\/Abero_NetworkInfrastructure.svg\" class=\"attachment-large size-large wp-image-1502\" alt=\"\"><\/figure><div class=\"elementor-image-box-content\"><h2 class=\"elementor-image-box-title\">N\u00e4tverksinfrastruktur<\/h2><p class=\"elementor-image-box-description\">Vi \u00e4r specialiserade p\u00e5 att skapa och implementera robusta n\u00e4tverksinfrastrukturer som st\u00f6der och anpassar sig till ditt f\u00f6retags behov, vilket s\u00e4kerst\u00e4ller smidig drift och utrymme f\u00f6r tillv\u00e4xt.<\/p><\/div><\/div>\t\t\t\t<\/div>\n\t\t\t\t<\/div>\n\t\t\t\t\t<\/div>\n\t\t\t\t<\/div>\n\t\t<div class=\"elementor-element elementor-element-68bb4eb e-flex e-con-boxed e-con e-parent\" data-id=\"68bb4eb\" data-element_type=\"container\" data-e-type=\"container\" data-settings=\"{&quot;background_background&quot;:&quot;classic&quot;}\">\n\t\t\t\t\t<div class=\"e-con-inner\">\n\t\t<div class=\"elementor-element elementor-element-e48625c e-con-full e-flex e-con e-child\" data-id=\"e48625c\" data-element_type=\"container\" data-e-type=\"container\">\n\t\t\t\t<div class=\"elementor-element elementor-element-47c02f9 elementor-position-top elementor-widget elementor-widget-image-box\" data-id=\"47c02f9\" data-element_type=\"widget\" data-e-type=\"widget\" data-widget_type=\"image-box.default\">\n\t\t\t\t\t<div class=\"elementor-image-box-wrapper\"><figure class=\"elementor-image-box-img\"><img loading=\"lazy\" decoding=\"async\" width=\"24\" height=\"24\" src=\"https:\/\/abero.fi\/wp-content\/uploads\/2024\/03\/Abero_DeviceManagement.svg\" class=\"attachment-large size-large wp-image-1504\" alt=\"\"><\/figure><div class=\"elementor-image-box-content\"><h2 class=\"elementor-image-box-title\">Design av enhetsf\u00f6rvaltning<\/h2><p class=\"elementor-image-box-description\">Effektiv enhetsf\u00f6rvaltning \u00e4r nyckeln till operativ effektivitet. Vi skapar skr\u00e4ddarsydda l\u00f6sningar f\u00f6r att hantera och s\u00e4kra dina enheter, vilket effektiviserar processer och \u00f6kar produktiviteten. <\/p><\/div><\/div>\t\t\t\t<\/div>\n\t\t\t\t<\/div>\n\t\t\t\t\t<\/div>\n\t\t\t\t<\/div>\n\t\t<div class=\"elementor-element elementor-element-f041127 e-flex e-con-boxed e-con e-parent\" data-id=\"f041127\" data-element_type=\"container\" data-e-type=\"container\" data-settings=\"{&quot;background_background&quot;:&quot;classic&quot;}\">\n\t\t\t\t\t<div class=\"e-con-inner\">\n\t\t\t\t<div class=\"elementor-element elementor-element-cb280d5 elementor-widget elementor-widget-image\" data-id=\"cb280d5\" data-element_type=\"widget\" data-e-type=\"widget\" data-widget_type=\"image.default\">\n\t\t\t\t\t\t\t\t\t\t\t\t\t\t\t<img loading=\"lazy\" decoding=\"async\" width=\"185\" height=\"3\" src=\"https:\/\/abero.fi\/wp-content\/uploads\/2024\/03\/Abero_Line.svg\" class=\"attachment-large size-large wp-image-1444\" alt=\"\">\t\t\t\t\t\t\t\t\t\t\t\t\t\t\t<\/div>\n\t\t\t\t<div class=\"elementor-element elementor-element-0c2abc6 elementor-widget elementor-widget-heading\" data-id=\"0c2abc6\" data-element_type=\"widget\" data-e-type=\"widget\" data-widget_type=\"heading.default\">\n\t\t\t\t\t<h2 class=\"elementor-heading-title elementor-size-default\">Tr\u00e4ning<\/h2>\t\t\t\t<\/div>\n\t\t\t\t<div class=\"elementor-element elementor-element-5886213 elementor-widget elementor-widget-text-editor\" data-id=\"5886213\" data-element_type=\"widget\" data-e-type=\"widget\" data-widget_type=\"text-editor.default\">\n\t\t\t\t\t\t\t\t\t<p>Vi rustar ditt team genom m\u00e5linriktad tr\u00e4ning inom centrala omr\u00e5den:<\/p>\n\t\t\t\t\t\t\t\t<\/div>\n\t\t\t\t\t<\/div>\n\t\t\t\t<\/div>\n\t\t<div class=\"elementor-element elementor-element-999a95a e-flex e-con-boxed e-con e-parent\" data-id=\"999a95a\" data-element_type=\"container\" data-e-type=\"container\">\n\t\t\t\t\t<div class=\"e-con-inner\">\n\t\t<div class=\"elementor-element elementor-element-edc26e2 e-con-full e-flex e-con e-child\" data-id=\"edc26e2\" data-element_type=\"container\" data-e-type=\"container\">\n\t\t\t\t<div class=\"elementor-element elementor-element-83f72de elementor-position-top elementor-widget elementor-widget-image-box\" data-id=\"83f72de\" data-element_type=\"widget\" data-e-type=\"widget\" data-widget_type=\"image-box.default\">\n\t\t\t\t\t<div class=\"elementor-image-box-wrapper\"><figure class=\"elementor-image-box-img\"><img loading=\"lazy\" decoding=\"async\" width=\"24\" height=\"24\" src=\"https:\/\/abero.fi\/wp-content\/uploads\/2024\/03\/Abero_Consulting.svg\" class=\"attachment-medium size-medium wp-image-1506\" alt=\"\"><\/figure><div class=\"elementor-image-box-content\"><h3 class=\"elementor-image-box-title\">Konsultation<\/h3><p class=\"elementor-image-box-description\">F\u00e5 insikter i b\u00e4sta praxis och strategier inom IT f\u00f6r att optimera dina operationer.<\/p><\/div><\/div>\t\t\t\t<\/div>\n\t\t\t\t<\/div>\n\t\t<div class=\"elementor-element elementor-element-e8a1110 e-con-full e-flex e-con e-child\" data-id=\"e8a1110\" data-element_type=\"container\" data-e-type=\"container\">\n\t\t\t\t<div class=\"elementor-element elementor-element-6e71be0 elementor-position-top elementor-widget elementor-widget-image-box\" data-id=\"6e71be0\" data-element_type=\"widget\" data-e-type=\"widget\" data-widget_type=\"image-box.default\">\n\t\t\t\t\t<div class=\"elementor-image-box-wrapper\"><figure class=\"elementor-image-box-img\"><img loading=\"lazy\" decoding=\"async\" width=\"24\" height=\"24\" src=\"https:\/\/abero.fi\/wp-content\/uploads\/2024\/03\/Abero_Environments.svg\" class=\"attachment-medium size-medium wp-image-1508\" alt=\"\"><\/figure><div class=\"elementor-image-box-content\"><h3 class=\"elementor-image-box-title\">Milj\u00f6er<\/h3><p class=\"elementor-image-box-description\">L\u00e4r dig hur du f\u00f6rb\u00e4ttrar dina IT-milj\u00f6er f\u00f6r \u00f6kad effektivitet och s\u00e4kerhet.<\/p><\/div><\/div>\t\t\t\t<\/div>\n\t\t\t\t<\/div>\n\t\t\t\t\t<\/div>\n\t\t\t\t<\/div>\n\t\t<div class=\"elementor-element elementor-element-a88e0d1 e-flex e-con-boxed e-con e-parent\" data-id=\"a88e0d1\" data-element_type=\"container\" data-e-type=\"container\">\n\t\t\t\t\t<div class=\"e-con-inner\">\n\t\t<div class=\"elementor-element elementor-element-74c7a54 e-con-full e-flex e-con e-child\" data-id=\"74c7a54\" data-element_type=\"container\" data-e-type=\"container\">\n\t\t\t\t<div class=\"elementor-element elementor-element-0bc049a elementor-position-top elementor-widget elementor-widget-image-box\" data-id=\"0bc049a\" data-element_type=\"widget\" data-e-type=\"widget\" data-widget_type=\"image-box.default\">\n\t\t\t\t\t<div class=\"elementor-image-box-wrapper\"><figure class=\"elementor-image-box-img\"><img loading=\"lazy\" decoding=\"async\" width=\"24\" height=\"24\" src=\"https:\/\/abero.fi\/wp-content\/uploads\/2024\/03\/Abero_Licenses-1.svg\" class=\"attachment-large size-large wp-image-1510\" alt=\"\"><\/figure><div class=\"elementor-image-box-content\"><h3 class=\"elementor-image-box-title\">Licenser<\/h3><p class=\"elementor-image-box-description\">F\u00f6rst\u00e5 detaljerna i hanteringen av programvarulicenser f\u00f6r att s\u00e4kerst\u00e4lla efterlevnad och f\u00e5 ut mesta m\u00f6jliga av dina investeringar.<\/p><\/div><\/div>\t\t\t\t<\/div>\n\t\t\t\t<\/div>\n\t\t<div class=\"elementor-element elementor-element-6f0f662 e-con-full e-flex e-con e-child\" data-id=\"6f0f662\" data-element_type=\"container\" data-e-type=\"container\">\n\t\t\t\t<div class=\"elementor-element elementor-element-d403b76 elementor-position-top elementor-widget elementor-widget-image-box\" data-id=\"d403b76\" data-element_type=\"widget\" data-e-type=\"widget\" data-widget_type=\"image-box.default\">\n\t\t\t\t\t<div class=\"elementor-image-box-wrapper\"><figure class=\"elementor-image-box-img\"><img loading=\"lazy\" decoding=\"async\" width=\"24\" height=\"24\" src=\"https:\/\/abero.fi\/wp-content\/uploads\/2024\/03\/Abero_SocServices.svg\" class=\"attachment-medium size-medium wp-image-1512\" alt=\"\"><\/figure><div class=\"elementor-image-box-content\"><h3 class=\"elementor-image-box-title\">SOC-tj\u00e4nster<\/h3><p class=\"elementor-image-box-description\">Utrusta ditt team med de f\u00e4rdigheter som kr\u00e4vs f\u00f6r att driva ett s\u00e4kerhetsoperationscenter (SOC) och f\u00f6rb\u00e4ttra din s\u00e4kerhetsposition.<\/p><\/div><\/div>\t\t\t\t<\/div>\n\t\t\t\t<\/div>\n\t\t\t\t\t<\/div>\n\t\t\t\t<\/div>\n\t\t<main class=\"elementor-element elementor-element-f23028b e-flex e-con-boxed e-con e-parent\" data-id=\"f23028b\" data-element_type=\"container\" data-e-type=\"container\">\n\t\t\t\t\t<div class=\"e-con-inner\">\n\t\t<div class=\"elementor-element elementor-element-4840108 e-con-full e-flex e-con e-child\" data-id=\"4840108\" data-element_type=\"container\" data-e-type=\"container\">\n\t\t<div class=\"elementor-element elementor-element-eb9f5d7 e-grid e-con-full e-con e-child\" data-id=\"eb9f5d7\" data-element_type=\"container\" data-e-type=\"container\">\n\t\t\t\t<div class=\"elementor-element elementor-element-c49032b elementor-widget elementor-widget-image\" data-id=\"c49032b\" data-element_type=\"widget\" data-e-type=\"widget\" data-widget_type=\"image.default\">\n\t\t\t\t\t\t\t\t\t\t\t\t\t\t\t<img loading=\"lazy\" decoding=\"async\" width=\"800\" height=\"534\" src=\"https:\/\/abero.fi\/wp-content\/uploads\/2024\/03\/Abero_RobertEmma.webp\" class=\"attachment-large size-large wp-image-1514\" alt=\"\" srcset=\"https:\/\/abero.fi\/wp-content\/uploads\/2024\/03\/Abero_RobertEmma.webp 1000w, https:\/\/abero.fi\/wp-content\/uploads\/2024\/03\/Abero_RobertEmma-300x200.webp 300w, https:\/\/abero.fi\/wp-content\/uploads\/2024\/03\/Abero_RobertEmma-768x512.webp 768w\" sizes=\"(max-width: 800px) 100vw, 800px\">\t\t\t\t\t\t\t\t\t\t\t\t\t\t\t<\/div>\n\t\t\t\t<div class=\"elementor-element elementor-element-6bfe089 elementor-widget elementor-widget-image\" data-id=\"6bfe089\" data-element_type=\"widget\" data-e-type=\"widget\" data-widget_type=\"image.default\">\n\t\t\t\t\t\t\t\t\t\t\t\t\t\t\t<img loading=\"lazy\" decoding=\"async\" width=\"800\" height=\"534\" src=\"https:\/\/abero.fi\/wp-content\/uploads\/2024\/03\/Abero_A.webp\" class=\"attachment-large size-large wp-image-1458\" alt=\"\" srcset=\"https:\/\/abero.fi\/wp-content\/uploads\/2024\/03\/Abero_A.webp 1000w, https:\/\/abero.fi\/wp-content\/uploads\/2024\/03\/Abero_A-300x200.webp 300w, https:\/\/abero.fi\/wp-content\/uploads\/2024\/03\/Abero_A-768x512.webp 768w\" sizes=\"(max-width: 800px) 100vw, 800px\">\t\t\t\t\t\t\t\t\t\t\t\t\t\t\t<\/div>\n\t\t\t\t<div class=\"elementor-element elementor-element-42e493d elementor-widget elementor-widget-image\" data-id=\"42e493d\" data-element_type=\"widget\" data-e-type=\"widget\" data-widget_type=\"image.default\">\n\t\t\t\t\t\t\t\t\t\t\t\t\t\t\t<img loading=\"lazy\" decoding=\"async\" width=\"800\" height=\"534\" src=\"https:\/\/abero.fi\/wp-content\/uploads\/2024\/03\/Abero_Logo.webp\" class=\"attachment-large size-large wp-image-1460\" alt=\"\" srcset=\"https:\/\/abero.fi\/wp-content\/uploads\/2024\/03\/Abero_Logo.webp 1000w, https:\/\/abero.fi\/wp-content\/uploads\/2024\/03\/Abero_Logo-300x200.webp 300w, https:\/\/abero.fi\/wp-content\/uploads\/2024\/03\/Abero_Logo-768x512.webp 768w\" sizes=\"(max-width: 800px) 100vw, 800px\">\t\t\t\t\t\t\t\t\t\t\t\t\t\t\t<\/div>\n\t\t\t\t<div class=\"elementor-element elementor-element-debda1e elementor-widget elementor-widget-image\" data-id=\"debda1e\" data-element_type=\"widget\" data-e-type=\"widget\" data-widget_type=\"image.default\">\n\t\t\t\t\t\t\t\t\t\t\t\t\t\t\t<img loading=\"lazy\" decoding=\"async\" width=\"800\" height=\"534\" src=\"https:\/\/abero.fi\/wp-content\/uploads\/2024\/03\/Abero_Harri-Maria_2.webp\" class=\"attachment-large size-large wp-image-1516\" alt=\"\" srcset=\"https:\/\/abero.fi\/wp-content\/uploads\/2024\/03\/Abero_Harri-Maria_2.webp 1000w, https:\/\/abero.fi\/wp-content\/uploads\/2024\/03\/Abero_Harri-Maria_2-300x200.webp 300w, https:\/\/abero.fi\/wp-content\/uploads\/2024\/03\/Abero_Harri-Maria_2-768x512.webp 768w\" sizes=\"(max-width: 800px) 100vw, 800px\">\t\t\t\t\t\t\t\t\t\t\t\t\t\t\t<\/div>\n\t\t\t\t<\/div>\n\t\t\t\t<\/div>\n\t\t<div class=\"elementor-element elementor-element-30a064f e-con-full e-flex e-con e-child\" data-id=\"30a064f\" data-element_type=\"container\" data-e-type=\"container\">\n\t\t\t\t<div class=\"elementor-element elementor-element-233a61c elementor-widget elementor-widget-text-editor\" data-id=\"233a61c\" data-element_type=\"widget\" data-e-type=\"widget\" data-widget_type=\"text-editor.default\">\n\t\t\t\t\t\t\t\t\t<p>Din partner i tillv\u00e4xt<\/p>\n\t\t\t\t\t\t\t\t<\/div>\n\t\t\t\t<div class=\"elementor-element elementor-element-14556c0 elementor-widget elementor-widget-heading\" data-id=\"14556c0\" data-element_type=\"widget\" data-e-type=\"widget\" data-widget_type=\"heading.default\">\n\t\t\t\t\t<h2 class=\"elementor-heading-title elementor-size-default\">V\u00e5rt skr\u00e4ddarsydda tillv\u00e4gag\u00e5ngss\u00e4tt<\/h2>\t\t\t\t<\/div>\n\t\t\t\t<div class=\"elementor-element elementor-element-1bd3485 elementor-widget elementor-widget-text-editor\" data-id=\"1bd3485\" data-element_type=\"widget\" data-e-type=\"widget\" data-widget_type=\"text-editor.default\">\n\t\t\t\t\t\t\t\t\t<p>Vi arbetar n\u00e4ra dig f\u00f6r att identifiera de mest l\u00e4mpliga h\u00e5rd- och mjukvarul\u00f6sningarna f\u00f6r dina behov. Oavsett om du vill uppgradera m\u00f6tesrum och auditorier med de senaste AV-systemen, bygga ett effektivare n\u00e4tverk eller f\u00f6renkla hanteringssystem, behandlar vi varje projekt med den individuella uppm\u00e4rksamhet den f\u00f6rtj\u00e4nar. <\/p>\n<p>Tr\u00e4ning \u00e4r en annan h\u00f6rnsten i v\u00e5r service. Vi genomf\u00f6r omfattande utbildningssessioner \u00f6ver hela Europa, som t\u00e4cker allt fr\u00e5n Office365-implementering till webbhantering och anv\u00e4ndning av mobila enheter. <\/p>\n<p>F\u00f6r de som s\u00f6ker en djupare engagemang med teknologi \u00e4r v\u00e5rt expertteam redo att guida dig genom specifika teman, vare sig det handlar om att integrera teknologi i nya arbetsmetoder eller att designa effektiva klassrumsl\u00f6sningar f\u00f6r utbildningsinstitutioner.<\/p>\n\t\t\t\t\t\t\t\t<\/div>\n\t\t\t\t<\/div>\n\t\t\t\t\t<\/div>\n\t\t\t\t<\/main>\n\t\t<main class=\"elementor-element elementor-element-7f0a866 e-flex e-con-boxed e-con e-parent\" data-id=\"7f0a866\" data-element_type=\"container\" data-e-type=\"container\">\n\t\t\t\t\t<div class=\"e-con-inner\">\n\t\t<div class=\"elementor-element elementor-element-48cf016 e-con-full e-flex e-con e-child\" data-id=\"48cf016\" data-element_type=\"container\" data-e-type=\"container\">\n\t\t\t\t<div class=\"elementor-element elementor-element-56385f5 elementor-widget elementor-widget-text-editor\" data-id=\"56385f5\" data-element_type=\"widget\" data-e-type=\"widget\" data-widget_type=\"text-editor.default\">\n\t\t\t\t\t\t\t\t\t<p>P\u00e5 Abero skapar vi milj\u00f6er d\u00e4r teknologi \u00e4r en spak f\u00f6r effektivitet och innovation. L\u00e5t oss bli din partner p\u00e5 din resa mot digital excellens och tillhandah\u00e5lla de verktyg och den kunskap du beh\u00f6ver vid varje steg p\u00e5 v\u00e4gen. <\/p>\n\t\t\t\t\t\t\t\t<\/div>\n\t\t\t\t<div class=\"elementor-element elementor-element-0e39301 elementor-widget__width-auto elementor-widget elementor-widget-button\" data-id=\"0e39301\" data-element_type=\"widget\" data-e-type=\"widget\" data-widget_type=\"button.default\">\n\t\t\t\t\t\t\t\t\t\t<a class=\"elementor-button elementor-button-link elementor-size-sm\" href=\"https:\/\/abero.fi\/sv\/ta-kontakt\/\">\n\t\t\t\t\t\t<span class=\"elementor-button-content-wrapper\">\n\t\t\t\t\t\t\t\t\t<span class=\"elementor-button-text\">Ta kontakt<\/span>\n\t\t\t\t\t<\/span>\n\t\t\t\t\t<\/a>\n\t\t\t\t\t\t\t\t<\/div>\n\t\t\t\t<\/div>\n\t\t<div class=\"elementor-element elementor-element-17f81de e-con-full e-flex e-con e-child\" data-id=\"17f81de\" data-element_type=\"container\" data-e-type=\"container\">\n\t\t\t\t<div class=\"elementor-element elementor-element-2378e4c elementor-widget elementor-widget-image\" data-id=\"2378e4c\" data-element_type=\"widget\" data-e-type=\"widget\" data-widget_type=\"image.default\">\n\t\t\t\t\t\t\t\t\t\t\t\t\t\t\t<img loading=\"lazy\" decoding=\"async\" width=\"800\" height=\"453\" src=\"https:\/\/abero.fi\/wp-content\/uploads\/2024\/03\/Abero_ITConsulting-robertToni.webp\" class=\"attachment-large size-large wp-image-1518\" alt=\"\" srcset=\"https:\/\/abero.fi\/wp-content\/uploads\/2024\/03\/Abero_ITConsulting-robertToni.webp 913w, https:\/\/abero.fi\/wp-content\/uploads\/2024\/03\/Abero_ITConsulting-robertToni-300x170.webp 300w, https:\/\/abero.fi\/wp-content\/uploads\/2024\/03\/Abero_ITConsulting-robertToni-768x435.webp 768w\" sizes=\"(max-width: 800px) 100vw, 800px\">\t\t\t\t\t\t\t\t\t\t\t\t\t\t\t<\/div>\n\t\t\t\t<\/div>\n\t\t\t\t\t<\/div>\n\t\t\t\t<\/main>\n\t\t\t\t<\/div>\n\t\t","protected":false},"excerpt":{"rendered":"<p>IT-konsultation F\u00f6rb\u00e4ttra ditt f\u00f6retags effektivitet med Aberos skalbara IT-konsulttj\u00e4nster. P\u00e5 Abero \u00e4r vi dedikerade till att erbjuda IT-konsulttj\u00e4nster som ger klarhet och effektivitet till din tekniska infrastruktur. Vi f\u00f6rst\u00e5r betydelsen av v\u00e4limplementerade teknikl\u00f6sningar f\u00f6r din aff\u00e4rs framg\u00e5ng. H\u00e4r \u00e4r vad vi kan g\u00f6ra f\u00f6r dig. Cybers\u00e4kerhet Att skydda din digitala milj\u00f6 \u00e4r av yttersta vikt. [&hellip;]<\/p>\n","protected":false},"author":2,"featured_media":0,"parent":0,"menu_order":0,"comment_status":"closed","ping_status":"closed","template":"","meta":{"_acf_changed":false,"footnotes":""},"class_list":["post-1915","page","type-page","status-publish","hentry"],"acf":[],"_links":{"self":[{"href":"https:\/\/abero.fi\/sv\/wp-json\/wp\/v2\/pages\/1915","targetHints":{"allow":["GET"]}}],"collection":[{"href":"https:\/\/abero.fi\/sv\/wp-json\/wp\/v2\/pages"}],"about":[{"href":"https:\/\/abero.fi\/sv\/wp-json\/wp\/v2\/types\/page"}],"author":[{"embeddable":true,"href":"https:\/\/abero.fi\/sv\/wp-json\/wp\/v2\/users\/2"}],"replies":[{"embeddable":true,"href":"https:\/\/abero.fi\/sv\/wp-json\/wp\/v2\/comments?post=1915"}],"version-history":[{"count":4,"href":"https:\/\/abero.fi\/sv\/wp-json\/wp\/v2\/pages\/1915\/revisions"}],"predecessor-version":[{"id":2064,"href":"https:\/\/abero.fi\/sv\/wp-json\/wp\/v2\/pages\/1915\/revisions\/2064"}],"wp:attachment":[{"href":"https:\/\/abero.fi\/sv\/wp-json\/wp\/v2\/media?parent=1915"}],"curies":[{"name":"wp","href":"https:\/\/api.w.org\/{rel}","templated":true}]}}