{"id":1917,"date":"2024-03-18T11:04:12","date_gmt":"2024-03-18T11:04:12","guid":{"rendered":"https:\/\/abero.fi\/ljud-och-videoservice\/"},"modified":"2026-04-15T08:39:43","modified_gmt":"2026-04-15T08:39:43","slug":"ljud-och-videoservice","status":"publish","type":"page","link":"https:\/\/abero.fi\/sv\/ljud-och-videoservice\/","title":{"rendered":"Ljud- och videoservice"},"content":{"rendered":"\t\t<div data-elementor-type=\"wp-page\" data-elementor-id=\"1917\" class=\"elementor elementor-1917 elementor-514\" data-elementor-post-type=\"page\">\n\t\t\t\t<main class=\"elementor-element elementor-element-8ad6453 e-flex e-con-boxed e-con e-parent\" data-id=\"8ad6453\" data-element_type=\"container\" data-e-type=\"container\">\n\t\t\t\t\t<div class=\"e-con-inner\">\n\t\t<div class=\"elementor-element elementor-element-d5564c5 e-con-full e-flex e-con e-child\" data-id=\"d5564c5\" data-element_type=\"container\" data-e-type=\"container\">\n\t\t\t\t<div class=\"elementor-element elementor-element-25bd10f elementor-widget elementor-widget-heading\" data-id=\"25bd10f\" data-element_type=\"widget\" data-e-type=\"widget\" data-widget_type=\"heading.default\">\n\t\t\t\t\t<h1 class=\"elementor-heading-title elementor-size-default\">Ljud- och videoservice<\/h1>\t\t\t\t<\/div>\n\t\t\t\t<\/div>\n\t\t<div class=\"elementor-element elementor-element-45067f6 e-con-full e-flex e-con e-child\" data-id=\"45067f6\" data-element_type=\"container\" data-e-type=\"container\">\n\t\t\t\t<div class=\"elementor-element elementor-element-4e9f295 elementor-widget elementor-widget-text-editor\" data-id=\"4e9f295\" data-element_type=\"widget\" data-e-type=\"widget\" data-widget_type=\"text-editor.default\">\n\t\t\t\t\t\t\t\t\t<p>\u00d6ka aff\u00e4rssamarbetet med Aberos tydliga ljud- och videol\u00f6sningar.<\/p>\t\t\t\t\t\t\t\t<\/div>\n\t\t\t\t<\/div>\n\t\t\t\t\t<\/div>\n\t\t\t\t<\/main>\n\t\t<div class=\"elementor-element elementor-element-3433787 e-flex e-con-boxed e-con e-parent\" data-id=\"3433787\" data-element_type=\"container\" data-e-type=\"container\">\n\t\t\t\t\t<div class=\"e-con-inner\">\n\t\t<div class=\"elementor-element elementor-element-4f01c91 e-con-full e-flex e-con e-child\" data-id=\"4f01c91\" data-element_type=\"container\" data-e-type=\"container\">\n\t\t\t\t<div class=\"elementor-element elementor-element-0e632ae elementor-widget elementor-widget-image\" data-id=\"0e632ae\" data-element_type=\"widget\" data-e-type=\"widget\" data-widget_type=\"image.default\">\n\t\t\t\t\t\t\t\t\t\t\t\t\t\t\t<img fetchpriority=\"high\" decoding=\"async\" width=\"800\" height=\"332\" src=\"https:\/\/abero.fi\/wp-content\/uploads\/2024\/03\/Abero_AudioandVideoServices-MariaMikael.webp\" class=\"attachment-large size-large wp-image-1520\" alt=\"\" srcset=\"https:\/\/abero.fi\/wp-content\/uploads\/2024\/03\/Abero_AudioandVideoServices-MariaMikael.webp 913w, https:\/\/abero.fi\/wp-content\/uploads\/2024\/03\/Abero_AudioandVideoServices-MariaMikael-300x125.webp 300w, https:\/\/abero.fi\/wp-content\/uploads\/2024\/03\/Abero_AudioandVideoServices-MariaMikael-768x319.webp 768w\" sizes=\"(max-width: 800px) 100vw, 800px\">\t\t\t\t\t\t\t\t\t\t\t\t\t\t\t<\/div>\n\t\t\t\t<\/div>\n\t\t<div class=\"elementor-element elementor-element-7c6ebe7 e-con-full e-flex e-con e-child\" data-id=\"7c6ebe7\" data-element_type=\"container\" data-e-type=\"container\">\n\t\t\t\t<div class=\"elementor-element elementor-element-e7c7032 elementor-widget elementor-widget-text-editor\" data-id=\"e7c7032\" data-element_type=\"widget\" data-e-type=\"widget\" data-widget_type=\"text-editor.default\">\n\t\t\t\t\t\t\t\t\t<p>I den snabbr\u00f6rliga aff\u00e4rsv\u00e4rlden \u00e4r tydlig och effektiv kommunikation avg\u00f6rande. P\u00e5 Abero fokuserar vi p\u00e5 att tillhandah\u00e5lla tydliga ljud- och videoservice som uppfyller dina specifika behov och hj\u00e4lper ditt team att samarbeta mer effektivt. <\/p>\t\t\t\t\t\t\t\t<\/div>\n\t\t\t\t<div class=\"elementor-element elementor-element-ada1ac6 elementor-mobile-align-left elementor-widget elementor-widget-button\" data-id=\"ada1ac6\" data-element_type=\"widget\" data-e-type=\"widget\" data-widget_type=\"button.default\">\n\t\t\t\t\t\t\t\t\t\t<a class=\"elementor-button elementor-button-link elementor-size-sm\" href=\"#support\">\n\t\t\t\t\t\t<span class=\"elementor-button-content-wrapper\">\n\t\t\t\t\t\t<span class=\"elementor-button-icon\">\n\t\t\t\t<svg aria-hidden=\"true\" class=\"e-font-icon-svg e-fas-angle-right\" viewBox=\"0 0 256 512\" xmlns=\"http:\/\/www.w3.org\/2000\/svg\"><path d=\"M224.3 273l-136 136c-9.4 9.4-24.6 9.4-33.9 0l-22.6-22.6c-9.4-9.4-9.4-24.6 0-33.9l96.4-96.4-96.4-96.4c-9.4-9.4-9.4-24.6 0-33.9L54.3 103c9.4-9.4 24.6-9.4 33.9 0l136 136c9.5 9.4 9.5 24.6.1 34z\"><\/path><\/svg>\t\t\t<\/span>\n\t\t\t\t\t\t\t\t\t<span class=\"elementor-button-text\">H\u00e4r \u00e4r en n\u00e4rmare titt p\u00e5 hur vi kan st\u00f6dja dig<\/span>\n\t\t\t\t\t<\/span>\n\t\t\t\t\t<\/a>\n\t\t\t\t\t\t\t\t<\/div>\n\t\t\t\t<\/div>\n\t\t\t\t\t<\/div>\n\t\t\t\t<\/div>\n\t\t<div class=\"elementor-element elementor-element-235718d e-flex e-con-boxed e-con e-parent\" data-id=\"235718d\" data-element_type=\"container\" data-e-type=\"container\">\n\t\t\t\t\t<div class=\"e-con-inner\">\n\t\t\t\t<div class=\"elementor-element elementor-element-df4dd07 elementor-widget elementor-widget-menu-anchor\" data-id=\"df4dd07\" data-element_type=\"widget\" data-e-type=\"widget\" data-widget_type=\"menu-anchor.default\">\n\t\t\t\t\t\t\t<div class=\"elementor-menu-anchor\" id=\"support\"><\/div>\n\t\t\t\t\t\t<\/div>\n\t\t\t\t\t<\/div>\n\t\t\t\t<\/div>\n\t\t<div class=\"elementor-element elementor-element-cddfa69 e-flex e-con-boxed e-con e-parent\" data-id=\"cddfa69\" data-element_type=\"container\" data-e-type=\"container\" data-settings=\"{&quot;background_background&quot;:&quot;classic&quot;}\">\n\t\t\t\t\t<div class=\"e-con-inner\">\n\t\t<div class=\"elementor-element elementor-element-cbff7b1 e-con-full e-flex e-con e-child\" data-id=\"cbff7b1\" data-element_type=\"container\" data-e-type=\"container\">\n\t\t\t\t<div class=\"elementor-element elementor-element-07ac320 elementor-position-top elementor-widget elementor-widget-image-box\" data-id=\"07ac320\" data-element_type=\"widget\" data-e-type=\"widget\" data-widget_type=\"image-box.default\">\n\t\t\t\t\t<div class=\"elementor-image-box-wrapper\"><figure class=\"elementor-image-box-img\"><img decoding=\"async\" width=\"24\" height=\"24\" src=\"https:\/\/abero.fi\/wp-content\/uploads\/2024\/03\/Abero_Consulting.svg\" class=\"attachment-large size-large wp-image-1506\" alt=\"\"><\/figure><div class=\"elementor-image-box-content\"><h2 class=\"elementor-image-box-title\">Konsultation<\/h2><p class=\"elementor-image-box-description\">Vi b\u00f6rjar med att f\u00f6rst\u00e5 vad du beh\u00f6ver. V\u00e5rt m\u00e5l \u00e4r att erbjuda l\u00f6sningar som \u00e4r meningsfulla f\u00f6r ditt f\u00f6retag och hj\u00e4lpa dig att navigera genom det senaste inom ljud- och videoteknik f\u00f6r att hitta det som fungerar b\u00e4st f\u00f6r dig. <\/p><\/div><\/div>\t\t\t\t<\/div>\n\t\t\t\t<\/div>\n\t\t<div class=\"elementor-element elementor-element-ab54ccc e-con-full e-flex e-con e-child\" data-id=\"ab54ccc\" data-element_type=\"container\" data-e-type=\"container\">\n\t\t\t\t<div class=\"elementor-element elementor-element-f68758b elementor-position-top elementor-widget elementor-widget-image-box\" data-id=\"f68758b\" data-element_type=\"widget\" data-e-type=\"widget\" data-widget_type=\"image-box.default\">\n\t\t\t\t\t<div class=\"elementor-image-box-wrapper\"><figure class=\"elementor-image-box-img\"><img decoding=\"async\" width=\"24\" height=\"24\" src=\"https:\/\/abero.fi\/wp-content\/uploads\/2024\/03\/Abero_Installations.svg\" class=\"attachment-large size-large wp-image-1522\" alt=\"\"><\/figure><div class=\"elementor-image-box-content\"><h2 class=\"elementor-image-box-title\">Installationer<\/h2><p class=\"elementor-image-box-description\">V\u00e5rt team hanterar installationer noggrant f\u00f6r att s\u00e4kerst\u00e4lla att din ljud- och videoutrustning installeras korrekt, fungerar smidigt och passar perfekt i din lokal, oavsett om det \u00e4r i ett litet m\u00f6tesrum eller en stor auditorium.<\/p><\/div><\/div>\t\t\t\t<\/div>\n\t\t\t\t<\/div>\n\t\t\t\t\t<\/div>\n\t\t\t\t<\/div>\n\t\t<div class=\"elementor-element elementor-element-df7587a e-flex e-con-boxed e-con e-parent\" data-id=\"df7587a\" data-element_type=\"container\" data-e-type=\"container\" data-settings=\"{&quot;background_background&quot;:&quot;classic&quot;}\">\n\t\t\t\t\t<div class=\"e-con-inner\">\n\t\t<div class=\"elementor-element elementor-element-fdd13ad e-con-full e-flex e-con e-child\" data-id=\"fdd13ad\" data-element_type=\"container\" data-e-type=\"container\">\n\t\t\t\t<div class=\"elementor-element elementor-element-2547aa0 elementor-position-top elementor-widget elementor-widget-image-box\" data-id=\"2547aa0\" data-element_type=\"widget\" data-e-type=\"widget\" data-widget_type=\"image-box.default\">\n\t\t\t\t\t<div class=\"elementor-image-box-wrapper\"><figure class=\"elementor-image-box-img\"><img loading=\"lazy\" decoding=\"async\" width=\"24\" height=\"24\" src=\"https:\/\/abero.fi\/wp-content\/uploads\/2024\/03\/Abero_SystemDesign.svg\" class=\"attachment-large size-large wp-image-1524\" alt=\"\"><\/figure><div class=\"elementor-image-box-content\"><h2 class=\"elementor-image-box-title\">Systemdesign<\/h2><p class=\"elementor-image-box-description\">Vi designar system som \u00e4r l\u00e4tta att anv\u00e4nda och redo f\u00f6r framtiden. Vi t\u00e4nker p\u00e5 din plats, dina behov och hur du arbetar f\u00f6r att skapa ljud- och videosolutions som g\u00f6r skillnad i hur du kommunicerar. <\/p><\/div><\/div>\t\t\t\t<\/div>\n\t\t\t\t<\/div>\n\t\t<div class=\"elementor-element elementor-element-1c55978 e-con-full e-flex e-con e-child\" data-id=\"1c55978\" data-element_type=\"container\" data-e-type=\"container\">\n\t\t\t\t<div class=\"elementor-element elementor-element-4f27bce elementor-position-top elementor-widget elementor-widget-image-box\" data-id=\"4f27bce\" data-element_type=\"widget\" data-e-type=\"widget\" data-widget_type=\"image-box.default\">\n\t\t\t\t\t<div class=\"elementor-image-box-wrapper\"><figure class=\"elementor-image-box-img\"><img loading=\"lazy\" decoding=\"async\" width=\"24\" height=\"24\" src=\"https:\/\/abero.fi\/wp-content\/uploads\/2024\/03\/Abero_ProcurementStrategy.svg\" class=\"attachment-large size-large wp-image-1526\" alt=\"\"><\/figure><div class=\"elementor-image-box-content\"><h2 class=\"elementor-image-box-title\">Ink\u00f6psstrategi<\/h2><p class=\"elementor-image-box-description\">Att v\u00e4lja r\u00e4tt teknologi kan vara \u00f6verv\u00e4ldigande. Vi \u00e4r h\u00e4r f\u00f6r att g\u00f6ra det enklare genom att guida dig genom alternativen f\u00f6r att hitta h\u00f6gkvalitativa, kostnadseffektiva l\u00f6sningar som matchar dina m\u00e5l och budget. <\/p><\/div><\/div>\t\t\t\t<\/div>\n\t\t\t\t<\/div>\n\t\t\t\t\t<\/div>\n\t\t\t\t<\/div>\n\t\t<div class=\"elementor-element elementor-element-8588a83 e-flex e-con-boxed e-con e-parent\" data-id=\"8588a83\" data-element_type=\"container\" data-e-type=\"container\" data-settings=\"{&quot;background_background&quot;:&quot;classic&quot;}\">\n\t\t\t\t\t<div class=\"e-con-inner\">\n\t\t<div class=\"elementor-element elementor-element-52c0f5b e-con-full e-flex e-con e-child\" data-id=\"52c0f5b\" data-element_type=\"container\" data-e-type=\"container\">\n\t\t\t\t<div class=\"elementor-element elementor-element-a0cb961 elementor-position-top elementor-widget elementor-widget-image-box\" data-id=\"a0cb961\" data-element_type=\"widget\" data-e-type=\"widget\" data-widget_type=\"image-box.default\">\n\t\t\t\t\t<div class=\"elementor-image-box-wrapper\"><figure class=\"elementor-image-box-img\"><img loading=\"lazy\" decoding=\"async\" width=\"24\" height=\"24\" src=\"https:\/\/abero.fi\/wp-content\/uploads\/2024\/03\/Abero_ConsultingReferences.svg\" class=\"attachment-large size-large wp-image-1528\" alt=\"\"><\/figure><div class=\"elementor-image-box-content\"><h2 class=\"elementor-image-box-title\">Konsultreferenser<\/h2><p class=\"elementor-image-box-description\">Vi \u00e4r stolta \u00f6ver v\u00e5rt arbete och de f\u00f6retag vi har hj\u00e4lpt. Om du letar efter exempel p\u00e5 hur vi har f\u00f6rb\u00e4ttrat kommunikationen med andra \u00e4r vi glada att dela med oss av v\u00e5ra framg\u00e5ngshistorier. <\/p><\/div><\/div>\t\t\t\t<\/div>\n\t\t\t\t<\/div>\n\t\t<div class=\"elementor-element elementor-element-a0c509d e-con-full e-flex e-con e-child\" data-id=\"a0c509d\" data-element_type=\"container\" data-e-type=\"container\">\n\t\t<div class=\"elementor-element elementor-element-48ef0bb e-con-full e-flex e-con e-child\" data-id=\"48ef0bb\" data-element_type=\"container\" data-e-type=\"container\">\n\t\t\t\t<div class=\"elementor-element elementor-element-c67feb2 elementor-position-top elementor-widget elementor-widget-image-box\" data-id=\"c67feb2\" data-element_type=\"widget\" data-e-type=\"widget\" data-widget_type=\"image-box.default\">\n\t\t\t\t\t<div class=\"elementor-image-box-wrapper\"><figure class=\"elementor-image-box-img\"><img loading=\"lazy\" decoding=\"async\" width=\"1\" height=\"1\" src=\"https:\/\/abero.fi\/wp-content\/uploads\/2025\/09\/iDiD-noslogan-RGB.svg\" class=\"attachment-large size-large wp-image-2795\" alt=\"\"><\/figure><div class=\"elementor-image-box-content\"><h2 class=\"elementor-image-box-title\">Digital signage<\/h2><p class=\"elementor-image-box-description\">iDiD \u00e4r en inhemsk, anv\u00e4ndarv\u00e4nlig infosk\u00e4rmstj\u00e4nst f\u00f6r organisationer i alla storlekar. Med den kan du kommunicera smidigt och synligt. Den skalbara tj\u00e4nsten inkluderar kostnadsfri utbildning och dedikerat st\u00f6d f\u00f6r att s\u00e4kerst\u00e4lla din framg\u00e5ng.  <\/p><\/div><\/div>\t\t\t\t<\/div>\n\t\t\t\t<\/div>\n\t\t<div class=\"elementor-element elementor-element-bce7428 e-con-full e-flex e-con e-child\" data-id=\"bce7428\" data-element_type=\"container\" data-e-type=\"container\">\n\t\t\t\t<div class=\"elementor-element elementor-element-ae04971 elementor-mobile-align-left elementor-widget elementor-widget-button\" data-id=\"ae04971\" data-element_type=\"widget\" data-e-type=\"widget\" data-widget_type=\"button.default\">\n\t\t\t\t\t\t\t\t\t\t<a class=\"elementor-button elementor-button-link elementor-size-sm\" href=\"https:\/\/abero.fi\/sv\/idid\/\">\n\t\t\t\t\t\t<span class=\"elementor-button-content-wrapper\">\n\t\t\t\t\t\t<span class=\"elementor-button-icon\">\n\t\t\t\t<svg aria-hidden=\"true\" class=\"e-font-icon-svg e-fas-angle-right\" viewBox=\"0 0 256 512\" xmlns=\"http:\/\/www.w3.org\/2000\/svg\"><path d=\"M224.3 273l-136 136c-9.4 9.4-24.6 9.4-33.9 0l-22.6-22.6c-9.4-9.4-9.4-24.6 0-33.9l96.4-96.4-96.4-96.4c-9.4-9.4-9.4-24.6 0-33.9L54.3 103c9.4-9.4 24.6-9.4 33.9 0l136 136c9.5 9.4 9.5 24.6.1 34z\"><\/path><\/svg>\t\t\t<\/span>\n\t\t\t\t\t\t\t\t\t<span class=\"elementor-button-text\">L\u00e4s mera<\/span>\n\t\t\t\t\t<\/span>\n\t\t\t\t\t<\/a>\n\t\t\t\t\t\t\t\t<\/div>\n\t\t\t\t<\/div>\n\t\t\t\t<\/div>\n\t\t\t\t\t<\/div>\n\t\t\t\t<\/div>\n\t\t<main class=\"elementor-element elementor-element-61d7dae e-flex e-con-boxed e-con e-parent\" data-id=\"61d7dae\" data-element_type=\"container\" data-e-type=\"container\">\n\t\t\t\t\t<div class=\"e-con-inner\">\n\t\t<div class=\"elementor-element elementor-element-cebf6c9 e-con-full e-flex e-con e-child\" data-id=\"cebf6c9\" data-element_type=\"container\" data-e-type=\"container\">\n\t\t<div class=\"elementor-element elementor-element-3a10752 e-grid e-con-boxed e-con e-child\" data-id=\"3a10752\" data-element_type=\"container\" data-e-type=\"container\">\n\t\t\t\t\t<div class=\"e-con-inner\">\n\t\t\t\t<div class=\"elementor-element elementor-element-3b1e539 elementor-widget elementor-widget-image\" data-id=\"3b1e539\" data-element_type=\"widget\" data-e-type=\"widget\" data-widget_type=\"image.default\">\n\t\t\t\t\t\t\t\t\t\t\t\t\t\t\t<img loading=\"lazy\" decoding=\"async\" width=\"800\" height=\"534\" src=\"https:\/\/abero.fi\/wp-content\/uploads\/2024\/03\/Abero_AudioandVideoServices-HarriMariaBen-2.webp\" class=\"attachment-large size-large wp-image-1534\" alt=\"\" srcset=\"https:\/\/abero.fi\/wp-content\/uploads\/2024\/03\/Abero_AudioandVideoServices-HarriMariaBen-2.webp 1000w, https:\/\/abero.fi\/wp-content\/uploads\/2024\/03\/Abero_AudioandVideoServices-HarriMariaBen-2-300x200.webp 300w, https:\/\/abero.fi\/wp-content\/uploads\/2024\/03\/Abero_AudioandVideoServices-HarriMariaBen-2-768x512.webp 768w\" sizes=\"(max-width: 800px) 100vw, 800px\">\t\t\t\t\t\t\t\t\t\t\t\t\t\t\t<\/div>\n\t\t\t\t<div class=\"elementor-element elementor-element-fde307f elementor-widget elementor-widget-image\" data-id=\"fde307f\" data-element_type=\"widget\" data-e-type=\"widget\" data-widget_type=\"image.default\">\n\t\t\t\t\t\t\t\t\t\t\t\t\t\t\t<img loading=\"lazy\" decoding=\"async\" width=\"800\" height=\"534\" src=\"https:\/\/abero.fi\/wp-content\/uploads\/2024\/03\/Abero_A.webp\" class=\"attachment-large size-large wp-image-1458\" alt=\"\" srcset=\"https:\/\/abero.fi\/wp-content\/uploads\/2024\/03\/Abero_A.webp 1000w, https:\/\/abero.fi\/wp-content\/uploads\/2024\/03\/Abero_A-300x200.webp 300w, https:\/\/abero.fi\/wp-content\/uploads\/2024\/03\/Abero_A-768x512.webp 768w\" sizes=\"(max-width: 800px) 100vw, 800px\">\t\t\t\t\t\t\t\t\t\t\t\t\t\t\t<\/div>\n\t\t\t\t<div class=\"elementor-element elementor-element-19c74fb elementor-widget elementor-widget-image\" data-id=\"19c74fb\" data-element_type=\"widget\" data-e-type=\"widget\" data-widget_type=\"image.default\">\n\t\t\t\t\t\t\t\t\t\t\t\t\t\t\t<img loading=\"lazy\" decoding=\"async\" width=\"800\" height=\"534\" src=\"https:\/\/abero.fi\/wp-content\/uploads\/2024\/03\/Abero_Logo.webp\" class=\"attachment-large size-large wp-image-1460\" alt=\"\" srcset=\"https:\/\/abero.fi\/wp-content\/uploads\/2024\/03\/Abero_Logo.webp 1000w, https:\/\/abero.fi\/wp-content\/uploads\/2024\/03\/Abero_Logo-300x200.webp 300w, https:\/\/abero.fi\/wp-content\/uploads\/2024\/03\/Abero_Logo-768x512.webp 768w\" sizes=\"(max-width: 800px) 100vw, 800px\">\t\t\t\t\t\t\t\t\t\t\t\t\t\t\t<\/div>\n\t\t\t\t<div class=\"elementor-element elementor-element-e0325e0 elementor-widget elementor-widget-image\" data-id=\"e0325e0\" data-element_type=\"widget\" data-e-type=\"widget\" data-widget_type=\"image.default\">\n\t\t\t\t\t\t\t\t\t\t\t\t\t\t\t<img loading=\"lazy\" decoding=\"async\" width=\"800\" height=\"534\" src=\"https:\/\/abero.fi\/wp-content\/uploads\/2024\/03\/Abero_AudioandVideoServices-PetterEmma.webp\" class=\"attachment-large size-large wp-image-1536\" alt=\"\" srcset=\"https:\/\/abero.fi\/wp-content\/uploads\/2024\/03\/Abero_AudioandVideoServices-PetterEmma.webp 1000w, https:\/\/abero.fi\/wp-content\/uploads\/2024\/03\/Abero_AudioandVideoServices-PetterEmma-300x200.webp 300w, https:\/\/abero.fi\/wp-content\/uploads\/2024\/03\/Abero_AudioandVideoServices-PetterEmma-768x512.webp 768w\" sizes=\"(max-width: 800px) 100vw, 800px\">\t\t\t\t\t\t\t\t\t\t\t\t\t\t\t<\/div>\n\t\t\t\t\t<\/div>\n\t\t\t\t<\/div>\n\t\t\t\t<\/div>\n\t\t<div class=\"elementor-element elementor-element-5e24a74 e-con-full e-flex e-con e-child\" data-id=\"5e24a74\" data-element_type=\"container\" data-e-type=\"container\">\n\t\t\t\t<div class=\"elementor-element elementor-element-6a18e0a elementor-widget elementor-widget-text-editor\" data-id=\"6a18e0a\" data-element_type=\"widget\" data-e-type=\"widget\" data-widget_type=\"text-editor.default\">\n\t\t\t\t\t\t\t\t\t<p>P\u00e5 Abero tror vi p\u00e5 att f\u00e5 tekniken att fungera f\u00f6r m\u00e4nniskor, inte tv\u00e4rtom. Oavsett om du uppdaterar ditt nuvarande system eller b\u00f6rjar fr\u00e5n b\u00f6rjan, \u00e4r v\u00e5ra ljud- och videoservices skr\u00e4ddarsydda f\u00f6r att g\u00f6ra din kommunikation smidigare och mer produktiv. <\/p><p>L\u00e5t oss arbeta tillsammans f\u00f6r att hitta r\u00e4tt ljud- och videol\u00f6sningar f\u00f6r ditt f\u00f6retag. Med Abero kan du f\u00f6rv\u00e4nta dig ett partnerskap fokuserat p\u00e5 praktiska l\u00f6sningar och tydliga r\u00e5d.<\/p>\t\t\t\t\t\t\t\t<\/div>\n\t\t<div class=\"elementor-element elementor-element-2e6b263 e-con-full e-flex e-con e-child\" data-id=\"2e6b263\" data-element_type=\"container\" data-e-type=\"container\">\n\t\t\t\t<div class=\"elementor-element elementor-element-4c92670 elementor-widget__width-auto elementor-widget elementor-widget-button\" data-id=\"4c92670\" data-element_type=\"widget\" data-e-type=\"widget\" data-widget_type=\"button.default\">\n\t\t\t\t\t\t\t\t\t\t<a class=\"elementor-button elementor-button-link elementor-size-sm\" href=\"https:\/\/abero.fi\/sv\/ta-kontakt\/\">\n\t\t\t\t\t\t<span class=\"elementor-button-content-wrapper\">\n\t\t\t\t\t\t\t\t\t<span class=\"elementor-button-text\">Ta kontakt<\/span>\n\t\t\t\t\t<\/span>\n\t\t\t\t\t<\/a>\n\t\t\t\t\t\t\t\t<\/div>\n\t\t\t\t<div class=\"elementor-element elementor-element-9bbf25f elementor-widget elementor-widget-button\" data-id=\"9bbf25f\" data-element_type=\"widget\" data-e-type=\"widget\" data-widget_type=\"button.default\">\n\t\t\t\t\t\t\t\t\t\t<a class=\"elementor-button elementor-button-link elementor-size-sm\" href=\"https:\/\/shop.abero.fi\/\" target=\"_blank\">\n\t\t\t\t\t\t<span class=\"elementor-button-content-wrapper\">\n\t\t\t\t\t\t<span class=\"elementor-button-icon\">\n\t\t\t\t<svg aria-hidden=\"true\" class=\"e-font-icon-svg e-fas-angle-right\" viewBox=\"0 0 256 512\" xmlns=\"http:\/\/www.w3.org\/2000\/svg\"><path d=\"M224.3 273l-136 136c-9.4 9.4-24.6 9.4-33.9 0l-22.6-22.6c-9.4-9.4-9.4-24.6 0-33.9l96.4-96.4-96.4-96.4c-9.4-9.4-9.4-24.6 0-33.9L54.3 103c9.4-9.4 24.6-9.4 33.9 0l136 136c9.5 9.4 9.5 24.6.1 34z\"><\/path><\/svg>\t\t\t<\/span>\n\t\t\t\t\t\t\t\t\t<span class=\"elementor-button-text\">Webbshop<\/span>\n\t\t\t\t\t<\/span>\n\t\t\t\t\t<\/a>\n\t\t\t\t\t\t\t\t<\/div>\n\t\t\t\t<\/div>\n\t\t\t\t<\/div>\n\t\t\t\t\t<\/div>\n\t\t\t\t<\/main>\n\t\t\t\t<\/div>\n\t\t","protected":false},"excerpt":{"rendered":"<p>Ljud- och videoservice \u00d6ka aff\u00e4rssamarbetet med Aberos tydliga ljud- och videol\u00f6sningar. I den snabbr\u00f6rliga aff\u00e4rsv\u00e4rlden \u00e4r tydlig och effektiv kommunikation avg\u00f6rande. P\u00e5 Abero fokuserar vi p\u00e5 att tillhandah\u00e5lla tydliga ljud- och videoservice som uppfyller dina specifika behov och hj\u00e4lper ditt team att samarbeta mer effektivt. H\u00e4r \u00e4r en n\u00e4rmare titt p\u00e5 hur vi kan st\u00f6dja [&hellip;]<\/p>\n","protected":false},"author":2,"featured_media":0,"parent":0,"menu_order":0,"comment_status":"closed","ping_status":"closed","template":"","meta":{"_acf_changed":false,"footnotes":""},"class_list":["post-1917","page","type-page","status-publish","hentry"],"acf":[],"_links":{"self":[{"href":"https:\/\/abero.fi\/sv\/wp-json\/wp\/v2\/pages\/1917","targetHints":{"allow":["GET"]}}],"collection":[{"href":"https:\/\/abero.fi\/sv\/wp-json\/wp\/v2\/pages"}],"about":[{"href":"https:\/\/abero.fi\/sv\/wp-json\/wp\/v2\/types\/page"}],"author":[{"embeddable":true,"href":"https:\/\/abero.fi\/sv\/wp-json\/wp\/v2\/users\/2"}],"replies":[{"embeddable":true,"href":"https:\/\/abero.fi\/sv\/wp-json\/wp\/v2\/comments?post=1917"}],"version-history":[{"count":12,"href":"https:\/\/abero.fi\/sv\/wp-json\/wp\/v2\/pages\/1917\/revisions"}],"predecessor-version":[{"id":4142,"href":"https:\/\/abero.fi\/sv\/wp-json\/wp\/v2\/pages\/1917\/revisions\/4142"}],"wp:attachment":[{"href":"https:\/\/abero.fi\/sv\/wp-json\/wp\/v2\/media?parent=1917"}],"curies":[{"name":"wp","href":"https:\/\/api.w.org\/{rel}","templated":true}]}}