{"id":2558,"date":"2024-11-11T08:43:47","date_gmt":"2024-11-11T08:43:47","guid":{"rendered":"https:\/\/abero.fi\/infosec\/"},"modified":"2024-11-13T11:24:10","modified_gmt":"2024-11-13T11:24:10","slug":"infosec","status":"publish","type":"page","link":"https:\/\/abero.fi\/sv\/infosec\/","title":{"rendered":"Infosec"},"content":{"rendered":"\t\t<div data-elementor-type=\"wp-page\" data-elementor-id=\"2558\" class=\"elementor elementor-2558 elementor-2371\" data-elementor-post-type=\"page\">\n\t\t\t\t<main class=\"elementor-element elementor-element-3a741b9 e-flex e-con-boxed e-con e-parent\" data-id=\"3a741b9\" data-element_type=\"container\" data-e-type=\"container\">\n\t\t\t\t\t<div class=\"e-con-inner\">\n\t\t<div class=\"elementor-element elementor-element-05cfd75 e-con-full e-flex e-con e-child\" data-id=\"05cfd75\" data-element_type=\"container\" data-e-type=\"container\">\n\t\t\t\t<div class=\"elementor-element elementor-element-37e74ef elementor-widget elementor-widget-image\" data-id=\"37e74ef\" data-element_type=\"widget\" data-e-type=\"widget\" data-widget_type=\"image.default\">\n\t\t\t\t\t\t\t\t\t\t\t\t\t\t\t<img fetchpriority=\"high\" decoding=\"async\" width=\"705\" height=\"94\" src=\"https:\/\/abero.fi\/wp-content\/uploads\/2024\/11\/Abero-Infosec_Logo-Horizontal_Black.svg\" class=\"attachment-large size-large wp-image-2374\" alt=\"Abero-Infosec_Logo-Horizontal_Black\" \/>\t\t\t\t\t\t\t\t\t\t\t\t\t\t\t<\/div>\n\t\t\t\t<\/div>\n\t\t\t\t\t<\/div>\n\t\t\t\t<\/main>\n\t\t<div class=\"elementor-element elementor-element-817e114 e-flex e-con-boxed e-con e-parent\" data-id=\"817e114\" data-element_type=\"container\" data-e-type=\"container\">\n\t\t\t\t\t<div class=\"e-con-inner\">\n\t\t<div class=\"elementor-element elementor-element-074b784 e-con-full e-flex e-con e-child\" data-id=\"074b784\" data-element_type=\"container\" data-e-type=\"container\">\n\t\t\t\t<div class=\"elementor-element elementor-element-8c541c1 elementor-widget elementor-widget-image\" data-id=\"8c541c1\" data-element_type=\"widget\" data-e-type=\"widget\" data-widget_type=\"image.default\">\n\t\t\t\t\t\t\t\t\t\t\t\t\t\t\t<img decoding=\"async\" width=\"800\" height=\"332\" src=\"https:\/\/abero.fi\/wp-content\/uploads\/2024\/11\/Abero_Infosec-RobertBen.webp\" class=\"attachment-large size-large wp-image-2378\" alt=\"Abero_Infosec-RobertBen\" srcset=\"https:\/\/abero.fi\/wp-content\/uploads\/2024\/11\/Abero_Infosec-RobertBen.webp 913w, https:\/\/abero.fi\/wp-content\/uploads\/2024\/11\/Abero_Infosec-RobertBen-300x125.webp 300w, https:\/\/abero.fi\/wp-content\/uploads\/2024\/11\/Abero_Infosec-RobertBen-768x319.webp 768w\" sizes=\"(max-width: 800px) 100vw, 800px\" \/>\t\t\t\t\t\t\t\t\t\t\t\t\t\t\t<\/div>\n\t\t\t\t<\/div>\n\t\t<div class=\"elementor-element elementor-element-e5570cd e-con-full e-flex e-con e-child\" data-id=\"e5570cd\" data-element_type=\"container\" data-e-type=\"container\">\n\t\t\t\t<div class=\"elementor-element elementor-element-196142e elementor-widget elementor-widget-text-editor\" data-id=\"196142e\" data-element_type=\"widget\" data-e-type=\"widget\" data-widget_type=\"text-editor.default\">\n\t\t\t\t\t\t\t\t\t<p>Abero, i partnerskap med Syndis, erbjuder ett komplett utbud av offensiva s\u00e4kerhetstj\u00e4nster f\u00f6r att skydda digitala tillg\u00e5ngar. Dessa tj\u00e4nster \u00e4r designade f\u00f6r att identifiera och mildra s\u00e5rbarheter, vilket s\u00e4kerst\u00e4ller en robust cybers\u00e4kerhet f\u00f6r organisationer. Erbjudandena inkluderar penetrationstester f\u00f6r att avsl\u00f6ja svagheter, applikationspenetrationstester f\u00f6r att s\u00e4kra kod innan distribution, samt red teaming f\u00f6r att simulera verkliga attackscenarier.<\/p>\t\t\t\t\t\t\t\t<\/div>\n\t\t\t\t<\/div>\n\t\t\t\t\t<\/div>\n\t\t\t\t<\/div>\n\t\t<div class=\"elementor-element elementor-element-b8eb708 e-flex e-con-boxed e-con e-parent\" data-id=\"b8eb708\" data-element_type=\"container\" data-e-type=\"container\" data-settings=\"{&quot;background_background&quot;:&quot;classic&quot;}\">\n\t\t\t\t\t<div class=\"e-con-inner\">\n\t\t<div class=\"elementor-element elementor-element-3a2f9bf e-con-full e-flex e-con e-child\" data-id=\"3a2f9bf\" data-element_type=\"container\" data-e-type=\"container\">\n\t\t\t\t<div class=\"elementor-element elementor-element-97e2a42 elementor-position-top elementor-widget elementor-widget-image-box\" data-id=\"97e2a42\" data-element_type=\"widget\" data-e-type=\"widget\" data-widget_type=\"image-box.default\">\n\t\t\t\t\t<div class=\"elementor-image-box-wrapper\"><figure class=\"elementor-image-box-img\"><img decoding=\"async\" width=\"91\" height=\"95\" src=\"https:\/\/abero.fi\/wp-content\/uploads\/2024\/11\/OffensiveSecurity.svg\" class=\"attachment-large size-large wp-image-2394\" alt=\"OffensiveSecurity\" \/><\/figure><div class=\"elementor-image-box-content\"><h2 class=\"elementor-image-box-title\">Offensiv s\u00e4kerhet<\/h2><p class=\"elementor-image-box-description\">V\u00e4rldsledande penetrationstj\u00e4nster som fokuserar p\u00e5 att leverera mer \u00e4n bara efterlevnadsv\u00e4rde.<\/p><\/div><\/div>\t\t\t\t<\/div>\n\t\t\t\t<div class=\"elementor-element elementor-element-d75515e elementor-mobile-align-left elementor-widget elementor-widget-button\" data-id=\"d75515e\" data-element_type=\"widget\" data-e-type=\"widget\" data-widget_type=\"button.default\">\n\t\t\t\t\t\t\t\t\t\t<a class=\"elementor-button elementor-button-link elementor-size-sm\" href=\"https:\/\/abero.fi\/offensive-security\/\">\n\t\t\t\t\t\t<span class=\"elementor-button-content-wrapper\">\n\t\t\t\t\t\t<span class=\"elementor-button-icon\">\n\t\t\t\t<svg aria-hidden=\"true\" class=\"e-font-icon-svg e-fas-angle-right\" viewBox=\"0 0 256 512\" xmlns=\"http:\/\/www.w3.org\/2000\/svg\"><path d=\"M224.3 273l-136 136c-9.4 9.4-24.6 9.4-33.9 0l-22.6-22.6c-9.4-9.4-9.4-24.6 0-33.9l96.4-96.4-96.4-96.4c-9.4-9.4-9.4-24.6 0-33.9L54.3 103c9.4-9.4 24.6-9.4 33.9 0l136 136c9.5 9.4 9.5 24.6.1 34z\"><\/path><\/svg>\t\t\t<\/span>\n\t\t\t\t\t\t\t\t\t<span class=\"elementor-button-text\">L\u00e4s mer om offensiv s\u00e4kerhet<\/span>\n\t\t\t\t\t<\/span>\n\t\t\t\t\t<\/a>\n\t\t\t\t\t\t\t\t<\/div>\n\t\t\t\t<\/div>\n\t\t<div class=\"elementor-element elementor-element-cd21aac e-con-full e-flex e-con e-child\" data-id=\"cd21aac\" data-element_type=\"container\" data-e-type=\"container\">\n\t\t\t\t<div class=\"elementor-element elementor-element-f07b355 elementor-position-top elementor-widget elementor-widget-image-box\" data-id=\"f07b355\" data-element_type=\"widget\" data-e-type=\"widget\" data-widget_type=\"image-box.default\">\n\t\t\t\t\t<div class=\"elementor-image-box-wrapper\"><figure class=\"elementor-image-box-img\"><img loading=\"lazy\" decoding=\"async\" width=\"92\" height=\"87\" src=\"https:\/\/abero.fi\/wp-content\/uploads\/2024\/11\/SecurityManagement.svg\" class=\"attachment-large size-large wp-image-2400\" alt=\"SecurityManagement\" \/><\/figure><div class=\"elementor-image-box-content\"><h2 class=\"elementor-image-box-title\">S\u00e4kerhetshantering<\/h2><p class=\"elementor-image-box-description\">M\u00e5let med v\u00e5r tj\u00e4nst f\u00f6r informationss\u00e4kerhetshantering \u00e4r att h\u00f6ja informationss\u00e4kerheten till en h\u00f6gre niv\u00e5 av mognad genom att f\u00f6rb\u00e4ttra kontrollen \u00f6ver informationss\u00e4kerheten och skapa f\u00f6retagets informationss\u00e4kerhetsstrategi.<\/p><\/div><\/div>\t\t\t\t<\/div>\n\t\t\t\t<div class=\"elementor-element elementor-element-3f8100e elementor-mobile-align-left elementor-widget elementor-widget-button\" data-id=\"3f8100e\" data-element_type=\"widget\" data-e-type=\"widget\" data-widget_type=\"button.default\">\n\t\t\t\t\t\t\t\t\t\t<a class=\"elementor-button elementor-button-link elementor-size-sm\" href=\"https:\/\/abero.fi\/security-management\/\">\n\t\t\t\t\t\t<span class=\"elementor-button-content-wrapper\">\n\t\t\t\t\t\t<span class=\"elementor-button-icon\">\n\t\t\t\t<svg aria-hidden=\"true\" class=\"e-font-icon-svg e-fas-angle-right\" viewBox=\"0 0 256 512\" xmlns=\"http:\/\/www.w3.org\/2000\/svg\"><path d=\"M224.3 273l-136 136c-9.4 9.4-24.6 9.4-33.9 0l-22.6-22.6c-9.4-9.4-9.4-24.6 0-33.9l96.4-96.4-96.4-96.4c-9.4-9.4-9.4-24.6 0-33.9L54.3 103c9.4-9.4 24.6-9.4 33.9 0l136 136c9.5 9.4 9.5 24.6.1 34z\"><\/path><\/svg>\t\t\t<\/span>\n\t\t\t\t\t\t\t\t\t<span class=\"elementor-button-text\">L\u00e4s mer om s\u00e4kerhetshantering<\/span>\n\t\t\t\t\t<\/span>\n\t\t\t\t\t<\/a>\n\t\t\t\t\t\t\t\t<\/div>\n\t\t\t\t<\/div>\n\t\t\t\t\t<\/div>\n\t\t\t\t<\/div>\n\t\t<div class=\"elementor-element elementor-element-cd6e69e e-flex e-con-boxed e-con e-parent\" data-id=\"cd6e69e\" data-element_type=\"container\" data-e-type=\"container\" data-settings=\"{&quot;background_background&quot;:&quot;classic&quot;}\">\n\t\t\t\t\t<div class=\"e-con-inner\">\n\t\t<div class=\"elementor-element elementor-element-0620f80 e-con-full e-flex e-con e-child\" data-id=\"0620f80\" data-element_type=\"container\" data-e-type=\"container\">\n\t\t\t\t<div class=\"elementor-element elementor-element-cad02a0 elementor-position-top elementor-widget elementor-widget-image-box\" data-id=\"cad02a0\" data-element_type=\"widget\" data-e-type=\"widget\" data-widget_type=\"image-box.default\">\n\t\t\t\t\t<div class=\"elementor-image-box-wrapper\"><figure class=\"elementor-image-box-img\"><img loading=\"lazy\" decoding=\"async\" width=\"88\" height=\"95\" src=\"https:\/\/abero.fi\/wp-content\/uploads\/2024\/11\/Soc24-7Monitoring.svg\" class=\"attachment-large size-large wp-image-2409\" alt=\"Soc24-7Monitoring\" \/><\/figure><div class=\"elementor-image-box-content\"><h2 class=\"elementor-image-box-title\">SOC 24\/7 \u00d6vervakning<\/h2><p class=\"elementor-image-box-description\">SOC 24\/7 \u00d6vervakningstj\u00e4nst. S\u00e4kerst\u00e4ll effektivt skydd genom att anv\u00e4nda Syndis som ditt dedikerade s\u00e4kerhetsteam, som \u00f6vervakar de mest kritiska aspekterna av informationss\u00e4kerhet. <\/p><\/div><\/div>\t\t\t\t<\/div>\n\t\t\t\t<div class=\"elementor-element elementor-element-5971a35 elementor-mobile-align-left elementor-widget elementor-widget-button\" data-id=\"5971a35\" data-element_type=\"widget\" data-e-type=\"widget\" data-widget_type=\"button.default\">\n\t\t\t\t\t\t\t\t\t\t<a class=\"elementor-button elementor-button-link elementor-size-sm\" href=\"https:\/\/abero.fi\/soc-monitoring\/\">\n\t\t\t\t\t\t<span class=\"elementor-button-content-wrapper\">\n\t\t\t\t\t\t<span class=\"elementor-button-icon\">\n\t\t\t\t<svg aria-hidden=\"true\" class=\"e-font-icon-svg e-fas-angle-right\" viewBox=\"0 0 256 512\" xmlns=\"http:\/\/www.w3.org\/2000\/svg\"><path d=\"M224.3 273l-136 136c-9.4 9.4-24.6 9.4-33.9 0l-22.6-22.6c-9.4-9.4-9.4-24.6 0-33.9l96.4-96.4-96.4-96.4c-9.4-9.4-9.4-24.6 0-33.9L54.3 103c9.4-9.4 24.6-9.4 33.9 0l136 136c9.5 9.4 9.5 24.6.1 34z\"><\/path><\/svg>\t\t\t<\/span>\n\t\t\t\t\t\t\t\t\t<span class=\"elementor-button-text\">L\u00e4s mer om SOC 24\/7 \u00d6vervakning<\/span>\n\t\t\t\t\t<\/span>\n\t\t\t\t\t<\/a>\n\t\t\t\t\t\t\t\t<\/div>\n\t\t\t\t<\/div>\n\t\t<div class=\"elementor-element elementor-element-c7389c1 e-con-full e-flex e-con e-child\" data-id=\"c7389c1\" data-element_type=\"container\" data-e-type=\"container\">\n\t\t\t\t<div class=\"elementor-element elementor-element-8bc2e10 elementor-position-top elementor-widget elementor-widget-image-box\" data-id=\"8bc2e10\" data-element_type=\"widget\" data-e-type=\"widget\" data-widget_type=\"image-box.default\">\n\t\t\t\t\t<div class=\"elementor-image-box-wrapper\"><figure class=\"elementor-image-box-img\"><img loading=\"lazy\" decoding=\"async\" width=\"95\" height=\"94\" src=\"https:\/\/abero.fi\/wp-content\/uploads\/2024\/11\/Aftra-1.svg\" class=\"attachment-large size-large wp-image-2447\" alt=\"Aftra\" \/><\/figure><div class=\"elementor-image-box-content\"><h2 class=\"elementor-image-box-title\">Aftra<\/h2><p class=\"elementor-image-box-description\">F\u00e5 v\u00e4rdefulla insikter, skydda k\u00e4nslig data och st\u00e4rk ditt f\u00f6rsvar med v\u00e5r automatiserade skanning, \u00f6vervakning och kontinuerliga s\u00e5rbarhetsdetektion.<\/p><\/div><\/div>\t\t\t\t<\/div>\n\t\t\t\t<div class=\"elementor-element elementor-element-3e4c198 elementor-mobile-align-left elementor-widget elementor-widget-button\" data-id=\"3e4c198\" data-element_type=\"widget\" data-e-type=\"widget\" data-widget_type=\"button.default\">\n\t\t\t\t\t\t\t\t\t\t<a class=\"elementor-button elementor-button-link elementor-size-sm\" href=\"https:\/\/aftra.io\/\" target=\"_blank\" rel=\"noopener\">\n\t\t\t\t\t\t<span class=\"elementor-button-content-wrapper\">\n\t\t\t\t\t\t<span class=\"elementor-button-icon\">\n\t\t\t\t<svg aria-hidden=\"true\" class=\"e-font-icon-svg e-fas-angle-right\" viewBox=\"0 0 256 512\" xmlns=\"http:\/\/www.w3.org\/2000\/svg\"><path d=\"M224.3 273l-136 136c-9.4 9.4-24.6 9.4-33.9 0l-22.6-22.6c-9.4-9.4-9.4-24.6 0-33.9l96.4-96.4-96.4-96.4c-9.4-9.4-9.4-24.6 0-33.9L54.3 103c9.4-9.4 24.6-9.4 33.9 0l136 136c9.5 9.4 9.5 24.6.1 34z\"><\/path><\/svg>\t\t\t<\/span>\n\t\t\t\t\t\t\t\t\t<span class=\"elementor-button-text\">L\u00e4s mer om Aftra<\/span>\n\t\t\t\t\t<\/span>\n\t\t\t\t\t<\/a>\n\t\t\t\t\t\t\t\t<\/div>\n\t\t\t\t<\/div>\n\t\t\t\t\t<\/div>\n\t\t\t\t<\/div>\n\t\t<main class=\"elementor-element elementor-element-d242265 e-flex e-con-boxed e-con e-parent\" data-id=\"d242265\" data-element_type=\"container\" data-e-type=\"container\">\n\t\t\t\t\t<div class=\"e-con-inner\">\n\t\t<div class=\"elementor-element elementor-element-7fb2fcd e-con-full e-flex e-con e-child\" data-id=\"7fb2fcd\" data-element_type=\"container\" data-e-type=\"container\">\n\t\t<div class=\"elementor-element elementor-element-cdc256c e-grid e-con-boxed e-con e-child\" data-id=\"cdc256c\" data-element_type=\"container\" data-e-type=\"container\">\n\t\t\t\t\t<div class=\"e-con-inner\">\n\t\t\t\t<div class=\"elementor-element elementor-element-e5cfaea elementor-widget elementor-widget-image\" data-id=\"e5cfaea\" data-element_type=\"widget\" data-e-type=\"widget\" data-widget_type=\"image.default\">\n\t\t\t\t\t\t\t\t\t\t\t\t\t\t\t<img loading=\"lazy\" decoding=\"async\" width=\"800\" height=\"534\" src=\"https:\/\/abero.fi\/wp-content\/uploads\/2024\/11\/Abero_Syndis-2.webp\" class=\"attachment-large size-large wp-image-2429\" alt=\"Abero_Syndis-2\" srcset=\"https:\/\/abero.fi\/wp-content\/uploads\/2024\/11\/Abero_Syndis-2.webp 1000w, https:\/\/abero.fi\/wp-content\/uploads\/2024\/11\/Abero_Syndis-2-300x200.webp 300w, https:\/\/abero.fi\/wp-content\/uploads\/2024\/11\/Abero_Syndis-2-768x512.webp 768w\" sizes=\"(max-width: 800px) 100vw, 800px\" \/>\t\t\t\t\t\t\t\t\t\t\t\t\t\t\t<\/div>\n\t\t\t\t<div class=\"elementor-element elementor-element-7692cab elementor-widget elementor-widget-image\" data-id=\"7692cab\" data-element_type=\"widget\" data-e-type=\"widget\" data-widget_type=\"image.default\">\n\t\t\t\t\t\t\t\t\t\t\t\t\t\t\t<img loading=\"lazy\" decoding=\"async\" width=\"800\" height=\"534\" src=\"https:\/\/abero.fi\/wp-content\/uploads\/2024\/11\/Abero_Syndis.webp\" class=\"attachment-large size-large wp-image-2432\" alt=\"Abero_Syndis\" srcset=\"https:\/\/abero.fi\/wp-content\/uploads\/2024\/11\/Abero_Syndis.webp 1000w, https:\/\/abero.fi\/wp-content\/uploads\/2024\/11\/Abero_Syndis-300x200.webp 300w, https:\/\/abero.fi\/wp-content\/uploads\/2024\/11\/Abero_Syndis-768x512.webp 768w\" sizes=\"(max-width: 800px) 100vw, 800px\" \/>\t\t\t\t\t\t\t\t\t\t\t\t\t\t\t<\/div>\n\t\t\t\t<div class=\"elementor-element elementor-element-6f3267f elementor-widget elementor-widget-image\" data-id=\"6f3267f\" data-element_type=\"widget\" data-e-type=\"widget\" data-widget_type=\"image.default\">\n\t\t\t\t\t\t\t\t\t\t\t\t\t\t\t<img loading=\"lazy\" decoding=\"async\" width=\"800\" height=\"534\" src=\"https:\/\/abero.fi\/wp-content\/uploads\/2024\/03\/Abero_Logo.webp\" class=\"attachment-large size-large wp-image-1460\" alt=\"\" srcset=\"https:\/\/abero.fi\/wp-content\/uploads\/2024\/03\/Abero_Logo.webp 1000w, https:\/\/abero.fi\/wp-content\/uploads\/2024\/03\/Abero_Logo-300x200.webp 300w, https:\/\/abero.fi\/wp-content\/uploads\/2024\/03\/Abero_Logo-768x512.webp 768w\" sizes=\"(max-width: 800px) 100vw, 800px\">\t\t\t\t\t\t\t\t\t\t\t\t\t\t\t<\/div>\n\t\t\t\t<div class=\"elementor-element elementor-element-3485a25 elementor-widget elementor-widget-image\" data-id=\"3485a25\" data-element_type=\"widget\" data-e-type=\"widget\" data-widget_type=\"image.default\">\n\t\t\t\t\t\t\t\t\t\t\t\t\t\t\t<img loading=\"lazy\" decoding=\"async\" width=\"800\" height=\"534\" src=\"https:\/\/abero.fi\/wp-content\/uploads\/2024\/11\/Abero_Infosec-EmmaBen.webp\" class=\"attachment-large size-large wp-image-2426\" alt=\"Abero_Infosec-EmmaBen\" srcset=\"https:\/\/abero.fi\/wp-content\/uploads\/2024\/11\/Abero_Infosec-EmmaBen.webp 1000w, https:\/\/abero.fi\/wp-content\/uploads\/2024\/11\/Abero_Infosec-EmmaBen-300x200.webp 300w, https:\/\/abero.fi\/wp-content\/uploads\/2024\/11\/Abero_Infosec-EmmaBen-768x512.webp 768w\" sizes=\"(max-width: 800px) 100vw, 800px\" \/>\t\t\t\t\t\t\t\t\t\t\t\t\t\t\t<\/div>\n\t\t\t\t\t<\/div>\n\t\t\t\t<\/div>\n\t\t\t\t<\/div>\n\t\t<div class=\"elementor-element elementor-element-0ac6c8a e-con-full e-flex e-con e-child\" data-id=\"0ac6c8a\" data-element_type=\"container\" data-e-type=\"container\">\n\t\t\t\t<div class=\"elementor-element elementor-element-ac95792 elementor-widget elementor-widget-text-editor\" data-id=\"ac95792\" data-element_type=\"widget\" data-e-type=\"widget\" data-widget_type=\"text-editor.default\">\n\t\t\t\t\t\t\t\t\t<p>Syndis och Abero har bildat ett strategiskt partnerskap f\u00f6r att f\u00f6rb\u00e4ttra cybers\u00e4kerhet och IT-tj\u00e4nster f\u00f6r f\u00f6retag. Syndis, en ledare inom cybers\u00e4kerhetshantering, bidrar med expertis inom hotdetektion, riskhantering och efterlevnad, och s\u00e4kerst\u00e4ller robusta s\u00e4kerhetsramverk f\u00f6r sina kunder.  <\/p>\n<p>Abero, k\u00e4nt f\u00f6r sina omfattande IT-tj\u00e4nster och konsulttj\u00e4nster, specialiserar sig p\u00e5 att optimera IT-infrastruktur och tillhandah\u00e5lla avancerade ljud- och videosl\u00f6sningar.<\/p>\n\t\t\t\t\t\t\t\t<\/div>\n\t\t<div class=\"elementor-element elementor-element-d1dac0e e-con-full e-flex e-con e-child\" data-id=\"d1dac0e\" data-element_type=\"container\" data-e-type=\"container\">\n\t\t\t\t<div class=\"elementor-element elementor-element-b410a79 elementor-widget__width-auto elementor-widget elementor-widget-button\" data-id=\"b410a79\" data-element_type=\"widget\" data-e-type=\"widget\" data-widget_type=\"button.default\">\n\t\t\t\t\t\t\t\t\t\t<a class=\"elementor-button elementor-button-link elementor-size-sm\" href=\"https:\/\/abero.fi\/sv\/ta-kontakt\/\">\n\t\t\t\t\t\t<span class=\"elementor-button-content-wrapper\">\n\t\t\t\t\t\t\t\t\t<span class=\"elementor-button-text\">Ta kontakt<\/span>\n\t\t\t\t\t<\/span>\n\t\t\t\t\t<\/a>\n\t\t\t\t\t\t\t\t<\/div>\n\t\t\t\t<\/div>\n\t\t\t\t<\/div>\n\t\t\t\t\t<\/div>\n\t\t\t\t<\/main>\n\t\t\t\t<\/div>\n\t\t","protected":false},"excerpt":{"rendered":"<p>Abero, i partnerskap med Syndis, erbjuder ett komplett utbud av offensiva s\u00e4kerhetstj\u00e4nster f\u00f6r att skydda digitala tillg\u00e5ngar. Dessa tj\u00e4nster \u00e4r designade f\u00f6r att identifiera och mildra s\u00e5rbarheter, vilket s\u00e4kerst\u00e4ller en robust cybers\u00e4kerhet f\u00f6r organisationer. Erbjudandena inkluderar penetrationstester f\u00f6r att avsl\u00f6ja svagheter, applikationspenetrationstester f\u00f6r att s\u00e4kra kod innan distribution, samt red teaming f\u00f6r att simulera verkliga [&hellip;]<\/p>\n","protected":false},"author":2,"featured_media":0,"parent":0,"menu_order":0,"comment_status":"closed","ping_status":"closed","template":"","meta":{"_acf_changed":false,"footnotes":""},"class_list":["post-2558","page","type-page","status-publish","hentry"],"acf":[],"_links":{"self":[{"href":"https:\/\/abero.fi\/sv\/wp-json\/wp\/v2\/pages\/2558","targetHints":{"allow":["GET"]}}],"collection":[{"href":"https:\/\/abero.fi\/sv\/wp-json\/wp\/v2\/pages"}],"about":[{"href":"https:\/\/abero.fi\/sv\/wp-json\/wp\/v2\/types\/page"}],"author":[{"embeddable":true,"href":"https:\/\/abero.fi\/sv\/wp-json\/wp\/v2\/users\/2"}],"replies":[{"embeddable":true,"href":"https:\/\/abero.fi\/sv\/wp-json\/wp\/v2\/comments?post=2558"}],"version-history":[{"count":4,"href":"https:\/\/abero.fi\/sv\/wp-json\/wp\/v2\/pages\/2558\/revisions"}],"predecessor-version":[{"id":2586,"href":"https:\/\/abero.fi\/sv\/wp-json\/wp\/v2\/pages\/2558\/revisions\/2586"}],"wp:attachment":[{"href":"https:\/\/abero.fi\/sv\/wp-json\/wp\/v2\/media?parent=2558"}],"curies":[{"name":"wp","href":"https:\/\/api.w.org\/{rel}","templated":true}]}}