{"id":2857,"date":"2025-09-23T10:43:03","date_gmt":"2025-09-23T10:43:03","guid":{"rendered":"https:\/\/abero.fi\/idid\/"},"modified":"2026-02-03T10:13:19","modified_gmt":"2026-02-03T10:13:19","slug":"idid","status":"publish","type":"page","link":"https:\/\/abero.fi\/sv\/idid\/","title":{"rendered":"iDiD"},"content":{"rendered":"\t\t<div data-elementor-type=\"wp-page\" data-elementor-id=\"2857\" class=\"elementor elementor-2857 elementor-2796\" data-elementor-post-type=\"page\">\n\t\t\t\t<main class=\"elementor-element elementor-element-544c6a7 e-flex e-con-boxed e-con e-parent\" data-id=\"544c6a7\" data-element_type=\"container\" data-e-type=\"container\">\n\t\t\t\t\t<div class=\"e-con-inner\">\n\t\t<div class=\"elementor-element elementor-element-ab9aa9b e-con-full e-flex e-con e-child\" data-id=\"ab9aa9b\" data-element_type=\"container\" data-e-type=\"container\">\n\t\t\t\t<div class=\"elementor-element elementor-element-682cf72 elementor-widget elementor-widget-heading\" data-id=\"682cf72\" data-element_type=\"widget\" data-e-type=\"widget\" data-widget_type=\"heading.default\">\n\t\t\t\t\t<h1 class=\"elementor-heading-title elementor-size-default\">Digital signage<\/h1>\t\t\t\t<\/div>\n\t\t\t\t<\/div>\n\t\t<div class=\"elementor-element elementor-element-9d5b3cb e-con-full e-flex e-con e-child\" data-id=\"9d5b3cb\" data-element_type=\"container\" data-e-type=\"container\">\n\t\t\t\t<div class=\"elementor-element elementor-element-09be1df elementor-widget elementor-widget-heading\" data-id=\"09be1df\" data-element_type=\"widget\" data-e-type=\"widget\" data-widget_type=\"heading.default\">\n\t\t\t\t\t<h3 class=\"elementor-heading-title elementor-size-default\">En inhemsk l\u00f6sning f\u00f6r digital kommunikation<\/h3>\t\t\t\t<\/div>\n\t\t\t\t<\/div>\n\t\t\t\t\t<\/div>\n\t\t\t\t<\/main>\n\t\t<section class=\"elementor-element elementor-element-154ca7e e-flex e-con-boxed e-con e-parent\" data-id=\"154ca7e\" data-element_type=\"container\" data-e-type=\"container\">\n\t\t\t\t\t<div class=\"e-con-inner\">\n\t\t<div class=\"elementor-element elementor-element-4a5d0d4 e-con-full e-flex e-con e-child\" data-id=\"4a5d0d4\" data-element_type=\"container\" data-e-type=\"container\">\n\t\t\t\t<div class=\"elementor-element elementor-element-a70947f elementor-widget elementor-widget-image\" data-id=\"a70947f\" data-element_type=\"widget\" data-e-type=\"widget\" data-widget_type=\"image.default\">\n\t\t\t\t\t\t\t\t\t\t\t\t\t\t\t<img fetchpriority=\"high\" decoding=\"async\" width=\"800\" height=\"332\" src=\"https:\/\/abero.fi\/wp-content\/uploads\/2025\/09\/Abero_iDiD-hero.webp\" class=\"attachment-large size-large wp-image-2799\" alt=\"\" srcset=\"https:\/\/abero.fi\/wp-content\/uploads\/2025\/09\/Abero_iDiD-hero.webp 913w, https:\/\/abero.fi\/wp-content\/uploads\/2025\/09\/Abero_iDiD-hero-300x125.webp 300w, https:\/\/abero.fi\/wp-content\/uploads\/2025\/09\/Abero_iDiD-hero-768x319.webp 768w\" sizes=\"(max-width: 800px) 100vw, 800px\">\t\t\t\t\t\t\t\t\t\t\t\t\t\t\t<\/div>\n\t\t\t\t<\/div>\n\t\t<div class=\"elementor-element elementor-element-d972a46 e-con-full e-flex e-con e-child\" data-id=\"d972a46\" data-element_type=\"container\" data-e-type=\"container\">\n\t\t\t\t<div class=\"elementor-element elementor-element-44c5b67 elementor-widget elementor-widget-text-editor\" data-id=\"44c5b67\" data-element_type=\"widget\" data-e-type=\"widget\" data-widget_type=\"text-editor.default\">\n\t\t\t\t\t\t\t\t\t<p>iDiD \u00e4r en finsk tj\u00e4nst f\u00f6r informationsvisning som g\u00f6r kommunikationen snabb, tydlig och enkel. Tj\u00e4nsten \u00e4r lika l\u00e4mplig f\u00f6r kontor, kundlokaler, utbildningsinstitutioner, detaljhandelsbutiker och produktionsmilj\u00f6er. Med iDiD visas dina meddelanden visuellt och i realtid, oavsett din organisations storlek.<\/p>\t\t\t\t\t\t\t\t<\/div>\n\t\t\t\t<div class=\"elementor-element elementor-element-25b9ada elementor-widget elementor-widget-button\" data-id=\"25b9ada\" data-element_type=\"widget\" data-e-type=\"widget\" data-widget_type=\"button.default\">\n\t\t\t\t\t\t\t\t\t\t<a class=\"elementor-button elementor-button-link elementor-size-sm\" href=\"#idid\">\n\t\t\t\t\t\t<span class=\"elementor-button-content-wrapper\">\n\t\t\t\t\t\t<span class=\"elementor-button-icon\">\n\t\t\t\t<svg aria-hidden=\"true\" class=\"e-font-icon-svg e-fas-angle-right\" viewBox=\"0 0 256 512\" xmlns=\"http:\/\/www.w3.org\/2000\/svg\"><path d=\"M224.3 273l-136 136c-9.4 9.4-24.6 9.4-33.9 0l-22.6-22.6c-9.4-9.4-9.4-24.6 0-33.9l96.4-96.4-96.4-96.4c-9.4-9.4-9.4-24.6 0-33.9L54.3 103c9.4-9.4 24.6-9.4 33.9 0l136 136c9.5 9.4 9.5 24.6.1 34z\"><\/path><\/svg>\t\t\t<\/span>\n\t\t\t\t\t\t\t\t\t<span class=\"elementor-button-text\">Vad \u00e4r iDiD<\/span>\n\t\t\t\t\t<\/span>\n\t\t\t\t\t<\/a>\n\t\t\t\t\t\t\t\t<\/div>\n\t\t\t\t<\/div>\n\t\t\t\t\t<\/div>\n\t\t\t\t<\/section>\n\t\t<div class=\"elementor-element elementor-element-b4d3627 e-flex e-con-boxed e-con e-parent\" data-id=\"b4d3627\" data-element_type=\"container\" data-e-type=\"container\" data-settings=\"{&quot;background_background&quot;:&quot;classic&quot;}\">\n\t\t\t\t\t<div class=\"e-con-inner\">\n\t\t\t\t<div class=\"elementor-element elementor-element-ab8630c elementor-widget elementor-widget-menu-anchor\" data-id=\"ab8630c\" data-element_type=\"widget\" data-e-type=\"widget\" data-widget_type=\"menu-anchor.default\">\n\t\t\t\t\t\t\t<div class=\"elementor-menu-anchor\" id=\"idid\"><\/div>\n\t\t\t\t\t\t<\/div>\n\t\t\t\t\t<\/div>\n\t\t\t\t<\/div>\n\t\t<section class=\"elementor-element elementor-element-ad6d1bf e-flex e-con-boxed e-con e-parent\" data-id=\"ad6d1bf\" data-element_type=\"container\" data-e-type=\"container\" data-settings=\"{&quot;background_background&quot;:&quot;classic&quot;}\">\n\t\t\t\t\t<div class=\"e-con-inner\">\n\t\t<div class=\"elementor-element elementor-element-0f38e8b e-con-full e-flex e-con e-child\" data-id=\"0f38e8b\" data-element_type=\"container\" data-e-type=\"container\">\n\t\t\t\t<div class=\"elementor-element elementor-element-c935f37 elementor-widget elementor-widget-text-editor\" data-id=\"c935f37\" data-element_type=\"widget\" data-e-type=\"widget\" data-widget_type=\"text-editor.default\">\n\t\t\t\t\t\t\t\t\t<p>Kommunicera tydligt och effektivt med hj\u00e4lp av infosk\u00e4rmar<\/p>\t\t\t\t\t\t\t\t<\/div>\n\t\t\t\t<div class=\"elementor-element elementor-element-013e594 elementor-widget elementor-widget-heading\" data-id=\"013e594\" data-element_type=\"widget\" data-e-type=\"widget\" data-widget_type=\"heading.default\">\n\t\t\t\t\t<h2 class=\"elementor-heading-title elementor-size-default\">Vad \u00e4r iDiD?<\/h2>\t\t\t\t<\/div>\n\t\t\t\t<div class=\"elementor-element elementor-element-9e6da03 elementor-widget elementor-widget-text-editor\" data-id=\"9e6da03\" data-element_type=\"widget\" data-e-type=\"widget\" data-widget_type=\"text-editor.default\">\n\t\t\t\t\t\t\t\t\t<p>iDiD \u00e4r ett anv\u00e4ndarv\u00e4nligt verktyg f\u00f6r att hantera inneh\u00e5ll p\u00e5 digitala sk\u00e4rmar. Att skapa, redigera och schemal\u00e4gga inneh\u00e5ll g\u00e5r enkelt via en webbl\u00e4sare, n\u00e4r som helst och var som helst. Tj\u00e4nsten anv\u00e4nds av ett brett spektrum av f\u00f6retag i alla storlekar samt av \u00f6ver h\u00e4lften av Finlands kommuner som en del av deras dagliga kommunikation.  <\/p><p>Inom f\u00f6retag st\u00f6der iDiD s\u00e4rskilt intern kommunikation, daglig styrning och kundinformation. F\u00f6r kommuner erbjuder tj\u00e4nsten ett praktiskt verktyg f\u00f6r att n\u00e5 inv\u00e5nare p\u00e5 platser som bibliotek, skolor, utbildningsinstitutioner och servicepunkter. <\/p>\t\t\t\t\t\t\t\t<\/div>\n\t\t\t\t<\/div>\n\t\t<div class=\"elementor-element elementor-element-98f14a9 e-con-full e-flex e-con e-child\" data-id=\"98f14a9\" data-element_type=\"container\" data-e-type=\"container\">\n\t\t\t\t<div class=\"elementor-element elementor-element-949e45b elementor-widget elementor-widget-image\" data-id=\"949e45b\" data-element_type=\"widget\" data-e-type=\"widget\" data-widget_type=\"image.default\">\n\t\t\t\t\t\t\t\t\t\t\t\t\t\t\t<img decoding=\"async\" width=\"800\" height=\"800\" src=\"https:\/\/abero.fi\/wp-content\/uploads\/2025\/09\/Abero_iDiD-1.webp\" class=\"attachment-large size-large wp-image-2809\" alt=\"Picture of digital signage\" srcset=\"https:\/\/abero.fi\/wp-content\/uploads\/2025\/09\/Abero_iDiD-1.webp 1000w, https:\/\/abero.fi\/wp-content\/uploads\/2025\/09\/Abero_iDiD-1-300x300.webp 300w, https:\/\/abero.fi\/wp-content\/uploads\/2025\/09\/Abero_iDiD-1-150x150.webp 150w, https:\/\/abero.fi\/wp-content\/uploads\/2025\/09\/Abero_iDiD-1-768x768.webp 768w\" sizes=\"(max-width: 800px) 100vw, 800px\" \/>\t\t\t\t\t\t\t\t\t\t\t\t\t\t\t<\/div>\n\t\t\t\t<\/div>\n\t\t\t\t\t<\/div>\n\t\t\t\t<\/section>\n\t\t<section class=\"elementor-element elementor-element-14dc573 e-flex e-con-boxed e-con e-parent\" data-id=\"14dc573\" data-element_type=\"container\" data-e-type=\"container\" data-settings=\"{&quot;background_background&quot;:&quot;classic&quot;}\">\n\t\t\t\t\t<div class=\"e-con-inner\">\n\t\t<div class=\"elementor-element elementor-element-da47fc1 e-con-full e-flex e-con e-child\" data-id=\"da47fc1\" data-element_type=\"container\" data-e-type=\"container\">\n\t\t\t\t<div class=\"elementor-element elementor-element-7df7376 elementor-widget elementor-widget-image\" data-id=\"7df7376\" data-element_type=\"widget\" data-e-type=\"widget\" data-widget_type=\"image.default\">\n\t\t\t\t\t\t\t\t\t\t\t\t\t\t\t<img decoding=\"async\" width=\"800\" height=\"332\" src=\"https:\/\/abero.fi\/wp-content\/uploads\/2025\/09\/Abero_iDiD-2.webp\" class=\"attachment-large size-large wp-image-2816\" alt=\"Digital display in modern library\" srcset=\"https:\/\/abero.fi\/wp-content\/uploads\/2025\/09\/Abero_iDiD-2.webp 913w, https:\/\/abero.fi\/wp-content\/uploads\/2025\/09\/Abero_iDiD-2-300x125.webp 300w, https:\/\/abero.fi\/wp-content\/uploads\/2025\/09\/Abero_iDiD-2-768x319.webp 768w\" sizes=\"(max-width: 800px) 100vw, 800px\" \/>\t\t\t\t\t\t\t\t\t\t\t\t\t\t\t<\/div>\n\t\t\t\t<\/div>\n\t\t<div class=\"elementor-element elementor-element-a6cf720 e-flex e-con-boxed e-con e-child\" data-id=\"a6cf720\" data-element_type=\"container\" data-e-type=\"container\">\n\t\t\t\t\t<div class=\"e-con-inner\">\n\t\t\t\t<div class=\"elementor-element elementor-element-3b9f8c3 elementor-widget elementor-widget-heading\" data-id=\"3b9f8c3\" data-element_type=\"widget\" data-e-type=\"widget\" data-widget_type=\"heading.default\">\n\t\t\t\t\t<h2 class=\"elementor-heading-title elementor-size-default\">Varf\u00f6r v\u00e4lja iDiD?<\/h2>\t\t\t\t<\/div>\n\t\t\t\t<div class=\"elementor-element elementor-element-0086436 elementor-widget elementor-widget-text-editor\" data-id=\"0086436\" data-element_type=\"widget\" data-e-type=\"widget\" data-widget_type=\"text-editor.default\">\n\t\t\t\t\t\t\t\t\t<p>iDiD skiljer sig fr\u00e5n andra digitala skyltl\u00f6sningar tack vare sin enkelhet, tydliga gr\u00e4nssnitt och p\u00e5litliga support. Inneh\u00e5llshantering kr\u00e4ver inga s\u00e4rskilda tekniska kunskaper, oavsett om du har en enda sk\u00e4rm eller ett n\u00e4tverk med hundratals sk\u00e4rmar p\u00e5 flera platser. <\/p>\t\t\t\t\t\t\t\t<\/div>\n\t\t\t\t\t<\/div>\n\t\t\t\t<\/div>\n\t\t\t\t\t<\/div>\n\t\t\t\t<\/section>\n\t\t<section class=\"elementor-element elementor-element-33fc788 e-flex e-con-boxed e-con e-parent\" data-id=\"33fc788\" data-element_type=\"container\" data-e-type=\"container\" data-settings=\"{&quot;background_background&quot;:&quot;classic&quot;}\">\n\t\t\t\t\t<div class=\"e-con-inner\">\n\t\t<div class=\"elementor-element elementor-element-966d571 e-con-full e-flex e-con e-child\" data-id=\"966d571\" data-element_type=\"container\" data-e-type=\"container\">\n\t\t\t\t<div class=\"elementor-element elementor-element-0dfc832 elementor-widget elementor-widget-text-editor\" data-id=\"0dfc832\" data-element_type=\"widget\" data-e-type=\"widget\" data-widget_type=\"text-editor.default\">\n\t\t\t\t\t\t\t\t\t<p>Tj\u00e4nsten inkluderar kostnadsfria veckovisa utbildningstillf\u00e4llen och snabb, expertst\u00f6d som alltid \u00e4r tillg\u00e4ngligt. Detta s\u00e4kerst\u00e4ller att din kommunikation f\u00f6rblir smidig och att din organisation kontinuerligt f\u00e5r st\u00f6d utan extra kostnad. <\/p>\t\t\t\t\t\t\t\t<\/div>\n\t\t\t\t<\/div>\n\t\t\t\t\t<\/div>\n\t\t\t\t<\/section>\n\t\t<section class=\"elementor-element elementor-element-e421d60 e-flex e-con-boxed e-con e-parent\" data-id=\"e421d60\" data-element_type=\"container\" data-e-type=\"container\" data-settings=\"{&quot;background_background&quot;:&quot;classic&quot;}\">\n\t\t\t\t\t<div class=\"e-con-inner\">\n\t\t<div class=\"elementor-element elementor-element-b99d44b e-con-full e-flex e-con e-child\" data-id=\"b99d44b\" data-element_type=\"container\" data-e-type=\"container\">\n\t\t\t\t<div class=\"elementor-element elementor-element-d601951 elementor-widget elementor-widget-image\" data-id=\"d601951\" data-element_type=\"widget\" data-e-type=\"widget\" data-widget_type=\"image.default\">\n\t\t\t\t\t\t\t\t\t\t\t\t\t\t\t<img loading=\"lazy\" decoding=\"async\" width=\"800\" height=\"800\" src=\"https:\/\/abero.fi\/wp-content\/uploads\/2025\/09\/Abero_iDiD-3.webp\" class=\"attachment-large size-large wp-image-2826\" alt=\"\" srcset=\"https:\/\/abero.fi\/wp-content\/uploads\/2025\/09\/Abero_iDiD-3.webp 1000w, https:\/\/abero.fi\/wp-content\/uploads\/2025\/09\/Abero_iDiD-3-300x300.webp 300w, https:\/\/abero.fi\/wp-content\/uploads\/2025\/09\/Abero_iDiD-3-150x150.webp 150w, https:\/\/abero.fi\/wp-content\/uploads\/2025\/09\/Abero_iDiD-3-768x768.webp 768w\" sizes=\"(max-width: 800px) 100vw, 800px\">\t\t\t\t\t\t\t\t\t\t\t\t\t\t\t<\/div>\n\t\t\t\t<\/div>\n\t\t<div class=\"elementor-element elementor-element-11ba04f e-flex e-con-boxed e-con e-child\" data-id=\"11ba04f\" data-element_type=\"container\" data-e-type=\"container\">\n\t\t\t\t\t<div class=\"e-con-inner\">\n\t\t\t\t<div class=\"elementor-element elementor-element-385eb5f elementor-widget elementor-widget-heading\" data-id=\"385eb5f\" data-element_type=\"widget\" data-e-type=\"widget\" data-widget_type=\"heading.default\">\n\t\t\t\t\t<h2 class=\"elementor-heading-title elementor-size-default\">F\u00f6r vem passar iDiD?<\/h2>\t\t\t\t<\/div>\n\t\t\t\t<div class=\"elementor-element elementor-element-cc983d9 elementor-widget elementor-widget-text-editor\" data-id=\"cc983d9\" data-element_type=\"widget\" data-e-type=\"widget\" data-widget_type=\"text-editor.default\">\n\t\t\t\t\t\t\t\t\t<p>iDiD \u00e4r ett utm\u00e4rkt val f\u00f6r organisationer i alla storlekar som vill f\u00f6rb\u00e4ttra sin kommunikation. Det \u00e4r s\u00e4rskilt f\u00f6rdelaktigt f\u00f6r: <\/p>\t\t\t\t\t\t\t\t<\/div>\n\t\t\t\t<div class=\"elementor-element elementor-element-857a86e elementor-icon-list--layout-traditional elementor-list-item-link-full_width elementor-widget elementor-widget-icon-list\" data-id=\"857a86e\" data-element_type=\"widget\" data-e-type=\"widget\" data-widget_type=\"icon-list.default\">\n\t\t\t\t\t\t\t<ul class=\"elementor-icon-list-items\">\n\t\t\t\t\t\t\t<li class=\"elementor-icon-list-item\">\n\t\t\t\t\t\t\t\t\t\t\t<span class=\"elementor-icon-list-icon\">\n\t\t\t\t\t\t\t<svg aria-hidden=\"true\" class=\"e-font-icon-svg e-fas-check\" viewBox=\"0 0 512 512\" xmlns=\"http:\/\/www.w3.org\/2000\/svg\"><path d=\"M173.898 439.404l-166.4-166.4c-9.997-9.997-9.997-26.206 0-36.204l36.203-36.204c9.997-9.998 26.207-9.998 36.204 0L192 312.69 432.095 72.596c9.997-9.997 26.207-9.997 36.204 0l36.203 36.204c9.997 9.997 9.997 26.206 0 36.204l-294.4 294.401c-9.998 9.997-26.207 9.997-36.204-.001z\"><\/path><\/svg>\t\t\t\t\t\t<\/span>\n\t\t\t\t\t\t\t\t\t\t<span class=\"elementor-icon-list-text\">F\u00f6retag som vill f\u00f6rb\u00e4ttra kundkommunikation, intern kommunikation och daglig styrning.<\/span>\n\t\t\t\t\t\t\t\t\t<\/li>\n\t\t\t\t\t\t\t\t<li class=\"elementor-icon-list-item\">\n\t\t\t\t\t\t\t\t\t\t\t<span class=\"elementor-icon-list-icon\">\n\t\t\t\t\t\t\t<svg aria-hidden=\"true\" class=\"e-font-icon-svg e-fas-check\" viewBox=\"0 0 512 512\" xmlns=\"http:\/\/www.w3.org\/2000\/svg\"><path d=\"M173.898 439.404l-166.4-166.4c-9.997-9.997-9.997-26.206 0-36.204l36.203-36.204c9.997-9.998 26.207-9.998 36.204 0L192 312.69 432.095 72.596c9.997-9.997 26.207-9.997 36.204 0l36.203 36.204c9.997 9.997 9.997 26.206 0 36.204l-294.4 294.401c-9.998 9.997-26.207 9.997-36.204-.001z\"><\/path><\/svg>\t\t\t\t\t\t<\/span>\n\t\t\t\t\t\t\t\t\t\t<span class=\"elementor-icon-list-text\">Kommuner och st\u00e4der f\u00f6r vilka aktuell information \u00e4r en grundl\u00e4ggande f\u00f6ruts\u00e4ttning i vardagen.<\/span>\n\t\t\t\t\t\t\t\t\t<\/li>\n\t\t\t\t\t\t\t\t<li class=\"elementor-icon-list-item\">\n\t\t\t\t\t\t\t\t\t\t\t<span class=\"elementor-icon-list-icon\">\n\t\t\t\t\t\t\t<svg aria-hidden=\"true\" class=\"e-font-icon-svg e-fas-check\" viewBox=\"0 0 512 512\" xmlns=\"http:\/\/www.w3.org\/2000\/svg\"><path d=\"M173.898 439.404l-166.4-166.4c-9.997-9.997-9.997-26.206 0-36.204l36.203-36.204c9.997-9.998 26.207-9.998 36.204 0L192 312.69 432.095 72.596c9.997-9.997 26.207-9.997 36.204 0l36.203 36.204c9.997 9.997 9.997 26.206 0 36.204l-294.4 294.401c-9.998 9.997-26.207 9.997-36.204-.001z\"><\/path><\/svg>\t\t\t\t\t\t<\/span>\n\t\t\t\t\t\t\t\t\t\t<span class=\"elementor-icon-list-text\">Organisationer inom olika branscher som v\u00e4rdes\u00e4tter synlighet, flexibilitet och anv\u00e4ndarv\u00e4nlighet.<\/span>\n\t\t\t\t\t\t\t\t\t<\/li>\n\t\t\t\t\t\t<\/ul>\n\t\t\t\t\t\t<\/div>\n\t\t\t\t\t<\/div>\n\t\t\t\t<\/div>\n\t\t\t\t\t<\/div>\n\t\t\t\t<\/section>\n\t\t<section class=\"elementor-element elementor-element-190aab6 e-flex e-con-boxed e-con e-parent\" data-id=\"190aab6\" data-element_type=\"container\" data-e-type=\"container\">\n\t\t\t\t\t<div class=\"e-con-inner\">\n\t\t<div class=\"elementor-element elementor-element-32ad330 e-con-full e-flex e-con e-child\" data-id=\"32ad330\" data-element_type=\"container\" data-e-type=\"container\">\n\t\t\t\t<div class=\"elementor-element elementor-element-36751e7 elementor-widget elementor-widget-heading\" data-id=\"36751e7\" data-element_type=\"widget\" data-e-type=\"widget\" data-widget_type=\"heading.default\">\n\t\t\t\t\t<h3 class=\"elementor-heading-title elementor-size-default\">Vill du veta mer?<\/h3>\t\t\t\t<\/div>\n\t\t\t\t<div class=\"elementor-element elementor-element-9b57612 elementor-widget elementor-widget-text-editor\" data-id=\"9b57612\" data-element_type=\"widget\" data-e-type=\"widget\" data-widget_type=\"text-editor.default\">\n\t\t\t\t\t\t\t\t\t<p>I dagens snabba v\u00e4rld \u00e4r digital skyltning ett kraftfullt verktyg f\u00f6r att engagera din publik, effektivisera kommunikationen och h\u00f6ja ditt varum\u00e4rke. P\u00e5 Abero, i samarbete med iDiD, specialiserar vi oss p\u00e5 att skapa dynamiska, anv\u00e4ndarv\u00e4nliga l\u00f6sningar f\u00f6r digital skyltning som \u00e4r anpassade efter dina unika behov \u2013 oavsett om det g\u00e4ller detaljhandel, f\u00f6retag, utbildning eller offentliga milj\u00f6er. <\/p><p>Uppt\u00e4ck hur Aberos digitala skyltar kan f\u00f6rvandla dina utrymmen och f\u00e4ngsla din publik. Kontakta v\u00e5r specialist Rickard \u00c5kerlund idag f\u00f6r att utforska skr\u00e4ddarsydda l\u00f6sningar f\u00f6r ditt f\u00f6retag. <\/p>\t\t\t\t\t\t\t\t<\/div>\n\t\t\t\t<div class=\"elementor-element elementor-element-32d44d8 elementor-widget elementor-widget-text-editor\" data-id=\"32d44d8\" data-element_type=\"widget\" data-e-type=\"widget\" data-widget_type=\"text-editor.default\">\n\t\t\t\t\t\t\t\t\t<p>Rickard \u00c5kerlund<\/p>\t\t\t\t\t\t\t\t<\/div>\n\t\t\t\t<div class=\"elementor-element elementor-element-f9bedc0 elementor-widget elementor-widget-text-editor\" data-id=\"f9bedc0\" data-element_type=\"widget\" data-e-type=\"widget\" data-widget_type=\"text-editor.default\">\n\t\t\t\t\t\t\t\t\t<p><em>Technical Sales Specialist<\/em><\/p><p>rickard.akerlund[at]abero.fi<br>+358(0)20 730 5736<\/p>\t\t\t\t\t\t\t\t<\/div>\n\t\t\t\t<\/div>\n\t\t<div class=\"elementor-element elementor-element-ef3dec8 e-con-full e-flex e-con e-child\" data-id=\"ef3dec8\" data-element_type=\"container\" data-e-type=\"container\">\n\t\t\t\t<div class=\"elementor-element elementor-element-e074052 elementor-widget elementor-widget-image\" data-id=\"e074052\" data-element_type=\"widget\" data-e-type=\"widget\" data-widget_type=\"image.default\">\n\t\t\t\t\t\t\t\t\t\t\t\t\t\t\t<img loading=\"lazy\" decoding=\"async\" width=\"683\" height=\"1024\" src=\"https:\/\/abero.fi\/wp-content\/uploads\/2024\/03\/Abero_RickardAkerlund-683x1024.webp\" class=\"attachment-large size-large wp-image-1550\" alt=\"\" srcset=\"https:\/\/abero.fi\/wp-content\/uploads\/2024\/03\/Abero_RickardAkerlund-683x1024.webp 683w, https:\/\/abero.fi\/wp-content\/uploads\/2024\/03\/Abero_RickardAkerlund-200x300.webp 200w, https:\/\/abero.fi\/wp-content\/uploads\/2024\/03\/Abero_RickardAkerlund-768x1151.webp 768w, https:\/\/abero.fi\/wp-content\/uploads\/2024\/03\/Abero_RickardAkerlund.webp 800w\" sizes=\"(max-width: 683px) 100vw, 683px\">\t\t\t\t\t\t\t\t\t\t\t\t\t\t\t<\/div>\n\t\t\t\t<\/div>\n\t\t\t\t\t<\/div>\n\t\t\t\t<\/section>\n\t\t<section class=\"elementor-element elementor-element-44b1759 e-flex e-con-boxed e-con e-parent\" data-id=\"44b1759\" data-element_type=\"container\" data-e-type=\"container\">\n\t\t\t\t\t<div class=\"e-con-inner\">\n\t\t<div class=\"elementor-element elementor-element-e15b4d9 e-con-full e-flex e-con e-child\" data-id=\"e15b4d9\" data-element_type=\"container\" data-e-type=\"container\">\n\t\t\t\t<div class=\"elementor-element elementor-element-866c1e4 elementor-widget elementor-widget-image\" data-id=\"866c1e4\" data-element_type=\"widget\" data-e-type=\"widget\" data-widget_type=\"image.default\">\n\t\t\t\t\t\t\t\t\t\t\t\t\t\t\t<img loading=\"lazy\" decoding=\"async\" width=\"1\" height=\"1\" src=\"https:\/\/abero.fi\/wp-content\/uploads\/2025\/09\/iDiD-noslogan-RGB.svg\" class=\"attachment-large size-large wp-image-2795\" alt=\"\">\t\t\t\t\t\t\t\t\t\t\t\t\t\t\t<\/div>\n\t\t\t\t<div class=\"elementor-element elementor-element-ee8ddd1 elementor-widget elementor-widget-text-editor\" data-id=\"ee8ddd1\" data-element_type=\"widget\" data-e-type=\"widget\" data-widget_type=\"text-editor.default\">\n\t\t\t\t\t\t\t\t\t<p>Vill du veta mer om iDiD?<br>Delta p\u00e5 en demo! Med en 20-minuters demo f\u00e5r du snabbt en k\u00e4nsla f\u00f6r hur allt fungerar i praktiken! <\/p>\t\t\t\t\t\t\t\t<\/div>\n\t\t<div class=\"elementor-element elementor-element-2934428 e-con-full e-flex e-con e-child\" data-id=\"2934428\" data-element_type=\"container\" data-e-type=\"container\">\n\t\t\t\t<div class=\"elementor-element elementor-element-7415ad6 elementor-widget__width-auto elementor-align-center elementor-widget elementor-widget-button\" data-id=\"7415ad6\" data-element_type=\"widget\" data-e-type=\"widget\" data-widget_type=\"button.default\">\n\t\t\t\t\t\t\t\t\t\t<a class=\"elementor-button elementor-button-link elementor-size-sm\" href=\"https:\/\/www.idid.fi\/demo\" target=\"_blank\" rel=\"noopener\">\n\t\t\t\t\t\t<span class=\"elementor-button-content-wrapper\">\n\t\t\t\t\t\t\t\t\t<span class=\"elementor-button-text\">L\u00e4s mer p\u00e5 iDiD<\/span>\n\t\t\t\t\t<\/span>\n\t\t\t\t\t<\/a>\n\t\t\t\t\t\t\t\t<\/div>\n\t\t\t\t<\/div>\n\t\t\t\t<\/div>\n\t\t\t\t\t<\/div>\n\t\t\t\t<\/section>\n\t\t\t\t<\/div>\n\t\t","protected":false},"excerpt":{"rendered":"<p>Digital signage En inhemsk l\u00f6sning f\u00f6r digital kommunikation iDiD \u00e4r en finsk tj\u00e4nst f\u00f6r informationsvisning som g\u00f6r kommunikationen snabb, tydlig och enkel. Tj\u00e4nsten \u00e4r lika l\u00e4mplig f\u00f6r kontor, kundlokaler, utbildningsinstitutioner, detaljhandelsbutiker och produktionsmilj\u00f6er. Med iDiD visas dina meddelanden visuellt och i realtid, oavsett din organisations storlek. Vad \u00e4r iDiD Kommunicera tydligt och effektivt med hj\u00e4lp [&hellip;]<\/p>\n","protected":false},"author":2,"featured_media":0,"parent":0,"menu_order":0,"comment_status":"closed","ping_status":"closed","template":"","meta":{"_acf_changed":false,"content-type":"","footnotes":""},"class_list":["post-2857","page","type-page","status-publish","hentry"],"acf":[],"_links":{"self":[{"href":"https:\/\/abero.fi\/sv\/wp-json\/wp\/v2\/pages\/2857","targetHints":{"allow":["GET"]}}],"collection":[{"href":"https:\/\/abero.fi\/sv\/wp-json\/wp\/v2\/pages"}],"about":[{"href":"https:\/\/abero.fi\/sv\/wp-json\/wp\/v2\/types\/page"}],"author":[{"embeddable":true,"href":"https:\/\/abero.fi\/sv\/wp-json\/wp\/v2\/users\/2"}],"replies":[{"embeddable":true,"href":"https:\/\/abero.fi\/sv\/wp-json\/wp\/v2\/comments?post=2857"}],"version-history":[{"count":9,"href":"https:\/\/abero.fi\/sv\/wp-json\/wp\/v2\/pages\/2857\/revisions"}],"predecessor-version":[{"id":2988,"href":"https:\/\/abero.fi\/sv\/wp-json\/wp\/v2\/pages\/2857\/revisions\/2988"}],"wp:attachment":[{"href":"https:\/\/abero.fi\/sv\/wp-json\/wp\/v2\/media?parent=2857"}],"curies":[{"name":"wp","href":"https:\/\/api.w.org\/{rel}","templated":true}]}}