{"id":3174,"date":"2026-02-13T10:06:52","date_gmt":"2026-02-13T10:06:52","guid":{"rendered":"https:\/\/abero.fi\/kundberattelser\/"},"modified":"2026-04-29T13:02:15","modified_gmt":"2026-04-29T13:02:15","slug":"kundberattelser","status":"publish","type":"page","link":"https:\/\/abero.fi\/sv\/kundberattelser\/","title":{"rendered":"Kundber\u00e4ttelser"},"content":{"rendered":"\t\t<div data-elementor-type=\"wp-page\" data-elementor-id=\"3174\" class=\"elementor elementor-3174 elementor-3159\" data-elementor-post-type=\"page\">\n\t\t\t\t<main class=\"elementor-element elementor-element-9af9818 e-flex e-con-boxed e-con e-parent\" data-id=\"9af9818\" data-element_type=\"container\" data-e-type=\"container\">\n\t\t\t\t\t<div class=\"e-con-inner\">\n\t\t<div class=\"elementor-element elementor-element-13168bb e-con-full e-flex e-con e-child\" data-id=\"13168bb\" data-element_type=\"container\" data-e-type=\"container\">\n\t\t\t\t<div class=\"elementor-element elementor-element-81641da elementor-widget elementor-widget-heading\" data-id=\"81641da\" data-element_type=\"widget\" data-e-type=\"widget\" data-widget_type=\"heading.default\">\n\t\t\t\t\t<h1 class=\"elementor-heading-title elementor-size-default\">Kundber\u00e4ttelser<\/h1>\t\t\t\t<\/div>\n\t\t\t\t<\/div>\n\t\t<div class=\"elementor-element elementor-element-8eb7dbc e-con-full e-flex e-con e-child\" data-id=\"8eb7dbc\" data-element_type=\"container\" data-e-type=\"container\">\n\t\t\t\t<div class=\"elementor-element elementor-element-034831e elementor-widget elementor-widget-heading\" data-id=\"034831e\" data-element_type=\"widget\" data-e-type=\"widget\" data-widget_type=\"heading.default\">\n\t\t\t\t\t<h3 class=\"elementor-heading-title elementor-size-default\">Fr\u00e5n snabbv\u00e4xande teknikbolag till offentliga verksamheter \u2013 uppt\u00e4ck hur vi har hj\u00e4lpt v\u00e5ra kunder att f\u00f6rvandla IT fr\u00e5n en utmaning till en konkurrensf\u00f6rdel.<\/h3>\t\t\t\t<\/div>\n\t\t\t\t<\/div>\n\t\t\t\t\t<\/div>\n\t\t\t\t<\/main>\n\t\t<div class=\"elementor-element elementor-element-4855b81f e-flex e-con-boxed e-con e-parent\" data-id=\"4855b81f\" data-element_type=\"container\" data-e-type=\"container\">\n\t\t\t\t\t<div class=\"e-con-inner\">\n\t\t\t\t\t<\/div>\n\t\t\t\t<\/div>\n\t\t<div class=\"elementor-element elementor-element-ee5992b e-flex e-con-boxed e-con e-parent\" data-id=\"ee5992b\" data-element_type=\"container\" data-e-type=\"container\" data-settings=\"{&quot;background_background&quot;:&quot;classic&quot;}\">\n\t\t\t\t\t<div class=\"e-con-inner\">\n\t\t\t\t<div class=\"elementor-element elementor-element-79fec66 elementor-widget elementor-widget-heading\" data-id=\"79fec66\" data-element_type=\"widget\" data-e-type=\"widget\" data-widget_type=\"heading.default\">\n\t\t\t\t\t<h3 class=\"elementor-heading-title elementor-size-default\">N\u00e5gra av v\u00e5ra n\u00f6jda kunder<\/h3>\t\t\t\t<\/div>\n\t\t\t\t\t<\/div>\n\t\t\t\t<\/div>\n\t\t<div class=\"elementor-element elementor-element-57ea28a e-flex e-con-boxed e-con e-parent\" data-id=\"57ea28a\" data-element_type=\"container\" data-e-type=\"container\" data-settings=\"{&quot;background_background&quot;:&quot;classic&quot;}\">\n\t\t\t\t\t<div class=\"e-con-inner\">\n\t\t\t\t<div class=\"elementor-element elementor-element-d4cb6f2 elementor-skin-carousel elementor-pagination-type-bullets elementor-pagination-position-outside elementor-widget elementor-widget-media-carousel\" data-id=\"d4cb6f2\" data-element_type=\"widget\" data-e-type=\"widget\" data-settings=\"{&quot;slides_per_view&quot;:&quot;4&quot;,&quot;slides_per_view_tablet_extra&quot;:&quot;2&quot;,&quot;space_between&quot;:{&quot;unit&quot;:&quot;px&quot;,&quot;size&quot;:50,&quot;sizes&quot;:[]},&quot;skin&quot;:&quot;carousel&quot;,&quot;effect&quot;:&quot;slide&quot;,&quot;pagination&quot;:&quot;bullets&quot;,&quot;speed&quot;:500,&quot;autoplay&quot;:&quot;yes&quot;,&quot;autoplay_speed&quot;:5000,&quot;loop&quot;:&quot;yes&quot;,&quot;pause_on_hover&quot;:&quot;yes&quot;,&quot;pause_on_interaction&quot;:&quot;yes&quot;,&quot;space_between_tablet_extra&quot;:{&quot;unit&quot;:&quot;px&quot;,&quot;size&quot;:10,&quot;sizes&quot;:[]},&quot;space_between_tablet&quot;:{&quot;unit&quot;:&quot;px&quot;,&quot;size&quot;:10,&quot;sizes&quot;:[]},&quot;space_between_mobile_extra&quot;:{&quot;unit&quot;:&quot;px&quot;,&quot;size&quot;:10,&quot;sizes&quot;:[]},&quot;space_between_mobile&quot;:{&quot;unit&quot;:&quot;px&quot;,&quot;size&quot;:10,&quot;sizes&quot;:[]}}\" data-widget_type=\"media-carousel.default\">\n\t\t\t\t\t\t\t\t\t\t<div class=\"elementor-main-swiper swiper\" role=\"region\" aria-roledescription=\"carousel\" aria-label=\"Slides\">\n\t\t\t\t<div class=\"swiper-wrapper\">\n\t\t\t\t\t\t\t\t\t\t\t<div class=\"swiper-slide\" role=\"group\" aria-roledescription=\"slide\">\n\t\t\t\t\t\t\t<a href=\"https:\/\/tt.se\/\" target=\"_blank\" rel=\"noopener\">\t\t<div class=\"elementor-carousel-image\" role=\"img\" aria-label=\"TT_Nyhetsbyra\u030an\" style=\"background-image: url(&#039;https:\/\/abero.fi\/wp-content\/uploads\/2024\/04\/TT_Nyhetsbyran-1.svg&#039;)\">\n\n\t\t\t\n\t\t\t\t\t<\/div>\n\t\t<\/a>\t\t\t\t\t\t<\/div>\n\t\t\t\t\t\t\t\t\t\t\t<div class=\"swiper-slide\" role=\"group\" aria-roledescription=\"slide\">\n\t\t\t\t\t\t\t<a href=\"https:\/\/www.musiikkiluvat.fi\/\" target=\"_blank\" rel=\"noopener\">\t\t<div class=\"elementor-carousel-image\" role=\"img\" aria-label=\"Musiikkiluvat\" style=\"background-image: url(&#039;https:\/\/abero.fi\/wp-content\/uploads\/2024\/04\/Musiikkiluvat.svg&#039;)\">\n\n\t\t\t\n\t\t\t\t\t<\/div>\n\t\t<\/a>\t\t\t\t\t\t<\/div>\n\t\t\t\t\t\t\t\t\t\t\t<div class=\"swiper-slide\" role=\"group\" aria-roledescription=\"slide\">\n\t\t\t\t\t\t\t<a href=\"https:\/\/www.hydro.com\/\" target=\"_blank\" rel=\"noopener\">\t\t<div class=\"elementor-carousel-image\" role=\"img\" aria-label=\"NorskHydro\" style=\"background-image: url(&#039;https:\/\/abero.fi\/wp-content\/uploads\/2024\/04\/NorskHydro-4.svg&#039;)\">\n\n\t\t\t\n\t\t\t\t\t<\/div>\n\t\t<\/a>\t\t\t\t\t\t<\/div>\n\t\t\t\t\t\t\t\t\t\t\t<div class=\"swiper-slide\" role=\"group\" aria-roledescription=\"slide\">\n\t\t\t\t\t\t\t<a href=\"https:\/\/www.kvarken.org\/\" target=\"_blank\" rel=\"noopener\">\t\t<div class=\"elementor-carousel-image\" role=\"img\" aria-label=\"Kvarkenra\u030adet\" style=\"background-image: url(&#039;https:\/\/abero.fi\/wp-content\/uploads\/2024\/04\/Kvarkenradet.svg&#039;)\">\n\n\t\t\t\n\t\t\t\t\t<\/div>\n\t\t<\/a>\t\t\t\t\t\t<\/div>\n\t\t\t\t\t\t\t\t\t\t\t<div class=\"swiper-slide\" role=\"group\" aria-roledescription=\"slide\">\n\t\t\t\t\t\t\t<a href=\"https:\/\/idrott.fi\/\" target=\"_blank\" rel=\"noopener\">\t\t<div class=\"elementor-carousel-image\" role=\"img\" aria-label=\"FSI\" style=\"background-image: url(&#039;https:\/\/abero.fi\/wp-content\/uploads\/2024\/04\/FSI-1.svg&#039;)\">\n\n\t\t\t\n\t\t\t\t\t<\/div>\n\t\t<\/a>\t\t\t\t\t\t<\/div>\n\t\t\t\t\t\t\t\t\t\t\t<div class=\"swiper-slide\" role=\"group\" aria-roledescription=\"slide\">\n\t\t\t\t\t\t\t<a href=\"https:\/\/supermetrics.com\/\" target=\"_blank\" rel=\"noopener\">\t\t<div class=\"elementor-carousel-image\" role=\"img\" aria-label=\"SuperMetrics\" style=\"background-image: url(&#039;https:\/\/abero.fi\/wp-content\/uploads\/2024\/04\/SuperMetrics.svg&#039;)\">\n\n\t\t\t\n\t\t\t\t\t<\/div>\n\t\t<\/a>\t\t\t\t\t\t<\/div>\n\t\t\t\t\t\t\t\t\t\t\t<div class=\"swiper-slide\" role=\"group\" aria-roledescription=\"slide\">\n\t\t\t\t\t\t\t<a href=\"https:\/\/duurigroup.com\/\" target=\"_blank\" rel=\"noopener\">\t\t<div class=\"elementor-carousel-image\" role=\"img\" aria-label=\"DuuriGroup\" style=\"background-image: url(&#039;https:\/\/abero.fi\/wp-content\/uploads\/2024\/04\/DuuriGroup-2.svg&#039;)\">\n\n\t\t\t\n\t\t\t\t\t<\/div>\n\t\t<\/a>\t\t\t\t\t\t<\/div>\n\t\t\t\t\t\t\t\t\t\t\t<div class=\"swiper-slide\" role=\"group\" aria-roledescription=\"slide\">\n\t\t\t\t\t\t\t<a href=\"https:\/\/www.mariehamn.ax\/\" target=\"_blank\" rel=\"noopener\">\t\t<div class=\"elementor-carousel-image\" role=\"img\" aria-label=\"MariehamnsStad\" style=\"background-image: url(&#039;https:\/\/abero.fi\/wp-content\/uploads\/2024\/04\/MariehamnsStad.svg&#039;)\">\n\n\t\t\t\n\t\t\t\t\t<\/div>\n\t\t<\/a>\t\t\t\t\t\t<\/div>\n\t\t\t\t\t\t\t\t\t\t\t<div class=\"swiper-slide\" role=\"group\" aria-roledescription=\"slide\">\n\t\t\t\t\t\t\t<a href=\"https:\/\/www.vaasanensijaturvakoti.fi\/\" target=\"_blank\" rel=\"noopener\">\t\t<div class=\"elementor-carousel-image\" role=\"img\" aria-label=\"VaasanTurvakoti\" style=\"background-image: url(&#039;https:\/\/abero.fi\/wp-content\/uploads\/2024\/04\/VaasanTurvakoti-1.png&#039;)\">\n\n\t\t\t\n\t\t\t\t\t<\/div>\n\t\t<\/a>\t\t\t\t\t\t<\/div>\n\t\t\t\t\t\t\t\t\t<\/div>\n\t\t\t\t\t\t\t\t\t\t\t\t\t\t\t\t\t\t\t\t<div class=\"swiper-pagination\"><\/div>\n\t\t\t\t\t\t\t\t\t\t\t\t<\/div>\n\t\t\t\t\t\t\t\t<\/div>\n\t\t\t\t\t<\/div>\n\t\t\t\t<\/div>\n\t\t\t\t<\/div>\n\t\t","protected":false},"excerpt":{"rendered":"<p>Kundber\u00e4ttelser Fr\u00e5n snabbv\u00e4xande teknikbolag till offentliga verksamheter \u2013 uppt\u00e4ck hur vi har hj\u00e4lpt v\u00e5ra kunder att f\u00f6rvandla IT fr\u00e5n en utmaning till en konkurrensf\u00f6rdel. N\u00e5gra av v\u00e5ra n\u00f6jda kunder<\/p>\n","protected":false},"author":2,"featured_media":0,"parent":0,"menu_order":0,"comment_status":"closed","ping_status":"closed","template":"","meta":{"_acf_changed":false,"footnotes":""},"class_list":["post-3174","page","type-page","status-publish","hentry"],"acf":[],"_links":{"self":[{"href":"https:\/\/abero.fi\/sv\/wp-json\/wp\/v2\/pages\/3174","targetHints":{"allow":["GET"]}}],"collection":[{"href":"https:\/\/abero.fi\/sv\/wp-json\/wp\/v2\/pages"}],"about":[{"href":"https:\/\/abero.fi\/sv\/wp-json\/wp\/v2\/types\/page"}],"author":[{"embeddable":true,"href":"https:\/\/abero.fi\/sv\/wp-json\/wp\/v2\/users\/2"}],"replies":[{"embeddable":true,"href":"https:\/\/abero.fi\/sv\/wp-json\/wp\/v2\/comments?post=3174"}],"version-history":[{"count":2,"href":"https:\/\/abero.fi\/sv\/wp-json\/wp\/v2\/pages\/3174\/revisions"}],"predecessor-version":[{"id":4238,"href":"https:\/\/abero.fi\/sv\/wp-json\/wp\/v2\/pages\/3174\/revisions\/4238"}],"wp:attachment":[{"href":"https:\/\/abero.fi\/sv\/wp-json\/wp\/v2\/media?parent=3174"}],"curies":[{"name":"wp","href":"https:\/\/api.w.org\/{rel}","templated":true}]}}